{"id":988,"date":"2021-02-16T12:33:21","date_gmt":"2021-02-16T11:33:21","guid":{"rendered":"http:\/\/marwis.zoom.usermd.net\/?page_id=988"},"modified":"2022-08-04T08:27:35","modified_gmt":"2022-08-04T06:27:35","slug":"mst-1200-inox","status":"publish","type":"page","link":"https:\/\/marwis.pl\/en\/myjki-warsztatowo-manualne\/mst-1200-inox\/","title":{"rendered":"MST 1200 INOX"},"content":{"rendered":"<p><\/p>\n<p>[vc_row][vc_column][vc_raw_html]JTVCZmxleHlfYnJlYWRjcnVtYiU1RA==[\/vc_raw_html][\/vc_column][\/vc_row][vc_row][vc_column width=&#8221;1\/2&#8243;]<div id='gallery-3' class='fastgallery fg_style1  '> <div data-img=\"https:\/\/marwis.pl\/wp-content\/uploads\/2021\/07\/MST-1200-INOX_-1024x1024.jpg\"> <\/div><div data-img=\"https:\/\/marwis.pl\/wp-content\/uploads\/2022\/05\/mst-1200-Inox_1_-1024x1024.jpg\"> <\/div><div data-img=\"https:\/\/marwis.pl\/wp-content\/uploads\/2022\/05\/mst-1200inox-1024x1024.jpg\"> <\/div><div data-img=\"https:\/\/marwis.pl\/wp-content\/uploads\/2022\/05\/mst-1200_inox_2-1-1024x1024.jpg\"> <\/div><div style=\"clear:both\"><\/div><\/div>[\/vc_column][vc_column width=&#8221;1\/2&#8243;]\r\n    <div class=\"section_title\" style=\"text-align: center; margin: 0px auto 75px; padding: 0;\">\r\n        <h2 style=\"font-size:34px; color: #0066bf; font-weight: 800;\"> MST 1200 INOX <\/h2>\r\n         <div class=\"br\" style=\"margin: 0 auto;\"><\/div>             <\/div>\r\n\r\n    [vc_tta_accordion][vc_tta_section title=&#8221;ZASTOSOWANIE&#8221; tab_id=&#8221;1611050130932-cc5a4393-a8f3&#8243;][vc_column_text]Myjki manualne znajduj\u0105 zastosowanie w zak\u0142adach przemys\u0142owych, ale r\u00f3wnie\u017c w warsztatach samochodowych. W zak\u0142adach najcz\u0119\u015bciej stosuje si\u0119 przy produkcji wi\u0119kszych element\u00f3w, kt\u00f3re wymagaj\u0105 czyszczenia, na przyk\u0142ad ze smar\u00f3w czy olei niezb\u0119dnych do produkcji jak r\u00f3wnie\u017c przy regeneracji element\u00f3w.[\/vc_column_text][\/vc_tta_section][vc_tta_section title=&#8221;OPIS DZIA\u0141ANIA&#8221; tab_id=&#8221;1611050130945-8641945f-6d2e&#8221;][vc_column_text]Dzia\u0142anie myjek MST 1200 INOX polega na usuwaniu t\u0142ustych zanieczyszcze\u0144 z wyrob\u00f3w przy u\u017cyciu p\u0119dzla przep\u0142ywowego, przez kt\u00f3ry przep\u0142ywa ciecz myj\u0105ca. Przedmiot podlegaj\u0105cy myciu uk\u0142adany jest na perforowanym blacie roboczym, pod kt\u00f3rym umiejscowiona jest wanna ociekowa. Przep\u0142ywaj\u0105ca przez p\u0119dzel ciecz, rozpuszcza i zmywa t\u0142uste zanieczyszczenia zalegaj\u0105ce na wyrobie podlegaj\u0105cym myciu. Na dnie beczki osadzaj\u0105 si\u0119 zwi\u0105zki ci\u0119\u017csze, a p\u0142yn myj\u0105cy (jako l\u017cejszy) powraca do obiegu. Przep\u0142yw p\u0142ynu przez p\u0119dzel wymuszany jest przez pomp\u0119 ss\u0105co-t\u0142ocz\u0105c\u0105. Obieg p\u0142ynu czyszcz\u0105cego jest zamkni\u0119ty.[\/vc_column_text][\/vc_tta_section][vc_tta_section title=&#8221;DANE TECHNICZNE&#8221; tab_id=&#8221;1611052357239-a03ddaab-c372&#8243;][vc_column_text]<strong>No\u015bno\u015b\u0107:<\/strong> 500 kg<br \/>\n<strong>Pojemno\u015b\u0107 wanny:<\/strong> 60L, 200L<br \/>\n<strong>Powierzchnia robocza:<\/strong> 1180x780mm<br \/>\n<strong>Wysoko\u015b\u0107 robocza<\/strong>: 800mm<br \/>\n<strong>Wysoko\u015b\u0107 ca\u0142kowita:<\/strong> 1200mm<br \/>\n<strong>Szeroko\u015b\u0107<\/strong> 1200mm<br \/>\n<strong>G\u0142\u0119boko\u015b\u0107<\/strong> 780mm<br \/>\n<strong>Waga<\/strong>: 100 kg<br \/>\n<strong>Zasilanie<\/strong>: 230V, 50Hz[\/vc_column_text][\/vc_tta_section][vc_tta_section title=&#8221;OPCJE DODATKOWE&#8221; tab_id=&#8221;1613470296053-aa81d0e5-e789&#8243;][vc_column_text]Pokrywa<br \/>\nMobilno\u015b\u0107<br \/>\nW\u0119\u017cyk segmentowy<br \/>\nPompa pneumatyczna<br \/>\nW\u0142\u0105cznik no\u017cny<br \/>\nP\u0119dzel mi\u0119kki[\/vc_column_text][\/vc_tta_section][\/vc_tta_accordion][vc_btn title=&#8221;SPRAWD\u0179 CEN\u0118&#8221; style=&#8221;flat&#8221; color=&#8221;primary&#8221; size=&#8221;lg&#8221; align=&#8221;center&#8221; link=&#8221;||target:%20_blank|&#8221;][vc_column_text]<\/p>\n<p style=\"text-align: center;\"><span style=\"color: #0066bf;\">Zapytaj o specjaln\u0105 ofert\u0119 dla Ciebie.<\/span><br \/>\n<strong><span style=\"color: #0066bf;\">Zadzwo\u0144! <\/span><\/strong><br \/>\n<strong><span style=\"color: #0066bf;\">tel. 669 100\u00a0666.<\/span><\/strong><\/p>\n<p>[\/vc_column_text][\/vc_column][\/vc_row]<\/p>\n<p><\/p>","protected":false},"excerpt":{"rendered":"<p>[vc_row][vc_column][vc_raw_html]JTVCZmxleHlfYnJlYWRjcnVtYiU1RA==[\/vc_raw_html][\/vc_column][\/vc_row][vc_row][vc_column width=&#8221;1\/2&#8243;][\/vc_column][vc_column width=&#8221;1\/2&#8243;][vc_tta_accordion][vc_tta_section title=&#8221;ZASTOSOWANIE&#8221; tab_id=&#8221;1611050130932-cc5a4393-a8f3&#8243;][vc_column_text]Myjki manualne znajduj\u0105 zastosowanie w zak\u0142adach przemys\u0142owych, ale r\u00f3wnie\u017c w warsztatach samochodowych. W zak\u0142adach najcz\u0119\u015bciej stosuje si\u0119 przy produkcji wi\u0119kszych element\u00f3w, kt\u00f3re wymagaj\u0105 czyszczenia, na przyk\u0142ad ze smar\u00f3w czy olei niezb\u0119dnych do produkcji jak r\u00f3wnie\u017c przy regeneracji element\u00f3w.[\/vc_column_text][\/vc_tta_section][vc_tta_section title=&#8221;OPIS DZIA\u0141ANIA&#8221; tab_id=&#8221;1611050130945-8641945f-6d2e&#8221;][vc_column_text]Dzia\u0142anie myjek MST 1200 INOX polega na usuwaniu t\u0142ustych zanieczyszcze\u0144 z [&hellip;]<\/p>\n","protected":false},"author":3,"featured_media":0,"parent":885,"menu_order":0,"comment_status":"closed","ping_status":"open","template":"","meta":[],"_links":{"self":[{"href":"https:\/\/marwis.pl\/en\/wp-json\/wp\/v2\/pages\/988"}],"collection":[{"href":"https:\/\/marwis.pl\/en\/wp-json\/wp\/v2\/pages"}],"about":[{"href":"https:\/\/marwis.pl\/en\/wp-json\/wp\/v2\/types\/page"}],"author":[{"embeddable":true,"href":"https:\/\/marwis.pl\/en\/wp-json\/wp\/v2\/users\/3"}],"replies":[{"embeddable":true,"href":"https:\/\/marwis.pl\/en\/wp-json\/wp\/v2\/comments?post=988"}],"version-history":[{"count":10,"href":"https:\/\/marwis.pl\/en\/wp-json\/wp\/v2\/pages\/988\/revisions"}],"predecessor-version":[{"id":3825,"href":"https:\/\/marwis.pl\/en\/wp-json\/wp\/v2\/pages\/988\/revisions\/3825"}],"up":[{"embeddable":true,"href":"https:\/\/marwis.pl\/en\/wp-json\/wp\/v2\/pages\/885"}],"wp:attachment":[{"href":"https:\/\/marwis.pl\/en\/wp-json\/wp\/v2\/media?parent=988"}],"curies":[{"name":"wp","href":"https:\/\/api.w.org\/{rel}","templated":true}]}}