{"id":1001,"date":"2021-02-16T12:44:13","date_gmt":"2021-02-16T11:44:13","guid":{"rendered":"http:\/\/marwis.zoom.usermd.net\/?page_id=1001"},"modified":"2026-03-12T14:21:23","modified_gmt":"2026-03-12T13:21:23","slug":"hydro-power-2000","status":"publish","type":"page","link":"https:\/\/marwis.pl\/pl\/myjki-cisnieniowe-kabinowe\/hydro-power-2000\/","title":{"rendered":"Hydro Power 2000"},"content":{"rendered":"<p>[vc_row][vc_column][vc_raw_html]JTVCZmxleHlfYnJlYWRjcnVtYiU1RA==[\/vc_raw_html][\/vc_column][\/vc_row][vc_row][vc_column width=&#8221;1\/2&#8243;]<div id='gallery-1' class='fastgallery fg_style1  '> <div data-img=\"https:\/\/marwis.pl\/wp-content\/uploads\/2022\/05\/DSC_0071-kopia_-1024x1024.jpg\"> <\/div><div data-img=\"https:\/\/marwis.pl\/wp-content\/uploads\/2022\/05\/DSC_0106a-kopia_-1024x1024.jpg\"> <\/div><div data-img=\"https:\/\/marwis.pl\/wp-content\/uploads\/2022\/05\/DSC_0130-kopia_-1024x1024.jpg\"> <\/div><div data-img=\"https:\/\/marwis.pl\/wp-content\/uploads\/2022\/05\/DSC_0147-kopia_-1024x1024.jpg\"> <\/div><div data-img=\"https:\/\/marwis.pl\/wp-content\/uploads\/2022\/05\/DSC_0164-kopia_-1024x1024.jpg\"> <\/div><div data-img=\"https:\/\/marwis.pl\/wp-content\/uploads\/2022\/05\/0160-kopia-1024x1024.jpg\"> <\/div><div data-img=\"https:\/\/marwis.pl\/wp-content\/uploads\/2022\/05\/Akcesoria-Hydro-Power-1024x1024.jpg\"> <\/div><div data-img=\"https:\/\/marwis.pl\/wp-content\/uploads\/2022\/05\/DSC_0131-kopia-1024x1024.jpg\"> <\/div><div data-img=\"https:\/\/marwis.pl\/wp-content\/uploads\/2022\/05\/DSC_0182-kopia-1024x1024.jpg\"> <\/div><div data-img=\"https:\/\/marwis.pl\/wp-content\/uploads\/2022\/05\/DSC_0209-kopia-1024x1024.jpg\"> <\/div><div data-img=\"https:\/\/marwis.pl\/wp-content\/uploads\/2022\/05\/DSC_0218-kopia-1024x1024.jpg\"> <\/div><div data-img=\"https:\/\/marwis.pl\/wp-content\/uploads\/2022\/05\/DSC_0221-kopia-1024x1024.jpg\"> <\/div><div style=\"clear:both\"><\/div><\/div>[\/vc_column][vc_column width=&#8221;1\/2&#8243;]\r\n    <div class=\"section_title\" style=\"text-align: center; margin: 0px auto 75px; padding: 0;\">\r\n        <h2 style=\"font-size:34px; color: #0066bf; font-weight: 800;\"> Hydro Power 2000 <\/h2>\r\n         <div class=\"br\" style=\"margin: 0 auto;\"><\/div>             <\/div>\r\n\r\n    [vc_tta_accordion][vc_tta_section title=&#8221;ZASTOSOWANIE&#8221; tab_id=&#8221;1611050130932-cc5a4393-a8f3&#8243;][vc_column_text]<\/p>\n<div class=\"tab\">\n<div id=\"tab-1\" class=\"tab-content\">\n<p>Hydro Power to profesjonalne myjki ci\u015bnieniowe, wykonane z wysokiej jako\u015bci stali nierdzewnej o szerokim zastosowaniu. Myjki bardzo dobrze sprawdzaj\u0105 si\u0119 przy regeneracji turbospr\u0119\u017carek oraz przy czyszczeniu silnie zabrudzonych cz\u0119\u015bci ze stali, \u017celiwa, aluminium i innych stop\u00f3w. Stosowane w warsztatach , serwisach , fabrykach przemys\u0142owych.<\/p>\n<\/div>\n<\/div>\n<p>[\/vc_column_text][\/vc_tta_section][vc_tta_section title=&#8221;OPIS DZIA\u0141ANIA&#8221; tab_id=&#8221;1611050130945-8641945f-6d2e&#8221;][vc_column_text]Mycie odbywa si\u0119 w obiegu zamkni\u0119tym, przy u\u017cyciu p\u0142ynu myj\u0105cego MRS Cleaner Ultra Active podgrzewanego do temperatury 45 st.C. Preparat MRS Cleaner Active wydobywa si\u0119 z dyszy pistoletu pod ci\u015bnieniem do 140 Bar, dzi\u0119ki czemu dok\u0142adnie myje trudno dost\u0119pne miejsca i silnie zabrudzone cz\u0119\u015bci z nagar\u00f3w, smar\u00f3w, czy olej\u00f3w. Zar\u00f3wno temperatura, jak i p\u0142yn zwi\u0119kszaj\u0105 efektywno\u015b\u0107 mycia. Myjki wyposa\u017cone s\u0105 w dwa filtry. Posiadaj\u0105 stopki reguluj\u0105ce, poziom regulacji wynosi do 20 cm. Klapy myjki wyposa\u017cyli\u015bmy w si\u0142owniki pneumatyczne zwi\u0119kszaj\u0105ce bezpiecze\u0144stwo i jako\u015b\u0107 pracy z myjk\u0105. Dodatkowym atutem w myjce jest p\u0119dzel przelotowy lub pistolet z powietrzem spr\u0119\u017conym.<\/p>\n<ul>\n<li>Na szybie znajduj\u0105 si\u0119 dysze czyszcz\u0105ce , co umo\u017cliwia widoczno\u015b\u0107 pracy myjki.<\/li>\n<li>Zbiornik izolowany termicznie \u2013 skutecznie chroni znajduj\u0105cy si\u0119 w \u015brodku ogrzany p\u0142yn przed zbyt szybkim wych\u0142odzeniem.<\/li>\n<li>Dysze czyszcz\u0105ce szyb\u0119 .<\/li>\n<li>Stopki reguluj\u0105ce poziom wysoko\u015bci.<\/li>\n<li>Odolejacz dyskowy \u2013 zwi\u0119ksza on \u017cywotno\u015b\u0107 p\u0142ynu<\/li>\n<\/ul>\n<p>[\/vc_column_text][\/vc_tta_section][vc_tta_section title=&#8221;DANE TECHNICZNE&#8221; tab_id=&#8221;1611052357239-a03ddaab-c372&#8243;][vc_column_text]Szeroko\u015b\u0107 ca\u0142kowita: 2250 mm<br \/>\nG\u0142\u0119boko\u015b\u0107 ca\u0142kowita: 800 mm<br \/>\nWysoko\u015b\u0107 min\/max. (pozycja zamkni\u0119ta): 1720\/1920 mm<br \/>\nWysoko\u015b\u0107 min\/max. (pozycja otwarta): 2380\/2580 mm<br \/>\nSzeroko\u015b\u0107 robocza: 1900 mm<br \/>\nG\u0142\u0119boko\u015b\u0107 robocza: 700 mm<br \/>\nWysoko\u015b\u0107 robocza: 620 mm<br \/>\nMasa netto: 300 kg<br \/>\nPojemno\u015b\u0107 p\u0142ynu roboczego min-max.: 120-150 L<br \/>\nRegulacja temperatury: 0-45<strong class=\"Yjhzub\" data-sfc-cb=\"\">\u00b0<\/strong>C<br \/>\nWydajno\u015b\u0107 lancy: do 12 l\/min<br \/>\nCi\u015bnienie: 140 Ba<br \/>\nMoc grza\u0142ki: 6 kW<br \/>\nMoc silnika: 3kW\/1450obr\/min<br \/>\nNapi\u0119cie zasilania:3~400V<br \/>\nStopie\u0144 bezpiecze\u0144stwa: IP-54<br \/>\nMycie r\u0119czne p\u0119dzlem przelotowym: Do 5l\/min<br \/>\nPistolet spr\u0119\u017conego powietrza: max. 8 atm<br \/>\nO\u015bwietlenie: led<br \/>\nPompa wysokoci\u015bnieniowa: interpump<br \/>\nWy\u0142\u0105cznik: no\u017cny<br \/>\nOdolejacz: dyskowy[\/vc_column_text][\/vc_tta_section][vc_tta_section title=&#8221;OPCJE DODATKOWE&#8221; tab_id=&#8221;1613475565981-f27b99f1-758a&#8221;][vc_column_text]-Lanca natryskowa<br \/>\n-St\u00f3\u0142 obrotowy[\/vc_column_text][\/vc_tta_section][\/vc_tta_accordion][vc_btn title=&#8221;CENA&#8221; style=&#8221;flat&#8221; color=&#8221;primary&#8221; size=&#8221;lg&#8221; align=&#8221;center&#8221; link=&#8221;url:https%3A%2F%2Fmarwis24.pl%2Fpl%2Fp%2FMyjka-cisnieniowa-kabinowa-Hydro-Power-2000-NOWOSC%2F23100647||target:%20_blank|&#8221;][vc_column_text]<\/p>\n<p style=\"text-align: center;\"><span style=\"color: #0066bf;\">Zapytaj o ofert\u0119 dla Ciebie.<\/span><br \/>\n<strong><span style=\"color: #0066bf;\">Zadzwo\u0144! <\/span><\/strong><br \/>\n<strong><span style=\"color: #0066bf;\">Mobile: +48 781 355 000<\/span><\/strong><\/p>\n<p>[\/vc_column_text][\/vc_column][\/vc_row]<\/p>","protected":false},"excerpt":{"rendered":"<p>[vc_row][vc_column][vc_raw_html]JTVCZmxleHlfYnJlYWRjcnVtYiU1RA==[\/vc_raw_html][\/vc_column][\/vc_row][vc_row][vc_column width=&#8221;1\/2&#8243;][\/vc_column][vc_column width=&#8221;1\/2&#8243;][vc_tta_accordion][vc_tta_section title=&#8221;ZASTOSOWANIE&#8221; tab_id=&#8221;1611050130932-cc5a4393-a8f3&#8243;][vc_column_text] Hydro Power to profesjonalne myjki ci\u015bnieniowe, wykonane z wysokiej jako\u015bci stali nierdzewnej o szerokim zastosowaniu. Myjki bardzo dobrze sprawdzaj\u0105 si\u0119 przy regeneracji turbospr\u0119\u017carek oraz przy czyszczeniu silnie zabrudzonych cz\u0119\u015bci ze stali, \u017celiwa, aluminium i innych stop\u00f3w. Stosowane w warsztatach , serwisach , fabrykach przemys\u0142owych. [\/vc_column_text][\/vc_tta_section][vc_tta_section title=&#8221;OPIS DZIA\u0141ANIA&#8221; tab_id=&#8221;1611050130945-8641945f-6d2e&#8221;][vc_column_text]Mycie odbywa si\u0119 [&hellip;]<\/p>\n","protected":false},"author":3,"featured_media":0,"parent":995,"menu_order":0,"comment_status":"closed","ping_status":"open","template":"","meta":[],"_links":{"self":[{"href":"https:\/\/marwis.pl\/pl\/wp-json\/wp\/v2\/pages\/1001"}],"collection":[{"href":"https:\/\/marwis.pl\/pl\/wp-json\/wp\/v2\/pages"}],"about":[{"href":"https:\/\/marwis.pl\/pl\/wp-json\/wp\/v2\/types\/page"}],"author":[{"embeddable":true,"href":"https:\/\/marwis.pl\/pl\/wp-json\/wp\/v2\/users\/3"}],"replies":[{"embeddable":true,"href":"https:\/\/marwis.pl\/pl\/wp-json\/wp\/v2\/comments?post=1001"}],"version-history":[{"count":21,"href":"https:\/\/marwis.pl\/pl\/wp-json\/wp\/v2\/pages\/1001\/revisions"}],"predecessor-version":[{"id":6490,"href":"https:\/\/marwis.pl\/pl\/wp-json\/wp\/v2\/pages\/1001\/revisions\/6490"}],"up":[{"embeddable":true,"href":"https:\/\/marwis.pl\/pl\/wp-json\/wp\/v2\/pages\/995"}],"wp:attachment":[{"href":"https:\/\/marwis.pl\/pl\/wp-json\/wp\/v2\/media?parent=1001"}],"curies":[{"name":"wp","href":"https:\/\/api.w.org\/{rel}","templated":true}]}}