{"id":1190,"date":"2021-02-23T11:40:32","date_gmt":"2021-02-23T10:40:32","guid":{"rendered":"http:\/\/marwis.zoom.usermd.net\/?page_id=1190"},"modified":"2025-12-08T11:50:42","modified_gmt":"2025-12-08T10:50:42","slug":"mrs-quadro-wash-15","status":"publish","type":"page","link":"https:\/\/marwis.pl\/pl\/myjki-koszowe-automatyczne\/mrs-quadro-wash-15\/","title":{"rendered":"MRS QUADRO WASH 15"},"content":{"rendered":"<p>[vc_row][vc_column][vc_raw_html]JTVCZmxleHlfYnJlYWRjcnVtYiU1RA==[\/vc_raw_html][\/vc_column][\/vc_row][vc_row][vc_column width=&#8221;1\/2&#8243;]<div id='gallery-1' class='fastgallery fg_style1  '> <div data-img=\"https:\/\/marwis.pl\/wp-content\/uploads\/2025\/10\/Quadro-2-683x1024.jpg\"> <\/div><div data-img=\"https:\/\/marwis.pl\/wp-content\/uploads\/2025\/10\/Quadro-1-683x1024.jpg\"> <\/div><div data-img=\"https:\/\/marwis.pl\/wp-content\/uploads\/2021\/02\/mrs-quadro-wash-15-4-1024x1024.png\"> <\/div><div data-img=\"https:\/\/marwis.pl\/wp-content\/uploads\/2025\/10\/koszowka-3-png-1024x683.png\"> <\/div><div data-img=\"https:\/\/marwis.pl\/wp-content\/uploads\/2021\/02\/mrs-quadro-wash-15-5-1024x1024.png\"> <\/div><div style=\"clear:both\"><\/div><\/div>[\/vc_column][vc_column width=&#8221;1\/2&#8243;]\r\n    <div class=\"section_title\" style=\"text-align: center; margin: 0px auto 75px; padding: 0;\">\r\n        <h2 style=\"font-size:34px; color: #0066bf; font-weight: 800;\"> MRS-QUADRO WASH 15 <\/h2>\r\n         <div class=\"br\" style=\"margin: 0 auto;\"><\/div>             <\/div>\r\n\r\n    [vc_tta_accordion][vc_tta_section title=&#8221;ZASTOSOWANIE&#8221; tab_id=&#8221;1611050130932-cc5a4393-a8f3&#8243;][vc_column_text]Myjka WASH QUADRO 15 jest po\u0142\u0105czeniem nowoczesnej technologii i precyzji wykonania. Na ka\u017cdym etapie tworzenia myjki -od projektu po monta\u017c- firma MARWIS stosuje sprawdzone, wynikaj\u0105ce z wielu lat do\u015bwiadczenia rozwi\u0105zania, ale nie boi si\u0119 r\u00f3wnie\u017c stosowa\u0107 nowatorskich pomys\u0142\u00f3w, by dostarczy\u0107 klientowi wysokowydajne, niezawodne urz\u0105dzanie.[\/vc_column_text][\/vc_tta_section][vc_tta_section title=&#8221;OPIS DZIA\u0141ANIA&#8221; tab_id=&#8221;1611050130945-8641945f-6d2e&#8221;][vc_column_text]Myjka Wash Quadro 15 jest urz\u0105dzeniem, umo\u017cliwiaj\u0105cym w pe\u0142ni automatyczne mycie du\u017cej ilo\u015bci niewielkich detali w nap\u0119dzanym silnikiem zamkni\u0119tym koszu obrotowym. Niew\u0105tpliw\u0105 zalet\u0105 jest szybka wymiana koszy z detalami, dzi\u0119ki kt\u00f3rej czas przestoju urz\u0105dzenia, pomi\u0119dzy myciami zosta\u0142 ograniczony do minimum. Za\u0142adunek i roz\u0142adunek wyrob\u00f3w odbywa si\u0119 poza myjk\u0105 &#8211; pozwala to efektywnie wykorzysta\u0107 urz\u0105dzanie. Dodatkowa opcja suszenia zapewnia natychmiastow\u0105 gotowo\u015b\u0107 mytych element\u00f3w do dalszych etap\u00f3w produkcji. Dzi\u0119ki takiemu rozwi\u0105zaniu, mo\u017cna powiedzie\u0107, \u017ce urz\u0105dzenie znajdzie zastosowanie w zak\u0142adach produkcyjnych wytwarzaj\u0105cych detale ma\u0142ych rozmiar\u00f3w, o znacznym wykorzystaniu proces\u00f3w mycia. Z powodzeniem usprawni prac\u0119 np. w firmie wytwarzaj\u0105cej elementy gumowe z bran\u017cy automotive.[\/vc_column_text][\/vc_tta_section][vc_tta_section title=&#8221;DANE TECHNICZNE&#8221; tab_id=&#8221;1611052357239-a03ddaab-c372&#8243;][vc_column_text]<strong>Pojemno\u015b\u0107 kosza:<\/strong> 15l<br \/>\n<strong>Wymiary Kosza:<\/strong> 200x200x450mm<br \/>\n<strong>No\u015bno\u015b\u0107 kosza:<\/strong> 20kg<br \/>\n<strong>Programowanie czasu pracy:<\/strong> 0-99min<br \/>\n<strong>Temperatura mycia:<\/strong> 60oC<br \/>\n<strong>Moc grza\u0142ki:<\/strong> 6kW<br \/>\n<strong>Pojemno\u015b\u0107 zbiornika:<\/strong>120l<br \/>\n<strong>Wydajno\u015b\u0107 natrysku:<\/strong>166l\/min<br \/>\n<strong>Ci\u015bnienie robocze natrysku:<\/strong>4,5-6 bar<br \/>\n<strong style=\"letter-spacing: 0px;\">Szeroko\u015b\u0107 ca\u0142kowita :<\/strong>1150mm<br \/>\n<strong>G\u0142\u0119boko\u015b\u0107 ca\u0142kowit<\/strong><span style=\"letter-spacing: 0px;\"><strong>a:<\/strong>1150mm<\/span><br \/>\n<strong>Wysoko\u015b\u0107 ca\u0142kowita:<\/strong>1300mm<br \/>\n<strong>Zasilanie:<\/strong> 3~400V[\/vc_column_text][\/vc_tta_section][vc_tta_section title=&#8221;OPCJE DODATKOWE&#8221; tab_id=&#8221;1626335260015-03e8e0cd-2dda&#8221;][vc_column_text]Si\u0142owniki pneumatyczne<br \/>\nOdolejacz ta\u015bmowy<br \/>\nDodatkowe kosze<br \/>\nIzolacja termiczna<br \/>\nPompa wzmocniona<br \/>\nSuszenie<br \/>\nLampa sygnalizuj\u0105ca stan urz\u0105dzenia[\/vc_column_text][\/vc_tta_section][\/vc_tta_accordion][vc_btn title=&#8221;ZAPYTAJ O WYCEN\u0118&#8221; style=&#8221;flat&#8221; color=&#8221;primary&#8221; size=&#8221;lg&#8221; align=&#8221;center&#8221; link=&#8221;||target:%20_blank|&#8221;][vc_column_text]<\/p>\n<p style=\"text-align: center;\"><span style=\"color: #0066bf;\">Zapytaj o specjaln\u0105 ofert\u0119 dla Ciebie.<\/span><br \/>\n<strong><span style=\"color: #0066bf;\">Zadzwo\u0144! <\/span><\/strong><br \/>\n<strong><span style=\"color: #0066bf;\">tel. 781 355 000.<\/span><\/strong><\/p>\n<p>[\/vc_column_text][\/vc_column][\/vc_row]<\/p>","protected":false},"excerpt":{"rendered":"<p>[vc_row][vc_column][vc_raw_html]JTVCZmxleHlfYnJlYWRjcnVtYiU1RA==[\/vc_raw_html][\/vc_column][\/vc_row][vc_row][vc_column width=&#8221;1\/2&#8243;][\/vc_column][vc_column width=&#8221;1\/2&#8243;][vc_tta_accordion][vc_tta_section title=&#8221;ZASTOSOWANIE&#8221; tab_id=&#8221;1611050130932-cc5a4393-a8f3&#8243;][vc_column_text]Myjka WASH QUADRO 15 jest po\u0142\u0105czeniem nowoczesnej technologii i precyzji wykonania. Na ka\u017cdym etapie tworzenia myjki -od projektu po monta\u017c- firma MARWIS stosuje sprawdzone, wynikaj\u0105ce z wielu lat do\u015bwiadczenia rozwi\u0105zania, ale nie boi si\u0119 r\u00f3wnie\u017c stosowa\u0107 nowatorskich pomys\u0142\u00f3w, by dostarczy\u0107 klientowi wysokowydajne, niezawodne urz\u0105dzanie.[\/vc_column_text][\/vc_tta_section][vc_tta_section title=&#8221;OPIS DZIA\u0141ANIA&#8221; tab_id=&#8221;1611050130945-8641945f-6d2e&#8221;][vc_column_text]Myjka Wash Quadro 15 jest [&hellip;]<\/p>\n","protected":false},"author":3,"featured_media":0,"parent":1181,"menu_order":0,"comment_status":"closed","ping_status":"open","template":"","meta":[],"_links":{"self":[{"href":"https:\/\/marwis.pl\/pl\/wp-json\/wp\/v2\/pages\/1190"}],"collection":[{"href":"https:\/\/marwis.pl\/pl\/wp-json\/wp\/v2\/pages"}],"about":[{"href":"https:\/\/marwis.pl\/pl\/wp-json\/wp\/v2\/types\/page"}],"author":[{"embeddable":true,"href":"https:\/\/marwis.pl\/pl\/wp-json\/wp\/v2\/users\/3"}],"replies":[{"embeddable":true,"href":"https:\/\/marwis.pl\/pl\/wp-json\/wp\/v2\/comments?post=1190"}],"version-history":[{"count":10,"href":"https:\/\/marwis.pl\/pl\/wp-json\/wp\/v2\/pages\/1190\/revisions"}],"predecessor-version":[{"id":6084,"href":"https:\/\/marwis.pl\/pl\/wp-json\/wp\/v2\/pages\/1190\/revisions\/6084"}],"up":[{"embeddable":true,"href":"https:\/\/marwis.pl\/pl\/wp-json\/wp\/v2\/pages\/1181"}],"wp:attachment":[{"href":"https:\/\/marwis.pl\/pl\/wp-json\/wp\/v2\/media?parent=1190"}],"curies":[{"name":"wp","href":"https:\/\/api.w.org\/{rel}","templated":true}]}}