{"id":1229,"date":"2021-02-23T12:26:52","date_gmt":"2021-02-23T11:26:52","guid":{"rendered":"http:\/\/marwis.zoom.usermd.net\/?page_id=1229"},"modified":"2025-12-08T12:51:05","modified_gmt":"2025-12-08T11:51:05","slug":"mrs-wash-1200","status":"publish","type":"page","link":"https:\/\/marwis.pl\/pl\/myjki-koszowe-automatyczne\/mrs-wash-1200\/","title":{"rendered":"MRS WASH 1200"},"content":{"rendered":"<p>[vc_row][vc_column][vc_raw_html]JTVCZmxleHlfYnJlYWRjcnVtYiU1RA==[\/vc_raw_html][\/vc_column][\/vc_row][vc_row][vc_column width=&#8221;1\/2&#8243;]<div id='gallery-1' class='fastgallery fg_style1  '> <div data-img=\"https:\/\/marwis.pl\/wp-content\/uploads\/2022\/05\/mrs-wash-1200_-1024x1024.jpg\"> <\/div><div data-img=\"https:\/\/marwis.pl\/wp-content\/uploads\/2021\/06\/MRS-WASH-1000_-1024x1024.jpg\"> <\/div><div data-img=\"https:\/\/marwis.pl\/wp-content\/uploads\/2021\/02\/nazwa430.jpg\"> <\/div><div data-img=\"https:\/\/marwis.pl\/wp-content\/uploads\/2021\/02\/nazwa451.jpg\"> <\/div><div data-img=\"https:\/\/marwis.pl\/wp-content\/uploads\/2021\/02\/nazwa446.jpg\"> <\/div><div style=\"clear:both\"><\/div><\/div>[\/vc_column][vc_column width=&#8221;1\/2&#8243;]\r\n    <div class=\"section_title\" style=\"text-align: center; margin: 0px auto 75px; padding: 0;\">\r\n        <h2 style=\"font-size:34px; color: #0066bf; font-weight: 800;\"> MRS-WASH 1200 <\/h2>\r\n         <div class=\"br\" style=\"margin: 0 auto;\"><\/div>             <\/div>\r\n\r\n    [vc_tta_accordion][vc_tta_section title=&#8221;ZASTOSOWANIE&#8221; tab_id=&#8221;1611050130932-cc5a4393-a8f3&#8243;][vc_column_text]Myjka MRS-Wash to nowoczesne urz\u0105dzenie zaprojektowane z my\u015bl\u0105 o efektywnym czyszczeniu du\u017cych i z\u0142o\u017conych element\u00f3w. Serce urz\u0105dzenia stanowi nap\u0119dzany silnikiem kosz obrotowy, w kt\u00f3rym proces mycia przebiega w pe\u0142ni automatycznie. Automatyczn\u0105 prac\u0119 myjki wspiera panel steruj\u0105cy. Dzi\u0119ki zastosowaniu precyzyjnie rozmieszczonych dysz natryskowych, czyszczenie jest szybkie, dok\u0142adne i powtarzalne. MRS-Wash to niezawodne rozwi\u0105zanie dla przemys\u0142u, gdzie liczy si\u0119 dok\u0142adno\u015b\u0107, wydajno\u015b\u0107 i komfort obs\u0142ugi. Urz\u0105dzenie stosowane jest przy odt\u0142uszczaniu element\u00f3w w procesie produkcyjnym, przy myciu cz\u0119\u015bci serwisowanych maszyn. Przeznaczone s\u0105 r\u00f3wnie\u017c dla warsztat\u00f3w w kt\u00f3rych remontuje si\u0119 silniki, przek\u0142adnie, spr\u0119\u017carki, cz\u0119\u015bci i wszelkie inne detale zabrudzone olejami i smarami.<\/p>\n<p>[\/vc_column_text][\/vc_tta_section][vc_tta_section title=&#8221;OPIS DZIA\u0141ANIA&#8221; tab_id=&#8221;1611050130945-8641945f-6d2e&#8221;][vc_column_text]Po zamieszczeniu cz\u0119\u015bci w koszu i po uruchomieniu urz\u0105dzenia wy\u0142\u0105cznikiem g\u0142\u00f3wnym zostanie uruchomione podgrzewanie k\u0105pieli, kt\u00f3re po uzyskaniu temperatury zadanej umo\u017cliwi uruchomienie cyklu mycia. Jako pierwszy etap zostanie uruchomione mycie zasadnicze, a czas jego jest p\u0142ynnie regulowany za pomoc\u0105 wy\u0142\u0105cznika czasowego w skrzynce sterowniczej. Po up\u0142ywie tego czasu k\u0105piel jest zako\u0144czona.[\/vc_column_text][\/vc_tta_section][vc_tta_section title=&#8221;DANE TECHNICZNE&#8221; tab_id=&#8221;1611052357239-a03ddaab-c372&#8243;][vc_column_text]<strong>\u015arednica kosza<\/strong>: 1200mm<br \/>\n<strong>Wysoko\u015b\u0107 robocza<\/strong>: 500mm<br \/>\n<strong>No\u015bno\u015b\u0107 kosza<\/strong>: 300kg<br \/>\n<strong>Programowanie czasu pracy<\/strong>: 0-99 min<br \/>\n<strong>Temperatura mycia<\/strong>: 60st.C<br \/>\n<strong>Moc grza\u0142ki<\/strong>: 12kW<br \/>\n<strong>Pojemno\u015b\u0107 zbiornika<\/strong>: 400l<br \/>\n<strong>Wydajno\u015b\u0107 natrysku<\/strong>: 200l\/min<br \/>\n<strong>Ci\u015bnienie robocze natrysku<\/strong>: 4,5 bar<br \/>\n<strong>SZ x G x W<\/strong>: 1750x1750x1250 mm<br \/>\n<strong>Wysoko\u015b\u0107 zamkni\u0119ta\/otwarta<\/strong>: 1250\/2400 mm<br \/>\n<strong>Zasilanie<\/strong>: 3~400V[\/vc_column_text][\/vc_tta_section][vc_tta_section title=&#8221;OPCJE DODATKOWE&#8221; tab_id=&#8221;1638370379230-93c099d0-9669&#8243;][vc_column_text]Wzmocniona pompa<br \/>\nSi\u0142owniki pneumatyczne<br \/>\nOdolejacz ta\u015bmowy<br \/>\nZestaw niskich lanc[\/vc_column_text][\/vc_tta_section][vc_tta_section title=&#8221;FILM&#8221; tab_id=&#8221;1765194648112-961bb592-9c55&#8243;][vc_video link=&#8221;https:\/\/youtu.be\/3Oq5EA84Cso?si=eW4iUlrSISA4JqMp &#8222;][\/vc_tta_section][\/vc_tta_accordion][vc_btn title=&#8221;CENA&#8221; style=&#8221;flat&#8221; color=&#8221;primary&#8221; size=&#8221;lg&#8221; align=&#8221;center&#8221; link=&#8221;url:https%3A%2F%2Fmarwis24.pl%2Fpl%2Fp%2FMyjnia-koszowa-automatyczna-MRS-WASH-1200%2F23100620||target:%20_blank|&#8221;][vc_column_text]<\/p>\n<p style=\"text-align: center;\"><span style=\"color: #0066bf;\">Zapytaj o ofert\u0119 dla Ciebie.<\/span><br \/>\n<strong><span style=\"color: #0066bf;\">Zadzwo\u0144! <\/span><\/strong><br \/>\n<strong><span style=\"color: #0066bf;\">Mobil: +48 781 355 000.<\/span><\/strong><\/p>\n<p>[\/vc_column_text][\/vc_column][\/vc_row]<\/p>","protected":false},"excerpt":{"rendered":"<p>[vc_row][vc_column][vc_raw_html]JTVCZmxleHlfYnJlYWRjcnVtYiU1RA==[\/vc_raw_html][\/vc_column][\/vc_row][vc_row][vc_column width=&#8221;1\/2&#8243;][\/vc_column][vc_column width=&#8221;1\/2&#8243;][vc_tta_accordion][vc_tta_section title=&#8221;ZASTOSOWANIE&#8221; tab_id=&#8221;1611050130932-cc5a4393-a8f3&#8243;][vc_column_text]Myjka MRS-Wash to nowoczesne urz\u0105dzenie zaprojektowane z my\u015bl\u0105 o efektywnym czyszczeniu du\u017cych i z\u0142o\u017conych element\u00f3w. Serce urz\u0105dzenia stanowi nap\u0119dzany silnikiem kosz obrotowy, w kt\u00f3rym proces mycia przebiega w pe\u0142ni automatycznie. Automatyczn\u0105 prac\u0119 myjki wspiera panel steruj\u0105cy. Dzi\u0119ki zastosowaniu precyzyjnie rozmieszczonych dysz natryskowych, czyszczenie jest szybkie, dok\u0142adne i powtarzalne. MRS-Wash to niezawodne [&hellip;]<\/p>\n","protected":false},"author":3,"featured_media":0,"parent":1181,"menu_order":0,"comment_status":"closed","ping_status":"open","template":"","meta":[],"_links":{"self":[{"href":"https:\/\/marwis.pl\/pl\/wp-json\/wp\/v2\/pages\/1229"}],"collection":[{"href":"https:\/\/marwis.pl\/pl\/wp-json\/wp\/v2\/pages"}],"about":[{"href":"https:\/\/marwis.pl\/pl\/wp-json\/wp\/v2\/types\/page"}],"author":[{"embeddable":true,"href":"https:\/\/marwis.pl\/pl\/wp-json\/wp\/v2\/users\/3"}],"replies":[{"embeddable":true,"href":"https:\/\/marwis.pl\/pl\/wp-json\/wp\/v2\/comments?post=1229"}],"version-history":[{"count":17,"href":"https:\/\/marwis.pl\/pl\/wp-json\/wp\/v2\/pages\/1229\/revisions"}],"predecessor-version":[{"id":6092,"href":"https:\/\/marwis.pl\/pl\/wp-json\/wp\/v2\/pages\/1229\/revisions\/6092"}],"up":[{"embeddable":true,"href":"https:\/\/marwis.pl\/pl\/wp-json\/wp\/v2\/pages\/1181"}],"wp:attachment":[{"href":"https:\/\/marwis.pl\/pl\/wp-json\/wp\/v2\/media?parent=1229"}],"curies":[{"name":"wp","href":"https:\/\/api.w.org\/{rel}","templated":true}]}}