{"id":1241,"date":"2021-02-23T12:37:01","date_gmt":"2021-02-23T11:37:01","guid":{"rendered":"http:\/\/marwis.zoom.usermd.net\/?page_id=1241"},"modified":"2025-12-08T11:02:49","modified_gmt":"2025-12-08T10:02:49","slug":"mrs-wash-600-bebnowa","status":"publish","type":"page","link":"https:\/\/marwis.pl\/pl\/myjki-koszowe-automatyczne\/mrs-wash-600-bebnowa\/","title":{"rendered":"MRS WASH 600 b\u0119bnowa"},"content":{"rendered":"<p>[vc_row][vc_column][vc_raw_html]JTVCZmxleHlfYnJlYWRjcnVtYiU1RA==[\/vc_raw_html][\/vc_column][\/vc_row][vc_row][vc_column width=&#8221;1\/2&#8243;]<div id='gallery-1' class='fastgallery fg_style1  '> <div data-img=\"https:\/\/marwis.pl\/wp-content\/uploads\/2021\/02\/mrs-wash-600-bebnowa-1024x1024.png\"> <\/div><div style=\"clear:both\"><\/div><\/div>[\/vc_column][vc_column width=&#8221;1\/2&#8243;]\r\n    <div class=\"section_title\" style=\"text-align: center; margin: 0px auto 75px; padding: 0;\">\r\n        <h2 style=\"font-size:34px; color: #0066bf; font-weight: 800;\"> MRS-WASH 600 b\u0119bnowa <\/h2>\r\n         <div class=\"br\" style=\"margin: 0 auto;\"><\/div>             <\/div>\r\n\r\n    [vc_tta_accordion][vc_tta_section title=&#8221;ZASTOSOWANIE&#8221; tab_id=&#8221;1611050130932-cc5a4393-a8f3&#8243;][vc_column_text]Myjnia b\u0119bnowa MARWIS MRS WASH 600 to zaawansowane urz\u0105dzenie do mycia i odt\u0142uszczania element\u00f3w przemys\u0142owych. Umo\u017cliwia prac\u0119 w trybie automatycznym oraz r\u0119cznym, zapewniaj\u0105c wysok\u0105 skuteczno\u015b\u0107 czyszczenia i pe\u0142n\u0105 kontrol\u0119 nad procesem.<\/p>\n<p>Automatyczny cykl mycia<\/p>\n<p>Po nape\u0142nieniu zbiornika p\u0142ynem i umieszczeniu cz\u0119\u015bci w koszu wystarczy ustawi\u0107 parametry na panelu i nacisn\u0105\u0107 Start. Urz\u0105dzenie:<br \/>\nPodgrzewa p\u0142yn do zadanej temperatury.<br \/>\nUruchamia mycie zasadnicze, podczas kt\u00f3rego pompa t\u0142oczy p\u0142yn do dysz w obrotowych ramionach.<br \/>\nAutomatycznie przechodzi do przedmuchiwania spr\u0119\u017conym powietrzem.<br \/>\nKo\u0144czy prac\u0119 suszeniem gor\u0105cym powietrzem, kt\u00f3rego czas jest regulowany sterownikiem.<br \/>\nPo zako\u0144czonym procesie pokrywa mo\u017ce by\u0107 bezpiecznie otwarta, a elementy wyj\u0119te.<\/p>\n<p>Tryb r\u0119czny<\/p>\n<p>W trybie manualnym operator sam wybiera, kt\u00f3ry etap uruchomi\u0107. Ka\u017cdy proces trwa zgodnie z czasem ustawionym na regulatorach i mo\u017ce zosta\u0107 przerwany przyciskiem Stop. Podgrzewacz p\u0142ynu dzia\u0142a przez ca\u0142y czas.<\/p>\n<p>Obs\u0142uga kosza i opr\u00f3\u017cnianie<\/p>\n<p>Kosz posiada dwie klapy i mo\u017ce by\u0107 opr\u00f3\u017cniany r\u0119cznie lub automatycznie, po naci\u015bni\u0119ciu przycisku wyrzutu. Obracaj\u0105cy si\u0119 kosz kieruje elementy do zsypu.<\/p>\n<p>Automatyczne dolewanie wody<\/p>\n<p>System kontroluje poziom p\u0142ynu i w razie spadku poni\u017cej minimum zatrzymuje proces mycia, otwiera elektrozaw\u00f3r i uruchamia sygnalizacj\u0119. Dolewanie ko\u0144czy si\u0119 automatycznie po osi\u0105gni\u0119ciu maksimum.<\/p>\n<p>Konserwacja<\/p>\n<p>Urz\u0105dzenie posiada zaw\u00f3r spustowy do opr\u00f3\u017cniania zbiornika oraz filtr cylindryczny wymagaj\u0105cy regularnego czyszczenia. Kosz mo\u017cna \u0142atwo wyj\u0105\u0107 do dalszego mycia.[\/vc_column_text][\/vc_tta_section][vc_tta_section title=&#8221;DANE TECHNICZNE&#8221; tab_id=&#8221;1611052357239-a03ddaab-c372&#8243;][vc_column_text]<strong>Wymiar b\u0119bna <\/strong>ok. fi 60 , szeroko\u015b\u0107 80cm<br \/>\n<strong>No\u015bno\u015b\u0107 kosza 3<\/strong>0kg<br \/>\n<strong>sito oczko <\/strong>10 mm x 10 mm<br \/>\n<strong>suszenie powietrzem <\/strong>(zasilane zewn\u0119trzne)<br \/>\n<strong>suszenie gor\u0105cym powietrzem<\/strong><br \/>\n<strong>automatyczne dope\u0142nienie cieczy<\/strong><\/p>\n<p>[\/vc_column_text][\/vc_tta_section][\/vc_tta_accordion][vc_btn title=&#8221;ZAPYTAJ O WYCEN\u0118&#8221; style=&#8221;flat&#8221; color=&#8221;primary&#8221; size=&#8221;lg&#8221; align=&#8221;center&#8221; link=&#8221;url:https%3A%2F%2Fmarwis24.pl%2Fpl%2Fp%2FMyjnia-koszowa-automatyczna-MRS-WASH-600-%2F23100649||target:%20_blank|&#8221;][vc_column_text]<\/p>\n<p style=\"text-align: center;\"><span style=\"color: #0066bf;\">Zapytaj o specjaln\u0105 ofert\u0119 dla Ciebie.<\/span><br \/>\n<strong><span style=\"color: #0066bf;\">Zadzwo\u0144! <\/span><\/strong><br \/>\n<strong><span style=\"color: #0066bf;\">tel. 731 666 200<\/span><\/strong><\/p>\n<p>[\/vc_column_text][\/vc_column][\/vc_row]<\/p>","protected":false},"excerpt":{"rendered":"<p>[vc_row][vc_column][vc_raw_html]JTVCZmxleHlfYnJlYWRjcnVtYiU1RA==[\/vc_raw_html][\/vc_column][\/vc_row][vc_row][vc_column width=&#8221;1\/2&#8243;][\/vc_column][vc_column width=&#8221;1\/2&#8243;][vc_tta_accordion][vc_tta_section title=&#8221;ZASTOSOWANIE&#8221; tab_id=&#8221;1611050130932-cc5a4393-a8f3&#8243;][vc_column_text]Myjnia b\u0119bnowa MARWIS MRS WASH 600 to zaawansowane urz\u0105dzenie do mycia i odt\u0142uszczania element\u00f3w przemys\u0142owych. Umo\u017cliwia prac\u0119 w trybie automatycznym oraz r\u0119cznym, zapewniaj\u0105c wysok\u0105 skuteczno\u015b\u0107 czyszczenia i pe\u0142n\u0105 kontrol\u0119 nad procesem. Automatyczny cykl mycia Po nape\u0142nieniu zbiornika p\u0142ynem i umieszczeniu cz\u0119\u015bci w koszu wystarczy ustawi\u0107 parametry na panelu i nacisn\u0105\u0107 Start. [&hellip;]<\/p>\n","protected":false},"author":3,"featured_media":0,"parent":1181,"menu_order":0,"comment_status":"closed","ping_status":"open","template":"","meta":[],"_links":{"self":[{"href":"https:\/\/marwis.pl\/pl\/wp-json\/wp\/v2\/pages\/1241"}],"collection":[{"href":"https:\/\/marwis.pl\/pl\/wp-json\/wp\/v2\/pages"}],"about":[{"href":"https:\/\/marwis.pl\/pl\/wp-json\/wp\/v2\/types\/page"}],"author":[{"embeddable":true,"href":"https:\/\/marwis.pl\/pl\/wp-json\/wp\/v2\/users\/3"}],"replies":[{"embeddable":true,"href":"https:\/\/marwis.pl\/pl\/wp-json\/wp\/v2\/comments?post=1241"}],"version-history":[{"count":11,"href":"https:\/\/marwis.pl\/pl\/wp-json\/wp\/v2\/pages\/1241\/revisions"}],"predecessor-version":[{"id":6080,"href":"https:\/\/marwis.pl\/pl\/wp-json\/wp\/v2\/pages\/1241\/revisions\/6080"}],"up":[{"embeddable":true,"href":"https:\/\/marwis.pl\/pl\/wp-json\/wp\/v2\/pages\/1181"}],"wp:attachment":[{"href":"https:\/\/marwis.pl\/pl\/wp-json\/wp\/v2\/media?parent=1241"}],"curies":[{"name":"wp","href":"https:\/\/api.w.org\/{rel}","templated":true}]}}