{"id":1266,"date":"2021-03-01T12:25:52","date_gmt":"2021-03-01T11:25:52","guid":{"rendered":"http:\/\/marwis.zoom.usermd.net\/?page_id=1266"},"modified":"2026-04-24T13:48:41","modified_gmt":"2026-04-24T11:48:41","slug":"urzadzenie-dpf-duo-premium","status":"publish","type":"page","link":"https:\/\/marwis.pl\/pl\/urzadzenia-do-regeneracji-dpf-fap\/urzadzenie-dpf-duo-premium\/","title":{"rendered":"DPF Duo Premium"},"content":{"rendered":"<p>[vc_row][vc_column][vc_raw_html]JTVCZmxleHlfYnJlYWRjcnVtYiU1RA==[\/vc_raw_html][\/vc_column][\/vc_row][vc_row][vc_column width=&#8221;1\/2&#8243;]<div id='gallery-1' class='fastgallery fg_style1  '> <div data-img=\"https:\/\/marwis.pl\/wp-content\/uploads\/2022\/04\/DSC_0644-v3-kopia_-1024x1024.jpg\"> <\/div><div data-img=\"https:\/\/marwis.pl\/wp-content\/uploads\/2022\/04\/suszarka-dpf-duo-premium_-1024x1024.jpg\"> <\/div><div data-img=\"https:\/\/marwis.pl\/wp-content\/uploads\/2022\/04\/DSC_0494_v3-kopia_-1024x1024.jpg\"> <\/div><div data-img=\"https:\/\/marwis.pl\/wp-content\/uploads\/2022\/04\/DSC_0549_v3-kopia_-1024x1024.jpg\"> <\/div><div data-img=\"https:\/\/marwis.pl\/wp-content\/uploads\/2021\/11\/wyswietlacz-dpf-1024x1024.jpg\"> <\/div><div data-img=\"https:\/\/marwis.pl\/wp-content\/uploads\/2021\/03\/dpf-duo-premium.png\"> <\/div><div style=\"clear:both\"><\/div><\/div>[\/vc_column][vc_column width=&#8221;1\/2&#8243;]\r\n    <div class=\"section_title\" style=\"text-align: center; margin: 0px auto 75px; padding: 0;\">\r\n        <h2 style=\"font-size:34px; color: #0066bf; font-weight: 800;\"> DPF Duo Premium <\/h2>\r\n         <div class=\"br\" style=\"margin: 0 auto;\"><\/div>             <\/div>\r\n\r\n    [vc_tta_accordion][vc_tta_section title=&#8221;ZASTOSOWANIE&#8221; tab_id=&#8221;1611050130932-cc5a4393-a8f3&#8243;][vc_column_text]<\/p>\n<p style=\"text-align: justify;\"><strong>DPF DUO PREMIUM = KABINA CZYSZCZ\u0104CA + SUSZARKA\u00a0 DO FILTR\u00d3W DPF\/FAP &#8211; numer katalogowy 4000400<\/strong><\/p>\n<p style=\"text-align: justify;\">Urz\u0105dzenie pozwala na usuni\u0119cie sadzy i popio\u0142u z filtra DPF\/FAP, bez negatywnego wp\u0142ywu na struktur\u0119 filtra,\u00a0<strong>przywracaj\u0105c nawet 99% znamionowej przepustowo\u015bci.<\/strong>\u00a0Nasi technolodzy do\u0142o\u017cyli wszelkich stara\u0144, by procedura czyszczenia oraz stosowane detergenty by\u0142y bezpieczne dla \u015brodowiska oraz operator\u00f3w maszyny.<\/p>\n<p style=\"text-align: justify;\">Operator,\u00a0<strong>za pomoc\u0105 kamery endoskopowej<\/strong>\u00a0sprawdza filtr pod k\u0105tem uszkodze\u0144 mechanicznych. W przypadku gdy wykryje nadtopienia , p\u0119kni\u0119cia wk\u0142adu ceramicznego lub inne widoczne \u015blady mechaniczne\u00a0 ingeruj\u0105ce w filtr DPF , to jego regeneracja nie b\u0119dzie mo\u017cliwa. \u00a0Proces regeneracji odbywa si\u0119 w zamkni\u0119tej komorze, wyposa\u017conej w filtry zapobiegaj\u0105ce wydostawaniu si\u0119 szkodliwych zanieczyszcze\u0144 do pomieszczenia, w kt\u00f3rym stoi maszyna. Woda z p\u0142ynem kr\u0105\u017cy w obiegu zamkni\u0119tym i jest filtrowana podczas ca\u0142ego procesu, co znacznie wyd\u0142u\u017ca \u017cywotno\u015b\u0107 k\u0105pieli.<strong>\u00a0DPF DUO Premium czy\u015bci filtry za pomoc\u0105 wody, chemii i powietrza.<\/strong>\u00a0Odpowiednio dobrana, sterowana komputerowo &#8211; sekwencja podawania wody wraz ze \u015brodkiem chemicznym, powietrza,\u00a0 w po\u0142\u0105czeniu z impulsami generowanym przez spr\u0119\u017cone powietrze zapewniaj\u0105 wysok\u0105 skuteczno\u015b\u0107 regeneracji.<\/p>\n<p style=\"text-align: justify;\">Po zako\u0144czonym procesie czyszczenia dodatkowe urz\u0105dzenie\u00a0<strong>suszy filtr powietrzem o temperaturze 90<sup>o<\/sup>C<\/strong>\u00a0co zapewnia ca\u0142kowite odparowanie roztworu czyszcz\u0105cego. Po zako\u0144czeniu suszenia,\u00a0<strong>maszyna dokonuje finalnego pomiaru przeciwci\u015bnienia.<\/strong>\u00a0Taki pomiar mo\u017cna r\u00f3wnie\u017c wykona\u0107 przed czyszczeniem, co umo\u017cliwi p\u00f3\u017aniejsze por\u00f3wnanie warto\u015bci przeciwci\u015bnienia przed oraz po czyszczeniu. Urz\u0105dzenie jest wyposa\u017cone w drukark\u0119, kt\u00f3ra pozwala na wydruk protoko\u0142u z pomiar\u00f3w.<\/p>\n<p style=\"text-align: justify;\">Czas mycia filtra dla pojazd\u00f3w osobowych lub dostawczych to 20-40 minut, co umo\u017cliwia regeneracj\u0119 do kilkunastu filtr\u00f3w w ci\u0105gu 8 godzin. Wysoka wydajno\u015b\u0107 w po\u0142\u0105czeniu z niskimi kosztami eksploatacji gwarantuje szybki zwrot koszt\u00f3w zakupu.<\/p>\n<p style=\"text-align: justify;\"><strong>Zalety DPF DUO Premium:<\/strong><\/p>\n<ul>\n<li style=\"text-align: justify;\">Osobna suszarka dwukrotnie zwi\u0119ksza wydajno\u015b\u0107 pracy<\/li>\n<li style=\"text-align: justify;\">Jako jedyni posiadamy du\u017cy przekr\u00f3j w\u0119\u017ca do kt\u00f3rego pod\u0142\u0105czony jest DPF. Du\u017cy przekr\u00f3j = du\u017co wody = skuteczniejsze czyszczenie<\/li>\n<li style=\"text-align: justify;\">Nasz uk\u0142ad mocowania filtra wolny jest od element\u00f3w umieszczanych wewn\u0105trz rury filtra DPF i blokuj\u0105cych strumie\u0144 wody . -&gt; Pozwala to wykorzysta\u0107 w pe\u0142ni wydajno\u015b\u0107 pompy wody i powietrza, a co za tym idzie skr\u00f3ci\u0107 czas regeneracji.<\/li>\n<li style=\"text-align: justify;\">Du\u017ca kabina daj\u0119 swobod\u0119 mocowania czyszczonego filtra . To operator na bazie swoich do\u015bwiadcze\u0144 wybiera pozycj\u0119 , w kt\u00f3rej b\u0119dzie my\u0142 filtr.<\/li>\n<li style=\"text-align: justify;\">Zabezpieczenie przed zbyt wysokim ci\u015bnieniem w filtrze podczas czyszczenia.<\/li>\n<li style=\"text-align: justify;\">Zabezpieczenie przed brakiem przep\u0142ywu powietrza w filtrze podczas suszenia .<\/li>\n<li style=\"text-align: justify;\">Mo\u017cliwo\u015b\u0107 indywidualnego ustawienia programu czyszczenia zgodnie z pojemno\u015bci\u0105 filtra<\/li>\n<li style=\"text-align: justify;\">Stabilne zapi\u0119cie filtra podczas suszenia<\/li>\n<li style=\"text-align: justify;\">Trzystopniowy system filtracji brudnej wody<\/li>\n<li style=\"text-align: justify;\">Sterownik podgrzewania wody<\/li>\n<li style=\"text-align: justify;\">Ocieplony zbiornik wody<\/li>\n<li style=\"text-align: justify;\">Mo\u017cliwo\u015b\u0107 przeprowadzenia szkolenia u klienta<\/li>\n<\/ul>\n<p>[\/vc_column_text][\/vc_tta_section][vc_tta_section title=&#8221;DANE TECHNICZNE&#8221; tab_id=&#8221;1611052357239-a03ddaab-c372&#8243;][vc_column_text]<strong>Dane techniczne:<\/strong><br \/>\nWymiary ca\u0142kowite : W2300xSZ2350xG1500 mm<br \/>\nObszar roboczy: W900xSZ1950xG1100 mm<br \/>\nNo\u015bno\u015b\u0107 Blatu: 400 kg<br \/>\nPojemno\u015b\u0107 Zbiornika: 400 l<br \/>\nZasilanie: 400 3N &#8211; 50Hz<br \/>\nSpr\u0119\u017carka(nie w zestawie): 8 Bar<br \/>\nPowierzchnia filtracyjna: 15,6 m2<br \/>\nWaga: 750 kg<br \/>\nMateria\u0142: stal nierdzewna 304L<br \/>\nWymiary ca\u0142kowite suszarki: W2160xSZ800xG80 mm<br \/>\nWymiary komory susz\u0105cej: W1990xSZ790xG790 mm<\/p>\n<p><strong>Wymagania techniczne:<\/strong><br \/>\nNapi\u0119cie 3P 400\/230V 50Hz<br \/>\nMoc max: 18 kW<br \/>\nSpr\u0119\u017cone powietrze: min. 8 Bar<br \/>\nW\u0105\u017c \u015brednica: 8 mm2<br \/>\nZabezpieczenia minimalne : S303 C25<br \/>\nZabezpieczenie zalecane: S303 C32<br \/>\nWtyczka: 32A 5P<br \/>\nTylko suszenie: 10 kW<br \/>\nTylko mycie: 8 kW<\/p>\n<p>[\/vc_column_text][\/vc_tta_section][vc_tta_section title=&#8221;OPCJE DODATKOWE&#8221; tab_id=&#8221;1623414462577-107b4341-b9fe&#8221;][vc_column_text]Przystawka do filtr\u00f3w ci\u0119\u017carowych<br \/>\nSt\u00f3\u0142 DPF Premium<br \/>\nSzkolenie[\/vc_column_text][\/vc_tta_section][vc_tta_section title=&#8221;FILM&#8221; tab_id=&#8221;1765881858294-de15b0f0-38ec&#8221;][vc_video link=&#8221;https:\/\/youtu.be\/EyydtiaA5zw&#8221;][\/vc_tta_section][\/vc_tta_accordion][vc_btn title=&#8221;CENA&#8221; style=&#8221;flat&#8221; color=&#8221;primary&#8221; size=&#8221;lg&#8221; align=&#8221;center&#8221; link=&#8221;url:https%3A%2F%2Fmarwis24.pl%2Fpl%2Fp%2FDPF-DUO-PREMIUM-REGENERACJA-DPFFAP-SCRKAT-%2F23100714||target:%20_blank|&#8221;][vc_column_text]<\/p>\n<p style=\"text-align: center;\"><span style=\"color: #0066bf;\">Zapytaj o\u00a0 ofert\u0119 dla Ciebie.<\/span><br \/>\n<strong><span style=\"color: #0066bf;\">Zadzwo\u0144! <\/span><\/strong><br \/>\n<strong><span style=\"color: #0066bf;\">Mobil: +48 731 666 200<\/span><\/strong><\/p>\n<p>[\/vc_column_text][vc_btn title=&#8221;Pliki do pobrania&#8221; size=&#8221;lg&#8221; link=&#8221;url:https%3A%2F%2Fmxuridkelj.cfolks.pl%2Fkatalog%2Fdpf-duo.pdf|||&#8221;][\/vc_column][\/vc_row]<\/p>","protected":false},"excerpt":{"rendered":"<p>[vc_row][vc_column][vc_raw_html]JTVCZmxleHlfYnJlYWRjcnVtYiU1RA==[\/vc_raw_html][\/vc_column][\/vc_row][vc_row][vc_column width=&#8221;1\/2&#8243;][\/vc_column][vc_column width=&#8221;1\/2&#8243;][vc_tta_accordion][vc_tta_section title=&#8221;ZASTOSOWANIE&#8221; tab_id=&#8221;1611050130932-cc5a4393-a8f3&#8243;][vc_column_text] DPF DUO PREMIUM = KABINA CZYSZCZ\u0104CA + SUSZARKA\u00a0 DO FILTR\u00d3W DPF\/FAP &#8211; numer katalogowy 4000400 Urz\u0105dzenie pozwala na usuni\u0119cie sadzy i popio\u0142u z filtra DPF\/FAP, bez negatywnego wp\u0142ywu na struktur\u0119 filtra,\u00a0przywracaj\u0105c nawet 99% znamionowej przepustowo\u015bci.\u00a0Nasi technolodzy do\u0142o\u017cyli wszelkich stara\u0144, by procedura czyszczenia oraz stosowane detergenty by\u0142y bezpieczne dla \u015brodowiska oraz [&hellip;]<\/p>\n","protected":false},"author":3,"featured_media":0,"parent":1246,"menu_order":0,"comment_status":"closed","ping_status":"open","template":"","meta":[],"_links":{"self":[{"href":"https:\/\/marwis.pl\/pl\/wp-json\/wp\/v2\/pages\/1266"}],"collection":[{"href":"https:\/\/marwis.pl\/pl\/wp-json\/wp\/v2\/pages"}],"about":[{"href":"https:\/\/marwis.pl\/pl\/wp-json\/wp\/v2\/types\/page"}],"author":[{"embeddable":true,"href":"https:\/\/marwis.pl\/pl\/wp-json\/wp\/v2\/users\/3"}],"replies":[{"embeddable":true,"href":"https:\/\/marwis.pl\/pl\/wp-json\/wp\/v2\/comments?post=1266"}],"version-history":[{"count":49,"href":"https:\/\/marwis.pl\/pl\/wp-json\/wp\/v2\/pages\/1266\/revisions"}],"predecessor-version":[{"id":6786,"href":"https:\/\/marwis.pl\/pl\/wp-json\/wp\/v2\/pages\/1266\/revisions\/6786"}],"up":[{"embeddable":true,"href":"https:\/\/marwis.pl\/pl\/wp-json\/wp\/v2\/pages\/1246"}],"wp:attachment":[{"href":"https:\/\/marwis.pl\/pl\/wp-json\/wp\/v2\/media?parent=1266"}],"curies":[{"name":"wp","href":"https:\/\/api.w.org\/{rel}","templated":true}]}}