{"id":1273,"date":"2021-03-01T12:41:35","date_gmt":"2021-03-01T11:41:35","guid":{"rendered":"http:\/\/marwis.zoom.usermd.net\/?page_id=1273"},"modified":"2021-11-17T21:28:14","modified_gmt":"2021-11-17T20:28:14","slug":"automatyczne-urzadzenie-do-regeneracji-filtrow-czastek-stalych-dpf-hydro-lux","status":"publish","type":"page","link":"https:\/\/marwis.pl\/pl\/urzadzenia-do-regeneracji-dpf-fap\/automatyczne-urzadzenie-do-regeneracji-filtrow-czastek-stalych-dpf-hydro-lux\/","title":{"rendered":"Urz\u0105dzenie do DPF Hydro LUX"},"content":{"rendered":"<p>[vc_row][vc_column][vc_raw_html]JTVCZmxleHlfYnJlYWRjcnVtYiU1RA==[\/vc_raw_html][\/vc_column][\/vc_row][vc_row][vc_column width=&#8221;1\/2&#8243;]<div id='gallery-1' class='fastgallery fg_style1  '> <div data-img=\"https:\/\/marwis.pl\/wp-content\/uploads\/2021\/03\/dpf-hydro-lux.png\"> <\/div><div data-img=\"https:\/\/marwis.pl\/wp-content\/uploads\/2021\/03\/DPF-Hydro-Cleaning-9.png\"> <\/div><div data-img=\"https:\/\/marwis.pl\/wp-content\/uploads\/2021\/03\/DPF-Hydro-Cleaning-14.png\"> <\/div><div data-img=\"https:\/\/marwis.pl\/wp-content\/uploads\/2021\/03\/dpf-hydro-lux-4.png\"> <\/div><div data-img=\"https:\/\/marwis.pl\/wp-content\/uploads\/2021\/03\/dpf-hydro-lux-6.png\"> <\/div><div data-img=\"https:\/\/marwis.pl\/wp-content\/uploads\/2021\/03\/dpf-hydro-lux-2.png\"> <\/div><div data-img=\"https:\/\/marwis.pl\/wp-content\/uploads\/2021\/03\/dpf-hydro-lux-3.png\"> <\/div><div style=\"clear:both\"><\/div><\/div>[\/vc_column][vc_column width=&#8221;1\/2&#8243;]\r\n    <div class=\"section_title\" style=\"text-align: center; margin: 0px auto 75px; padding: 0;\">\r\n        <h2 style=\"font-size:34px; color: #0066bf; font-weight: 800;\"> Automatyczne urz\u0105dzenie do regeneracji filtr\u00f3w cz\u0105stek sta\u0142ych DPF Hydro LUX <\/h2>\r\n         <div class=\"br\" style=\"margin: 0 auto;\"><\/div>             <\/div>\r\n\r\n    [vc_tta_accordion][vc_tta_section title=&#8221;ZASTOSOWANIE&#8221; tab_id=&#8221;1611050130932-cc5a4393-a8f3&#8243;][vc_column_text]DPF Hydro LUX<\/p>\n<p><strong>Firma Marwis-<\/strong>wiod\u0105cy Polski producent urz\u0105dze\u0144 czyszcz\u0105co myj\u0105cych od lat dostarcza urz\u0105dzenia, kt\u00f3re znalaz\u0142y zastosowanie w niejednym warsztacie, b\u0105d\u017a zak\u0142adzie przemys\u0142owym. Reaguj\u0105c na aktualne potrzeby rynku motoryzacyjnego opracowali\u015bmy urz\u0105dzenie DPF Hydro LUX. Maszyna ta pozwala na usuni\u0119cie sadzy i popio\u0142u z filtra DPF\/FAP, bez negatywnego wp\u0142ywu na struktur\u0119 filtra, przywracaj\u0105c nawet 99% znamionowej przepustowo\u015bci. Nasi technolodzy do\u0142o\u017cyli wszelkich stara\u0144, by procedura czyszczenia by\u0142a bezpieczna dla \u015brodowiska oraz operator\u00f3w maszyny.<\/p>\n<p>Proces regeneracji odbywa si\u0119 w zamkni\u0119tej komorze, wyposa\u017conej w filtry zapobiegaj\u0105ce wydostawaniu si\u0119 szkodliwych zanieczyszcze\u0144 do pomieszczenia, w kt\u00f3rym stoi maszyna. Woda z p\u0142ynem kr\u0105\u017cy w obiegu zamkni\u0119tym i jest filtrowana podczas ca\u0142ego procesu, co znacznie wyd\u0142u\u017ca \u017cywotno\u015b\u0107 k\u0105pieli. DPF Hydro Lux czy\u015bci filtry za pomoc\u0105 wody, chemii i powietrza. Odpowiednio dobrana, sterowana komputerowo &#8211; sekwencja podawania wody wraz ze \u015brodkiem chemicznym, powietrza,\u00a0 w po\u0142\u0105czeniu z impulsami generowanym przez spr\u0119\u017cone powietrze zapewniaj\u0105 wysok\u0105 skuteczno\u015b\u0107 regeneracji.<\/p>\n<p>Po zako\u0144czonym procesie czyszczenia urz\u0105dzenie suszy filtr powietrzem o temperaturze 90<sup>o<\/sup>C co zapewnia ca\u0142kowite odparowanie roztworu czyszcz\u0105cego. Po zako\u0144czeniu suszenia, maszyna dokonuje finalnego pomiaru przeciwci\u015bnienia. Taki pomiar mo\u017cna r\u00f3wnie\u017c wykona\u0107 przed czyszczeniem, co umo\u017cliwi p\u00f3\u017aniejsze por\u00f3wnanie warto\u015bci przeciwci\u015bnienia przed oraz po czyszczeniu. Urz\u0105dzenie jest wyposa\u017cone w drukark\u0119, kt\u00f3ra pozwala na wydruk protoko\u0142u z pomiar\u00f3w.<\/p>\n<p>Czas mycia filtra dla pojazd\u00f3w osobowych lub dostawczych to 20-40minut, co umo\u017cliwia regeneracj\u0119 do kilkunastu filtr\u00f3w w ci\u0105gu 8 godzin. Wysoka wydajno\u015b\u0107 w po\u0142\u0105czeniu z niskimi kosztami eksploatacji gwarantuje szybki zwrot koszt\u00f3w zakupu.[\/vc_column_text][\/vc_tta_section][vc_tta_section title=&#8221;OPIS DZIA\u0141ANIA&#8221; tab_id=&#8221;1611050130945-8641945f-6d2e&#8221;][vc_column_text]<strong>Cechy DPF Hydro LUX :<\/strong><br \/>\nCzy\u015bci filtry DPF, FAP ,GFP oraz katalizatory wszystkich marek,<br \/>\nWst\u0119pna diagnostyka on-line!,<br \/>\nUsuwa do 99% zanieczyszcze\u0144 znajduj\u0105cych si\u0119 w filtrze<br \/>\nCzas czyszczenia 20-40 minut samochody osobowe, do 75 minut samochody ci\u0119\u017carowe,<br \/>\nDu\u017ca powierzchnia filtracyjna- a\u017c 7,8 m<sup>2<\/sup>Suszenie gor\u0105cym powietrzem do 90<sup>oC<\/sup>Nie wymaga rozcinania, modyfikacji czy spawania filtra,<br \/>\nCz\u0105stki sta\u0142e nie unosz\u0105 si\u0119 w powietrzu podczas czyszczenia filtra<br \/>\nPob\u00f3r pr\u0105du przez urz\u0105dzenie jest znacznie mniejszy por\u00f3wnuj\u0105c do maszyn wypalaj\u0105cych filtry,<br \/>\nProsta w obs\u0142udze,<br \/>\nNowoczesny wygl\u0105d,<br \/>\nDogodna widoczno\u015b\u0107 procesu czyszczenia, u\u0142atwia to \u015bledzenie i kontrol\u0119 nad procesem,[\/vc_column_text][\/vc_tta_section][vc_tta_section title=&#8221;DANE TECHNICZNE&#8221; tab_id=&#8221;1611052357239-a03ddaab-c372&#8243;][vc_column_text]Powierzchnia ca\u0142kowita 2480x1300x2100 mm<br \/>\nObszar roboczy 1990x930x880 mm<br \/>\nNo\u015bno\u015b\u0107 blatu 350 kg<br \/>\nPojemno\u015b\u0107 zbiornika 300 L<br \/>\nZasilanie \/ Moc 400\/230V \/ 12 KW<br \/>\nZasilanie powietrzem 8 Ba, 200L\/min<br \/>\nPowierzchnia filtracyjna 7,8 m2<br \/>\nWaga 650 kg<br \/>\nMateria\u0142 Stal nierdzewna 304 L<br \/>\nFunkcje Automatyczne mycie<br \/>\nMechanizmy mocowania filtr\u00f3w<br \/>\nEkran dotykowy<br \/>\nDrukarka<br \/>\nPomiar Przep\u0142ywu Powietrza<br \/>\nPomiar Ci\u015bnienia<br \/>\nSuszenie gor\u0105cym powietrzem<br \/>\nO\u015bwietlenie Led<br \/>\nWymagane media 3 x 400 V<br \/>\nSpr\u0119\u017cone powietrze<br \/>\nZabezpieczenie C25A[\/vc_column_text][\/vc_tta_section][\/vc_tta_accordion][vc_btn title=&#8221;SPRAWD\u0179 CEN\u0118&#8221; style=&#8221;flat&#8221; color=&#8221;primary&#8221; size=&#8221;lg&#8221; align=&#8221;center&#8221; link=&#8221;url:https%3A%2F%2Fmarwis24.pl%2Fpl%2Fp%2FUrzadzenie-do-regeneracji-Filtrow-czastek-stalych-DPF-Hydro-Lux%2F23100702||target:%20_blank|&#8221;][vc_column_text]<\/p>\n<p style=\"text-align: center;\">Zapytaj o specjaln\u0105 ofert\u0119 dla Ciebie.<br \/>\n<strong>Zadzwo\u0144!<\/strong><br \/>\n<strong>tel. 781 355 000.<\/strong><\/p>\n<p>[\/vc_column_text][\/vc_column][\/vc_row]<\/p>","protected":false},"excerpt":{"rendered":"<p>[vc_row][vc_column][vc_raw_html]JTVCZmxleHlfYnJlYWRjcnVtYiU1RA==[\/vc_raw_html][\/vc_column][\/vc_row][vc_row][vc_column width=&#8221;1\/2&#8243;][\/vc_column][vc_column width=&#8221;1\/2&#8243;][vc_tta_accordion][vc_tta_section title=&#8221;ZASTOSOWANIE&#8221; tab_id=&#8221;1611050130932-cc5a4393-a8f3&#8243;][vc_column_text]DPF Hydro LUX Firma Marwis-wiod\u0105cy Polski producent urz\u0105dze\u0144 czyszcz\u0105co myj\u0105cych od lat dostarcza urz\u0105dzenia, kt\u00f3re znalaz\u0142y zastosowanie w niejednym warsztacie, b\u0105d\u017a zak\u0142adzie przemys\u0142owym. Reaguj\u0105c na aktualne potrzeby rynku motoryzacyjnego opracowali\u015bmy urz\u0105dzenie DPF Hydro LUX. Maszyna ta pozwala na usuni\u0119cie sadzy i popio\u0142u z filtra DPF\/FAP, bez negatywnego wp\u0142ywu na struktur\u0119 filtra, [&hellip;]<\/p>\n","protected":false},"author":3,"featured_media":0,"parent":1246,"menu_order":0,"comment_status":"closed","ping_status":"open","template":"","meta":[],"_links":{"self":[{"href":"https:\/\/marwis.pl\/pl\/wp-json\/wp\/v2\/pages\/1273"}],"collection":[{"href":"https:\/\/marwis.pl\/pl\/wp-json\/wp\/v2\/pages"}],"about":[{"href":"https:\/\/marwis.pl\/pl\/wp-json\/wp\/v2\/types\/page"}],"author":[{"embeddable":true,"href":"https:\/\/marwis.pl\/pl\/wp-json\/wp\/v2\/users\/3"}],"replies":[{"embeddable":true,"href":"https:\/\/marwis.pl\/pl\/wp-json\/wp\/v2\/comments?post=1273"}],"version-history":[{"count":10,"href":"https:\/\/marwis.pl\/pl\/wp-json\/wp\/v2\/pages\/1273\/revisions"}],"predecessor-version":[{"id":3026,"href":"https:\/\/marwis.pl\/pl\/wp-json\/wp\/v2\/pages\/1273\/revisions\/3026"}],"up":[{"embeddable":true,"href":"https:\/\/marwis.pl\/pl\/wp-json\/wp\/v2\/pages\/1246"}],"wp:attachment":[{"href":"https:\/\/marwis.pl\/pl\/wp-json\/wp\/v2\/media?parent=1273"}],"curies":[{"name":"wp","href":"https:\/\/api.w.org\/{rel}","templated":true}]}}