{"id":1294,"date":"2021-03-01T12:54:27","date_gmt":"2021-03-01T11:54:27","guid":{"rendered":"http:\/\/marwis.zoom.usermd.net\/?page_id=1294"},"modified":"2026-04-22T11:17:58","modified_gmt":"2026-04-22T09:17:58","slug":"filtrowentylator-clean-air-1600a","status":"publish","type":"page","link":"https:\/\/marwis.pl\/pl\/piaskarki-cisnieniowo-kabinowe\/filtrowentylator-clean-air-1600a\/","title":{"rendered":"Filtrowentylator CLEAN AIR 1600A"},"content":{"rendered":"<p>[vc_row][vc_column][vc_raw_html]JTVCZmxleHlfYnJlYWRjcnVtYiU1RA==[\/vc_raw_html][\/vc_column][\/vc_row][vc_row][vc_column width=&#8221;1\/2&#8243;]<div id='gallery-1' class='fastgallery fg_style1  '> <div data-img=\"https:\/\/marwis.pl\/wp-content\/uploads\/2025\/07\/clean-air-1600-przod_-1024x1024.jpg\"> <\/div><div data-img=\"https:\/\/marwis.pl\/wp-content\/uploads\/2025\/07\/clean-air-1600-1_-1024x1024.jpg\"> <\/div><div data-img=\"https:\/\/marwis.pl\/wp-content\/uploads\/2025\/07\/tyl_clean-air-1024x1024.jpg\"> <\/div><div data-img=\"https:\/\/marwis.pl\/wp-content\/uploads\/2025\/07\/zawor-_clean-air-1024x1024.jpg\"> <\/div><div data-img=\"https:\/\/marwis.pl\/wp-content\/uploads\/2025\/07\/wklad-clean-air-1024x1024.jpg\"> <\/div><div style=\"clear:both\"><\/div><\/div>[\/vc_column][vc_column width=&#8221;1\/2&#8243;]\r\n    <div class=\"section_title\" style=\"text-align: center; margin: 0px auto 75px; padding: 0;\">\r\n        <h2 style=\"font-size:34px; color: #0066bf; font-weight: 800;\"> FILTROWENTYLATOR CLEAN AIR 1600A <\/h2>\r\n         <div class=\"br\" style=\"margin: 0 auto;\"><\/div>             <\/div>\r\n\r\n    [vc_tta_accordion][vc_tta_section title=&#8221;ZASTOSOWANIE&#8221; tab_id=&#8221;1611050130932-cc5a4393-a8f3&#8243;][vc_column_text]Filtrowentylator Clean Air 1600\u00a0przeznaczony do odci\u0105gania py\u0142\u00f3w, cz\u0105stek sta\u0142ych z maszyn do obr\u00f3bki metalu, szk\u0142a i tworzyw sztucznych, a w szczeg\u00f3lno\u015bci urz\u0105dze\u0144 piaskuj\u0105cych\u00a0Blast Jet.\u00a0Podci\u015bnieniowy zesp\u00f3\u0142 odpylaj\u0105cy\u00a0Clean Air\u00a0przystosowany jest do pracy w systemie ci\u0105g\u0142ym. Wyci\u0105g pozwala na wi\u0119ksz\u0105 widoczno\u015b\u0107 podczas pracy oraz ogranicza wydobywanie si\u0119 z kabiny niebezpiecznego dla zdrowia py\u0142u. Pod\u0142\u0105czenie bezpo\u015brednio do piaskarki.<\/p>\n<p><strong>Wyposa\u017cenie Filtrowentylatora Clean Air:<\/strong><\/p>\n<p>wk\u0142ad filtracyjny z wysokiej jako\u015bci w\u0142\u00f3kniny poliestrowej- 260 g,<br \/>\nuk\u0142ad automatycznego oczyszczania wk\u0142ad\u00f3w filtracyjnych,<br \/>\nzbiornik na odpady \u0142atwy do opr\u00f3\u017cnienia,<br \/>\nr\u0119czna przepustnica regulacji si\u0142y ci\u0105gu,[\/vc_column_text][\/vc_tta_section][vc_tta_section title=&#8221;DANE TECHNICZNE&#8221; tab_id=&#8221;1611052357239-a03ddaab-c372&#8243;][vc_column_text]Szeroko\u015b\u0107 ca\u0142kowita: 750 mm<br \/>\nG\u0142\u0119boko\u015b\u0107 ca\u0142kowita: 600 mm<br \/>\nWysoko\u015b\u0107 ca\u0142kowita: 1850 mm<br \/>\nPowierzchnia filtracyjna: 10m2<br \/>\nWydajno\u015b\u0107 max.:\u00a0 1610 m3\/h<br \/>\n\u015arednica wlotu DN: 160mm<br \/>\nGramatura materia\u0142u filtracyjnego: 260g\/m2<br \/>\nWaga: 70kg[\/vc_column_text][\/vc_tta_section][\/vc_tta_accordion][vc_btn title=&#8221;CENA&#8221; style=&#8221;flat&#8221; color=&#8221;primary&#8221; size=&#8221;lg&#8221; align=&#8221;center&#8221; link=&#8221;url:https%3A%2F%2Fmarwis24.pl%2Fpl%2Fp%2FPiaskarka-kabinowo-cisnieniowa-BLAST-JET-800C%2F23100651||target:%20_blank|&#8221;][vc_column_text]<\/p>\n<p style=\"text-align: center;\"><strong><span style=\"color: #0066bf;\">Zapytaj o specjaln\u0105 ofert\u0119.<br \/>\nZadzwo\u0144 do nas!<br \/>\nMobile: +48 731 666 100<\/span><\/strong><\/p>\n<p>[\/vc_column_text][vc_btn size=&#8221;lg&#8221;][\/vc_column][\/vc_row]<\/p>","protected":false},"excerpt":{"rendered":"<p>[vc_row][vc_column][vc_raw_html]JTVCZmxleHlfYnJlYWRjcnVtYiU1RA==[\/vc_raw_html][\/vc_column][\/vc_row][vc_row][vc_column width=&#8221;1\/2&#8243;][\/vc_column][vc_column width=&#8221;1\/2&#8243;][vc_tta_accordion][vc_tta_section title=&#8221;ZASTOSOWANIE&#8221; tab_id=&#8221;1611050130932-cc5a4393-a8f3&#8243;][vc_column_text]Filtrowentylator Clean Air 1600\u00a0przeznaczony do odci\u0105gania py\u0142\u00f3w, cz\u0105stek sta\u0142ych z maszyn do obr\u00f3bki metalu, szk\u0142a i tworzyw sztucznych, a w szczeg\u00f3lno\u015bci urz\u0105dze\u0144 piaskuj\u0105cych\u00a0Blast Jet.\u00a0Podci\u015bnieniowy zesp\u00f3\u0142 odpylaj\u0105cy\u00a0Clean Air\u00a0przystosowany jest do pracy w systemie ci\u0105g\u0142ym. Wyci\u0105g pozwala na wi\u0119ksz\u0105 widoczno\u015b\u0107 podczas pracy oraz ogranicza wydobywanie si\u0119 z kabiny niebezpiecznego dla zdrowia py\u0142u. Pod\u0142\u0105czenie [&hellip;]<\/p>\n","protected":false},"author":3,"featured_media":0,"parent":1284,"menu_order":0,"comment_status":"closed","ping_status":"open","template":"","meta":[],"_links":{"self":[{"href":"https:\/\/marwis.pl\/pl\/wp-json\/wp\/v2\/pages\/1294"}],"collection":[{"href":"https:\/\/marwis.pl\/pl\/wp-json\/wp\/v2\/pages"}],"about":[{"href":"https:\/\/marwis.pl\/pl\/wp-json\/wp\/v2\/types\/page"}],"author":[{"embeddable":true,"href":"https:\/\/marwis.pl\/pl\/wp-json\/wp\/v2\/users\/3"}],"replies":[{"embeddable":true,"href":"https:\/\/marwis.pl\/pl\/wp-json\/wp\/v2\/comments?post=1294"}],"version-history":[{"count":40,"href":"https:\/\/marwis.pl\/pl\/wp-json\/wp\/v2\/pages\/1294\/revisions"}],"predecessor-version":[{"id":6742,"href":"https:\/\/marwis.pl\/pl\/wp-json\/wp\/v2\/pages\/1294\/revisions\/6742"}],"up":[{"embeddable":true,"href":"https:\/\/marwis.pl\/pl\/wp-json\/wp\/v2\/pages\/1284"}],"wp:attachment":[{"href":"https:\/\/marwis.pl\/pl\/wp-json\/wp\/v2\/media?parent=1294"}],"curies":[{"name":"wp","href":"https:\/\/api.w.org\/{rel}","templated":true}]}}