{"id":1312,"date":"2021-03-01T13:22:12","date_gmt":"2021-03-01T12:22:12","guid":{"rendered":"http:\/\/marwis.zoom.usermd.net\/?page_id=1312"},"modified":"2026-03-10T13:39:42","modified_gmt":"2026-03-10T12:39:42","slug":"piaskarka-cisnieniowa-blast-jet-1500","status":"publish","type":"page","link":"https:\/\/marwis.pl\/pl\/piaskarki-cisnieniowo-kabinowe\/piaskarka-cisnieniowa-blast-jet-1500\/","title":{"rendered":"Piaskarka ci\u015bnieniowa BLAST JET 1500C"},"content":{"rendered":"<p>[vc_row][vc_column][vc_raw_html]JTVCZmxleHlfYnJlYWRjcnVtYiU1RA==[\/vc_raw_html][\/vc_column][\/vc_row][vc_row][vc_column width=&#8221;1\/2&#8243;]<div id='gallery-1' class='fastgallery fg_style1  '> <div data-img=\"https:\/\/marwis.pl\/wp-content\/uploads\/2021\/11\/BLAST-JET-1500C_-1024x1024.jpg\"> <\/div><div data-img=\"https:\/\/marwis.pl\/wp-content\/uploads\/2021\/11\/blast-jet-1500C-1_-1024x1024.jpg\"> <\/div><div data-img=\"https:\/\/marwis.pl\/wp-content\/uploads\/2021\/11\/blast-jet-1500C-2_-1024x1024.jpg\"> <\/div><div data-img=\"https:\/\/marwis.pl\/wp-content\/uploads\/2026\/03\/DSC_0581-kopia-1024x1024.jpg\"> <\/div><div data-img=\"https:\/\/marwis.pl\/wp-content\/uploads\/2026\/03\/DSC_0579-kopia-1024x1024.jpg\"> <\/div><div data-img=\"https:\/\/marwis.pl\/wp-content\/uploads\/2026\/03\/srodek-piaskarka-1024x1024.jpg\"> <\/div><div style=\"clear:both\"><\/div><\/div>[\/vc_column][vc_column width=&#8221;1\/2&#8243;]\r\n    <div class=\"section_title\" style=\"text-align: center; margin: 0px auto 75px; padding: 0;\">\r\n        <h2 style=\"font-size:34px; color: #0066bf; font-weight: 800;\"> Blast Jet 1500 C <\/h2>\r\n         <div class=\"br\" style=\"margin: 0 auto;\"><\/div>             <\/div>\r\n\r\n    [vc_tta_accordion][vc_tta_section title=&#8221;ZASTOSOWANIE&#8221; tab_id=&#8221;1611050130932-cc5a4393-a8f3&#8243;][vc_column_text]Piaskarka Kabinowa BLAST JET wyprodukowana zosta\u0142a ze specjalnie dobranego gatunku stali o grubo\u015bci do 3 mm. Jej masywna konstrukcja w ca\u0142o\u015bci spawana, zapewnia d\u0142ug\u0105 \u017cywotno\u015b\u0107, a lakierowanie metod\u0105 proszkow\u0105 chroni przed korozj\u0105. Wyposa\u017cona zosta\u0142a w lampy LED co pozwala na komfortowe warunki obs\u0142ugi urz\u0105dzenia. Bezpy\u0142owa praca piaskarki zapewniona jest dzi\u0119ki zastosowaniu uszczelek obwodowych, umo\u017cliwia to wykonywanie pracy w spos\u00f3b przyjazny dla \u015brodowiska. W swojej ofercie posiadamy dwa modele: piaskark\u0119 z systemem ci\u015bnieniowym oraz tradycyjn\u0105 wyposa\u017con\u0105 w pistolet in\u017cektorowy. Przeznaczona do: usuwania zgorzelin po hartowaniu, wzmacniania powierzchni cz\u0119\u015bci ulegaj\u0105cych zu\u017cyciu, usuwania rdzy i lakieru z element\u00f3w konstrukcyjnych, usuwania zadzior\u00f3w z cz\u0119\u015bci metalowych po obr\u00f3bce mechanicznej, , matowienia, rozja\u015bniania.[\/vc_column_text][\/vc_tta_section][vc_tta_section title=&#8221;OPIS DZIA\u0141ANIA&#8221; tab_id=&#8221;1611050130945-8641945f-6d2e&#8221;][vc_column_text]W piaskarkach ci\u015bnieniowych poprzez zastosowanie zbiornika ci\u015bnienia uzyskujemy 4-krotnie wydajniejszy efekt piaskowania ni\u017c w piaskarkach in\u017cektorowych.\u00a0Jako \u015bcierniwo mo\u017cna wykorzysta\u0107 m.in.: piasek z tworzywa sztucznego, korund, kwarc, szkie\u0142ko, etc. Piaskarka cieszy si\u0119 du\u017c\u0105 popularno\u015bci\u0105 min. w warsztatach samochodowych, firmach regeneruj\u0105cych cz\u0119\u015bci samochodowe, przemy\u015ble oraz wsz\u0119dzie tam gdzie potrzeba szybko, \u0142atwo i tanio wypiaskowa\u0107 elementy o r\u00f3\u017cnych rozmiarach.[\/vc_column_text][\/vc_tta_section][vc_tta_section title=&#8221;DANE TECHNICZNE&#8221; tab_id=&#8221;1611052357239-a03ddaab-c372&#8243;][vc_column_text]Szeroko\u015b\u0107 ca\u0142kowita : 1510mm\/ 3470mmm<br \/>\nG\u0142\u0119boko\u015b\u0107 ca\u0142kowita : 1100mm<br \/>\nWysoko\u015b\u0107 ca\u0142kowita : 1800mm<br \/>\nSzeroko\u015b\u0107 robocza : 1430mm<br \/>\nG\u0142\u0119boko\u015b\u0107 robocza : 9400mm<br \/>\nWysoko\u015b\u0107 robocza : 770mm<br \/>\n\u015arednica dyszy \u03a6 4-8 mm<br \/>\nMasa netto: 250kg<br \/>\nZbiornik: 13L<br \/>\nPoziom ha\u0142asu &#8211; \u015brednia 76dB<br \/>\nDysza: w\u0119glik boru 4mm<br \/>\nO\u015bwietlenie: LED<br \/>\nWy\u0142\u0105cznik: no\u017cny<br \/>\nOpcja dodatkowa :St\u00f3\u0142 obrotowy , Ogumowanie piaskarki<\/p>\n<p>Zalecane \u015bcierniwa :Elektrokurund, mikrokulki szklane, w\u0119glik krzemu<br \/>\nZapotrzebowanie na spr\u0119\u017cone powietrze: od 600 do 9000 dm3\/min \u2013 uzale\u017cnione jest od \u015brednicy dyszy[\/vc_column_text][\/vc_tta_section][\/vc_tta_accordion][vc_btn title=&#8221;CENA&#8221; style=&#8221;flat&#8221; color=&#8221;primary&#8221; size=&#8221;lg&#8221; align=&#8221;center&#8221; link=&#8221;url:https%3A%2F%2Fmarwis24.pl%2Fpl%2Fp%2FPiaskarka-Cisnieniowa-Blast-Jet-1500C%2F23100698||target:%20_blank|&#8221;][vc_column_text]<\/p>\n<p style=\"text-align: center;\"><span style=\"color: #0066bf;\">Zapytaj o ofert\u0119.<\/span><br \/>\n<strong><span style=\"color: #0066bf;\">Zadzwo\u0144! <\/span><\/strong><br \/>\n<strong><span style=\"color: #0066bf;\">Mobil: +48 781 355 000<\/span><\/strong><\/p>\n<p>[\/vc_column_text][\/vc_column][\/vc_row]<\/p>","protected":false},"excerpt":{"rendered":"<p>[vc_row][vc_column][vc_raw_html]JTVCZmxleHlfYnJlYWRjcnVtYiU1RA==[\/vc_raw_html][\/vc_column][\/vc_row][vc_row][vc_column width=&#8221;1\/2&#8243;][\/vc_column][vc_column width=&#8221;1\/2&#8243;][vc_tta_accordion][vc_tta_section title=&#8221;ZASTOSOWANIE&#8221; tab_id=&#8221;1611050130932-cc5a4393-a8f3&#8243;][vc_column_text]Piaskarka Kabinowa BLAST JET wyprodukowana zosta\u0142a ze specjalnie dobranego gatunku stali o grubo\u015bci do 3 mm. Jej masywna konstrukcja w ca\u0142o\u015bci spawana, zapewnia d\u0142ug\u0105 \u017cywotno\u015b\u0107, a lakierowanie metod\u0105 proszkow\u0105 chroni przed korozj\u0105. Wyposa\u017cona zosta\u0142a w lampy LED co pozwala na komfortowe warunki obs\u0142ugi urz\u0105dzenia. Bezpy\u0142owa praca piaskarki zapewniona jest dzi\u0119ki zastosowaniu [&hellip;]<\/p>\n","protected":false},"author":3,"featured_media":0,"parent":1284,"menu_order":0,"comment_status":"closed","ping_status":"open","template":"","meta":[],"_links":{"self":[{"href":"https:\/\/marwis.pl\/pl\/wp-json\/wp\/v2\/pages\/1312"}],"collection":[{"href":"https:\/\/marwis.pl\/pl\/wp-json\/wp\/v2\/pages"}],"about":[{"href":"https:\/\/marwis.pl\/pl\/wp-json\/wp\/v2\/types\/page"}],"author":[{"embeddable":true,"href":"https:\/\/marwis.pl\/pl\/wp-json\/wp\/v2\/users\/3"}],"replies":[{"embeddable":true,"href":"https:\/\/marwis.pl\/pl\/wp-json\/wp\/v2\/comments?post=1312"}],"version-history":[{"count":24,"href":"https:\/\/marwis.pl\/pl\/wp-json\/wp\/v2\/pages\/1312\/revisions"}],"predecessor-version":[{"id":6424,"href":"https:\/\/marwis.pl\/pl\/wp-json\/wp\/v2\/pages\/1312\/revisions\/6424"}],"up":[{"embeddable":true,"href":"https:\/\/marwis.pl\/pl\/wp-json\/wp\/v2\/pages\/1284"}],"wp:attachment":[{"href":"https:\/\/marwis.pl\/pl\/wp-json\/wp\/v2\/media?parent=1312"}],"curies":[{"name":"wp","href":"https:\/\/api.w.org\/{rel}","templated":true}]}}