{"id":1338,"date":"2021-03-04T13:04:18","date_gmt":"2021-03-04T12:04:18","guid":{"rendered":"http:\/\/marwis.zoom.usermd.net\/?page_id=1338"},"modified":"2026-03-17T10:38:08","modified_gmt":"2026-03-17T09:38:08","slug":"stol-szlifierski-szlif-30","status":"publish","type":"page","link":"https:\/\/marwis.pl\/pl\/stoly-szlifierskie\/stol-szlifierski-szlif-30\/","title":{"rendered":"St\u00f3\u0142 szlifierski SZLIF 30"},"content":{"rendered":"<p>[vc_row][vc_column][vc_raw_html]JTVCZmxleHlfYnJlYWRjcnVtYiU1RA==[\/vc_raw_html][\/vc_column][\/vc_row][vc_row][vc_column width=&#8221;1\/2&#8243;]<div id='gallery-1' class='fastgallery fg_style1  '> <div data-img=\"https:\/\/marwis.pl\/wp-content\/uploads\/2021\/11\/szlif-30-1024x1024.jpg\"> <\/div><div data-img=\"https:\/\/marwis.pl\/wp-content\/uploads\/2022\/05\/DSC_0454-kopia-1024x1024.jpg\"> <\/div><div data-img=\"https:\/\/marwis.pl\/wp-content\/uploads\/2022\/05\/szlif-30-_2.jpg\"> <\/div><div data-img=\"https:\/\/marwis.pl\/wp-content\/uploads\/2022\/05\/szlif-30-_4.jpg\"> <\/div><div data-img=\"https:\/\/marwis.pl\/wp-content\/uploads\/2022\/05\/SZLIF-30-2-1024x1024.jpg\"> <\/div><div data-img=\"https:\/\/marwis.pl\/wp-content\/uploads\/2022\/05\/szlif-30_1.jpg\"> <\/div><div data-img=\"https:\/\/marwis.pl\/wp-content\/uploads\/2022\/05\/szlif-30_3.jpg\"> <\/div><div style=\"clear:both\"><\/div><\/div>[\/vc_column][vc_column width=&#8221;1\/2&#8243;]\r\n    <div class=\"section_title\" style=\"text-align: center; margin: 0px auto 75px; padding: 0;\">\r\n        <h2 style=\"font-size:34px; color: #0066bf; font-weight: 800;\"> SZLIF 30 <\/h2>\r\n         <div class=\"br\" style=\"margin: 0 auto;\"><\/div>             <\/div>\r\n\r\n    [vc_tta_accordion][vc_tta_section title=&#8221;ZASTOSOWANIE&#8221; tab_id=&#8221;1611050130932-cc5a4393-a8f3&#8243;][vc_column_text]Sto\u0142y szlifierskie zbudowane s\u0105 ze specjalnie dobranego gatunku stali o grubo\u015bci do 3mm.\u00a0 Ich konstrukcja w ca\u0142o\u015bci spawana, zapewnia d\u0142ug\u0105 \u017cywotno\u015b\u0107, a lakierowanie metod\u0105 proszkow\u0105 chroni przed korozj\u0105.<\/p>\n<p>Sto\u0142y szlifierskie s\u0105 urz\u0105dzeniami przeznaczonymi do\u00a0usuwania py\u0142u powstaj\u0105cego podczas szlifowania,\u00a0niezast\u0105pione w stolarniach czy lakierniach. Dzi\u0119ki naszym sto\u0142om zapewni\u0105 Pa\u0144stwo\u00a0czyste i komfortowe stanowiska pracy. Zasysany py\u0142 gromadzony jest w szufladach.<\/p>\n<p>St\u00f3\u0142 wyposa\u017cony jest w szuflady, w kt\u00f3rych gromadzony jest py\u0142 powstaj\u0105cy podczas szlifowania. Konstrukcja sto\u0142u przystosowana jest do pod\u0142\u0105czenia do zewn\u0119trznego wyci\u0105gu mechanicznego, kt\u00f3re mo\u017ce dodatkowo odprowadza\u0107 py\u0142 &#8211; wylot z ty\u0142u oraz od g\u00f3ry sto\u0142u.[\/vc_column_text][\/vc_tta_section][vc_tta_section title=&#8221;DANE TECHNICZNE&#8221; tab_id=&#8221;1611052357239-a03ddaab-c372&#8243;][vc_column_text]Wysoko\u015b\u0107 ca\u0142kowita 1700mm<br \/>\nSzeroko\u015b\u0107 1180mm<br \/>\nG\u0142\u0119boko\u015b\u0107 780mm<br \/>\nBlat roboczy ( SZeroko\u015b\u0107 x G\u0142\u0119boko\u015b\u0107 ) 1130x740mm<br \/>\nNo\u015bno\u015b\u0107 500kg<br \/>\n\u015arednica otworu na odci\u0105g 160mm[\/vc_column_text][\/vc_tta_section][\/vc_tta_accordion][vc_btn title=&#8221;CENA&#8221; style=&#8221;flat&#8221; color=&#8221;primary&#8221; size=&#8221;lg&#8221; align=&#8221;center&#8221; link=&#8221;url:https%3A%2F%2Fmarwis24.pl%2Fpl%2Fp%2FStol-szlifierski-SZLIF30-z-odciagiem-NOWOSC-%2F23100684||target:%20_blank|&#8221;][vc_column_text]<\/p>\n<p style=\"text-align: center;\"><span style=\"color: #0066bf;\">Zapytaj o specjaln\u0105 ofert\u0119 dla Ciebie.<\/span><br \/>\n<strong><span style=\"color: #0066bf;\">Zadzwo\u0144! <\/span><\/strong><br \/>\n<strong><span style=\"color: #0066bf;\">Mobie: +48 781 355 000<\/span><\/strong><\/p>\n<p>[\/vc_column_text][\/vc_column][\/vc_row]<\/p>","protected":false},"excerpt":{"rendered":"<p>[vc_row][vc_column][vc_raw_html]JTVCZmxleHlfYnJlYWRjcnVtYiU1RA==[\/vc_raw_html][\/vc_column][\/vc_row][vc_row][vc_column width=&#8221;1\/2&#8243;][\/vc_column][vc_column width=&#8221;1\/2&#8243;][vc_tta_accordion][vc_tta_section title=&#8221;ZASTOSOWANIE&#8221; tab_id=&#8221;1611050130932-cc5a4393-a8f3&#8243;][vc_column_text]Sto\u0142y szlifierskie zbudowane s\u0105 ze specjalnie dobranego gatunku stali o grubo\u015bci do 3mm.\u00a0 Ich konstrukcja w ca\u0142o\u015bci spawana, zapewnia d\u0142ug\u0105 \u017cywotno\u015b\u0107, a lakierowanie metod\u0105 proszkow\u0105 chroni przed korozj\u0105. Sto\u0142y szlifierskie s\u0105 urz\u0105dzeniami przeznaczonymi do\u00a0usuwania py\u0142u powstaj\u0105cego podczas szlifowania,\u00a0niezast\u0105pione w stolarniach czy lakierniach. Dzi\u0119ki naszym sto\u0142om zapewni\u0105 Pa\u0144stwo\u00a0czyste i komfortowe stanowiska pracy. [&hellip;]<\/p>\n","protected":false},"author":3,"featured_media":0,"parent":1321,"menu_order":0,"comment_status":"closed","ping_status":"open","template":"","meta":[],"_links":{"self":[{"href":"https:\/\/marwis.pl\/pl\/wp-json\/wp\/v2\/pages\/1338"}],"collection":[{"href":"https:\/\/marwis.pl\/pl\/wp-json\/wp\/v2\/pages"}],"about":[{"href":"https:\/\/marwis.pl\/pl\/wp-json\/wp\/v2\/types\/page"}],"author":[{"embeddable":true,"href":"https:\/\/marwis.pl\/pl\/wp-json\/wp\/v2\/users\/3"}],"replies":[{"embeddable":true,"href":"https:\/\/marwis.pl\/pl\/wp-json\/wp\/v2\/comments?post=1338"}],"version-history":[{"count":15,"href":"https:\/\/marwis.pl\/pl\/wp-json\/wp\/v2\/pages\/1338\/revisions"}],"predecessor-version":[{"id":6497,"href":"https:\/\/marwis.pl\/pl\/wp-json\/wp\/v2\/pages\/1338\/revisions\/6497"}],"up":[{"embeddable":true,"href":"https:\/\/marwis.pl\/pl\/wp-json\/wp\/v2\/pages\/1321"}],"wp:attachment":[{"href":"https:\/\/marwis.pl\/pl\/wp-json\/wp\/v2\/media?parent=1338"}],"curies":[{"name":"wp","href":"https:\/\/api.w.org\/{rel}","templated":true}]}}