{"id":1346,"date":"2021-03-04T13:09:08","date_gmt":"2021-03-04T12:09:08","guid":{"rendered":"http:\/\/marwis.zoom.usermd.net\/?page_id=1346"},"modified":"2025-06-12T10:31:14","modified_gmt":"2025-06-12T08:31:14","slug":"chemia-myjaco-odtluszczajaca","status":"publish","type":"page","link":"https:\/\/marwis.pl\/pl\/chemia-myjaco-odtluszczajaca\/","title":{"rendered":"Chemia Myj\u0105co &#8211; Odt\u0142uszczaj\u0105ca"},"content":{"rendered":"<p>[vc_row content_placement=&#8221;middle&#8221; css=&#8221;.vc_custom_1611227078763{margin-top: 120px !important;margin-bottom: 25px !important;}&#8221;][vc_column]\r\n    <div class=\"section_title\" style=\"text-align: center; margin: 0px 0px; padding: 0;\">\r\n        <h2 style=\"font-size:32px; color: #0066bf; font-weight: 800;\"> CHEMIA MYJ\u0104CO - ODT\u0141USZCZAJ\u0104CA <\/h2>\r\n         <div class=\"br\" style=\"margin: 0 auto;\"><\/div>             <\/div>\r\n\r\n    [\/vc_column][\/vc_row][vc_row][vc_column width=&#8221;1\/4&#8243;][vc_single_image image=&#8221;1381&#8243; img_size=&#8221;760&#215;900&#8243; alignment=&#8221;center&#8221; onclick=&#8221;custom_link&#8221; link=&#8221;\/chemia-myjaco-odtluszczajaca\/koncentrat-do-ultradzwiekow-sonic-strong\/&#8221;][vc_column_text]<\/p>\n<h3 style=\"text-align: center;\"><a href=\"\/chemia-myjaco-odtluszczajaca\/koncentrat-do-ultradzwiekow-sonic-strong\/\"><strong>Koncentrat do ultrad\u017awi\u0119k\u00f3w SonicStrong<\/strong><\/a><\/h3>\n<p>[\/vc_column_text][\/vc_column][vc_column width=&#8221;1\/4&#8243;][vc_single_image image=&#8221;1397&#8243; img_size=&#8221;760&#215;900&#8243; alignment=&#8221;center&#8221; onclick=&#8221;custom_link&#8221; link=&#8221;\/chemia-myjaco-odtluszczajaca\/koncentrat-mrs-cleaner-strong\/&#8221;][vc_column_text]<\/p>\n<h3 style=\"text-align: center;\"><a href=\"\/chemia-myjaco-odtluszczajaca\/koncentrat-mrs-cleaner-strong\/\"><strong>Koncentrat MRS Cleaner Strong<\/strong><\/a><\/h3>\n<p>[\/vc_column_text][\/vc_column][vc_column width=&#8221;1\/4&#8243;][vc_single_image image=&#8221;1388&#8243; img_size=&#8221;760&#215;900&#8243; alignment=&#8221;center&#8221; onclick=&#8221;custom_link&#8221; link=&#8221;\/chemia-myjaco-odtluszczajaca\/koncentrat-do-czyszczenia-dpf-2\/&#8221;][vc_column_text]<\/p>\n<h3 style=\"text-align: center;\"><a href=\"\/chemia-myjaco-odtluszczajaca\/koncentrat-do-czyszczenia-dpf-2\/\"><strong>Koncentrat do czyszczenia DPF\u00a0<\/strong><\/a><\/h3>\n<p>[\/vc_column_text][\/vc_column][vc_column width=&#8221;1\/4&#8243;][vc_single_image image=&#8221;1392&#8243; img_size=&#8221;760&#215;900&#8243; alignment=&#8221;center&#8221; onclick=&#8221;custom_link&#8221; link=&#8221;\/chemia-myjaco-odtluszczajaca\/koncentrat-biologiczny-bio-active-clean\/&#8221;][vc_column_text]<\/p>\n<h3 style=\"text-align: center;\"><strong><a href=\"\/chemia-myjaco-odtluszczajaca\/koncentrat-biologiczny-bio-active-clean\/\">Koncentrat biologiczny BioActive &#8211; Clean\u00a0<\/a><\/strong><\/h3>\n<p>[\/vc_column_text][\/vc_column][\/vc_row][vc_row][vc_column width=&#8221;1\/4&#8243;][vc_single_image image=&#8221;1401&#8243; img_size=&#8221;760&#215;900&#8243; alignment=&#8221;center&#8221; onclick=&#8221;custom_link&#8221; link=&#8221;\/chemia-myjaco-odtluszczajaca\/odpieniacz-dx-99\/&#8221;][vc_column_text]<\/p>\n<h3 style=\"text-align: center;\"><strong><a href=\"\/chemia-myjaco-odtluszczajaca\/odpieniacz-dx-99\/\">Odpieniacz DX-99<\/a><\/strong><\/h3>\n<p>[\/vc_column_text][\/vc_column][vc_column width=&#8221;1\/4&#8243;][vc_single_image image=&#8221;4933&#8243; img_size=&#8221;760&#215;900&#8243; alignment=&#8221;center&#8221; onclick=&#8221;custom_link&#8221; link=&#8221;\/chemia-myjaco-odtluszczajaca\/koncentrat-mrs-cleaner-ultra-active\/&#8221;][vc_column_text]<\/p>\n<h3 style=\"text-align: center;\"><strong><a href=\"\/chemia-myjaco-odtluszczajaca\/koncentrat-mrs-cleaner-ultra-active\/\">Koncentrat Mrs Cleaner Ultra Active<\/a><\/strong><\/h3>\n<p>[\/vc_column_text][\/vc_column][vc_column width=&#8221;1\/4&#8243;][vc_single_image image=&#8221;4599&#8243; img_size=&#8221;760&#215;900&#8243; alignment=&#8221;center&#8221; onclick=&#8221;custom_link&#8221; img_link_target=&#8221;_blank&#8221; link=&#8221;\/chemia-myjaco-odtluszczajaca\/mrs-eco-multi-strong\/&#8221;][vc_column_text]<\/p>\n<h3 style=\"text-align: center;\"><a href=\"\/chemia-myjaco-odtluszczajaca\/mrs-eco-multi-strong\/\"><strong>Koncentrat myj\u0105cy Eco Multi Strong\u00a0<\/strong><\/a><\/h3>\n<p>[\/vc_column_text][\/vc_column][vc_column width=&#8221;1\/4&#8243;][vc_single_image image=&#8221;4887&#8243; img_size=&#8221;760&#215;900&#8243; alignment=&#8221;center&#8221; onclick=&#8221;custom_link&#8221; img_link_target=&#8221;_blank&#8221; link=&#8221;\/chemia-myjaco-odtluszczajaca\/zmywacz-do-zywicy\/&#8221;][vc_column_text]<\/p>\n<h3 style=\"text-align: center;\"><strong><a href=\"\/chemia-myjaco-odtluszczajaca\/zmywacz-do-zywicy\/\">Zmywacz Clean Professional<\/a><\/strong><\/h3>\n<p>[\/vc_column_text][\/vc_column][\/vc_row][vc_row][vc_column width=&#8221;1\/4&#8243;][vc_single_image image=&#8221;1405&#8243; img_size=&#8221;760&#215;900&#8243; alignment=&#8221;center&#8221; onclick=&#8221;custom_link&#8221; link=&#8221;\/chemia-myjaco-odtluszczajaca\/gotowy-plyn-biologiczny-bioactive-clean-30l\/&#8221;][vc_column_text]<\/p>\n<h3 style=\"text-align: center;\"><a href=\"\/chemia-myjaco-odtluszczajaca\/gotowy-plyn-biologiczny-bioactive-clean-30l\/\"><strong>Gotowy p\u0142yn biologiczny BioActive &#8211; Clean 30L<\/strong><\/a><\/h3>\n<p>[\/vc_column_text][\/vc_column][vc_column width=&#8221;1\/4&#8243;][\/vc_column][vc_column width=&#8221;1\/4&#8243;][\/vc_column][vc_column width=&#8221;1\/4&#8243;][\/vc_column][\/vc_row]<\/p>","protected":false},"excerpt":{"rendered":"<p>[vc_row content_placement=&#8221;middle&#8221; css=&#8221;.vc_custom_1611227078763{margin-top: 120px !important;margin-bottom: 25px !important;}&#8221;][vc_column][\/vc_column][\/vc_row][vc_row][vc_column width=&#8221;1\/4&#8243;][vc_single_image image=&#8221;1381&#8243; img_size=&#8221;760&#215;900&#8243; alignment=&#8221;center&#8221; onclick=&#8221;custom_link&#8221; link=&#8221;\/chemia-myjaco-odtluszczajaca\/koncentrat-do-ultradzwiekow-sonic-strong\/&#8221;][vc_column_text] Koncentrat do ultrad\u017awi\u0119k\u00f3w SonicStrong [\/vc_column_text][\/vc_column][vc_column width=&#8221;1\/4&#8243;][vc_single_image image=&#8221;1397&#8243; img_size=&#8221;760&#215;900&#8243; alignment=&#8221;center&#8221; onclick=&#8221;custom_link&#8221; link=&#8221;\/chemia-myjaco-odtluszczajaca\/koncentrat-mrs-cleaner-strong\/&#8221;][vc_column_text] Koncentrat MRS Cleaner Strong [\/vc_column_text][\/vc_column][vc_column width=&#8221;1\/4&#8243;][vc_single_image image=&#8221;1388&#8243; img_size=&#8221;760&#215;900&#8243; alignment=&#8221;center&#8221; onclick=&#8221;custom_link&#8221; link=&#8221;\/chemia-myjaco-odtluszczajaca\/koncentrat-do-czyszczenia-dpf-2\/&#8221;][vc_column_text] Koncentrat do czyszczenia DPF\u00a0 [\/vc_column_text][\/vc_column][vc_column width=&#8221;1\/4&#8243;][vc_single_image image=&#8221;1392&#8243; img_size=&#8221;760&#215;900&#8243; alignment=&#8221;center&#8221; onclick=&#8221;custom_link&#8221; link=&#8221;\/chemia-myjaco-odtluszczajaca\/koncentrat-biologiczny-bio-active-clean\/&#8221;][vc_column_text] Koncentrat biologiczny BioActive &#8211; Clean\u00a0 [\/vc_column_text][\/vc_column][\/vc_row][vc_row][vc_column width=&#8221;1\/4&#8243;][vc_single_image image=&#8221;1401&#8243; img_size=&#8221;760&#215;900&#8243; [&hellip;]<\/p>\n","protected":false},"author":3,"featured_media":0,"parent":0,"menu_order":0,"comment_status":"closed","ping_status":"closed","template":"","meta":[],"_links":{"self":[{"href":"https:\/\/marwis.pl\/pl\/wp-json\/wp\/v2\/pages\/1346"}],"collection":[{"href":"https:\/\/marwis.pl\/pl\/wp-json\/wp\/v2\/pages"}],"about":[{"href":"https:\/\/marwis.pl\/pl\/wp-json\/wp\/v2\/types\/page"}],"author":[{"embeddable":true,"href":"https:\/\/marwis.pl\/pl\/wp-json\/wp\/v2\/users\/3"}],"replies":[{"embeddable":true,"href":"https:\/\/marwis.pl\/pl\/wp-json\/wp\/v2\/comments?post=1346"}],"version-history":[{"count":102,"href":"https:\/\/marwis.pl\/pl\/wp-json\/wp\/v2\/pages\/1346\/revisions"}],"predecessor-version":[{"id":4910,"href":"https:\/\/marwis.pl\/pl\/wp-json\/wp\/v2\/pages\/1346\/revisions\/4910"}],"wp:attachment":[{"href":"https:\/\/marwis.pl\/pl\/wp-json\/wp\/v2\/media?parent=1346"}],"curies":[{"name":"wp","href":"https:\/\/api.w.org\/{rel}","templated":true}]}}