{"id":1368,"date":"2021-03-08T13:08:55","date_gmt":"2021-03-08T12:08:55","guid":{"rendered":"http:\/\/marwis.zoom.usermd.net\/?page_id=1368"},"modified":"2025-06-12T13:38:27","modified_gmt":"2025-06-12T11:38:27","slug":"koncentrat-mrs-cleaner-ultra-active","status":"publish","type":"page","link":"https:\/\/marwis.pl\/pl\/chemia-myjaco-odtluszczajaca\/koncentrat-mrs-cleaner-ultra-active\/","title":{"rendered":"Koncentrat Mrs Cleaner Ultra Active Plus"},"content":{"rendered":"<p>[vc_row][vc_column][vc_raw_html]JTVCZmxleHlfYnJlYWRjcnVtYiU1RA==[\/vc_raw_html][\/vc_column][\/vc_row][vc_row][vc_column width=&#8221;1\/2&#8243;]<div id='gallery-1' class='fastgallery fg_style1  '> <div data-img=\"https:\/\/marwis.pl\/wp-content\/uploads\/2021\/03\/mrs-cleaner-ultra-active-731x1024.jpg\"> <\/div><div data-img=\"https:\/\/marwis.pl\/wp-content\/uploads\/2021\/03\/mrs-cleaner-ultra-active-ATEST-739x1024.jpg\"> <\/div><div style=\"clear:both\"><\/div><\/div>[\/vc_column][vc_column width=&#8221;1\/2&#8243;]\r\n    <div class=\"section_title\" style=\"text-align: center; margin: 0px auto 75px; padding: 0;\">\r\n        <h2 style=\"font-size:34px; color: #0066bf; font-weight: 800;\"> Koncentrat Mrs Cleaner Ultra Active <\/h2>\r\n         <div class=\"br\" style=\"margin: 0 auto;\"><\/div>             <\/div>\r\n\r\n    [vc_tta_accordion][vc_tta_section title=&#8221;ZASTOSOWANIE&#8221; tab_id=&#8221;1611050130932-cc5a4393-a8f3&#8243;][vc_column_text]Koncentrat MRS Cleaner Ultra Active PLUS alkaliczny, nisko pieni\u0105cy preparat przeznaczony do mycia i odt\u0142uszczania. Swoj\u0105 rol\u0119 spe\u0142nia w myjkach z zamkni\u0119tym obiegiem p\u0142ynu roboczego. Najlepsze rezultaty uzyskuje si\u0119 stosuj\u0105c roztw\u00f3r wodny produktu o temperaturze 40-80\u00baC. Zawiera inhibitory korozji. Zalecany do mycia silnik\u00f3w.[\/vc_column_text][\/vc_tta_section][vc_tta_section title=&#8221;DANE TECHNICZNE&#8221; tab_id=&#8221;1611052357239-a03ddaab-c372&#8243;][vc_column_text]\u015arodek: koncentrat<br \/>\nWarto\u015b\u0107 PH: 13,5<br \/>\nKolor: \u017c\u00f3\u0142ty<br \/>\nTemperatura pracy: 40-80\u00b0 C<br \/>\nOpakowania: 5L[\/vc_column_text][\/vc_tta_section][vc_tta_section title=&#8221;FILM&#8221; tab_id=&#8221;1613475586868-0a042baf-3b3a&#8221;][vc_video link=&#8221;https:\/\/www.youtube.com\/watch?v=ci2w9jwCKbA&amp;feature=emb_title&#8221;][\/vc_tta_section][\/vc_tta_accordion][vc_btn title=&#8221;CENA&#8221; style=&#8221;flat&#8221; color=&#8221;primary&#8221; size=&#8221;lg&#8221; align=&#8221;center&#8221; link=&#8221;url:https%3A%2F%2Fmarwis24.pl%2Fpl%2Fkoncentrat-plyn-do-myjek-automatycznych-5l-mrs.html||target:%20_blank|&#8221;][vc_column_text]<\/p>\n<p style=\"text-align: center;\"><span style=\"color: #0066bf;\">Zapytaj o ofert\u0119 dla Ciebie.<\/span><br \/>\n<strong><span style=\"color: #0066bf;\">Zadzwo\u0144! <\/span><\/strong><br \/>\n<strong><span style=\"color: #0066bf;\">Mobile: +48 781 355 000<\/span><\/strong><\/p>\n<p>[\/vc_column_text][\/vc_column][\/vc_row]<\/p>","protected":false},"excerpt":{"rendered":"<p>[vc_row][vc_column][vc_raw_html]JTVCZmxleHlfYnJlYWRjcnVtYiU1RA==[\/vc_raw_html][\/vc_column][\/vc_row][vc_row][vc_column width=&#8221;1\/2&#8243;][\/vc_column][vc_column width=&#8221;1\/2&#8243;][vc_tta_accordion][vc_tta_section title=&#8221;ZASTOSOWANIE&#8221; tab_id=&#8221;1611050130932-cc5a4393-a8f3&#8243;][vc_column_text]Koncentrat MRS Cleaner Ultra Active PLUS alkaliczny, nisko pieni\u0105cy preparat przeznaczony do mycia i odt\u0142uszczania. Swoj\u0105 rol\u0119 spe\u0142nia w myjkach z zamkni\u0119tym obiegiem p\u0142ynu roboczego. Najlepsze rezultaty uzyskuje si\u0119 stosuj\u0105c roztw\u00f3r wodny produktu o temperaturze 40-80\u00baC. Zawiera inhibitory korozji. Zalecany do mycia silnik\u00f3w.[\/vc_column_text][\/vc_tta_section][vc_tta_section title=&#8221;DANE TECHNICZNE&#8221; tab_id=&#8221;1611052357239-a03ddaab-c372&#8243;][vc_column_text]\u015arodek: koncentrat Warto\u015b\u0107 PH: 13,5 Kolor: [&hellip;]<\/p>\n","protected":false},"author":3,"featured_media":0,"parent":1346,"menu_order":0,"comment_status":"closed","ping_status":"open","template":"","meta":[],"_links":{"self":[{"href":"https:\/\/marwis.pl\/pl\/wp-json\/wp\/v2\/pages\/1368"}],"collection":[{"href":"https:\/\/marwis.pl\/pl\/wp-json\/wp\/v2\/pages"}],"about":[{"href":"https:\/\/marwis.pl\/pl\/wp-json\/wp\/v2\/types\/page"}],"author":[{"embeddable":true,"href":"https:\/\/marwis.pl\/pl\/wp-json\/wp\/v2\/users\/3"}],"replies":[{"embeddable":true,"href":"https:\/\/marwis.pl\/pl\/wp-json\/wp\/v2\/comments?post=1368"}],"version-history":[{"count":24,"href":"https:\/\/marwis.pl\/pl\/wp-json\/wp\/v2\/pages\/1368\/revisions"}],"predecessor-version":[{"id":5743,"href":"https:\/\/marwis.pl\/pl\/wp-json\/wp\/v2\/pages\/1368\/revisions\/5743"}],"up":[{"embeddable":true,"href":"https:\/\/marwis.pl\/pl\/wp-json\/wp\/v2\/pages\/1346"}],"wp:attachment":[{"href":"https:\/\/marwis.pl\/pl\/wp-json\/wp\/v2\/media?parent=1368"}],"curies":[{"name":"wp","href":"https:\/\/api.w.org\/{rel}","templated":true}]}}