{"id":1380,"date":"2021-03-08T13:20:29","date_gmt":"2021-03-08T12:20:29","guid":{"rendered":"http:\/\/marwis.zoom.usermd.net\/?page_id=1380"},"modified":"2025-06-12T10:42:56","modified_gmt":"2025-06-12T08:42:56","slug":"koncentrat-do-ultradzwiekow-sonic-strong","status":"publish","type":"page","link":"https:\/\/marwis.pl\/pl\/chemia-myjaco-odtluszczajaca\/koncentrat-do-ultradzwiekow-sonic-strong\/","title":{"rendered":"Koncentrat do myjek ultrad\u017awi\u0119kowych Sonic Strong"},"content":{"rendered":"<p>[vc_row][vc_column][vc_raw_html]JTVCZmxleHlfYnJlYWRjcnVtYiU1RA==[\/vc_raw_html][\/vc_column][\/vc_row][vc_row][vc_column width=&#8221;1\/2&#8243;]<div id='gallery-1' class='fastgallery fg_style1  '> <div data-img=\"https:\/\/marwis.pl\/wp-content\/uploads\/2021\/03\/Koncentrat-do-Ultradzwiekow-Sonic-Strong-731x1024.jpg\"> <\/div><div style=\"clear:both\"><\/div><\/div>[\/vc_column][vc_column width=&#8221;1\/2&#8243;]\r\n    <div class=\"section_title\" style=\"text-align: center; margin: 0px auto 75px; padding: 0;\">\r\n        <h2 style=\"font-size:34px; color: #0066bf; font-weight: 800;\"> Koncentrat do Ultrad\u017awi\u0119k\u00f3w Sonic Strong <\/h2>\r\n         <div class=\"br\" style=\"margin: 0 auto;\"><\/div>             <\/div>\r\n\r\n    [vc_tta_accordion][vc_tta_section title=&#8221;ZASTOSOWANIE&#8221; tab_id=&#8221;1611050130932-cc5a4393-a8f3&#8243;][vc_column_text]<\/p>\n<div class=\"tab\">\n<div id=\"tab-1\" class=\"tab-content\">\n<p style=\"text-align: left;\"><strong>Koncentrat do myjek ultrad\u017awi\u0119kowych.<\/strong><br \/>\nAlkaliczny koncentrat na bazie wody do czyszczenia metod\u0105 ultrad\u017awi\u0119kow\u0105. Bardzo wydajny, nadaje si\u0119 r\u00f3wnie\u017c do stosowania w myjkach ci\u015bnieniowych. Intensywnie wnika w trudno dost\u0119pne miejsca. Nadaje si\u0119 do czyszczenia m.in. : filtr\u00f3w olej\u00f3w, t\u0142ok\u00f3w, \u0142o\u017cysk k\u00f3\u0142, \u015brub, narz\u0119dzi tn\u0105cych, cz\u0119\u015bci maszyn i podzespo\u0142\u00f3w, silnik\u00f3w z turbodo\u0142adowaniem, cylindr\u00f3w, pomp wtryskowych, g\u0142owic, materia\u0142\u00f3w sypkich, element\u00f3w aluminiowych, rur ze stali stopowej. Koncentrat demulguj\u0105cy &#8211; nadaje si\u0119 do separator\u00f3w olejowych.<br \/>\nSkutecznie usuwa silne zabrudzenia r\u00f3\u017cnego rodzaju : oleje, woski, t\u0142uszcze, grafit, oleje antykorozyjne, resztki kleju, emulgatory, pozosta\u0142o\u015bci po docieraniu, polerowaniu i szlifowaniu, zanieczyszczenia barwnikami, komponenty smar\u00f3w, bitumy itp. Przede wszystkim chroni metal, mo\u017ce by\u0107 stosowany do czyszczenia delikatnych powierzchni, do aluminium lub obrabianych cz\u0119\u015bci. Skutecznie czy\u015bci cz\u0119\u015bci w temperaturze:35-60\u00b0C, nie zawiera silikonu.<\/p>\n<\/div>\n<\/div>\n<p>[\/vc_column_text][\/vc_tta_section][vc_tta_section title=&#8221;DANE TECHNICZNE&#8221; tab_id=&#8221;1611052357239-a03ddaab-c372&#8243;][vc_column_text]Warto\u015b\u0107 pH: 8-9<br \/>\nTemperatura czyszczenia powy\u017cej 25-60\u00b0C<br \/>\nSt\u0119\u017cenie 3-5%<br \/>\nPojemno\u015b\u0107: 5L,1L[\/vc_column_text][\/vc_tta_section][\/vc_tta_accordion][vc_btn title=&#8221;CENA&#8221; style=&#8221;flat&#8221; color=&#8221;primary&#8221; size=&#8221;lg&#8221; align=&#8221;center&#8221; link=&#8221;url:https%3A%2F%2Fmarwis24.pl%2Fpl%2Fp%2FKoncentrat-do-myjek-ultradzwiekowych-5L-SonicStrong%2F23100677||target:%20_blank|&#8221;][vc_column_text]<\/p>\n<p style=\"text-align: center;\"><strong><span style=\"color: #0066bf;\">Zapytaj o ofert\u0119<\/span><\/strong><br \/>\n<strong><span style=\"color: #0066bf;\">Zadzwo\u0144! <\/span><\/strong><br \/>\n<strong><span style=\"color: #0066bf;\">Mobile: + 48 781 355 000<\/span><\/strong><\/p>\n<p>[\/vc_column_text][\/vc_column][\/vc_row]<\/p>","protected":false},"excerpt":{"rendered":"<p>[vc_row][vc_column][vc_raw_html]JTVCZmxleHlfYnJlYWRjcnVtYiU1RA==[\/vc_raw_html][\/vc_column][\/vc_row][vc_row][vc_column width=&#8221;1\/2&#8243;][\/vc_column][vc_column width=&#8221;1\/2&#8243;][vc_tta_accordion][vc_tta_section title=&#8221;ZASTOSOWANIE&#8221; tab_id=&#8221;1611050130932-cc5a4393-a8f3&#8243;][vc_column_text] Koncentrat do myjek ultrad\u017awi\u0119kowych. Alkaliczny koncentrat na bazie wody do czyszczenia metod\u0105 ultrad\u017awi\u0119kow\u0105. Bardzo wydajny, nadaje si\u0119 r\u00f3wnie\u017c do stosowania w myjkach ci\u015bnieniowych. Intensywnie wnika w trudno dost\u0119pne miejsca. Nadaje si\u0119 do czyszczenia m.in. : filtr\u00f3w olej\u00f3w, t\u0142ok\u00f3w, \u0142o\u017cysk k\u00f3\u0142, \u015brub, narz\u0119dzi tn\u0105cych, cz\u0119\u015bci maszyn i podzespo\u0142\u00f3w, silnik\u00f3w z turbodo\u0142adowaniem, [&hellip;]<\/p>\n","protected":false},"author":3,"featured_media":0,"parent":1346,"menu_order":0,"comment_status":"closed","ping_status":"open","template":"","meta":[],"_links":{"self":[{"href":"https:\/\/marwis.pl\/pl\/wp-json\/wp\/v2\/pages\/1380"}],"collection":[{"href":"https:\/\/marwis.pl\/pl\/wp-json\/wp\/v2\/pages"}],"about":[{"href":"https:\/\/marwis.pl\/pl\/wp-json\/wp\/v2\/types\/page"}],"author":[{"embeddable":true,"href":"https:\/\/marwis.pl\/pl\/wp-json\/wp\/v2\/users\/3"}],"replies":[{"embeddable":true,"href":"https:\/\/marwis.pl\/pl\/wp-json\/wp\/v2\/comments?post=1380"}],"version-history":[{"count":36,"href":"https:\/\/marwis.pl\/pl\/wp-json\/wp\/v2\/pages\/1380\/revisions"}],"predecessor-version":[{"id":5722,"href":"https:\/\/marwis.pl\/pl\/wp-json\/wp\/v2\/pages\/1380\/revisions\/5722"}],"up":[{"embeddable":true,"href":"https:\/\/marwis.pl\/pl\/wp-json\/wp\/v2\/pages\/1346"}],"wp:attachment":[{"href":"https:\/\/marwis.pl\/pl\/wp-json\/wp\/v2\/media?parent=1380"}],"curies":[{"name":"wp","href":"https:\/\/api.w.org\/{rel}","templated":true}]}}