{"id":1389,"date":"2021-03-08T13:25:38","date_gmt":"2021-03-08T12:25:38","guid":{"rendered":"http:\/\/marwis.zoom.usermd.net\/?page_id=1389"},"modified":"2025-06-12T11:15:15","modified_gmt":"2025-06-12T09:15:15","slug":"koncentrat-do-czyszczenia-dpf-2","status":"publish","type":"page","link":"https:\/\/marwis.pl\/pl\/chemia-myjaco-odtluszczajaca\/koncentrat-do-czyszczenia-dpf-2\/","title":{"rendered":"Koncentrat do czyszczenia DPF"},"content":{"rendered":"<p>[vc_row][vc_column][vc_raw_html]JTVCZmxleHlfYnJlYWRjcnVtYiU1RA==[\/vc_raw_html][\/vc_column][\/vc_row][vc_row][vc_column width=&#8221;1\/2&#8243;]<div id='gallery-1' class='fastgallery fg_style1  '> <div data-img=\"https:\/\/marwis.pl\/wp-content\/uploads\/2021\/03\/Koncentrat-do-czyszczenia-DPF-731x1024.png\"> <\/div><div style=\"clear:both\"><\/div><\/div>[\/vc_column][vc_column width=&#8221;1\/2&#8243;]\r\n    <div class=\"section_title\" style=\"text-align: center; margin: 0px auto 75px; padding: 0;\">\r\n        <h2 style=\"font-size:34px; color: #0066bf; font-weight: 800;\"> Koncentrat do czyszczenia DPF <\/h2>\r\n         <div class=\"br\" style=\"margin: 0 auto;\"><\/div>             <\/div>\r\n\r\n    [vc_tta_accordion][vc_tta_section title=&#8221;ZASTOSOWANIE&#8221; tab_id=&#8221;1611050130932-cc5a4393-a8f3&#8243;][vc_column_text]Koncentrat do czyszczenia filtr\u00f3w DPF\/FAP. P\u0142yn przeznaczonych jest do mycia filtr\u00f3w cz\u0105stek sta\u0142ych w maszynach o tym samym przeznaczeniu na bazie wody, przeznaczony do czyszczenia metod\u0105 ultrad\u017awi\u0119kow\u0105, zalewow\u0105 oraz do wycierania. Zawiera inhibitory korozji. Stosowany do czyszczenia w produkcji przemys\u0142owej, zak\u0142adach naprawczych, warsztatach samochodowych, w przemy\u015ble obr\u00f3bki metali. Skutecznie czy\u015bci w temperaturze 35-60 \u00b0C, nie zawiera silikonu.[\/vc_column_text][\/vc_tta_section][vc_tta_section title=&#8221;OPIS DZIA\u0141ANIA&#8221; tab_id=&#8221;1611050130945-8641945f-6d2e&#8221;][vc_column_text]- udra\u017cnia i usuwa zapchane sadz\u0105 kana\u0142y filtra<br \/>\n&#8211; zawiera inhibitory korozji<br \/>\n&#8211; dzi\u0119ki nowoczesnej recepturze nie tworzy g\u0119stej zawiesiny w zbiorniku wody<br \/>\n&#8211; odblokowuje skompresowany popi\u00f3\u0142 z tylnych cz\u0119\u015bci kana\u0142\u00f3w dolotowych filtra.<br \/>\n&#8211; skutecznie czy\u015bci i regeneruje z uporczywej sadzy, oleju czy nagar\u00f3w<br \/>\n&#8211; nie wp\u0142ywa negatywnie na pow\u0142ok\u0119 katalityczn\u0105 filtra<br \/>\n&#8211; wzmo\u017cona skuteczno\u015b\u0107 czyszczenia dzi\u0119ki pH zasadowemu<br \/>\n&#8211; w po\u0142\u0105czeniu z odpieniaczem DX-99 nie powoduje nadmiaru piany , kt\u00f3ra blokuje efekt pracy<br \/>\n&#8211; nie pozostawia lepkiej powierzchni po wysuszeniu filtra[\/vc_column_text][\/vc_tta_section][vc_tta_section title=&#8221;DANE TECHNICZNE&#8221; tab_id=&#8221;1611052357239-a03ddaab-c372&#8243;][vc_column_text]Warto\u015b\u0107 PH: 8-9<br \/>\nKolor: fiolet<br \/>\nTemperatura pracy: 25-60 \u00b0C<br \/>\nPojemno\u015b\u0107 opakowania: 5L, 1L[\/vc_column_text][\/vc_tta_section][\/vc_tta_accordion][vc_btn title=&#8221;CENA&#8221; style=&#8221;flat&#8221; color=&#8221;primary&#8221; size=&#8221;lg&#8221; align=&#8221;center&#8221; link=&#8221;url:https%3A%2F%2Fmarwis24.pl%2Fpl%2Fp%2FKoncentrat-do-czyszczenia-DPF-5L%2F23100691||target:%20_blank|&#8221;][vc_column_text]<\/p>\n<p style=\"text-align: center;\"><span style=\"color: #0066bf;\">Zapytaj o specjaln\u0105 ofert\u0119 dla Ciebie.<\/span><br \/>\n<strong><span style=\"color: #0066bf;\">Zadzwo\u0144! <\/span><\/strong><br \/>\n<strong><span style=\"color: #0066bf;\">Mobile:+48 781 355 000<\/span><\/strong><\/p>\n<p>[\/vc_column_text][\/vc_column][\/vc_row]<\/p>","protected":false},"excerpt":{"rendered":"<p>[vc_row][vc_column][vc_raw_html]JTVCZmxleHlfYnJlYWRjcnVtYiU1RA==[\/vc_raw_html][\/vc_column][\/vc_row][vc_row][vc_column width=&#8221;1\/2&#8243;][\/vc_column][vc_column width=&#8221;1\/2&#8243;][vc_tta_accordion][vc_tta_section title=&#8221;ZASTOSOWANIE&#8221; tab_id=&#8221;1611050130932-cc5a4393-a8f3&#8243;][vc_column_text]Koncentrat do czyszczenia filtr\u00f3w DPF\/FAP. P\u0142yn przeznaczonych jest do mycia filtr\u00f3w cz\u0105stek sta\u0142ych w maszynach o tym samym przeznaczeniu na bazie wody, przeznaczony do czyszczenia metod\u0105 ultrad\u017awi\u0119kow\u0105, zalewow\u0105 oraz do wycierania. Zawiera inhibitory korozji. Stosowany do czyszczenia w produkcji przemys\u0142owej, zak\u0142adach naprawczych, warsztatach samochodowych, w przemy\u015ble obr\u00f3bki metali. Skutecznie czy\u015bci w [&hellip;]<\/p>\n","protected":false},"author":3,"featured_media":0,"parent":1346,"menu_order":0,"comment_status":"closed","ping_status":"open","template":"","meta":[],"_links":{"self":[{"href":"https:\/\/marwis.pl\/pl\/wp-json\/wp\/v2\/pages\/1389"}],"collection":[{"href":"https:\/\/marwis.pl\/pl\/wp-json\/wp\/v2\/pages"}],"about":[{"href":"https:\/\/marwis.pl\/pl\/wp-json\/wp\/v2\/types\/page"}],"author":[{"embeddable":true,"href":"https:\/\/marwis.pl\/pl\/wp-json\/wp\/v2\/users\/3"}],"replies":[{"embeddable":true,"href":"https:\/\/marwis.pl\/pl\/wp-json\/wp\/v2\/comments?post=1389"}],"version-history":[{"count":16,"href":"https:\/\/marwis.pl\/pl\/wp-json\/wp\/v2\/pages\/1389\/revisions"}],"predecessor-version":[{"id":5731,"href":"https:\/\/marwis.pl\/pl\/wp-json\/wp\/v2\/pages\/1389\/revisions\/5731"}],"up":[{"embeddable":true,"href":"https:\/\/marwis.pl\/pl\/wp-json\/wp\/v2\/pages\/1346"}],"wp:attachment":[{"href":"https:\/\/marwis.pl\/pl\/wp-json\/wp\/v2\/media?parent=1389"}],"curies":[{"name":"wp","href":"https:\/\/api.w.org\/{rel}","templated":true}]}}