{"id":1391,"date":"2021-03-08T13:27:37","date_gmt":"2021-03-08T12:27:37","guid":{"rendered":"http:\/\/marwis.zoom.usermd.net\/?page_id=1391"},"modified":"2025-06-12T13:22:43","modified_gmt":"2025-06-12T11:22:43","slug":"koncentrat-biologiczny-bio-active-clean","status":"publish","type":"page","link":"https:\/\/marwis.pl\/pl\/chemia-myjaco-odtluszczajaca\/koncentrat-biologiczny-bio-active-clean\/","title":{"rendered":"Koncentrat biologiczny BioaActive 5L"},"content":{"rendered":"<p>[vc_row][vc_column][vc_raw_html]JTVCZmxleHlfYnJlYWRjcnVtYiU1RA==[\/vc_raw_html][\/vc_column][\/vc_row][vc_row][vc_column width=&#8221;1\/2&#8243;]<div id='gallery-1' class='fastgallery fg_style1  '> <div data-img=\"https:\/\/marwis.pl\/wp-content\/uploads\/2021\/03\/Koncentrat-biologiczny-BIO-active-Clean-731x1024.jpg\"> <\/div><div data-img=\"https:\/\/marwis.pl\/wp-content\/uploads\/2021\/03\/Koncentrat-biologiczny-BIO-active-Clean-2-1024x854.png\"> <\/div><div style=\"clear:both\"><\/div><\/div>[\/vc_column][vc_column width=&#8221;1\/2&#8243;]\r\n    <div class=\"section_title\" style=\"text-align: center; margin: 0px auto 75px; padding: 0;\">\r\n        <h2 style=\"font-size:34px; color: #0066bf; font-weight: 800;\"> Koncentrat biologiczny BioActive Clean <\/h2>\r\n         <div class=\"br\" style=\"margin: 0 auto;\"><\/div>             <\/div>\r\n\r\n    [vc_tta_accordion][vc_tta_section title=&#8221;ZASTOSOWANIE&#8221; tab_id=&#8221;1611050130932-cc5a4393-a8f3&#8243;][vc_column_text]Koncentrat\u00a0o niskim poziomie spieniania o delikatnym zapachu cytrus\u00f3w. Naturalny roztw\u00f3r\u00a0 na bazie wyci\u0105g\u00f3w z ro\u015blin z bio\u015brodkiem czyszcz\u0105cym, inhibitorem korozji i wod\u0105. Nie zawiera rozpuszczalnik\u00f3w. Naturalny proces\u00a0bioremediacji\u00a0pozwala na dok\u0142adne usuni\u0119cie olej\u00f3w i t\u0142uszczy.<\/p>\n<p>pH\u00a0koncentratu\u00a0wynosi 6,8-7,9, a pH roztworu 6,4-7,3. Uzyskuj\u0105c najkorzystniejszy efekt pracy mikroorganizm\u00f3w zalecane jest aby woda utrzymywa\u0142a si\u0119\u00a0w sta\u0142ej temperaturze 41st.C oraz by\u0142a stale napowietrzana.[\/vc_column_text][\/vc_tta_section][vc_tta_section title=&#8221;DANE TECHNICZNE&#8221; tab_id=&#8221;1611052357239-a03ddaab-c372&#8243;][vc_column_text]Warto\u015b\u0107 pH: 6,8-7,9<br \/>\nKolor: bezbarwny<br \/>\nTemperatura pracy: 41 \u00b0C<br \/>\nPojemno\u015b\u0107 opakowania: 5L, 1L[\/vc_column_text][\/vc_tta_section][\/vc_tta_accordion][vc_btn title=&#8221;CENA&#8221; style=&#8221;flat&#8221; color=&#8221;primary&#8221; size=&#8221;lg&#8221; align=&#8221;center&#8221; link=&#8221;url:https%3A%2F%2Fmarwis24.pl%2Fpl%2Fp%2FKoncentrat-do-myjek-biologicznych-BioActive-Clean-5L%2F23100674||target:%20_blank|&#8221;][vc_column_text]<\/p>\n<p style=\"text-align: center;\"><span style=\"color: #0066bf;\">Zapytaj o\u00a0 ofert\u0119 dla Ciebie.<\/span><br \/>\n<strong><span style=\"color: #0066bf;\">Zadzwo\u0144! <\/span><\/strong><br \/>\n<strong><span style=\"color: #0066bf;\">Mobile: + 48781 355 000<\/span><\/strong><\/p>\n<p>[\/vc_column_text][\/vc_column][\/vc_row]<\/p>","protected":false},"excerpt":{"rendered":"<p>[vc_row][vc_column][vc_raw_html]JTVCZmxleHlfYnJlYWRjcnVtYiU1RA==[\/vc_raw_html][\/vc_column][\/vc_row][vc_row][vc_column width=&#8221;1\/2&#8243;][\/vc_column][vc_column width=&#8221;1\/2&#8243;][vc_tta_accordion][vc_tta_section title=&#8221;ZASTOSOWANIE&#8221; tab_id=&#8221;1611050130932-cc5a4393-a8f3&#8243;][vc_column_text]Koncentrat\u00a0o niskim poziomie spieniania o delikatnym zapachu cytrus\u00f3w. Naturalny roztw\u00f3r\u00a0 na bazie wyci\u0105g\u00f3w z ro\u015blin z bio\u015brodkiem czyszcz\u0105cym, inhibitorem korozji i wod\u0105. Nie zawiera rozpuszczalnik\u00f3w. Naturalny proces\u00a0bioremediacji\u00a0pozwala na dok\u0142adne usuni\u0119cie olej\u00f3w i t\u0142uszczy. pH\u00a0koncentratu\u00a0wynosi 6,8-7,9, a pH roztworu 6,4-7,3. Uzyskuj\u0105c najkorzystniejszy efekt pracy mikroorganizm\u00f3w zalecane jest aby woda utrzymywa\u0142a si\u0119\u00a0w sta\u0142ej [&hellip;]<\/p>\n","protected":false},"author":3,"featured_media":0,"parent":1346,"menu_order":0,"comment_status":"closed","ping_status":"open","template":"","meta":[],"_links":{"self":[{"href":"https:\/\/marwis.pl\/pl\/wp-json\/wp\/v2\/pages\/1391"}],"collection":[{"href":"https:\/\/marwis.pl\/pl\/wp-json\/wp\/v2\/pages"}],"about":[{"href":"https:\/\/marwis.pl\/pl\/wp-json\/wp\/v2\/types\/page"}],"author":[{"embeddable":true,"href":"https:\/\/marwis.pl\/pl\/wp-json\/wp\/v2\/users\/3"}],"replies":[{"embeddable":true,"href":"https:\/\/marwis.pl\/pl\/wp-json\/wp\/v2\/comments?post=1391"}],"version-history":[{"count":26,"href":"https:\/\/marwis.pl\/pl\/wp-json\/wp\/v2\/pages\/1391\/revisions"}],"predecessor-version":[{"id":5734,"href":"https:\/\/marwis.pl\/pl\/wp-json\/wp\/v2\/pages\/1391\/revisions\/5734"}],"up":[{"embeddable":true,"href":"https:\/\/marwis.pl\/pl\/wp-json\/wp\/v2\/pages\/1346"}],"wp:attachment":[{"href":"https:\/\/marwis.pl\/pl\/wp-json\/wp\/v2\/media?parent=1391"}],"curies":[{"name":"wp","href":"https:\/\/api.w.org\/{rel}","templated":true}]}}