{"id":1400,"date":"2021-03-08T13:33:54","date_gmt":"2021-03-08T12:33:54","guid":{"rendered":"http:\/\/marwis.zoom.usermd.net\/?page_id=1400"},"modified":"2025-06-12T13:28:30","modified_gmt":"2025-06-12T11:28:30","slug":"odpieniacz-dx-99","status":"publish","type":"page","link":"https:\/\/marwis.pl\/pl\/chemia-myjaco-odtluszczajaca\/odpieniacz-dx-99\/","title":{"rendered":"Odpieniacz DX-99"},"content":{"rendered":"<p>[vc_row][vc_column][vc_raw_html]JTVCZmxleHlfYnJlYWRjcnVtYiU1RA==[\/vc_raw_html][\/vc_column][\/vc_row][vc_row][vc_column width=&#8221;1\/2&#8243;]<div id='gallery-1' class='fastgallery fg_style1  '> <div data-img=\"https:\/\/marwis.pl\/wp-content\/uploads\/2021\/03\/odpieniacz-dx-99-731x1024.jpg\"> <\/div><div style=\"clear:both\"><\/div><\/div>[\/vc_column][vc_column width=&#8221;1\/2&#8243;]\r\n    <div class=\"section_title\" style=\"text-align: center; margin: 0px auto 75px; padding: 0;\">\r\n        <h2 style=\"font-size:34px; color: #0066bf; font-weight: 800;\"> Odpieniacz DX-99 <\/h2>\r\n         <div class=\"br\" style=\"margin: 0 auto;\"><\/div>             <\/div>\r\n\r\n    [vc_tta_accordion][vc_tta_section title=&#8221;ZASTOSOWANIE&#8221; tab_id=&#8221;1611050130932-cc5a4393-a8f3&#8243;][vc_column_text]<\/p>\n<div class=\"tab\">\n<div id=\"tab-1\" class=\"tab-content\">\n<p>Profesjonalny koncentrat do neutralizacji piany. Skuteczny w ca\u0142ym zakresie pH \u2013 zar\u00f3wno w \u015brodowisku kwa\u015bnym jak i zasadowym. Dzia\u0142a w ka\u017cdej temperaturze, bardzo dobrze rozpuszcza si\u0119 w wodzie. Preparat jest bezpieczny dla \u015brodowiska. Stosowany w maszynach czyszcz\u0105cych, myjniach przemys\u0142owych, ci\u015bnieniowych.<\/p>\n<p>&nbsp;<\/p>\n<\/div>\n<\/div>\n<p>[\/vc_column_text][\/vc_tta_section][vc_tta_section title=&#8221;DANE TECHNICZNE&#8221; tab_id=&#8221;1611052357239-a03ddaab-c372&#8243;][vc_column_text]\u015arodek: koncentrat<br \/>\nWarto\u015b\u0107 PH: 7,5<br \/>\nKolor: bia\u0142y<br \/>\nTemperatura pracy: w ka\u017cdej temp.<br \/>\nOpakowania: 5L,1L[\/vc_column_text][\/vc_tta_section][\/vc_tta_accordion][vc_btn title=&#8221;CENA&#8221; style=&#8221;flat&#8221; color=&#8221;primary&#8221; size=&#8221;lg&#8221; align=&#8221;center&#8221; link=&#8221;url:https%3A%2F%2Fmarwis24.pl%2Fpl%2Fp%2FOdpieniacz-DX-99-5L-%2F23100694||target:%20_blank|&#8221;][vc_column_text]<\/p>\n<p style=\"text-align: center;\"><span style=\"color: #0066bf;\">Zapytaj o ofert\u0119.<\/span><br \/>\n<strong><span style=\"color: #0066bf;\">Zadzwo\u0144! <\/span><\/strong><br \/>\n<strong><span style=\"color: #0066bf;\">Mobil: +48 781 355 000<\/span><\/strong><\/p>\n<p>[\/vc_column_text][\/vc_column][\/vc_row]<\/p>","protected":false},"excerpt":{"rendered":"<p>[vc_row][vc_column][vc_raw_html]JTVCZmxleHlfYnJlYWRjcnVtYiU1RA==[\/vc_raw_html][\/vc_column][\/vc_row][vc_row][vc_column width=&#8221;1\/2&#8243;][\/vc_column][vc_column width=&#8221;1\/2&#8243;][vc_tta_accordion][vc_tta_section title=&#8221;ZASTOSOWANIE&#8221; tab_id=&#8221;1611050130932-cc5a4393-a8f3&#8243;][vc_column_text] Profesjonalny koncentrat do neutralizacji piany. Skuteczny w ca\u0142ym zakresie pH \u2013 zar\u00f3wno w \u015brodowisku kwa\u015bnym jak i zasadowym. Dzia\u0142a w ka\u017cdej temperaturze, bardzo dobrze rozpuszcza si\u0119 w wodzie. Preparat jest bezpieczny dla \u015brodowiska. Stosowany w maszynach czyszcz\u0105cych, myjniach przemys\u0142owych, ci\u015bnieniowych. &nbsp; [\/vc_column_text][\/vc_tta_section][vc_tta_section title=&#8221;DANE TECHNICZNE&#8221; tab_id=&#8221;1611052357239-a03ddaab-c372&#8243;][vc_column_text]\u015arodek: koncentrat Warto\u015b\u0107 PH: 7,5 Kolor: [&hellip;]<\/p>\n","protected":false},"author":3,"featured_media":0,"parent":1346,"menu_order":0,"comment_status":"closed","ping_status":"open","template":"","meta":[],"_links":{"self":[{"href":"https:\/\/marwis.pl\/pl\/wp-json\/wp\/v2\/pages\/1400"}],"collection":[{"href":"https:\/\/marwis.pl\/pl\/wp-json\/wp\/v2\/pages"}],"about":[{"href":"https:\/\/marwis.pl\/pl\/wp-json\/wp\/v2\/types\/page"}],"author":[{"embeddable":true,"href":"https:\/\/marwis.pl\/pl\/wp-json\/wp\/v2\/users\/3"}],"replies":[{"embeddable":true,"href":"https:\/\/marwis.pl\/pl\/wp-json\/wp\/v2\/comments?post=1400"}],"version-history":[{"count":27,"href":"https:\/\/marwis.pl\/pl\/wp-json\/wp\/v2\/pages\/1400\/revisions"}],"predecessor-version":[{"id":5738,"href":"https:\/\/marwis.pl\/pl\/wp-json\/wp\/v2\/pages\/1400\/revisions\/5738"}],"up":[{"embeddable":true,"href":"https:\/\/marwis.pl\/pl\/wp-json\/wp\/v2\/pages\/1346"}],"wp:attachment":[{"href":"https:\/\/marwis.pl\/pl\/wp-json\/wp\/v2\/media?parent=1400"}],"curies":[{"name":"wp","href":"https:\/\/api.w.org\/{rel}","templated":true}]}}