{"id":1526,"date":"2021-05-31T13:51:34","date_gmt":"2021-05-31T11:51:34","guid":{"rendered":"http:\/\/marwis.zoom.usermd.net\/?page_id=1526"},"modified":"2022-04-21T14:08:19","modified_gmt":"2022-04-21T12:08:19","slug":"myjka-bio-wash-1200","status":"publish","type":"page","link":"https:\/\/marwis.pl\/pl\/myjki-biologiczne-bio-wash\/myjka-bio-wash-1200\/","title":{"rendered":"Myjka BIO-WASH 1200"},"content":{"rendered":"<p>[vc_row][vc_column][vc_raw_html]JTVCZmxleHlfYnJlYWRjcnVtYiU1RA==[\/vc_raw_html][\/vc_column][\/vc_row][vc_row][vc_column width=&#8221;1\/2&#8243;]<div id='gallery-1' class='fastgallery fg_style1  '> <div data-img=\"https:\/\/marwis.pl\/wp-content\/uploads\/2021\/07\/BIO-WASH-1200_-1024x1024.jpg\"> <\/div><div data-img=\"https:\/\/marwis.pl\/wp-content\/uploads\/2021\/11\/Bio-wash-1200-1_-1024x1024.jpg\"> <\/div><div data-img=\"https:\/\/marwis.pl\/wp-content\/uploads\/2022\/04\/DSC_0124-kopia.jpg\"> <\/div><div data-img=\"https:\/\/marwis.pl\/wp-content\/uploads\/2022\/04\/DSC_0154-kopia.jpg\"> <\/div><div style=\"clear:both\"><\/div><\/div>[\/vc_column][vc_column width=&#8221;1\/2&#8243;]\r\n    <div class=\"section_title\" style=\"text-align: center; margin: 0px auto 75px; padding: 0;\">\r\n        <h2 style=\"font-size:34px; color: #0066bf; font-weight: 800;\"> Myjka BIO-WASH 1200 <\/h2>\r\n         <div class=\"br\" style=\"margin: 0 auto;\"><\/div>             <\/div>\r\n\r\n    [vc_tta_accordion][vc_tta_section title=&#8221;ZASTOSOWANIE&#8221; tab_id=&#8221;1611050130932-cc5a4393-a8f3&#8243;][vc_column_text]<\/p>\n<div class=\"tab\">\n<div id=\"tab-1\" class=\"tab-content\">\n<p>Nowoczesna myjka manualna BIO-WASH w obiegu zamkni\u0119tym z przyjaznym dla \u015brodowiska systemem mycia, jest optymalnym rozwi\u0105zaniem dla wi\u0119kszo\u015bci problem\u00f3w w zak\u0142adach warsztatowych. Upora si\u0119 nawet z bardzo zabrudzonymi cz\u0119\u015bciami. Zbiornik cieczy wykonany ze stali nierdzewnej, pozosta\u0142e elementy myjki wykonane ze stali czarnej ocynkowanej malowanej proszkowo, co zapewnia jej d\u0142ug\u0105 \u017cywotno\u015b\u0107 i chroni przed negatywnymi skutkami korozji. Myjka wyposa\u017cona jest w aerator. Zalecany koncentrat do myjek BioActive-Clean.<\/p>\n<\/div>\n<\/div>\n<p>[\/vc_column_text][\/vc_tta_section][vc_tta_section title=&#8221;OPIS DZIA\u0141ANIA&#8221; tab_id=&#8221;1611050130945-8641945f-6d2e&#8221;][vc_column_text]Naturalny proces bioremediacji pozwala na dok\u0142adne usuniecie olej\u00f3w i t\u0142uszczy. pH koncentratu wynosi 6,8-7,9 , a pH roztworu 6,4 &#8211; 7,3. Uzyskuj\u0105c najkorzystniejszy efekt pracy mikroorganizm\u00f3w zalecane jest, aby woda utrzymywa\u0142a si\u0119 w sta\u0142ej temperaturze 41 oC oraz by\u0142a stale napowietrzana.[\/vc_column_text][\/vc_tta_section][vc_tta_section title=&#8221;DANE TECHNICZNE&#8221; tab_id=&#8221;1611052357239-a03ddaab-c372&#8243;][vc_column_text]Szeroko\u015b\u0107 ca\u0142kowita 1200mm<br \/>\nG\u0142\u0119boko\u015b\u0107 ca\u0142kowita 780mm<br \/>\nWysoko\u015b\u0107 ca\u0142kowita 1100mm<br \/>\nPowierzchnia robocza 1145x755mm<br \/>\nPojemno\u015b\u0107 zbiornika 100l<br \/>\nTemperatura pracy 35 -40 oC<br \/>\nMoc grza\u0142ki 1000W<br \/>\nNo\u015bno\u015b\u0107 500kg<br \/>\nWaga 110kg<br \/>\nZasilanie 230V, 50HZ[\/vc_column_text][\/vc_tta_section][\/vc_tta_accordion][vc_btn title=&#8221;SPRAWD\u0179 CEN\u0118&#8221; style=&#8221;flat&#8221; color=&#8221;primary&#8221; size=&#8221;lg&#8221; align=&#8221;center&#8221; link=&#8221;url:https%3A%2F%2Fmarwis24.pl%2Fpl%2Fp%2FMyjka-biologiczna-bio-wash-1200-%2F23100732||target:%20_blank|&#8221;][vc_column_text]<\/p>\n<p style=\"text-align: center;\"><span style=\"color: #0066bf;\">Zapytaj o specjaln\u0105 ofert\u0119 dla Ciebie.<\/span><br \/>\n<strong><span style=\"color: #0066bf;\">Zadzwo\u0144! <\/span><\/strong><br \/>\n<strong><span style=\"color: #0066bf;\">tel. 781 355 000.<\/span><\/strong><\/p>\n<p>[\/vc_column_text][\/vc_column][\/vc_row]<\/p>","protected":false},"excerpt":{"rendered":"<p>[vc_row][vc_column][vc_raw_html]JTVCZmxleHlfYnJlYWRjcnVtYiU1RA==[\/vc_raw_html][\/vc_column][\/vc_row][vc_row][vc_column width=&#8221;1\/2&#8243;][\/vc_column][vc_column width=&#8221;1\/2&#8243;][vc_tta_accordion][vc_tta_section title=&#8221;ZASTOSOWANIE&#8221; tab_id=&#8221;1611050130932-cc5a4393-a8f3&#8243;][vc_column_text] Nowoczesna myjka manualna BIO-WASH w obiegu zamkni\u0119tym z przyjaznym dla \u015brodowiska systemem mycia, jest optymalnym rozwi\u0105zaniem dla wi\u0119kszo\u015bci problem\u00f3w w zak\u0142adach warsztatowych. Upora si\u0119 nawet z bardzo zabrudzonymi cz\u0119\u015bciami. Zbiornik cieczy wykonany ze stali nierdzewnej, pozosta\u0142e elementy myjki wykonane ze stali czarnej ocynkowanej malowanej proszkowo, co zapewnia jej d\u0142ug\u0105 \u017cywotno\u015b\u0107 [&hellip;]<\/p>\n","protected":false},"author":3,"featured_media":0,"parent":990,"menu_order":0,"comment_status":"closed","ping_status":"open","template":"","meta":[],"_links":{"self":[{"href":"https:\/\/marwis.pl\/pl\/wp-json\/wp\/v2\/pages\/1526"}],"collection":[{"href":"https:\/\/marwis.pl\/pl\/wp-json\/wp\/v2\/pages"}],"about":[{"href":"https:\/\/marwis.pl\/pl\/wp-json\/wp\/v2\/types\/page"}],"author":[{"embeddable":true,"href":"https:\/\/marwis.pl\/pl\/wp-json\/wp\/v2\/users\/3"}],"replies":[{"embeddable":true,"href":"https:\/\/marwis.pl\/pl\/wp-json\/wp\/v2\/comments?post=1526"}],"version-history":[{"count":20,"href":"https:\/\/marwis.pl\/pl\/wp-json\/wp\/v2\/pages\/1526\/revisions"}],"predecessor-version":[{"id":3322,"href":"https:\/\/marwis.pl\/pl\/wp-json\/wp\/v2\/pages\/1526\/revisions\/3322"}],"up":[{"embeddable":true,"href":"https:\/\/marwis.pl\/pl\/wp-json\/wp\/v2\/pages\/990"}],"wp:attachment":[{"href":"https:\/\/marwis.pl\/pl\/wp-json\/wp\/v2\/media?parent=1526"}],"curies":[{"name":"wp","href":"https:\/\/api.w.org\/{rel}","templated":true}]}}