{"id":1534,"date":"2021-05-31T14:40:36","date_gmt":"2021-05-31T12:40:36","guid":{"rendered":"http:\/\/marwis.zoom.usermd.net\/?page_id=1534"},"modified":"2026-03-12T14:20:04","modified_gmt":"2026-03-12T13:20:04","slug":"hydro-power-1600","status":"publish","type":"page","link":"https:\/\/marwis.pl\/pl\/myjki-cisnieniowe-kabinowe\/hydro-power-1600\/","title":{"rendered":"Hydro Power 1600"},"content":{"rendered":"<p>[vc_row][vc_column][vc_raw_html]JTVCZmxleHlfYnJlYWRjcnVtYiU1RA==[\/vc_raw_html][\/vc_column][\/vc_row][vc_row][vc_column width=&#8221;1\/2&#8243;]<div id='gallery-1' class='fastgallery fg_style1  '> <div data-img=\"https:\/\/marwis.pl\/wp-content\/uploads\/2021\/07\/HYDRO-POWER-1600_-1024x1024.jpg\"> <\/div><div data-img=\"https:\/\/marwis.pl\/wp-content\/uploads\/2022\/05\/DSC_0172-kopia_-1024x1024.jpg\"> <\/div><div data-img=\"https:\/\/marwis.pl\/wp-content\/uploads\/2022\/05\/DSC_0663-kopia_-1024x1024.jpg\"> <\/div><div data-img=\"https:\/\/marwis.pl\/wp-content\/uploads\/2022\/05\/DSC_0644-kopia_-1024x1024.jpg\"> <\/div><div data-img=\"https:\/\/marwis.pl\/wp-content\/uploads\/2022\/05\/Hydro-Power-1600_23-1024x1024.jpg\"> <\/div><div data-img=\"https:\/\/marwis.pl\/wp-content\/uploads\/2022\/05\/Szyba-hydro-power-1600-1024x766.jpg\"> <\/div><div data-img=\"https:\/\/marwis.pl\/wp-content\/uploads\/2022\/05\/DSC_0586-kopia_-1024x1024.jpg\"> <\/div><div data-img=\"https:\/\/marwis.pl\/wp-content\/uploads\/2022\/05\/DSC_0209-kopia-2-1024x1024.jpg\"> <\/div><div data-img=\"https:\/\/marwis.pl\/wp-content\/uploads\/2022\/05\/DSC_0221-kopia-1-1024x1024.jpg\"> <\/div><div data-img=\"https:\/\/marwis.pl\/wp-content\/uploads\/2022\/05\/Stol-obrotowy-1-1024x1024.jpg\"> <\/div><div data-img=\"https:\/\/marwis.pl\/wp-content\/uploads\/2022\/05\/sztywna-lanca-1-1024x1024.jpg\"> <\/div><div data-img=\"https:\/\/marwis.pl\/wp-content\/uploads\/2022\/05\/wlacznik-nozny-1-1024x1024.jpg\"> <\/div><div style=\"clear:both\"><\/div><\/div>[\/vc_column][vc_column width=&#8221;1\/2&#8243;]\r\n    <div class=\"section_title\" style=\"text-align: center; margin: 0px auto 75px; padding: 0;\">\r\n        <h2 style=\"font-size:34px; color: #0066bf; font-weight: 800;\"> Hydro Power 1600 <\/h2>\r\n         <div class=\"br\" style=\"margin: 0 auto;\"><\/div>             <\/div>\r\n\r\n    [vc_tta_accordion][vc_tta_section title=&#8221;ZASTOSOWANIE&#8221; tab_id=&#8221;1611050130932-cc5a4393-a8f3&#8243;][vc_column_text]<\/p>\n<div class=\"tab\">\n<div id=\"tab-1\" class=\"tab-content\">\n<p>Hydro Power 800 to profesjonalna myjka ci\u015bnieniowa, wykonana z wysokiej jako\u015bci stali nierdzewnej o szerokim zastosowaniu. Myjka bardzo dobrze sprawdza si\u0119 przy regeneracji turbospr\u0119\u017carek oraz przy czyszczeniu silnie zabrudzonych cz\u0119\u015bci ze stali, \u017celiwa, aluminium i innych stop\u00f3w. Stosowane w warsztatach , serwisach , fabrykach przemys\u0142owych.<\/p>\n<\/div>\n<\/div>\n<p>[\/vc_column_text][\/vc_tta_section][vc_tta_section title=&#8221;OPIS DZIA\u0141ANIA&#8221; tab_id=&#8221;1611050130945-8641945f-6d2e&#8221;][vc_column_text]Mycie odbywa si\u0119 w obiegu zamkni\u0119tym, przy u\u017cyciu p\u0142ynu myj\u0105cego MRS Cleaner Ultra Active podgrzewanego do temperatury 45 \u00b0C. P\u0142yn myj\u0105cy wydobywa si\u0119 z dyszy pistoletu pod ci\u015bnieniem do 140 Bar, dzi\u0119ki czemu dok\u0142adnie myje trudno dost\u0119pne miejsca i silnie zabrudzone cz\u0119\u015bci z nagar\u00f3w, smar\u00f3w, czy olej\u00f3w. Zar\u00f3wno temperatura, jak i p\u0142yn zwi\u0119kszaj\u0105 efektywno\u015b\u0107 mycia. Myjka wyposa\u017cona jest w dwa filtry. Posiada stopki reguluj\u0105ce poziom wysoko\u015bci do 20 cm. Pokryw\u0119 myjki wyposa\u017cyli\u015bmy w si\u0142owniki pneumatyczne zwi\u0119kszaj\u0105ce bezpiecze\u0144stwo i jako\u015b\u0107 pracy z myjk\u0105. W trakcie mycia mo\u017cn\u0105 tak\u017ce stosowa\u0107 zamontowany w myjce p\u0119dzel przelotowy lub pistolet z powietrzem spr\u0119\u017conym. Na szybie znajduj\u0105 si\u0119 dysze czyszcz\u0105ce , co umo\u017cliwia widoczno\u015b\u0107 pracy myjki.<\/p>\n<p>Dodatkowe wyposa\u017cenie:<br \/>\nzbiornik izolowany termicznie<br \/>\ndysze czyszcz\u0105ce szyb\u0119<br \/>\nstopki reguluj\u0105ce poziom wysoko\u015bci<br \/>\nodolejacz &#8211; zwi\u0119ksza on \u017cywotno\u015b\u0107 p\u0142ynu[\/vc_column_text][\/vc_tta_section][vc_tta_section title=&#8221;DANE TECHNICZNE&#8221; tab_id=&#8221;1611052357239-a03ddaab-c372&#8243;][vc_column_text]G\u0142\u0119boko\u015b\u0107 ca\u0142kowita: 1000mm<br \/>\nWysoko\u015b\u0107 min\/max. (pozycja zamkni\u0119ta): 1720\/1920mm<br \/>\nWysoko\u015b\u0107 min\/max. (pozycja otwarta): 2380\/2580mm<br \/>\nSzeroko\u015b\u0107 robocza: 1500mm<br \/>\nG\u0142\u0119boko\u015b\u0107 robocza: 900mm<br \/>\nWysoko\u015b\u0107 robocza: 620mm<br \/>\nMasa netto: 280kg<br \/>\nNo\u015bno\u015b\u0107 sto\u0142u roboczego: 200kg<br \/>\nPojemno\u015b\u0107 p\u0142ynu roboczego min-max.: 175-230 L<br \/>\nRegulacja temperatury: 0-45<strong class=\"Yjhzub\" data-sfc-cb=\"\">\u00b0<\/strong>C<br \/>\nWydajno\u015b\u0107 lancy: do 12 l\/min<br \/>\nCi\u015bnienie: 140Ba<br \/>\nMoc grza\u0142ki: 9kW<br \/>\nMoc silnika: 3kW\/1450obr\/min<br \/>\nNapi\u0119cie zasilania:3~400V<br \/>\nStopie\u0144 bezpiecze\u0144stwa: IP-54<br \/>\nMycie r\u0119czne p\u0119dzlem przelotowym: Do 5l\/min<br \/>\nPistolet spr\u0119\u017conego powietrza:max. 8 atm<br \/>\nO\u015bwietlenie: led<br \/>\nPompa wysokoci\u015bnieniowa: interpump<br \/>\nWy\u0142\u0105cznik: no\u017cny<br \/>\nOdolejacz: dyskowy[\/vc_column_text][\/vc_tta_section][vc_tta_section title=&#8221;OPCJE DODATKOWE&#8221; tab_id=&#8221;1613475565981-f27b99f1-758a&#8221;][vc_column_text]Lanca natryskowa<br \/>\nSt\u00f3\u0142 obrotowy[\/vc_column_text][\/vc_tta_section][\/vc_tta_accordion][vc_btn title=&#8221;CENA&#8221; style=&#8221;flat&#8221; color=&#8221;primary&#8221; size=&#8221;lg&#8221; align=&#8221;center&#8221; link=&#8221;url:https%3A%2F%2Fmarwis24.pl%2Fpl%2Fp%2FMyjka-cisnieniowa-kabinowa-Hydro-Power-1600%2F23100734||target:%20_blank|&#8221;][vc_column_text]<\/p>\n<p style=\"text-align: center;\"><span style=\"color: #0066bf;\">Zapytaj o specjaln\u0105 ofert\u0119 dla Ciebie.<\/span><br \/>\n<strong><span style=\"color: #0066bf;\">Zadzwo\u0144! <\/span><\/strong><br \/>\n<strong><span style=\"color: #0066bf;\">Mobile: +48 781 355 000<\/span><\/strong><\/p>\n<p>[\/vc_column_text][\/vc_column][\/vc_row]<\/p>","protected":false},"excerpt":{"rendered":"<p>[vc_row][vc_column][vc_raw_html]JTVCZmxleHlfYnJlYWRjcnVtYiU1RA==[\/vc_raw_html][\/vc_column][\/vc_row][vc_row][vc_column width=&#8221;1\/2&#8243;][\/vc_column][vc_column width=&#8221;1\/2&#8243;][vc_tta_accordion][vc_tta_section title=&#8221;ZASTOSOWANIE&#8221; tab_id=&#8221;1611050130932-cc5a4393-a8f3&#8243;][vc_column_text] Hydro Power 800 to profesjonalna myjka ci\u015bnieniowa, wykonana z wysokiej jako\u015bci stali nierdzewnej o szerokim zastosowaniu. Myjka bardzo dobrze sprawdza si\u0119 przy regeneracji turbospr\u0119\u017carek oraz przy czyszczeniu silnie zabrudzonych cz\u0119\u015bci ze stali, \u017celiwa, aluminium i innych stop\u00f3w. Stosowane w warsztatach , serwisach , fabrykach przemys\u0142owych. [\/vc_column_text][\/vc_tta_section][vc_tta_section title=&#8221;OPIS DZIA\u0141ANIA&#8221; tab_id=&#8221;1611050130945-8641945f-6d2e&#8221;][vc_column_text]Mycie odbywa [&hellip;]<\/p>\n","protected":false},"author":3,"featured_media":0,"parent":995,"menu_order":0,"comment_status":"closed","ping_status":"open","template":"","meta":[],"_links":{"self":[{"href":"https:\/\/marwis.pl\/pl\/wp-json\/wp\/v2\/pages\/1534"}],"collection":[{"href":"https:\/\/marwis.pl\/pl\/wp-json\/wp\/v2\/pages"}],"about":[{"href":"https:\/\/marwis.pl\/pl\/wp-json\/wp\/v2\/types\/page"}],"author":[{"embeddable":true,"href":"https:\/\/marwis.pl\/pl\/wp-json\/wp\/v2\/users\/3"}],"replies":[{"embeddable":true,"href":"https:\/\/marwis.pl\/pl\/wp-json\/wp\/v2\/comments?post=1534"}],"version-history":[{"count":25,"href":"https:\/\/marwis.pl\/pl\/wp-json\/wp\/v2\/pages\/1534\/revisions"}],"predecessor-version":[{"id":6466,"href":"https:\/\/marwis.pl\/pl\/wp-json\/wp\/v2\/pages\/1534\/revisions\/6466"}],"up":[{"embeddable":true,"href":"https:\/\/marwis.pl\/pl\/wp-json\/wp\/v2\/pages\/995"}],"wp:attachment":[{"href":"https:\/\/marwis.pl\/pl\/wp-json\/wp\/v2\/media?parent=1534"}],"curies":[{"name":"wp","href":"https:\/\/api.w.org\/{rel}","templated":true}]}}