{"id":1539,"date":"2021-05-31T14:48:29","date_gmt":"2021-05-31T12:48:29","guid":{"rendered":"http:\/\/marwis.zoom.usermd.net\/?page_id=1539"},"modified":"2026-03-26T09:50:28","modified_gmt":"2026-03-26T08:50:28","slug":"myjka-cisnieniowa-clean-power-800","status":"publish","type":"page","link":"https:\/\/marwis.pl\/pl\/myjki-cisnieniowe-kabinowe\/myjka-cisnieniowa-clean-power-800\/","title":{"rendered":"Clean Power 800"},"content":{"rendered":"<p>[vc_row][vc_column][vc_raw_html]JTVCZmxleHlfYnJlYWRjcnVtYiU1RA==[\/vc_raw_html][\/vc_column][\/vc_row][vc_row][vc_column width=&#8221;1\/2&#8243;]<div id='gallery-1' class='fastgallery fg_style1  '> <div data-img=\"https:\/\/marwis.pl\/wp-content\/uploads\/2022\/05\/clean-power-800_-1024x1024.jpg\"> <\/div><div data-img=\"https:\/\/marwis.pl\/wp-content\/uploads\/2022\/05\/Clean-Power-800-_1_-1024x1024.jpg\"> <\/div><div data-img=\"https:\/\/marwis.pl\/wp-content\/uploads\/2022\/05\/Clean-Power-800-_2_-1024x1024.jpg\"> <\/div><div data-img=\"https:\/\/marwis.pl\/wp-content\/uploads\/2022\/05\/BLAST-JET-1-1024x1024.jpg\"> <\/div><div data-img=\"https:\/\/marwis.pl\/wp-content\/uploads\/2022\/05\/BLAST-JET-1024x1024.jpg\"> <\/div><div style=\"clear:both\"><\/div><\/div>[\/vc_column][vc_column width=&#8221;1\/2&#8243;]\r\n    <div class=\"section_title\" style=\"text-align: center; margin: 0px auto 75px; padding: 0;\">\r\n        <h2 style=\"font-size:34px; color: #0066bf; font-weight: 800;\"> Clean Power 800 <\/h2>\r\n         <div class=\"br\" style=\"margin: 0 auto;\"><\/div>             <\/div>\r\n\r\n    [vc_tta_accordion][vc_tta_section title=&#8221;ZASTOSOWANIE&#8221; tab_id=&#8221;1611050130932-cc5a4393-a8f3&#8243;][vc_column_text]<\/p>\n<div class=\"tab\">\n<div id=\"tab-1\" class=\"tab-content\">\n<p>Myjki ci\u015bnieniowe Clean Power przeznaczone s\u0105 do mycia cz\u0119\u015bci rozpuszczalnikami zaliczonymi do III klasy zap\u0142onu. Przewidywane zastosowanie: w procesie regeneracji turbospr\u0119\u017carek oraz do czyszczenia silnie zabrudzonych cz\u0119\u015bci ze stali, \u017celiwa, aluminium i innych stop\u00f3w.<\/p>\n<\/div>\n<\/div>\n<p>[\/vc_column_text][\/vc_tta_section][vc_tta_section title=&#8221;OPIS DZIA\u0141ANIA&#8221; tab_id=&#8221;1613476010034-de80b6d7-e443&#8243;][vc_column_text]Dzia\u0142anie myjek typu Clean Power odbywa si\u0119 w obiegu zamkni\u0119tym, przy u\u017cyciu p\u0142ynu myj\u0105cego. Preparat wydobywa si\u0119 z dyszy lub pistoletu pod ci\u015bnieniem, dzi\u0119ki czemu dok\u0142adnie myje trudno dost\u0119pne miejsca i silnie zabrudzone cz\u0119\u015bci z nagar\u00f3w, smar\u00f3w czy olej\u00f3w. W trakcie mycia mo\u017cna r\u00f3wnie\u017c stosowa\u0107 zamontowany w myjce p\u0119dzel przelotowy lub pistolet ze spr\u0119\u017conym powietrzem. Do myjek tupu Clean Power zalecany jest gotowy p\u0142yn: Zmywacz Clean Professional.[\/vc_column_text][\/vc_tta_section][vc_tta_section title=&#8221;DANE TECHNICZNE&#8221; tab_id=&#8221;1611052357239-a03ddaab-c372&#8243;][vc_column_text]Szeroko\u015b\u0107 ca\u0142kowita 1300mm<br \/>\nG\u0142\u0119boko\u015b\u0107 ca\u0142kowita 820mm<br \/>\nWysoko\u015b\u0107 ca\u0142kowita 1780mm<br \/>\nSzeroko\u015b\u0107 robocza 750mm<br \/>\nG\u0142\u0119boko\u015b\u0107 robocza 600mm<br \/>\nWysoko\u015b\u0107 robocza 600mm<br \/>\nMasa netto 80kg<br \/>\nPojemno\u015b\u0107 p\u0142ynu roboczego 60l<br \/>\nWydajno\u015b\u0107 lancy wysokiego ci\u015bnienia 50l\/min<br \/>\nCi\u015bnienie 7 Bar<br \/>\nNapi\u0119cie zasilania 230V<br \/>\nZu\u017cycie powietrza 400l\/min (nadmuch szyby)<br \/>\nPistolet spr\u0119\u017conego powietrza max. 8atm<br \/>\nO\u015bwietlenie Led<br \/>\nWy\u0142\u0105cznik No\u017cny[\/vc_column_text][\/vc_tta_section][vc_tta_section title=&#8221;OPCJE DODATKOWE&#8221; tab_id=&#8221;1613475565981-f27b99f1-758a&#8221;][vc_column_text]<\/p>\n<div class=\"tab\">\n<div id=\"tab-4\" class=\"tab-content\">\n<p>St\u00f3\u0142 obrotowy Clean Power<\/p>\n<\/div>\n<\/div>\n<p>[\/vc_column_text][\/vc_tta_section][vc_tta_section title=&#8221;FILM&#8221; tab_id=&#8221;1613475923360-17dc9105-55c5&#8243;][vc_video link=&#8221;https:\/\/www.youtube.com\/watch?v=Gs2p7VCMfnE&amp;feature=emb_title&#8221;][\/vc_tta_section][\/vc_tta_accordion][vc_btn title=&#8221;SPRAWD\u0179 CEN\u0118&#8221; style=&#8221;flat&#8221; color=&#8221;primary&#8221; size=&#8221;lg&#8221; align=&#8221;center&#8221; link=&#8221;url:https%3A%2F%2Fmarwis24.pl%2Fpl%2Fp%2FMyjka-cisnieniowa-Clean-Power-800%2F23100701||target:%20_blank|&#8221;][vc_column_text]<\/p>\n<p style=\"text-align: center;\"><span style=\"color: #0066bf;\">Zapytaj o specjaln\u0105 ofert\u0119 dla Ciebie.<\/span><br \/>\n<strong><span style=\"color: #0066bf;\">Zadzwo\u0144! <\/span><\/strong><br \/>\n<strong><span style=\"color: #0066bf;\">tel. 781 355 000.<\/span><\/strong><\/p>\n<p>[\/vc_column_text][\/vc_column][\/vc_row]<\/p>","protected":false},"excerpt":{"rendered":"<p>[vc_row][vc_column][vc_raw_html]JTVCZmxleHlfYnJlYWRjcnVtYiU1RA==[\/vc_raw_html][\/vc_column][\/vc_row][vc_row][vc_column width=&#8221;1\/2&#8243;][\/vc_column][vc_column width=&#8221;1\/2&#8243;][vc_tta_accordion][vc_tta_section title=&#8221;ZASTOSOWANIE&#8221; tab_id=&#8221;1611050130932-cc5a4393-a8f3&#8243;][vc_column_text] Myjki ci\u015bnieniowe Clean Power przeznaczone s\u0105 do mycia cz\u0119\u015bci rozpuszczalnikami zaliczonymi do III klasy zap\u0142onu. Przewidywane zastosowanie: w procesie regeneracji turbospr\u0119\u017carek oraz do czyszczenia silnie zabrudzonych cz\u0119\u015bci ze stali, \u017celiwa, aluminium i innych stop\u00f3w. [\/vc_column_text][\/vc_tta_section][vc_tta_section title=&#8221;OPIS DZIA\u0141ANIA&#8221; tab_id=&#8221;1613476010034-de80b6d7-e443&#8243;][vc_column_text]Dzia\u0142anie myjek typu Clean Power odbywa si\u0119 w obiegu zamkni\u0119tym, przy u\u017cyciu p\u0142ynu [&hellip;]<\/p>\n","protected":false},"author":3,"featured_media":0,"parent":995,"menu_order":0,"comment_status":"closed","ping_status":"open","template":"","meta":[],"_links":{"self":[{"href":"https:\/\/marwis.pl\/pl\/wp-json\/wp\/v2\/pages\/1539"}],"collection":[{"href":"https:\/\/marwis.pl\/pl\/wp-json\/wp\/v2\/pages"}],"about":[{"href":"https:\/\/marwis.pl\/pl\/wp-json\/wp\/v2\/types\/page"}],"author":[{"embeddable":true,"href":"https:\/\/marwis.pl\/pl\/wp-json\/wp\/v2\/users\/3"}],"replies":[{"embeddable":true,"href":"https:\/\/marwis.pl\/pl\/wp-json\/wp\/v2\/comments?post=1539"}],"version-history":[{"count":16,"href":"https:\/\/marwis.pl\/pl\/wp-json\/wp\/v2\/pages\/1539\/revisions"}],"predecessor-version":[{"id":6512,"href":"https:\/\/marwis.pl\/pl\/wp-json\/wp\/v2\/pages\/1539\/revisions\/6512"}],"up":[{"embeddable":true,"href":"https:\/\/marwis.pl\/pl\/wp-json\/wp\/v2\/pages\/995"}],"wp:attachment":[{"href":"https:\/\/marwis.pl\/pl\/wp-json\/wp\/v2\/media?parent=1539"}],"curies":[{"name":"wp","href":"https:\/\/api.w.org\/{rel}","templated":true}]}}