{"id":1774,"date":"2021-06-16T14:51:30","date_gmt":"2021-06-16T12:51:30","guid":{"rendered":"http:\/\/marwis.zoom.usermd.net\/?page_id=1774"},"modified":"2026-04-16T14:36:04","modified_gmt":"2026-04-16T12:36:04","slug":"myjka-automatyczna-hydro-wash-1200","status":"publish","type":"page","link":"https:\/\/marwis.pl\/pl\/myjki-cisnieniowe-kabinowe\/myjka-automatyczna-hydro-wash-1200\/","title":{"rendered":"Myjka ci\u015bnieniowo-kabinowa HYDRO WASH 1200"},"content":{"rendered":"<p>[vc_row][vc_column][vc_raw_html]JTVCZmxleHlfYnJlYWRjcnVtYiU1RA==[\/vc_raw_html][\/vc_column][\/vc_row][vc_row][vc_column width=&#8221;1\/2&#8243;]<div id='gallery-1' class='fastgallery fg_style1  '> <div data-img=\"https:\/\/marwis.pl\/wp-content\/uploads\/2021\/07\/HYDRO-WASH-1000_-1024x1024.jpg\"> <\/div><div style=\"clear:both\"><\/div><\/div>[\/vc_column][vc_column width=&#8221;1\/2&#8243;]\r\n    <div class=\"section_title\" style=\"text-align: center; margin: 0px auto 75px; padding: 0;\">\r\n        <h2 style=\"font-size:34px; color: #0066bf; font-weight: 800;\"> HYDRO WASH 1200 <\/h2>\r\n         <div class=\"br\" style=\"margin: 0 auto;\"><\/div>             <\/div>\r\n\r\n    [vc_tta_accordion][vc_tta_section title=&#8221;ZASTOSOWANIE&#8221; tab_id=&#8221;1611050130932-cc5a4393-a8f3&#8243;][vc_column_text]<\/p>\n<div class=\"tab\">\n<div id=\"tab-1\" class=\"tab-content\">\n<p>Myjka Hydro-Wash jest urz\u0105dzeniem multifunkcyjnym, umo\u017cliwiaj\u0105cym w pe\u0142ni automatyczne mycie detali w nap\u0119dzanym silnikiem koszu obrotowym, lub dla detali o bardziej skomplikowanym kszta\u0142cie mycie wysokim ci\u015bnieniem 140bar. Dzi\u0119ki takiemu po\u0142\u0105czeniu proces\u00f3w, mo\u017cna \u015bmia\u0142o powiedzie\u0107, \u017ce urz\u0105dzenie znajdzie zastosowanie w ka\u017cdym warsztacie. Z powodzeniem usprawni prac\u0119 w firmie regeneruj\u0105cym turbospr\u0119\u017carki, przek\u0142adnie kierownicze jak r\u00f3wnie\u017c skrzynie bieg\u00f3w. Aby zapewni\u0107 bezpiecze\u0144stwo u\u017cytkownika, oraz stabilno\u015b\u0107 parametr\u00f3w mycia zastosowano elektroniczny panel sterowania oraz szereg wsp\u00f3\u0142pracuj\u0105cych z nim czujnik\u00f3w.<\/p>\n<p>Przed pierwszym u\u017cyciem nale\u017cy nape\u0142ni\u0107 zbiornik ciecz\u0105 myj\u0105c\u0105. Zalecanym p\u0142ynem jest roztw\u00f3r koncentratu MRS Cleaner Strong i wody w proporcji. Myjka Hydro Wash umo\u017cliwia mycia r\u0119czne jak i automatyczne.<\/p>\n<p>*Aby uruchomi\u0107 mycie automatyczne, nale\u017cy przygotowa\u0107 urz\u0105dzenie (zala\u0107 wod\u0105 i koncentratem), zamkn\u0105\u0107 metalow\u0105 os\u0142on\u0119 na r\u0119kawice,zamkn\u0105\u0107 poprzez przytrzymanie dw\u00f3ch przycisk\u00f3w ( z przodu i z ty\u0142u urz\u0105dzenia jednocze\u015bnie ) pokryw\u0119 myjki, w\u0142\u0105czy\u0107 przycisk start .<\/p>\n<p>*Mo\u017cliwo\u015b\u0107 obracania koszem &#8211; przy otwartej pokrywie. Poprzez naci\u015bni\u0119cie prawego przycisku na pedale no\u017cnym, lub poprzez przyci\u015bni\u0119cie jednocze\u015bnie dw\u00f3ch przycisk\u00f3w ( z przodu i z ty\u0142u urz\u0105dzenia) . Pod warunkiem \u017ce metalowa os\u0142ona r\u0119kawic jest zamkni\u0119ta .<\/p>\n<p>*Aby uruchomi\u0107 mycie r\u0119czne, nale\u017cy zamkn\u0105\u0107 pokryw\u0119 myjki poprzez przytrzymanie dw\u00f3ch przycisk\u00f3w (z przodu i z ty\u0142u urz\u0105dzenia jednocze\u015bnie). Otworzy\u0107 metalow\u0105 os\u0142on\u0119 na r\u0119kawice i przycisn\u0105\u0107 lewy przycisk na pedale no\u017cnym.<\/p>\n<p>STANDARDOWE WYPOSA\u017bENIE MYJKI:<\/p>\n<p>Czujnik roz\u0142\u0105czenia pokrywy domykaj\u0105cej podczas otwierania jej w trakcie procesu mycia,<br \/>\nCzujnik poziomy cieczy w zbiorniku, zabezpieczaj\u0105cy przed prac\u0105 na sucho,<br \/>\nCzujnik temperatury cieczy,<br \/>\nRamiona natryskowe regulowane, z dyszami ze stali nierdzewnej renomowanej firmy Spraying System<br \/>\nKosz mechanicznie obrotowy,<br \/>\nPompa wysokiego ci\u015bnienia 140bar<br \/>\nPistolet spr\u0119\u017conego powietrza<br \/>\nReduktor ci\u015bnienia wraz zanieczyszcze\u0144 odwadniaczem<br \/>\nFiltr zanieczyszcze\u0144 nierozpuszczalnych zgrubny (filtr siatkowy oczko 0,8mm)<br \/>\nFiltr zanieczyszcze\u0144 dok\u0142adny<br \/>\nStopki regulowane<br \/>\nZaw\u00f3r spustowy,<br \/>\nSi\u0142owniki pneumatyczne<\/p>\n<\/div>\n<\/div>\n<p>[\/vc_column_text][\/vc_tta_section][vc_tta_section title=&#8221;DANE TECHNICZNE&#8221; tab_id=&#8221;1611052357239-a03ddaab-c372&#8243;][vc_column_text]\u015arednica kosza 1200mm<br \/>\nWysoko\u015b\u0107 robocza 500mm<br \/>\nNo\u015bno\u015b\u0107 kosza 300kg<br \/>\nProgramowanie czasu pracy 0-99min<br \/>\nTemperatura mycia 60oC<br \/>\nMoc grza\u0142ki 12kW<br \/>\nPojemno\u015b\u0107 zbiornika 400l<br \/>\nWydajno\u015b\u0107 natrysku 200l\/min<br \/>\nCi\u015bnienie robocze natrysku 4,5-6 bar<br \/>\nCi\u015bnienie robocze mycie r\u0119czne 140 bar<br \/>\nSzeroko\u015b\u0107 ca\u0142kowita 1750mm<br \/>\nG\u0142\u0119boko\u015b\u0107 ca\u0142kowita 1750mm<br \/>\nWysoko\u015b\u0107 ca\u0142kowita 1700mm\/2650mm<br \/>\nZasilanie 3~400V[\/vc_column_text][\/vc_tta_section][vc_tta_section title=&#8221;OPCJE DODATKOWE&#8221; tab_id=&#8221;1613475565981-f27b99f1-758a&#8221;][vc_column_text]<\/p>\n<div class=\"tab\">\n<div id=\"tab-4\" class=\"tab-content\">\n<p>wzmocniona pompa<br \/>\nodolejacz ta\u015bmowy<br \/>\nzestaw niskich lanc (300mm)<\/p>\n<\/div>\n<\/div>\n<p>[\/vc_column_text][\/vc_tta_section][vc_tta_section title=&#8221;FILM&#8221; tab_id=&#8221;1613475923360-17dc9105-55c5&#8243;][vc_video link=&#8221;https:\/\/www.youtube.com\/watch?v=0CsUIKWBalo&amp;feature=emb_title&#8221;][\/vc_tta_section][\/vc_tta_accordion][vc_btn title=&#8221;CENA&#8221; style=&#8221;flat&#8221; color=&#8221;primary&#8221; size=&#8221;lg&#8221; align=&#8221;center&#8221; link=&#8221;url:https%3A%2F%2Fmarwis24.pl%2Fpl%2Fp%2FMyjka-automatyczna-2w1-HYDRO-WASH-1200%2F23100707||target:%20_blank|&#8221;][vc_column_text]<\/p>\n<p style=\"text-align: center;\"><span style=\"color: #0066bf;\">Zapytaj o ofert\u0119 dla Ciebie.<\/span><br \/>\n<strong><span style=\"color: #0066bf;\">Zadzwo\u0144! <\/span><\/strong><br \/>\n<strong><span style=\"color: #0066bf;\">Mobile: +48 781 355 000<\/span><\/strong><\/p>\n<p>[\/vc_column_text][vc_btn title=&#8221;Pliki do pobrania&#8221; color=&#8221;primary&#8221; size=&#8221;lg&#8221; link=&#8221;url:https%3A%2F%2Fmxuridkelj.cfolks.pl%2Fkatalog%2Fhydro-wash.pdf|||&#8221;][\/vc_column][\/vc_row]<\/p>","protected":false},"excerpt":{"rendered":"<p>[vc_row][vc_column][vc_raw_html]JTVCZmxleHlfYnJlYWRjcnVtYiU1RA==[\/vc_raw_html][\/vc_column][\/vc_row][vc_row][vc_column width=&#8221;1\/2&#8243;][\/vc_column][vc_column width=&#8221;1\/2&#8243;][vc_tta_accordion][vc_tta_section title=&#8221;ZASTOSOWANIE&#8221; tab_id=&#8221;1611050130932-cc5a4393-a8f3&#8243;][vc_column_text] Myjka Hydro-Wash jest urz\u0105dzeniem multifunkcyjnym, umo\u017cliwiaj\u0105cym w pe\u0142ni automatyczne mycie detali w nap\u0119dzanym silnikiem koszu obrotowym, lub dla detali o bardziej skomplikowanym kszta\u0142cie mycie wysokim ci\u015bnieniem 140bar. Dzi\u0119ki takiemu po\u0142\u0105czeniu proces\u00f3w, mo\u017cna \u015bmia\u0142o powiedzie\u0107, \u017ce urz\u0105dzenie znajdzie zastosowanie w ka\u017cdym warsztacie. Z powodzeniem usprawni prac\u0119 w firmie regeneruj\u0105cym turbospr\u0119\u017carki, przek\u0142adnie [&hellip;]<\/p>\n","protected":false},"author":3,"featured_media":0,"parent":995,"menu_order":0,"comment_status":"closed","ping_status":"open","template":"","meta":[],"_links":{"self":[{"href":"https:\/\/marwis.pl\/pl\/wp-json\/wp\/v2\/pages\/1774"}],"collection":[{"href":"https:\/\/marwis.pl\/pl\/wp-json\/wp\/v2\/pages"}],"about":[{"href":"https:\/\/marwis.pl\/pl\/wp-json\/wp\/v2\/types\/page"}],"author":[{"embeddable":true,"href":"https:\/\/marwis.pl\/pl\/wp-json\/wp\/v2\/users\/3"}],"replies":[{"embeddable":true,"href":"https:\/\/marwis.pl\/pl\/wp-json\/wp\/v2\/comments?post=1774"}],"version-history":[{"count":23,"href":"https:\/\/marwis.pl\/pl\/wp-json\/wp\/v2\/pages\/1774\/revisions"}],"predecessor-version":[{"id":6608,"href":"https:\/\/marwis.pl\/pl\/wp-json\/wp\/v2\/pages\/1774\/revisions\/6608"}],"up":[{"embeddable":true,"href":"https:\/\/marwis.pl\/pl\/wp-json\/wp\/v2\/pages\/995"}],"wp:attachment":[{"href":"https:\/\/marwis.pl\/pl\/wp-json\/wp\/v2\/media?parent=1774"}],"curies":[{"name":"wp","href":"https:\/\/api.w.org\/{rel}","templated":true}]}}