{"id":1872,"date":"2021-06-22T10:49:45","date_gmt":"2021-06-22T08:49:45","guid":{"rendered":"http:\/\/marwis.zoom.usermd.net\/?page_id=1872"},"modified":"2021-11-17T21:18:45","modified_gmt":"2021-11-17T20:18:45","slug":"clean-hands-kolor","status":"publish","type":"page","link":"https:\/\/marwis.pl\/pl\/dezynfekcja\/clean-hands-kolor\/","title":{"rendered":"CLEAN HANDS KOLOR"},"content":{"rendered":"<p>[vc_row][vc_column][vc_raw_html]JTVCZmxleHlfYnJlYWRjcnVtYiU1RA==[\/vc_raw_html][\/vc_column][\/vc_row][vc_row][vc_column width=&#8221;1\/2&#8243;]<div id='gallery-1' class='fastgallery fg_style1  '> <div data-img=\"https:\/\/marwis.pl\/wp-content\/uploads\/2021\/05\/Clean-Hands_bialy-498x1024.png\"> <\/div><div style=\"clear:both\"><\/div><\/div>[\/vc_column][vc_column width=&#8221;1\/2&#8243;]\r\n    <div class=\"section_title\" style=\"text-align: center; margin: 0px auto 75px; padding: 0;\">\r\n        <h2 style=\"font-size:34px; color: #0066bf; font-weight: 800;\"> Clean Hands Kolor <\/h2>\r\n         <div class=\"br\" style=\"margin: 0 auto;\"><\/div>             <\/div>\r\n\r\n    [vc_tta_accordion][vc_tta_section title=&#8221;ZASTOSOWANIE&#8221; tab_id=&#8221;1611050130932-cc5a4393-a8f3&#8243;][vc_column_text]<\/p>\n<div class=\"tab\">\n<div id=\"tab-1\" class=\"tab-content\">\n<p><strong>Clean Hands<\/strong>\u00a0niezawodne urz\u0105dzenie do dezynfekcji r\u0105k.<\/p>\n<p><strong>Idealne rozwi\u0105zanie dla:<\/strong><\/p>\n<ul>\n<li>sklep\u00f3w<\/li>\n<li>urz\u0119d\u00f3w<\/li>\n<li>salon\u00f3w samochodowych<\/li>\n<li>szpitali, przychodni, gabinet\u00f3w lekarskich<\/li>\n<li>gabinet\u00f3w kosmetycznych<\/li>\n<li>ko\u015bcio\u0142\u00f3w<\/li>\n<li>stacji benzynowych<\/li>\n<li>szk\u00f3\u0142, przedszkoli<\/li>\n<li>lotnisk<\/li>\n<li>zak\u0142ad\u00f3w pracy<\/li>\n<li>stacji kolejowych, autobusowych<\/li>\n<li><strong>Co wa\u017cne:<\/strong>\n<ul>\n<li>Urz\u0105dzenie malowane farb\u0105 epoksydowo-poliestrow\u0105.<\/li>\n<li>Proste w u\u017cyciu \u2013\u00a0<strong>bezdotykowa aplikacja \u015brodka dezynfekuj\u0105cego z czujnikiem ruchu!<\/strong><\/li>\n<li><strong>Clean Hands<\/strong>\u00a0posiada 2 podajniki: na chusteczki i r\u0119kawiczki oraz jest wyposa\u017cony w kosz na w\u0142a\u015bciwe odpady.<\/li>\n<li>Wymiary: wysoko\u015b\u0107 1350mm, szeroko\u015b\u0107 390mm, g\u0142\u0119boko\u015b\u0107 250mm<\/li>\n<li>Pojemno\u015b\u0107 dozownika na p\u0142yn \u2013 5L<\/li>\n<li>Waga: 35kg<\/li>\n<li>Zasilanie 230V<\/li>\n<li>Urz\u0105dzenie dost\u0119pne w\u00a0kolorach: \u017c\u00f3\u0142ty czarny i bia\u0142y ( przed zakupem prosimy o kontakt w celu ustalenia dost\u0119pnych kolor\u00f3w)<\/li>\n<\/ul>\n<p><strong>Skuteczna ochrona i dezynfekcja.<\/strong><\/li>\n<\/ul>\n<\/div>\n<\/div>\n<p>[\/vc_column_text][\/vc_tta_section][vc_tta_section title=&#8221;FILM&#8221; tab_id=&#8221;1613470767669-d934f831-be38&#8243;][vc_video link=&#8221;https:\/\/www.youtube.com\/watch?v=uHkagjChl0I&#8221;][\/vc_tta_section][\/vc_tta_accordion][vc_btn title=&#8221;SPRAWD\u0179 CEN\u0118&#8221; style=&#8221;flat&#8221; color=&#8221;primary&#8221; size=&#8221;lg&#8221; align=&#8221;center&#8221; link=&#8221;url:https%3A%2F%2Fmarwis24.pl%2Fpl%2Fp%2FAutomatyczna-stacja-do-dezynfekcji-rak-Clean-Hands-%2F23100718||target:%20_blank|&#8221;][vc_column_text]<\/p>\n<p style=\"text-align: center;\"><span style=\"color: #0066bf;\">Zapytaj o specjaln\u0105 ofert\u0119 dla Ciebie.<\/span><br \/>\n<strong><span style=\"color: #0066bf;\">Zadzwo\u0144! <\/span><\/strong><br \/>\n<strong><span style=\"color: #0066bf;\">tel. 781 355 000.<\/span><\/strong><\/p>\n<p>[\/vc_column_text][\/vc_column][\/vc_row]<\/p>","protected":false},"excerpt":{"rendered":"<p>[vc_row][vc_column][vc_raw_html]JTVCZmxleHlfYnJlYWRjcnVtYiU1RA==[\/vc_raw_html][\/vc_column][\/vc_row][vc_row][vc_column width=&#8221;1\/2&#8243;][\/vc_column][vc_column width=&#8221;1\/2&#8243;][vc_tta_accordion][vc_tta_section title=&#8221;ZASTOSOWANIE&#8221; tab_id=&#8221;1611050130932-cc5a4393-a8f3&#8243;][vc_column_text] Clean Hands\u00a0niezawodne urz\u0105dzenie do dezynfekcji r\u0105k. Idealne rozwi\u0105zanie dla: sklep\u00f3w urz\u0119d\u00f3w salon\u00f3w samochodowych szpitali, przychodni, gabinet\u00f3w lekarskich gabinet\u00f3w kosmetycznych ko\u015bcio\u0142\u00f3w stacji benzynowych szk\u00f3\u0142, przedszkoli lotnisk zak\u0142ad\u00f3w pracy stacji kolejowych, autobusowych Co wa\u017cne: Urz\u0105dzenie malowane farb\u0105 epoksydowo-poliestrow\u0105. Proste w u\u017cyciu \u2013\u00a0bezdotykowa aplikacja \u015brodka dezynfekuj\u0105cego z czujnikiem ruchu! Clean Hands\u00a0posiada 2 podajniki: [&hellip;]<\/p>\n","protected":false},"author":3,"featured_media":0,"parent":1356,"menu_order":0,"comment_status":"closed","ping_status":"open","template":"","meta":[],"_links":{"self":[{"href":"https:\/\/marwis.pl\/pl\/wp-json\/wp\/v2\/pages\/1872"}],"collection":[{"href":"https:\/\/marwis.pl\/pl\/wp-json\/wp\/v2\/pages"}],"about":[{"href":"https:\/\/marwis.pl\/pl\/wp-json\/wp\/v2\/types\/page"}],"author":[{"embeddable":true,"href":"https:\/\/marwis.pl\/pl\/wp-json\/wp\/v2\/users\/3"}],"replies":[{"embeddable":true,"href":"https:\/\/marwis.pl\/pl\/wp-json\/wp\/v2\/comments?post=1872"}],"version-history":[{"count":7,"href":"https:\/\/marwis.pl\/pl\/wp-json\/wp\/v2\/pages\/1872\/revisions"}],"predecessor-version":[{"id":3024,"href":"https:\/\/marwis.pl\/pl\/wp-json\/wp\/v2\/pages\/1872\/revisions\/3024"}],"up":[{"embeddable":true,"href":"https:\/\/marwis.pl\/pl\/wp-json\/wp\/v2\/pages\/1356"}],"wp:attachment":[{"href":"https:\/\/marwis.pl\/pl\/wp-json\/wp\/v2\/media?parent=1872"}],"curies":[{"name":"wp","href":"https:\/\/api.w.org\/{rel}","templated":true}]}}