{"id":1879,"date":"2021-06-22T10:59:12","date_gmt":"2021-06-22T08:59:12","guid":{"rendered":"http:\/\/marwis.zoom.usermd.net\/?page_id=1879"},"modified":"2021-11-17T21:21:19","modified_gmt":"2021-11-17T20:21:19","slug":"clean-hands-inox","status":"publish","type":"page","link":"https:\/\/marwis.pl\/pl\/dezynfekcja\/clean-hands-inox\/","title":{"rendered":"CLEAN HANDS INOX"},"content":{"rendered":"<p>[vc_row][vc_column][vc_raw_html]JTVCZmxleHlfYnJlYWRjcnVtYiU1RA==[\/vc_raw_html][\/vc_column][\/vc_row][vc_row][vc_column width=&#8221;1\/2&#8243;]<div id='gallery-1' class='fastgallery fg_style1  '> <div data-img=\"https:\/\/marwis.pl\/wp-content\/uploads\/2021\/06\/Clean-Hands-INOX-734x1024.png\"> <\/div><div style=\"clear:both\"><\/div><\/div>[\/vc_column][vc_column width=&#8221;1\/2&#8243;]\r\n    <div class=\"section_title\" style=\"text-align: center; margin: 0px auto 75px; padding: 0;\">\r\n        <h2 style=\"font-size:34px; color: #0066bf; font-weight: 800;\"> Clean Hands INOX <\/h2>\r\n         <div class=\"br\" style=\"margin: 0 auto;\"><\/div>             <\/div>\r\n\r\n    [vc_tta_accordion][vc_tta_section title=&#8221;ZASTOSOWANIE&#8221; tab_id=&#8221;1611050130932-cc5a4393-a8f3&#8243;][vc_column_text]<\/p>\n<div class=\"tab\">\n<div id=\"tab-1\" class=\"tab-content\">\n<p><strong>Marwis<\/strong>\u00a0wiod\u0105cy producent urz\u0105dze\u0144 myj\u0105co-czyszcz\u0105cych oraz \u015brodk\u00f3w chemicznych s\u0142u\u017c\u0105cych do mycia i odt\u0142uszczania detali oraz cz\u0119\u015bci przemys\u0142owych wychodz\u0105c naprzeciw klientom w dobie epidemii oraz my\u015bl\u0105c o nich ju\u017c na przysz\u0142o\u015b\u0107 postanowi\u0142 stworzy\u0107 urz\u0105dzenie o nazwie handlowej\u00a0<strong>Clean Hands INOX<\/strong>.<\/p>\n<p><strong>Clean Hands INOX<\/strong>\u00a0niezawodne urz\u0105dzenie do dezynfekcji r\u0105k.<\/p>\n<p><strong>Idealne rozwi\u0105zanie dla:<\/strong><\/p>\n<ul>\n<li>sklep\u00f3w<\/li>\n<li>urz\u0119d\u00f3w<\/li>\n<li>salon\u00f3w samochodowych<\/li>\n<li>szpitali, przychodni, gabinet\u00f3w lekarskich<\/li>\n<li>gabinet\u00f3w kosmetycznych<\/li>\n<li>ko\u015bcio\u0142\u00f3w<\/li>\n<li>stacji benzynowych<\/li>\n<li>szk\u00f3\u0142, przedszkoli<\/li>\n<li>lotnisk<\/li>\n<li>zak\u0142ad\u00f3w pracy<\/li>\n<li>stacji kolejowych, autobusowych<\/li>\n<\/ul>\n<p><strong>Co wa\u017cne:<\/strong><\/p>\n<ul>\n<li>Urz\u0105dzenie wykonane jest\u00a0<strong>z wysokogatunkowej stali nierdzewnej<\/strong>.<\/li>\n<li>Proste w u\u017cyciu \u2013\u00a0<strong>bezdotykowa aplikacja \u015brodka dezynfekuj\u0105cego z czujnikiem ruchu!<\/strong><\/li>\n<li>Jako jedyny producent w Polsce w naszym urz\u0105dzeniu zastosowali\u015bmy\u00a0<strong>2 niezale\u017cne dozowniki<\/strong>\u00a0,,na praw\u0105 oraz lew\u0105 r\u0119k\u0119\u2019\u2019.<\/li>\n<li>Klient sam decyduje czy urz\u0105dzenie chce powiesi\u0107 na \u015bcianie, czy te\u017c postawi\u0107 na dedykowanym stojaku<\/li>\n<li><strong>Clean Hands INOX<\/strong>\u00a0posiada 2 podajniki: na chusteczki i r\u0119kawiczki oraz jest wyposa\u017cony w kosz na w\u0142a\u015bciwe odpady<\/li>\n<li>Urz\u0105dzenie przystosowane do p\u0142ynu dezynfekcyjnego.<\/li>\n<li>Wymiary:<\/li>\n<li>z coko\u0142em: wysoko\u015b\u0107 1360mm, szeroko\u015b\u0107 393mm, g\u0142\u0119boko\u015b\u0107 252mm<\/li>\n<li>bez coko\u0142u: wysoko\u015b\u0107 730mm, szeroko\u015b\u0107 393mm, g\u0142\u0119boko\u015b\u0107 252mm<\/li>\n<li>Pojemno\u015b\u0107 dozownika na p\u0142yn \u2013 5L<\/li>\n<li>Waga: 35kg<\/li>\n<li>Zasilanie 230V<\/li>\n<\/ul>\n<p><strong>Skuteczna ochrona i dezynfekcja.<\/strong><\/p>\n<\/div>\n<\/div>\n<p>[\/vc_column_text][\/vc_tta_section][vc_tta_section title=&#8221;FILM&#8221; tab_id=&#8221;1613470767669-d934f831-be38&#8243;][vc_video link=&#8221;https:\/\/www.youtube.com\/watch?v=uHkagjChl0I&#8221;][\/vc_tta_section][\/vc_tta_accordion][vc_btn title=&#8221;SPRAWD\u0179 CEN\u0118&#8221; style=&#8221;flat&#8221; color=&#8221;primary&#8221; size=&#8221;lg&#8221; align=&#8221;center&#8221; link=&#8221;url:https%3A%2F%2Fmarwis24.pl%2Fpl%2Fp%2FStacja-do-dezynfekcji-rak-automatyczna-Clean-Hands-INOX%2F23100717||target:%20_blank|&#8221;][vc_column_text]<\/p>\n<p style=\"text-align: center;\"><span style=\"color: #0066bf;\">Zapytaj o specjaln\u0105 ofert\u0119 dla Ciebie.<\/span><br \/>\n<strong><span style=\"color: #0066bf;\">Zadzwo\u0144! <\/span><\/strong><br \/>\n<strong><span style=\"color: #0066bf;\">tel. 781 355 000.<\/span><\/strong><\/p>\n<p>[\/vc_column_text][\/vc_column][\/vc_row]<\/p>","protected":false},"excerpt":{"rendered":"<p>[vc_row][vc_column][vc_raw_html]JTVCZmxleHlfYnJlYWRjcnVtYiU1RA==[\/vc_raw_html][\/vc_column][\/vc_row][vc_row][vc_column width=&#8221;1\/2&#8243;][\/vc_column][vc_column width=&#8221;1\/2&#8243;][vc_tta_accordion][vc_tta_section title=&#8221;ZASTOSOWANIE&#8221; tab_id=&#8221;1611050130932-cc5a4393-a8f3&#8243;][vc_column_text] Marwis\u00a0wiod\u0105cy producent urz\u0105dze\u0144 myj\u0105co-czyszcz\u0105cych oraz \u015brodk\u00f3w chemicznych s\u0142u\u017c\u0105cych do mycia i odt\u0142uszczania detali oraz cz\u0119\u015bci przemys\u0142owych wychodz\u0105c naprzeciw klientom w dobie epidemii oraz my\u015bl\u0105c o nich ju\u017c na przysz\u0142o\u015b\u0107 postanowi\u0142 stworzy\u0107 urz\u0105dzenie o nazwie handlowej\u00a0Clean Hands INOX. Clean Hands INOX\u00a0niezawodne urz\u0105dzenie do dezynfekcji r\u0105k. Idealne rozwi\u0105zanie dla: sklep\u00f3w urz\u0119d\u00f3w salon\u00f3w [&hellip;]<\/p>\n","protected":false},"author":3,"featured_media":0,"parent":1356,"menu_order":0,"comment_status":"closed","ping_status":"open","template":"","meta":[],"_links":{"self":[{"href":"https:\/\/marwis.pl\/pl\/wp-json\/wp\/v2\/pages\/1879"}],"collection":[{"href":"https:\/\/marwis.pl\/pl\/wp-json\/wp\/v2\/pages"}],"about":[{"href":"https:\/\/marwis.pl\/pl\/wp-json\/wp\/v2\/types\/page"}],"author":[{"embeddable":true,"href":"https:\/\/marwis.pl\/pl\/wp-json\/wp\/v2\/users\/3"}],"replies":[{"embeddable":true,"href":"https:\/\/marwis.pl\/pl\/wp-json\/wp\/v2\/comments?post=1879"}],"version-history":[{"count":7,"href":"https:\/\/marwis.pl\/pl\/wp-json\/wp\/v2\/pages\/1879\/revisions"}],"predecessor-version":[{"id":3025,"href":"https:\/\/marwis.pl\/pl\/wp-json\/wp\/v2\/pages\/1879\/revisions\/3025"}],"up":[{"embeddable":true,"href":"https:\/\/marwis.pl\/pl\/wp-json\/wp\/v2\/pages\/1356"}],"wp:attachment":[{"href":"https:\/\/marwis.pl\/pl\/wp-json\/wp\/v2\/media?parent=1879"}],"curies":[{"name":"wp","href":"https:\/\/api.w.org\/{rel}","templated":true}]}}