{"id":1912,"date":"2021-06-22T12:28:01","date_gmt":"2021-06-22T10:28:01","guid":{"rendered":"http:\/\/marwis.zoom.usermd.net\/?page_id=1912"},"modified":"2021-11-18T09:24:57","modified_gmt":"2021-11-18T08:24:57","slug":"wanna-ociekowa-wychwytowa-1200x800-h200","status":"publish","type":"page","link":"https:\/\/marwis.pl\/pl\/wanny-ociekowe\/wanna-ociekowa-wychwytowa-1200x800-h200\/","title":{"rendered":"WANNA OCIEKOWA WYCHWYTOWA 1200\u00d7800 H200"},"content":{"rendered":"<p>[vc_row][vc_column][vc_raw_html]JTVCZmxleHlfYnJlYWRjcnVtYiU1RA==[\/vc_raw_html][\/vc_column][\/vc_row][vc_row][vc_column width=&#8221;1\/2&#8243;]<div id='gallery-1' class='fastgallery fg_style1  '> <div data-img=\"https:\/\/marwis.pl\/wp-content\/uploads\/2021\/07\/wanna-120x80x200-1024x1024.jpg\"> <\/div><div style=\"clear:both\"><\/div><\/div>[\/vc_column][vc_column width=&#8221;1\/2&#8243;]\r\n    <div class=\"section_title\" style=\"text-align: center; margin: 0px auto 75px; padding: 0;\">\r\n        <h2 style=\"font-size:34px; color: #0066bf; font-weight: 800;\"> WANNA OCIEKOWA WYCHWYTOWA 1200\u00d7800 H200 <\/h2>\r\n         <div class=\"br\" style=\"margin: 0 auto;\"><\/div>             <\/div>\r\n\r\n    [vc_tta_accordion][vc_tta_section title=&#8221;ZASTOSOWANIE&#8221; tab_id=&#8221;1611050130932-cc5a4393-a8f3&#8243;][vc_column_text]<\/p>\n<div class=\"tab\">\n<div id=\"tab-1\" class=\"tab-content\">\n<p>Wanna ociekowa 1200x800x200<br \/>\nWanna ociekowa do sk\u0142adowania beczek lub pod myjk\u0119 MST 1200.<br \/>\nKonstrukcja stalowa z blachy 2 mm, spawana obustronnie na szczelno,<br \/>\nze zdejmowanym, ocynkowanym rusztem kratowym, wykonanym z p\u0142askownika 30&#215;2 mm o oczku 66x66mm.<br \/>\nWanna posiada n\u00f3\u017cki o wysoko\u015bci 100 mm &#8211; pozwala to na jej przew\u00f3z w\u00f3zkiem paletowym oraz wid\u0142owym.<\/p>\n<\/div>\n<\/div>\n<p>[\/vc_column_text][\/vc_tta_section][vc_tta_section title=&#8221;DANE TECHNICZNE&#8221; tab_id=&#8221;1611052357239-a03ddaab-c372&#8243;][vc_column_text]<strong>Parametry :<\/strong><\/p>\n<p><strong>No\u015bno\u015b\u0107:<\/strong> 500 kg,<br \/>\n<strong>Waga:<\/strong> 40 kg,<br \/>\n<strong>D\u0142ugo\u015b\u0107:<\/strong> 1200 mm,<br \/>\n<strong>Szeroko\u015b\u0107:<\/strong> 800 mm,<br \/>\n<strong>Wysoko\u015b\u0107:<\/strong> 100 mm + 100 mm wysoko\u015b\u0107 n\u00f3\u017cek.<\/p>\n<p>&nbsp;<\/p>\n<p>Mo\u017cliwo\u015b\u0107 wykonania wanny ociekowej na specjalne zam\u00f3wienie .[\/vc_column_text][\/vc_tta_section][\/vc_tta_accordion][vc_btn title=&#8221;SPRAWD\u0179 CEN\u0118&#8221; style=&#8221;flat&#8221; color=&#8221;primary&#8221; size=&#8221;lg&#8221; align=&#8221;center&#8221; link=&#8221;url:https%3A%2F%2Fmarwis24.pl%2Fpl%2Fp%2FWanna-ociekowa-pod-beczki-lub-pod-myjke-MST-1200%2F23100629||target:%20_blank|&#8221;][vc_column_text]<\/p>\n<p style=\"text-align: center;\"><span style=\"color: #0066bf;\">Zapytaj o specjaln\u0105 ofert\u0119 dla Ciebie.<\/span><br \/>\n<strong><span style=\"color: #0066bf;\">Zadzwo\u0144! <\/span><\/strong><br \/>\n<strong><span style=\"color: #0066bf;\">tel. 781 355 000.<\/span><\/strong><\/p>\n<p>[\/vc_column_text][\/vc_column][\/vc_row]<\/p>","protected":false},"excerpt":{"rendered":"<p>[vc_row][vc_column][vc_raw_html]JTVCZmxleHlfYnJlYWRjcnVtYiU1RA==[\/vc_raw_html][\/vc_column][\/vc_row][vc_row][vc_column width=&#8221;1\/2&#8243;][\/vc_column][vc_column width=&#8221;1\/2&#8243;][vc_tta_accordion][vc_tta_section title=&#8221;ZASTOSOWANIE&#8221; tab_id=&#8221;1611050130932-cc5a4393-a8f3&#8243;][vc_column_text] Wanna ociekowa 1200x800x200 Wanna ociekowa do sk\u0142adowania beczek lub pod myjk\u0119 MST 1200. Konstrukcja stalowa z blachy 2 mm, spawana obustronnie na szczelno, ze zdejmowanym, ocynkowanym rusztem kratowym, wykonanym z p\u0142askownika 30&#215;2 mm o oczku 66x66mm. Wanna posiada n\u00f3\u017cki o wysoko\u015bci 100 mm &#8211; pozwala to na jej przew\u00f3z w\u00f3zkiem [&hellip;]<\/p>\n","protected":false},"author":3,"featured_media":0,"parent":1354,"menu_order":0,"comment_status":"closed","ping_status":"open","template":"","meta":[],"_links":{"self":[{"href":"https:\/\/marwis.pl\/pl\/wp-json\/wp\/v2\/pages\/1912"}],"collection":[{"href":"https:\/\/marwis.pl\/pl\/wp-json\/wp\/v2\/pages"}],"about":[{"href":"https:\/\/marwis.pl\/pl\/wp-json\/wp\/v2\/types\/page"}],"author":[{"embeddable":true,"href":"https:\/\/marwis.pl\/pl\/wp-json\/wp\/v2\/users\/3"}],"replies":[{"embeddable":true,"href":"https:\/\/marwis.pl\/pl\/wp-json\/wp\/v2\/comments?post=1912"}],"version-history":[{"count":4,"href":"https:\/\/marwis.pl\/pl\/wp-json\/wp\/v2\/pages\/1912\/revisions"}],"predecessor-version":[{"id":3062,"href":"https:\/\/marwis.pl\/pl\/wp-json\/wp\/v2\/pages\/1912\/revisions\/3062"}],"up":[{"embeddable":true,"href":"https:\/\/marwis.pl\/pl\/wp-json\/wp\/v2\/pages\/1354"}],"wp:attachment":[{"href":"https:\/\/marwis.pl\/pl\/wp-json\/wp\/v2\/media?parent=1912"}],"curies":[{"name":"wp","href":"https:\/\/api.w.org\/{rel}","templated":true}]}}