{"id":1924,"date":"2021-06-22T13:22:57","date_gmt":"2021-06-22T11:22:57","guid":{"rendered":"http:\/\/marwis.zoom.usermd.net\/?page_id=1924"},"modified":"2021-11-18T09:50:59","modified_gmt":"2021-11-18T08:50:59","slug":"wanna-ociekowa-wychwytowa-1200x800-h200-mobilna","status":"publish","type":"page","link":"https:\/\/marwis.pl\/pl\/wanny-ociekowe\/wanna-ociekowa-wychwytowa-1200x800-h200-mobilna\/","title":{"rendered":"WANNA OCIEKOWA, WYCHWYTOWA MOBILNA 1200X800 H200"},"content":{"rendered":"<p>[vc_row][vc_column][vc_raw_html]JTVCZmxleHlfYnJlYWRjcnVtYiU1RA==[\/vc_raw_html][\/vc_column][\/vc_row][vc_row][vc_column width=&#8221;1\/2&#8243;]<div id='gallery-1' class='fastgallery fg_style1  '> <div data-img=\"https:\/\/marwis.pl\/wp-content\/uploads\/2021\/07\/wanna-120x80x200-mobilna-1024x1024.jpg\"> <\/div><div style=\"clear:both\"><\/div><\/div>[\/vc_column][vc_column width=&#8221;1\/2&#8243;]\r\n    <div class=\"section_title\" style=\"text-align: center; margin: 0px auto 75px; padding: 0;\">\r\n        <h2 style=\"font-size:34px; color: #0066bf; font-weight: 800;\"> Wanna ociekowa 1200x800 H 200 mobilna <\/h2>\r\n         <div class=\"br\" style=\"margin: 0 auto;\"><\/div>             <\/div>\r\n\r\n    [vc_tta_accordion][vc_tta_section title=&#8221;ZASTOSOWANIE&#8221; tab_id=&#8221;1611050130932-cc5a4393-a8f3&#8243;][vc_column_text]<\/p>\n<div class=\"tab\">\n<div id=\"tab-1\" class=\"tab-content\">\n<p><strong>Wanna ociekowa wychwytowa 1210 x 810 x 200 mobilna<\/strong><br \/>\nWanna ociekowa do sk\u0142adowania beczek lub pod myjk\u0119.<br \/>\nKonstrukcja stalowa z blachy 2 mm, spawana obustronnie na szczelnie,<br \/>\nze zdejmowanym, ocynkowanym rusztem kratowym, wykonanym z p\u0142askownika 30&#215;2 mm o oczku 66x66mm.<br \/>\nWanna posiada k\u00f3\u0142ka &#8211; pozwala to na jej przemieszenie w dowolne miejsce.<br \/>\nNa zam\u00f3wienie mo\u017cliwo\u015b\u0107 wykonania innych wymiar\u00f3w wanny, zapraszamy do kontaktu !<\/p>\n<\/div>\n<\/div>\n<p>[\/vc_column_text][\/vc_tta_section][vc_tta_section title=&#8221;DANE TECHNICZNE&#8221; tab_id=&#8221;1611052357239-a03ddaab-c372&#8243;][vc_column_text]<strong>Parametry :<\/strong><br \/>\n<strong>no\u015bno\u015b\u0107:<\/strong>\u00a0500 kg,<br \/>\n<strong>waga:<\/strong>\u00a040 kg,<br \/>\n<strong>d\u0142ugo\u015b\u0107:<\/strong>1210 mm,<br \/>\n<strong>szeroko\u015b\u0107:\u00a0<\/strong>810 mm,<br \/>\n<strong>wysoko\u015b\u0107:\u00a0<\/strong>101mm + 130 mm wysoko\u015b\u0107 k\u00f3\u0142ek.[\/vc_column_text][\/vc_tta_section][\/vc_tta_accordion][vc_btn title=&#8221;SPRAWD\u0179 CEN\u0118&#8221; style=&#8221;flat&#8221; color=&#8221;primary&#8221; size=&#8221;lg&#8221; align=&#8221;center&#8221; link=&#8221;url:https%3A%2F%2Fmarwis24.pl%2Fpl%2Fp%2FWanna-ociekowa%252C-wychwytowa-mobilna-1200&#215;800-H200%2F23100723||target:%20_blank|&#8221;][vc_column_text]<\/p>\n<p style=\"text-align: center;\"><span style=\"color: #0066bf;\">Zapytaj o specjaln\u0105 ofert\u0119 dla Ciebie.<br \/>\n<strong>Zadzwo\u0144!<\/strong><br \/>\n<strong>tel. 781 355 000.<\/strong><\/span><\/p>\n<p>[\/vc_column_text][\/vc_column][\/vc_row]<\/p>","protected":false},"excerpt":{"rendered":"<p>[vc_row][vc_column][vc_raw_html]JTVCZmxleHlfYnJlYWRjcnVtYiU1RA==[\/vc_raw_html][\/vc_column][\/vc_row][vc_row][vc_column width=&#8221;1\/2&#8243;][\/vc_column][vc_column width=&#8221;1\/2&#8243;][vc_tta_accordion][vc_tta_section title=&#8221;ZASTOSOWANIE&#8221; tab_id=&#8221;1611050130932-cc5a4393-a8f3&#8243;][vc_column_text] Wanna ociekowa wychwytowa 1210 x 810 x 200 mobilna Wanna ociekowa do sk\u0142adowania beczek lub pod myjk\u0119. Konstrukcja stalowa z blachy 2 mm, spawana obustronnie na szczelnie, ze zdejmowanym, ocynkowanym rusztem kratowym, wykonanym z p\u0142askownika 30&#215;2 mm o oczku 66x66mm. Wanna posiada k\u00f3\u0142ka &#8211; pozwala to na jej przemieszenie w [&hellip;]<\/p>\n","protected":false},"author":3,"featured_media":0,"parent":1354,"menu_order":0,"comment_status":"closed","ping_status":"open","template":"","meta":[],"_links":{"self":[{"href":"https:\/\/marwis.pl\/pl\/wp-json\/wp\/v2\/pages\/1924"}],"collection":[{"href":"https:\/\/marwis.pl\/pl\/wp-json\/wp\/v2\/pages"}],"about":[{"href":"https:\/\/marwis.pl\/pl\/wp-json\/wp\/v2\/types\/page"}],"author":[{"embeddable":true,"href":"https:\/\/marwis.pl\/pl\/wp-json\/wp\/v2\/users\/3"}],"replies":[{"embeddable":true,"href":"https:\/\/marwis.pl\/pl\/wp-json\/wp\/v2\/comments?post=1924"}],"version-history":[{"count":10,"href":"https:\/\/marwis.pl\/pl\/wp-json\/wp\/v2\/pages\/1924\/revisions"}],"predecessor-version":[{"id":3064,"href":"https:\/\/marwis.pl\/pl\/wp-json\/wp\/v2\/pages\/1924\/revisions\/3064"}],"up":[{"embeddable":true,"href":"https:\/\/marwis.pl\/pl\/wp-json\/wp\/v2\/pages\/1354"}],"wp:attachment":[{"href":"https:\/\/marwis.pl\/pl\/wp-json\/wp\/v2\/media?parent=1924"}],"curies":[{"name":"wp","href":"https:\/\/api.w.org\/{rel}","templated":true}]}}