{"id":1947,"date":"2021-06-22T14:09:32","date_gmt":"2021-06-22T12:09:32","guid":{"rendered":"http:\/\/marwis.zoom.usermd.net\/?page_id=1947"},"modified":"2021-11-18T09:57:31","modified_gmt":"2021-11-18T08:57:31","slug":"wanna-ociekowa-z-szafka-pod-beczki","status":"publish","type":"page","link":"https:\/\/marwis.pl\/pl\/wanny-ociekowe\/wanna-ociekowa-z-szafka-pod-beczki\/","title":{"rendered":"WANNA OCIEKOWA Z SZAFK\u0104 POD BECZKI"},"content":{"rendered":"<p><\/p>\n<p>[vc_row][vc_column][vc_raw_html]JTVCZmxleHlfYnJlYWRjcnVtYiU1RA==[\/vc_raw_html][\/vc_column][\/vc_row][vc_row][vc_column width=&#8221;1\/2&#8243;]<div id='gallery-1' class='fastgallery fg_style1  '> <div data-img=\"https:\/\/marwis.pl\/wp-content\/uploads\/2021\/07\/mrs-clean-na-drzwiach_-1024x1024.jpg\"> <\/div><div data-img=\"https:\/\/marwis.pl\/wp-content\/uploads\/2021\/11\/mrs-clean_-1024x1024.jpg\"> <\/div><div style=\"clear:both\"><\/div><\/div>[\/vc_column][vc_column width=&#8221;1\/2&#8243;]\r\n    <div class=\"section_title\" style=\"text-align: center; margin: 0px auto 75px; padding: 0;\">\r\n        <h2 style=\"font-size:34px; color: #0066bf; font-weight: 800;\"> WANNA OCIEKOWA Z SZAFK\u0104 POD BECZKI <\/h2>\r\n         <div class=\"br\" style=\"margin: 0 auto;\"><\/div>             <\/div>\r\n\r\n    [vc_tta_accordion][vc_tta_section title=&#8221;ZASTOSOWANIE&#8221; tab_id=&#8221;1611050130932-cc5a4393-a8f3&#8243;][vc_column_text]<\/p>\n<div class=\"tab\">\n<div id=\"tab-1\" class=\"tab-content\">Zabudowana wanna wychwytowa do przechowywania substancji chemicznych, otwierana.<br \/>\nWytrzyma\u0142a, spawana, metalowa konstrukcja, malowana proszkowo.<br \/>\nDzi\u0119ki zastosowanej konstrukcji z \u0142atwo\u015bci\u0105 mo\u017cna j\u0105 transportowa\u0107 za pomoc\u0105 w\u00f3zka wid\u0142owego.<br \/>\nSzerokie otwory wej\u015bciowe umo\u017cliwiaj\u0105 \u0142atwe ustawianie beczek na paletach.<\/div>\n<\/div>\n<p>[\/vc_column_text][\/vc_tta_section][vc_tta_section title=&#8221;DANE TECHNICZNE&#8221; tab_id=&#8221;1611052357239-a03ddaab-c372&#8243;][vc_column_text]<\/p>\n<div class=\"item item-6\">\n<section class=\"text-item\"><strong>Dane techniczne :<\/strong><br \/>\nWysoko\u015b\u0107 ca\u0142kowita : 1440 mm<br \/>\nG\u0142\u0119boko\u015b\u0107 ca\u0142kowita : 970 mm<br \/>\nSzeroko\u015b\u0107 ca\u0142kowita : 1480 mm<br \/>\nWysoko\u015b\u0107 robocza : 340 mm<br \/>\nWysoko\u015b\u0107 wewn\u0119trzna : 1060 mm<br \/>\nSzeroko\u015b\u0107 otworu : 1400 mm<br \/>\nPojemno\u015b\u0107 : 270 L<br \/>\nNo\u015bno\u015b\u0107 : 600 kg<br \/>\nWaga : 120 kg<\/section>\n<\/div>\n<p>Mo\u017cliwo\u015b\u0107 wykonania wanny ociekowej na specjalne zam\u00f3wienie .[\/vc_column_text][\/vc_tta_section][\/vc_tta_accordion][vc_btn title=&#8221;SPRAWD\u0179 CEN\u0118&#8221; style=&#8221;flat&#8221; color=&#8221;primary&#8221; size=&#8221;lg&#8221; align=&#8221;center&#8221; link=&#8221;url:https%3A%2F%2Fmarwis24.pl%2Fpl%2Fp%2FWanna-ociekowa-z-szafka-pod-beczki-%2F23100722||target:%20_blank|&#8221;][vc_column_text]<\/p>\n<p style=\"text-align: center;\"><span style=\"color: #0066bf;\">Zapytaj o specjaln\u0105 ofert\u0119 dla Ciebie.<\/span><br \/>\n<strong><span style=\"color: #0066bf;\">Zadzwo\u0144! <\/span><\/strong><br \/>\n<strong><span style=\"color: #0066bf;\">tel. 781 355 000.<\/span><\/strong><\/p>\n<p>[\/vc_column_text][\/vc_column][\/vc_row]<\/p>\n<p><\/p>","protected":false},"excerpt":{"rendered":"<p>[vc_row][vc_column][vc_raw_html]JTVCZmxleHlfYnJlYWRjcnVtYiU1RA==[\/vc_raw_html][\/vc_column][\/vc_row][vc_row][vc_column width=&#8221;1\/2&#8243;][\/vc_column][vc_column width=&#8221;1\/2&#8243;][vc_tta_accordion][vc_tta_section title=&#8221;ZASTOSOWANIE&#8221; tab_id=&#8221;1611050130932-cc5a4393-a8f3&#8243;][vc_column_text] Zabudowana wanna wychwytowa do przechowywania substancji chemicznych, otwierana. Wytrzyma\u0142a, spawana, metalowa konstrukcja, malowana proszkowo. Dzi\u0119ki zastosowanej konstrukcji z \u0142atwo\u015bci\u0105 mo\u017cna j\u0105 transportowa\u0107 za pomoc\u0105 w\u00f3zka wid\u0142owego. Szerokie otwory wej\u015bciowe umo\u017cliwiaj\u0105 \u0142atwe ustawianie beczek na paletach. [\/vc_column_text][\/vc_tta_section][vc_tta_section title=&#8221;DANE TECHNICZNE&#8221; tab_id=&#8221;1611052357239-a03ddaab-c372&#8243;][vc_column_text] Dane techniczne : Wysoko\u015b\u0107 ca\u0142kowita : 1440 mm G\u0142\u0119boko\u015b\u0107 ca\u0142kowita : [&hellip;]<\/p>\n","protected":false},"author":3,"featured_media":0,"parent":1354,"menu_order":0,"comment_status":"closed","ping_status":"open","template":"","meta":[],"_links":{"self":[{"href":"https:\/\/marwis.pl\/pl\/wp-json\/wp\/v2\/pages\/1947"}],"collection":[{"href":"https:\/\/marwis.pl\/pl\/wp-json\/wp\/v2\/pages"}],"about":[{"href":"https:\/\/marwis.pl\/pl\/wp-json\/wp\/v2\/types\/page"}],"author":[{"embeddable":true,"href":"https:\/\/marwis.pl\/pl\/wp-json\/wp\/v2\/users\/3"}],"replies":[{"embeddable":true,"href":"https:\/\/marwis.pl\/pl\/wp-json\/wp\/v2\/comments?post=1947"}],"version-history":[{"count":7,"href":"https:\/\/marwis.pl\/pl\/wp-json\/wp\/v2\/pages\/1947\/revisions"}],"predecessor-version":[{"id":3067,"href":"https:\/\/marwis.pl\/pl\/wp-json\/wp\/v2\/pages\/1947\/revisions\/3067"}],"up":[{"embeddable":true,"href":"https:\/\/marwis.pl\/pl\/wp-json\/wp\/v2\/pages\/1354"}],"wp:attachment":[{"href":"https:\/\/marwis.pl\/pl\/wp-json\/wp\/v2\/media?parent=1947"}],"curies":[{"name":"wp","href":"https:\/\/api.w.org\/{rel}","templated":true}]}}