{"id":2,"date":"2020-11-05T10:01:22","date_gmt":"2020-11-05T09:01:22","guid":{"rendered":"http:\/\/marwis.zoom.usermd.net\/?page_id=2"},"modified":"2025-12-08T12:48:52","modified_gmt":"2025-12-08T11:48:52","slug":"mrs-wash-600","status":"publish","type":"page","link":"https:\/\/marwis.pl\/pl\/myjki-koszowe-automatyczne\/mrs-wash-600\/","title":{"rendered":"Automatyczna myjka koszowa MRS WASH 600"},"content":{"rendered":"<p>[vc_row][vc_column][vc_raw_html]JTVCZmxleHlfYnJlYWRjcnVtYiU1RA==[\/vc_raw_html][\/vc_column][\/vc_row][vc_row][vc_column width=&#8221;1\/2&#8243;]<div id='gallery-1' class='fastgallery fg_style1  '> <div data-img=\"https:\/\/marwis.pl\/wp-content\/uploads\/2022\/05\/MRS-WASH-600-1024x1024.jpg\"> <\/div><div data-img=\"https:\/\/marwis.pl\/wp-content\/uploads\/2022\/05\/DSC_0263-kopia_-1024x1024.jpg\"> <\/div><div data-img=\"https:\/\/marwis.pl\/wp-content\/uploads\/2022\/05\/DSC_0197-kopia_-1024x1024.jpg\"> <\/div><div style=\"clear:both\"><\/div><\/div>[\/vc_column][vc_column width=&#8221;1\/2&#8243;]\r\n    <div class=\"section_title\" style=\"text-align: center; margin: 0px auto 75px; padding: 0;\">\r\n        <h2 style=\"font-size:34px; color: #0066bf; font-weight: 800;\"> MRS-WASH 600 <\/h2>\r\n         <div class=\"br\" style=\"margin: 0 auto;\"><\/div>             <\/div>\r\n\r\n    [vc_tta_accordion][vc_tta_section title=&#8221;ZASTOSOWANIE&#8221; tab_id=&#8221;1611050130932-cc5a4393-a8f3&#8243;][vc_column_text]Myjka MRS-Wash to nowoczesne urz\u0105dzenie zaprojektowane z my\u015bl\u0105 o efektywnym czyszczeniu du\u017cych i z\u0142o\u017conych element\u00f3w. Serce urz\u0105dzenia stanowi nap\u0119dzany silnikiem kosz obrotowy, w kt\u00f3rym proces mycia przebiega w pe\u0142ni automatycznie. Automatyczn\u0105 prac\u0119 myjki wspiera panel steruj\u0105cy. Dzi\u0119ki zastosowaniu precyzyjnie rozmieszczonych dysz natryskowych, czyszczenie jest szybkie, dok\u0142adne i powtarzalne. MRS-Wash to niezawodne rozwi\u0105zanie dla przemys\u0142u, gdzie liczy si\u0119 dok\u0142adno\u015b\u0107, wydajno\u015b\u0107 i komfort obs\u0142ugi. Urz\u0105dzenie stosowane jest przy odt\u0142uszczaniu element\u00f3w w procesie produkcyjnym, przy myciu cz\u0119\u015bci serwisowanych maszyn. Przeznaczone s\u0105 r\u00f3wnie\u017c dla warsztat\u00f3w w kt\u00f3rych remontuje si\u0119 silniki, przek\u0142adnie, spr\u0119\u017carki, cz\u0119\u015bci i wszelkie inne detale zabrudzone olejami i smarami.[\/vc_column_text][\/vc_tta_section][vc_tta_section title=&#8221;OPIS DZIA\u0141ANIA&#8221; tab_id=&#8221;1611050130945-8641945f-6d2e&#8221;][vc_column_text]Po zamieszczeniu cz\u0119\u015bci w koszu i po uruchomieniu urz\u0105dzenia wy\u0142\u0105cznikiem g\u0142\u00f3wnym zostanie uruchomione podgrzewanie k\u0105pieli, kt\u00f3re po uzyskaniu temperatury zadanej umo\u017cliwi uruchomienie cyklu mycia.<br \/>\nJako pierwszy etap zostanie uruchomione mycie zasadnicze, a czas jego jest p\u0142ynnie regulowany za pomoc\u0105 wy\u0142\u0105cznika czasowego w skrzynce sterowniczej. Po up\u0142ywie tego czasu k\u0105piel jest zako\u0144czona.[\/vc_column_text][\/vc_tta_section][vc_tta_section title=&#8221;DANE TECHNICZNE&#8221; tab_id=&#8221;1611052357239-a03ddaab-c372&#8243;][vc_column_text]\u015arednica kosza: 600mm<br \/>\nWysoko\u015b\u0107 robocza: 300mm<br \/>\nNo\u015bno\u015b\u0107 kosza: 100kg<br \/>\nProgramowanie czasu pracy: 0-99min<br \/>\nTemperatura mycia: 60st.C<br \/>\nMoc grza\u0142ki: 2kW<br \/>\nPojemno\u015b\u0107 zbiornika: 100l<br \/>\nWydajno\u015b\u0107 natrysku: 200l\/min<br \/>\nCi\u015bnienie robocze natrysku: 3,5bar<br \/>\nSZ x G x W: 990x990x1250 mm<br \/>\nWysoko\u015b\u0107 zamkni\u0119ta\/otwarta:1250\/1800 mm<br \/>\nZasilanie: 230V\/50Hz<\/p>\n<p>[\/vc_column_text][\/vc_tta_section][vc_tta_section title=&#8221;FILM &#8221; tab_id=&#8221;1765194386943-f7ece378-1f51&#8243;][vc_video link=&#8221;https:\/\/youtu.be\/3Oq5EA84Cso?si=eW4iUlrSISA4JqMp&#8221;][\/vc_tta_section][\/vc_tta_accordion][vc_btn title=&#8221;CENA&#8221; style=&#8221;flat&#8221; color=&#8221;primary&#8221; size=&#8221;lg&#8221; align=&#8221;center&#8221; link=&#8221;url:https%3A%2F%2Fmarwis24.pl%2Fpl%2Fp%2FMyjnia-koszowa-automatyczna-MRS-WASH-600-%2F23100649||target:%20_blank|&#8221;][vc_column_text]<\/p>\n<p style=\"text-align: center;\">Zapytaj o specjaln\u0105 ofert\u0119.<br \/>\n<strong>Zadzwo\u0144!<\/strong><br \/>\n<strong>Mobil: +48 781 355 000<\/strong><\/p>\n<p>[\/vc_column_text][\/vc_column][\/vc_row]<\/p>","protected":false},"excerpt":{"rendered":"<p>[vc_row][vc_column][vc_raw_html]JTVCZmxleHlfYnJlYWRjcnVtYiU1RA==[\/vc_raw_html][\/vc_column][\/vc_row][vc_row][vc_column width=&#8221;1\/2&#8243;][\/vc_column][vc_column width=&#8221;1\/2&#8243;][vc_tta_accordion][vc_tta_section title=&#8221;ZASTOSOWANIE&#8221; tab_id=&#8221;1611050130932-cc5a4393-a8f3&#8243;][vc_column_text]Myjka MRS-Wash to nowoczesne urz\u0105dzenie zaprojektowane z my\u015bl\u0105 o efektywnym czyszczeniu du\u017cych i z\u0142o\u017conych element\u00f3w. Serce urz\u0105dzenia stanowi nap\u0119dzany silnikiem kosz obrotowy, w kt\u00f3rym proces mycia przebiega w pe\u0142ni automatycznie. Automatyczn\u0105 prac\u0119 myjki wspiera panel steruj\u0105cy. Dzi\u0119ki zastosowaniu precyzyjnie rozmieszczonych dysz natryskowych, czyszczenie jest szybkie, dok\u0142adne i powtarzalne. MRS-Wash to niezawodne [&hellip;]<\/p>\n","protected":false},"author":3,"featured_media":0,"parent":1181,"menu_order":0,"comment_status":"closed","ping_status":"open","template":"","meta":[],"_links":{"self":[{"href":"https:\/\/marwis.pl\/pl\/wp-json\/wp\/v2\/pages\/2"}],"collection":[{"href":"https:\/\/marwis.pl\/pl\/wp-json\/wp\/v2\/pages"}],"about":[{"href":"https:\/\/marwis.pl\/pl\/wp-json\/wp\/v2\/types\/page"}],"author":[{"embeddable":true,"href":"https:\/\/marwis.pl\/pl\/wp-json\/wp\/v2\/users\/3"}],"replies":[{"embeddable":true,"href":"https:\/\/marwis.pl\/pl\/wp-json\/wp\/v2\/comments?post=2"}],"version-history":[{"count":58,"href":"https:\/\/marwis.pl\/pl\/wp-json\/wp\/v2\/pages\/2\/revisions"}],"predecessor-version":[{"id":6087,"href":"https:\/\/marwis.pl\/pl\/wp-json\/wp\/v2\/pages\/2\/revisions\/6087"}],"up":[{"embeddable":true,"href":"https:\/\/marwis.pl\/pl\/wp-json\/wp\/v2\/pages\/1181"}],"wp:attachment":[{"href":"https:\/\/marwis.pl\/pl\/wp-json\/wp\/v2\/media?parent=2"}],"curies":[{"name":"wp","href":"https:\/\/api.w.org\/{rel}","templated":true}]}}