{"id":2399,"date":"2021-07-15T09:29:27","date_gmt":"2021-07-15T07:29:27","guid":{"rendered":"http:\/\/marwis.zoom.usermd.net\/?page_id=2399"},"modified":"2025-12-08T13:06:26","modified_gmt":"2025-12-08T12:06:26","slug":"mrs-wash-1500","status":"publish","type":"page","link":"https:\/\/marwis.pl\/pl\/myjki-koszowe-automatyczne\/mrs-wash-1500\/","title":{"rendered":"Automatic Basket Washer MRS WASH 1500"},"content":{"rendered":"<p>[vc_row][vc_column][vc_raw_html]JTVCZmxleHlfYnJlYWRjcnVtYiU1RA==[\/vc_raw_html][\/vc_column][\/vc_row][vc_row][vc_column width=&#8221;1\/2&#8243;]<div id='gallery-1' class='fastgallery fg_style1  '> <div data-img=\"https:\/\/marwis.pl\/wp-content\/uploads\/2021\/07\/MRS-WASH-1000_-1024x1024.jpg\"> <\/div><div data-img=\"https:\/\/marwis.pl\/wp-content\/uploads\/2021\/11\/mrs-wash-1000_0-1024x1024.jpg\"> <\/div><div style=\"clear:both\"><\/div><\/div>[\/vc_column][vc_column width=&#8221;1\/2&#8243;]\r\n    <div class=\"section_title\" style=\"text-align: center; margin: 0px auto 75px; padding: 0;\">\r\n        <h2 style=\"font-size:34px; color: #0066bf; font-weight: 800;\"> MRS-WASH 1500 <\/h2>\r\n         <div class=\"br\" style=\"margin: 0 auto;\"><\/div>             <\/div>\r\n\r\n    [vc_tta_accordion][vc_tta_section title=&#8221;ZASTOSOWANIE&#8221; tab_id=&#8221;1611050130932-cc5a4393-a8f3&#8243;][vc_column_text]<\/p>\n<p data-start=\"39\" data-end=\"432\">Myjnia koszowa MRS-Wash to nowoczesne urz\u0105dzenie zaprojektowane do skutecznego czyszczenia du\u017cych i z\u0142o\u017conych element\u00f3w. Rdzeniem urz\u0105dzenia jest nap\u0119dzany silnikiem obrotowy kosz, w kt\u00f3rym proces mycia przebiega w pe\u0142ni automatycznie. Automatyczn\u0105 prac\u0119 systemu wspiera panel sterowania. Dzi\u0119ki precyzyjnie rozmieszczonym dyszom natryskowym czyszczenie jest szybkie, dok\u0142adne i powtarzalne.<\/p>\n<p data-start=\"434\" data-end=\"860\">MRS-Wash to niezawodne rozwi\u0105zanie dla bran\u017c, w kt\u00f3rych kluczowa jest precyzja, wydajno\u015b\u0107 oraz \u0142atwo\u015b\u0107 obs\u0142ugi. Urz\u0105dzenie jest stosowane do odt\u0142uszczania element\u00f3w w procesie produkcyjnym, a tak\u017ce do czyszczenia serwisowanych cz\u0119\u015bci maszyn. Doskonale sprawdza si\u0119 r\u00f3wnie\u017c w warsztatach, w kt\u00f3rych przeprowadza si\u0119 remonty silnik\u00f3w, skrzy\u0144 bieg\u00f3w, kompresor\u00f3w oraz wszystkich innych cz\u0119\u015bci zanieczyszczonych olejem lub smarem.<\/p>\n<p>[\/vc_column_text][\/vc_tta_section][vc_tta_section title=&#8221;OPIS DZIA\u0141ANIA&#8221; tab_id=&#8221;1611050130945-8641945f-6d2e&#8221;][vc_column_text]<\/p>\n<p data-start=\"39\" data-end=\"207\">Po umieszczeniu cz\u0119\u015bci w koszu i w\u0142\u0105czeniu wy\u0142\u0105cznika g\u0142\u00f3wnego uruchamiane jest podgrzewanie zbiornika. Po osi\u0105gni\u0119ciu zadanej temperatury mo\u017cna rozpocz\u0105\u0107 cykl mycia.<\/p>\n<p data-start=\"209\" data-end=\"430\">W pierwszym etapie uruchamiane jest mycie zasadnicze, kt\u00f3rego czas trwania mo\u017cna p\u0142ynnie regulowa\u0107 za pomoc\u0105 timera znajduj\u0105cego si\u0119 w szafie sterowniczej. Po up\u0142ywie ustawionego czasu proces k\u0105pieli zostaje zako\u0144czony.<\/p>\n<p>[\/vc_column_text][\/vc_tta_section][vc_tta_section title=&#8221;DANE TECHNICZNE&#8221; tab_id=&#8221;1611052357239-a03ddaab-c372&#8243;][vc_column_text]\u015arednica kosza: 1500 mm<br data-start=\"66\" data-end=\"69\" \/>Wysoko\u015b\u0107 robocza: 500 mm<br data-start=\"97\" data-end=\"100\" \/>No\u015bno\u015b\u0107 kosza: 350 kg<br data-start=\"125\" data-end=\"128\" \/>Programowanie czasu pracy: 0\u201399 min<br data-start=\"167\" data-end=\"170\" \/>Temperatura mycia: 60\u00b0C<br data-start=\"197\" data-end=\"200\" \/>Moc grzewcza: 12 kW<br data-start=\"223\" data-end=\"226\" \/>Pojemno\u015b\u0107 zbiornika: 500 l<br data-start=\"256\" data-end=\"259\" \/>Wydajno\u015b\u0107 natrysku: 200 l\/min<br data-start=\"292\" data-end=\"295\" \/>Ci\u015bnienie robocze podczas natrysku: 5 bar<br data-start=\"340\" data-end=\"343\" \/>Szeroko\u015b\u0107 ca\u0142kowita: 2000 mm<br data-start=\"375\" data-end=\"378\" \/>G\u0142\u0119boko\u015b\u0107 ca\u0142kowita: 2000 mm<br data-start=\"410\" data-end=\"413\" \/>Wysoko\u015b\u0107 ca\u0142kowita: 1500 mm<br data-start=\"444\" data-end=\"447\" \/>Zasilanie: 3~400 V[\/vc_column_text][\/vc_tta_section][vc_tta_section title=&#8221;OPCJE DODATKOWE&#8221; tab_id=&#8221;1747305948215-400cbb37-a6b8&#8243;][vc_column_text]Wzmocniona pompa<br \/>\nZestaw kr\u00f3tkich lanc natryskowych<br \/>\nTa\u015bmowy separator oleju[\/vc_column_text][\/vc_tta_section][vc_tta_section title=&#8221;FILM&#8221; tab_id=&#8221;1765194903775-6fb8bdf5-faa1&#8243;][vc_video link=&#8221;https:\/\/youtu.be\/3Oq5EA84Cso?si=eW4iUlrSISA4JqMp&#8221;][\/vc_tta_section][\/vc_tta_accordion][vc_btn title=&#8221;CENA&#8221; style=&#8221;flat&#8221; color=&#8221;primary&#8221; size=&#8221;lg&#8221; align=&#8221;center&#8221; link=&#8221;url:https%3A%2F%2Fmarwis24.pl%2Fpl%2Fp%2FMyjnia-koszowa-automatyczna-MRS-WASH-600-%2F23100649||target:%20_blank|&#8221;][vc_column_text]<\/p>\n<p style=\"text-align: center;\"><span style=\"color: #0066bf;\">Zapytaj o ofert\u0119<br \/>\nZadzwo\u0144!<br \/>\n<strong>Mobile: +48 731 666 100<\/strong><\/span><\/p>\n<p>[\/vc_column_text][\/vc_column][\/vc_row]<\/p>","protected":false},"excerpt":{"rendered":"<p>[vc_row][vc_column][vc_raw_html]JTVCZmxleHlfYnJlYWRjcnVtYiU1RA==[\/vc_raw_html][\/vc_column][\/vc_row][vc_row][vc_column width=&#8221;1\/2&#8243;][\/vc_column][vc_column width=&#8221;1\/2&#8243;][vc_tta_accordion][vc_tta_section title=&#8221;ZASTOSOWANIE&#8221; tab_id=&#8221;1611050130932-cc5a4393-a8f3&#8243;][vc_column_text] Myjnia koszowa MRS-Wash to nowoczesne urz\u0105dzenie zaprojektowane do skutecznego czyszczenia du\u017cych i z\u0142o\u017conych element\u00f3w. Rdzeniem urz\u0105dzenia jest nap\u0119dzany silnikiem obrotowy kosz, w kt\u00f3rym proces mycia przebiega w pe\u0142ni automatycznie. Automatyczn\u0105 prac\u0119 systemu wspiera panel sterowania. Dzi\u0119ki precyzyjnie rozmieszczonym dyszom natryskowym czyszczenie jest szybkie, dok\u0142adne i powtarzalne. MRS-Wash to niezawodne rozwi\u0105zanie [&hellip;]<\/p>\n","protected":false},"author":3,"featured_media":0,"parent":1181,"menu_order":0,"comment_status":"closed","ping_status":"open","template":"","meta":[],"_links":{"self":[{"href":"https:\/\/marwis.pl\/pl\/wp-json\/wp\/v2\/pages\/2399"}],"collection":[{"href":"https:\/\/marwis.pl\/pl\/wp-json\/wp\/v2\/pages"}],"about":[{"href":"https:\/\/marwis.pl\/pl\/wp-json\/wp\/v2\/types\/page"}],"author":[{"embeddable":true,"href":"https:\/\/marwis.pl\/pl\/wp-json\/wp\/v2\/users\/3"}],"replies":[{"embeddable":true,"href":"https:\/\/marwis.pl\/pl\/wp-json\/wp\/v2\/comments?post=2399"}],"version-history":[{"count":18,"href":"https:\/\/marwis.pl\/pl\/wp-json\/wp\/v2\/pages\/2399\/revisions"}],"predecessor-version":[{"id":6107,"href":"https:\/\/marwis.pl\/pl\/wp-json\/wp\/v2\/pages\/2399\/revisions\/6107"}],"up":[{"embeddable":true,"href":"https:\/\/marwis.pl\/pl\/wp-json\/wp\/v2\/pages\/1181"}],"wp:attachment":[{"href":"https:\/\/marwis.pl\/pl\/wp-json\/wp\/v2\/media?parent=2399"}],"curies":[{"name":"wp","href":"https:\/\/api.w.org\/{rel}","templated":true}]}}