{"id":2471,"date":"2021-07-20T14:46:54","date_gmt":"2021-07-20T12:46:54","guid":{"rendered":"http:\/\/marwis.zoom.usermd.net\/?page_id=2471"},"modified":"2025-05-29T12:44:28","modified_gmt":"2025-05-29T10:44:28","slug":"stol-ociekowy-do-demontazu-inox","status":"publish","type":"page","link":"https:\/\/marwis.pl\/pl\/stoly-montazowe\/stol-ociekowy-do-demontazu-inox\/","title":{"rendered":"ST\u00d3\u0141 OCIEKOWO-MONTAZOWY INOX 1500X1000"},"content":{"rendered":"<p>[vc_row][vc_column][vc_raw_html]JTVCZmxleHlfYnJlYWRjcnVtYiU1RA==[\/vc_raw_html][\/vc_column][\/vc_row][vc_row][vc_column width=&#8221;1\/2&#8243;]<div id='gallery-1' class='fastgallery fg_style1  '> <div data-img=\"https:\/\/marwis.pl\/wp-content\/uploads\/2021\/07\/stol-1500x1000-inox-1024x1024.jpg\"> <\/div><div data-img=\"https:\/\/marwis.pl\/wp-content\/uploads\/2022\/05\/stol-1500x1000-inox-1024x1024.jpg\"> <\/div><div data-img=\"https:\/\/marwis.pl\/wp-content\/uploads\/2022\/05\/stol-1500x1000-inox-1-1024x1024.jpg\"> <\/div><div data-img=\"https:\/\/marwis.pl\/wp-content\/uploads\/2022\/05\/stol-1500x1000-inox-2-1024x1024.jpg\"> <\/div><div data-img=\"https:\/\/marwis.pl\/wp-content\/uploads\/2022\/05\/stol-1500x1000-inox-3-1024x1024.jpg\"> <\/div><div style=\"clear:both\"><\/div><\/div>[\/vc_column][vc_column width=&#8221;1\/2&#8243;]\r\n    <div class=\"section_title\" style=\"text-align: center; margin: 0px auto 75px; padding: 0;\">\r\n        <h2 style=\"font-size:34px; color: #0066bf; font-weight: 800;\"> ST\u00d3\u0141 OCIEKOWO-MONTA\u017bOWY INOX 1500X1000 <\/h2>\r\n         <div class=\"br\" style=\"margin: 0 auto;\"><\/div>             <\/div>\r\n\r\n    [vc_tta_accordion][vc_tta_section title=&#8221;ZASTOSOWANIE&#8221; tab_id=&#8221;1611050130932-cc5a4393-a8f3&#8243;][vc_column_text]St\u00f3\u0142 ociekowo-monta\u017cowy &#8211; do demonta\u017cu: silnik\u00f3w, g\u0142owic, skrzy\u0144 bieg\u00f3w oraz wielu r\u00f3\u017cnych element\u00f3w i podzespo\u0142\u00f3w, w kt\u00f3rych wyst\u0119puj\u0105 oleje, p\u0142yny i smary.<br \/>\nWykonany ze stali nierdzewnej, odpornej na korozj\u0119, odpornej na: \u015bcieranie, chemikalia, warunki atmosferyczne.[\/vc_column_text][\/vc_tta_section][vc_tta_section title=&#8221;DANE TECHNICZNE&#8221; tab_id=&#8221;1611052357239-a03ddaab-c372&#8243;][vc_column_text]Wysoko\u015b\u0107 ca\u0142kowita 880mm<br \/>\nSzeroko\u015b\u0107 1510mm<br \/>\nG\u0142\u0119boko\u015b\u0107 1010mm<br \/>\nBlat roboczy: 1390x890mm<br \/>\nNo\u015bno\u015b\u0107 500kg[\/vc_column_text][\/vc_tta_section][\/vc_tta_accordion][vc_btn title=&#8221;CENA&#8221; style=&#8221;flat&#8221; color=&#8221;primary&#8221; size=&#8221;lg&#8221; align=&#8221;center&#8221; link=&#8221;url:https%3A%2F%2Fmarwis24.pl%2Fpl%2Fp%2FStol-ociekowy-do-demontazu-INOX-NOWOSC%2F23100685||target:%20_blank|&#8221;][vc_column_text]<\/p>\n<p style=\"text-align: center;\"><span style=\"color: #0066bf;\">Zapytaj o ofert\u0119 dla Ciebie.<\/span><br \/>\n<strong><span style=\"color: #0066bf;\">Zadzwo\u0144! <\/span><\/strong><br \/>\n<strong><span style=\"color: #0066bf;\">MOBILE: +48 781 355 000<\/span><\/strong><\/p>\n<p>[\/vc_column_text][\/vc_column][\/vc_row]<\/p>","protected":false},"excerpt":{"rendered":"<p>[vc_row][vc_column][vc_raw_html]JTVCZmxleHlfYnJlYWRjcnVtYiU1RA==[\/vc_raw_html][\/vc_column][\/vc_row][vc_row][vc_column width=&#8221;1\/2&#8243;][\/vc_column][vc_column width=&#8221;1\/2&#8243;][vc_tta_accordion][vc_tta_section title=&#8221;ZASTOSOWANIE&#8221; tab_id=&#8221;1611050130932-cc5a4393-a8f3&#8243;][vc_column_text]St\u00f3\u0142 ociekowo-monta\u017cowy &#8211; do demonta\u017cu: silnik\u00f3w, g\u0142owic, skrzy\u0144 bieg\u00f3w oraz wielu r\u00f3\u017cnych element\u00f3w i podzespo\u0142\u00f3w, w kt\u00f3rych wyst\u0119puj\u0105 oleje, p\u0142yny i smary. Wykonany ze stali nierdzewnej, odpornej na korozj\u0119, odpornej na: \u015bcieranie, chemikalia, warunki atmosferyczne.[\/vc_column_text][\/vc_tta_section][vc_tta_section title=&#8221;DANE TECHNICZNE&#8221; tab_id=&#8221;1611052357239-a03ddaab-c372&#8243;][vc_column_text]Wysoko\u015b\u0107 ca\u0142kowita 880mm Szeroko\u015b\u0107 1510mm G\u0142\u0119boko\u015b\u0107 1010mm Blat roboczy: 1390x890mm No\u015bno\u015b\u0107 500kg[\/vc_column_text][\/vc_tta_section][\/vc_tta_accordion][vc_btn title=&#8221;CENA&#8221; style=&#8221;flat&#8221; [&hellip;]<\/p>\n","protected":false},"author":3,"featured_media":0,"parent":1351,"menu_order":0,"comment_status":"closed","ping_status":"open","template":"","meta":[],"_links":{"self":[{"href":"https:\/\/marwis.pl\/pl\/wp-json\/wp\/v2\/pages\/2471"}],"collection":[{"href":"https:\/\/marwis.pl\/pl\/wp-json\/wp\/v2\/pages"}],"about":[{"href":"https:\/\/marwis.pl\/pl\/wp-json\/wp\/v2\/types\/page"}],"author":[{"embeddable":true,"href":"https:\/\/marwis.pl\/pl\/wp-json\/wp\/v2\/users\/3"}],"replies":[{"embeddable":true,"href":"https:\/\/marwis.pl\/pl\/wp-json\/wp\/v2\/comments?post=2471"}],"version-history":[{"count":9,"href":"https:\/\/marwis.pl\/pl\/wp-json\/wp\/v2\/pages\/2471\/revisions"}],"predecessor-version":[{"id":5511,"href":"https:\/\/marwis.pl\/pl\/wp-json\/wp\/v2\/pages\/2471\/revisions\/5511"}],"up":[{"embeddable":true,"href":"https:\/\/marwis.pl\/pl\/wp-json\/wp\/v2\/pages\/1351"}],"wp:attachment":[{"href":"https:\/\/marwis.pl\/pl\/wp-json\/wp\/v2\/media?parent=2471"}],"curies":[{"name":"wp","href":"https:\/\/api.w.org\/{rel}","templated":true}]}}