{"id":4000,"date":"2023-01-13T11:23:10","date_gmt":"2023-01-13T10:23:10","guid":{"rendered":"https:\/\/marwis.pl\/?page_id=4000"},"modified":"2023-04-28T12:42:08","modified_gmt":"2023-04-28T10:42:08","slug":"myjki-koszowe","status":"publish","type":"page","link":"https:\/\/marwis.pl\/pl\/myjki-koszowe\/","title":{"rendered":"Myjki koszowe"},"content":{"rendered":"<p>[vc_row][vc_column][vc_column_text][\/vc_column_text][\/vc_column][\/vc_row][vc_row full_width=&#8221;stretch_row&#8221;][vc_column][vc_column_text]<\/p>\n<h1>Myjki koszowe<\/h1>\n<p><strong>Myjka koszowa<\/strong> jest jednym z rodzaj\u00f3w myjek przemys\u0142owych. Ten typ urz\u0105dzenia swoim wygl\u0105dem przypomina zmywark\u0119 \u2013 zamkni\u0119t\u0105, wyposa\u017con\u0105 w lance natryskowe. Na pr\u00f3\u017cno szuka\u0107 tam osobnego pojemnika, beczki na p\u0142yn myj\u0105cy, czy r\u0119cznie sterowanych lanc, jak ma to miejsce np. w przypadku myjek obs\u0142ugiwanych r\u0119cznie przez operatora.<\/p>\n<p>Jak zatem zbudowana jest <strong>myjka koszowa<\/strong>?<\/p>\n<h2>Myjka koszowa typu MRS-WASH<\/h2>\n<p>Za przyk\u0142ad pos\u0142u\u017cy <strong>myjka koszowa<\/strong> MRS-WASH, kt\u00f3ra dost\u0119pna jest w kilku wariantach \u2013 600\/800\/1000\/1200. G\u0142\u00f3wny komponent myjki stanowi korpus, b\u0119d\u0105cy jednocze\u015bnie zbiornikiem cieczy myj\u0105cej. Wewn\u0105trz niego umiejscowiony jest kosz obrotowy wraz z mechanicznym uk\u0142adem nap\u0119dowym. W koszu umieszczane s\u0105 wyroby i elementy przeznaczone do czyszczenia.<\/p>\n<p>Konstrukcja no\u015bna myjki wykonana jest ze spawanej blachy nierdzewnej, dzi\u0119ki czemu charakteryzuje si\u0119 du\u017c\u0105 sztywno\u015bci\u0105. Kszta\u0142t urz\u0105dzenia zosta\u0142 zaprojektowany tak, aby zapewni\u0107 mu odpowiedni\u0105 wytrzyma\u0142o\u015b\u0107. Korpus wyposa\u017cony jest r\u00f3wnie\u017c w pokryw\u0119, kt\u00f3ra posiada zabezpieczenie przed przypadkowym otwarciem podczas mycia. Za czyszczenie zabrudzonych wyrob\u00f3w odpowiedzialny jest uk\u0142ad natryskowy, czyli zestaw wysokich lanc natryskowych. Na \u017cyczenie inwestora mo\u017cliwe jest doposa\u017cenie myjki koszowej w zestaw niskich lanc natryskowych.<\/p>\n<p>Kolejnym wa\u017cnym elementem <strong>myjki koszowej<\/strong> jest szafa sterownicza, w kt\u00f3rej znajduje si\u0119 aparatura zabezpieczaj\u0105ca oraz sterownik elektryczny z dwoma czytelnymi wy\u015bwietlaczami. Podstawowymi funkcjami sterownika s\u0105: kontrola i zarz\u0105dzenie programem mycia, a tak\u017ce regulacja parametr\u00f3w pracy <strong>myjki koszowej<\/strong>, czyli czasu mycia i temperatury p\u0142ynu myj\u0105cego.<\/p>\n<h2>Przydatne funkcje i dodatkowe wyposa\u017cenie <strong>myjki koszowej <\/strong><\/h2>\n<p>Opr\u00f3cz g\u0142\u00f3wnych, najbardziej rzucaj\u0105cych si\u0119 w oczy komponent\u00f3w <strong>myjka koszowa <\/strong>MRS-WASH zawiera kilka innych, \u201eukrytych\u201d element\u00f3w i funkcji.<\/p>\n<p>Niezwykle wa\u017cnym wyposa\u017ceniem urz\u0105dzenia, kt\u00f3re niew\u0105tpliwie wp\u0142ywa na skuteczno\u015b\u0107 mycia, jest grza\u0142ka. Grza\u0142ka podnosi temperatur\u0119 mieszanki myj\u0105cej do warto\u015bci, w kt\u00f3rej p\u0142yn charakteryzuje si\u0119 najlepszymi w\u0142a\u015bciwo\u015bciami czyszcz\u0105cymi i odt\u0142uszczaj\u0105cymi. Niezb\u0119dnym elementem jest tym samym czujnik temperatury, kt\u00f3ry zapewnia utrzymanie sta\u0142ej warto\u015bci temperatury mieszanki. Drugi z czujnik\u00f3w odpowiada za kontrol\u0119 poziomu cieczy w zbiorniku.<\/p>\n<p>Na \u017cyczenie inwestora mo\u017cliwe jest r\u00f3wnie\u017c wyposa\u017cenie myjki koszowej w dodatkowe funkcje i elementy. Opr\u00f3cz wspomnianego ju\u017c zestawu niskich lanc natryskowych dost\u0119pne s\u0105 opcje takie jak: odolejacz ta\u015bmowy i si\u0142owniki pneumatyczne.[\/vc_column_text][\/vc_column][\/vc_row][vc_row full_width=&#8221;stretch_row&#8221;][vc_column][vc_column_text]<\/p>\n<h2>Zalety myjki automatycznej<\/h2>\n<p>Zakup <strong>myjki automatycznej<\/strong> traktujemy raczej jako inwestycj\u0119 w biznes, a nie zachciank\u0119 czy fanaberi\u0119. Tym bardziej zastanawiamy si\u0119, czy warto przeznaczy\u0107 pieni\u0105dze na ten cel i jakie korzy\u015bci mo\u017cne nam przynie\u015b\u0107 to urz\u0105dzenie.<\/p>\n<p>Przed wyborem myjki warto przeanalizowa\u0107, czego oczekujemy od urz\u0105dzenia i czy dany model mo\u017ce spe\u0142ni\u0107 te wymagania. A na jakie potrzeby mo\u017ce odpowiedzie\u0107 myjka automatyczna MRS-WASH?<\/p>\n<h3>Wydajne, ekonomiczne i ekologiczne mycie<\/h3>\n<p><strong>Myjka automatyczna <\/strong>zosta\u0142a opracowana z my\u015bl\u0105 o osi\u0105gni\u0119ciu najwy\u017cszej mo\u017cliwej skuteczno\u015bci mycia. Odpowiednia sekwencja pracy dysz ma za zadanie zapewni\u0107 wydajne czyszczenie i odt\u0142uszczenie zabrudzonych element\u00f3w. Korzystanie ze specjalistycznych \u015brodk\u00f3w przeznaczonych do tego rodzaju myjek sprawia, \u017ce nawet silny brud jest usuwany ju\u017c podczas pierwszego mycia.<\/p>\n<figure id=\"attachment_3996\" aria-describedby=\"caption-attachment-3996\" style=\"width: 1250px\" class=\"wp-caption alignnone\"><img loading=\"lazy\" class=\"wp-image-3996 size-full\" title=\"myjka automatyczna\" src=\"https:\/\/marwis.pl\/wp-content\/uploads\/2023\/01\/myjka.automatyczna.jpg\" alt=\"myjka automatyczna\" width=\"1250\" height=\"833\" srcset=\"https:\/\/marwis.pl\/wp-content\/uploads\/2023\/01\/myjka.automatyczna.jpg 1250w, https:\/\/marwis.pl\/wp-content\/uploads\/2023\/01\/myjka.automatyczna-300x200.jpg 300w, https:\/\/marwis.pl\/wp-content\/uploads\/2023\/01\/myjka.automatyczna-1024x682.jpg 1024w, https:\/\/marwis.pl\/wp-content\/uploads\/2023\/01\/myjka.automatyczna-768x512.jpg 768w, https:\/\/marwis.pl\/wp-content\/uploads\/2023\/01\/myjka.automatyczna-1200x800.jpg 1200w, https:\/\/marwis.pl\/wp-content\/uploads\/2023\/01\/myjka.automatyczna-500x333.jpg 500w\" sizes=\"(max-width: 1250px) 100vw, 1250px\" \/><figcaption id=\"caption-attachment-3996\" class=\"wp-caption-text\">Twoja nowa myjka automatyczna osi\u0105gnie najwy\u017csz\u0105 mo\u017cliw\u0105 skuteczno\u015b\u0107 mycia.<\/figcaption><\/figure>\n<p>[\/vc_column_text][\/vc_column][\/vc_row][vc_row full_width=&#8221;stretch_row&#8221;][vc_column][vc_column_text]<\/p>\n<h3>\u0141atwo\u015b\u0107 obs\u0142ugi<\/h3>\n<p>Praca <strong>myjki automatycznej <\/strong>jest\u2026 automatyczna. Operator nie musi samodzielnie czy\u015bci\u0107 zabrudzonych element\u00f3w. Jego praca ogranicza si\u0119 do u\u0142o\u017cenia ich w koszu, a nast\u0119pnie ustawienia odpowiedniej temperatury i czasu mycia \u2013 reszta dzieje si\u0119 sama!<\/p>\n<h3>Solidna konstrukcja<\/h3>\n<p><strong>Myjka automatyczna <\/strong>zosta\u0142a wykonana z wysokiej jako\u015bci nierdzewnej blachy, a poszczeg\u00f3lne elementy zosta\u0142y ze sob\u0105 zespawane. Jej konstrukcja jest sztywna i porz\u0105dna. Do wytworzenia zbiornika na p\u0142yn myj\u0105cy (wanny) wykorzystano stal kwasoodporna. Dzi\u0119ki wymienionym w\u0142a\u015bciwo\u015bciom myjka jest wytrzyma\u0142a i odporna na uszkodzenia.<\/p>\n<figure id=\"attachment_3997\" aria-describedby=\"caption-attachment-3997\" style=\"width: 1250px\" class=\"wp-caption alignnone\"><img loading=\"lazy\" class=\"wp-image-3997 size-full\" title=\"myjka automatyczna\" src=\"https:\/\/marwis.pl\/wp-content\/uploads\/2023\/01\/myjka-automatyczna.jpg\" alt=\"myjka automatyczna\" width=\"1250\" height=\"833\" srcset=\"https:\/\/marwis.pl\/wp-content\/uploads\/2023\/01\/myjka-automatyczna.jpg 1250w, https:\/\/marwis.pl\/wp-content\/uploads\/2023\/01\/myjka-automatyczna-300x200.jpg 300w, https:\/\/marwis.pl\/wp-content\/uploads\/2023\/01\/myjka-automatyczna-1024x682.jpg 1024w, https:\/\/marwis.pl\/wp-content\/uploads\/2023\/01\/myjka-automatyczna-768x512.jpg 768w, https:\/\/marwis.pl\/wp-content\/uploads\/2023\/01\/myjka-automatyczna-1200x800.jpg 1200w, https:\/\/marwis.pl\/wp-content\/uploads\/2023\/01\/myjka-automatyczna-500x333.jpg 500w\" sizes=\"(max-width: 1250px) 100vw, 1250px\" \/><figcaption id=\"caption-attachment-3997\" class=\"wp-caption-text\">Podstawowym surowcem do wykonania myjki automatycznej jest blacha nierdzewna.<\/figcaption><\/figure>\n<h2>Myjki koszowe<\/h2>\n<p>To kolejne rozwi\u0105zanie, kt\u00f3re znajduje swoje zastosowanie w przemy\u015ble i motoryzacji. S\u0105 one szczeg\u00f3lnie przydatne w przypadku mycia powierzchni, kt\u00f3re s\u0105 trudno dost\u0119pne i wymagaj\u0105 zastosowania odpowiedniego narz\u0119dzia.<br \/>\nMyjki koszowe, jak sama nazwa wskazuje, sk\u0142adaj\u0105 si\u0119 z kosza, na kt\u00f3rym umieszczone jest urz\u0105dzenie do mycia. Kosze te s\u0105 przewa\u017cnie montowane na ramionach maszyn budowlanych, w\u00f3zkach wid\u0142owych, ci\u0105gnikach, czy innych pojazdach przemys\u0142owych. Myjki koszowe umo\u017cliwiaj\u0105 skuteczne mycie element\u00f3w, kt\u00f3re znajduj\u0105 si\u0119 na znacznej wysoko\u015bci, np. elewacji budynk\u00f3w, dach\u00f3w, komin\u00f3w, itp.<\/p>\n<p>Myjki koszowe wyposa\u017cone s\u0105 w specjalne dysze, kt\u00f3re generuj\u0105 wysokie ci\u015bnienie wody, umo\u017cliwiaj\u0105c skuteczne usuni\u0119cie zanieczyszcze\u0144 i brudu. W zale\u017cno\u015bci od potrzeb, mo\u017cna do myjek koszowych zamontowa\u0107 r\u00f3\u017cne typy dysz, dzi\u0119ki czemu mo\u017cna dostosowa\u0107 je do konkretnych zada\u0144.<\/p>\n<p>Myjki koszowe s\u0105 bardzo wydajne i umo\u017cliwiaj\u0105 szybkie wykonanie zada\u0144, kt\u00f3re wymagaj\u0105 czyszczenia powierzchni znajduj\u0105cych si\u0119 na du\u017cej wysoko\u015bci. Dzi\u0119ki nim mo\u017cna zaoszcz\u0119dzi\u0107 czas i zwi\u0119kszy\u0107 bezpiecze\u0144stwo pracy, poniewa\u017c nie ma konieczno\u015bci korzystania z drabiny czy rusztowania.<\/p>\n<p>W przemy\u015ble motoryzacyjnym myjki koszowe znajduj\u0105 swoje zastosowanie przy czyszczeniu wn\u0119trz ci\u0119\u017car\u00f3wek, autobus\u00f3w czy maszyn rolniczych. S\u0105 one przydatne r\u00f3wnie\u017c w warsztatach samochodowych do mycia karoserii oraz do czyszczenia wn\u0119trza hali magazynowej.<\/p>\n<p>Myjki koszowe s\u0105 \u0142atwe w obs\u0142udze, dzi\u0119ki czemu ich u\u017cytkowanie jest bardzo intuicyjne i nie wymaga specjalistycznej wiedzy. S\u0105 one tak\u017ce \u0142atwe w utrzymaniu czysto\u015bci, co jest szczeg\u00f3lnie wa\u017cne dla urz\u0105dze\u0144, kt\u00f3re s\u0142u\u017c\u0105 do czyszczenia powierzchni.<\/p>\n<p>Wa\u017cnym atutem myjek koszowych jest ich mobilno\u015b\u0107. Kosze te mog\u0105 by\u0107 przenoszone z miejsca na miejsce, co pozwala na ich wykorzystanie w r\u00f3\u017cnych miejscach pracy. Dzi\u0119ki temu, \u017ce myjki koszowe s\u0105 stosunkowo lekkie, mo\u017cna je \u0142atwo przewozi\u0107 w poje\u017adzie i przemie\u015bci\u0107 na miejsce pracy.<\/p>\n<p>Myjki koszowe to tak\u017ce ekonomiczne rozwi\u0105zanie, poniewa\u017c ich stosowanie pozwala na znaczne oszcz\u0119dno\u015bci w zu\u017cyciu wody, a tak\u017ce na zmniejszenie koszt\u00f3w zwi\u0105zanych z czyszczeniem powierzchni.<br \/>\nMyjki koszowe to narz\u0119dzia, kt\u00f3re doskonale sprawdz\u0105 si\u0119 w przemy\u015ble i motoryzacji, gdzie konieczne jest skuteczne i szybkie mycie du\u017cych powierzchni. Dzi\u0119ki nim mo\u017cna w \u0142atwy i efektywny spos\u00f3b pozby\u0107 si\u0119 brudu, kurzu, t\u0142uszczu oraz innych zanieczyszcze\u0144 z r\u00f3\u017cnego rodzaju maszyn i urz\u0105dze\u0144, co ma du\u017ce znaczenie dla utrzymania ich sprawno\u015bci oraz bezpiecze\u0144stwa pracy.<\/p>\n<p>Wa\u017cnym aspektem, kt\u00f3ry wyr\u00f3\u017cnia myjki koszowe na tle innych urz\u0105dze\u0144 myj\u0105cych, jest ich mobilno\u015b\u0107 i \u0142atwo\u015b\u0107 manewrowania. S\u0105 one wyposa\u017cone w du\u017ce ko\u0142a, co pozwala na swobodne przemieszczanie si\u0119 po r\u00f3\u017cnych powierzchniach, w tym po nier\u00f3wnym terenie. Dzi\u0119ki temu mo\u017cna z \u0142atwo\u015bci\u0105 dotrze\u0107 do trudno dost\u0119pnych miejsc, takich jak \u015bciany, sufit czy podwieszenia.<\/p>\n<p>Myjki koszowe zazwyczaj posiadaj\u0105 r\u00f3wnie\u017c du\u017c\u0105 moc i wydajno\u015b\u0107, co umo\u017cliwia skuteczne usuwanie brudu nawet z bardzo du\u017cych powierzchni w kr\u00f3tkim czasie. W ich sk\u0142ad wchodzi zazwyczaj pompa wysokoci\u015bnieniowa, kt\u00f3ra generuje strumie\u0144 wody pod wysokim ci\u015bnieniem oraz pojemnik na detergent, kt\u00f3ry u\u0142atwia usuwanie trudnych zanieczyszcze\u0144. Dodatkowo, niekt\u00f3re modele s\u0105 wyposa\u017cone w specjalne dysze, kt\u00f3re umo\u017cliwiaj\u0105 regulacj\u0119 ci\u015bnienia i kszta\u0142tu strumienia, co pozwala na dostosowanie urz\u0105dzenia do konkretnych potrzeb.<\/p>\n<p>Myjki koszowe s\u0105 idealne do mycia r\u00f3\u017cnego rodzaju maszyn, urz\u0105dze\u0144 oraz pojazd\u00f3w. Doskonale sprawdz\u0105 si\u0119 w przemy\u015ble, gdzie konieczne jest szybkie i skuteczne usuwanie zanieczyszcze\u0144 z urz\u0105dze\u0144 produkcyjnych, maszyn przemys\u0142owych, a tak\u017ce w motoryzacji, gdzie wykorzystuje si\u0119 je do mycia ci\u0119\u017car\u00f3wek, autobus\u00f3w, poci\u0105g\u00f3w czy samolot\u00f3w.<\/p>\n<p>Dodatkowo, myjki koszowe s\u0105 tak\u017ce przydatne w rolnictwie, gdzie mo\u017cna ich u\u017cywa\u0107 do mycia maszyn rolniczych, takich jak kombajny, ci\u0105gniki czy prasy. Znajduj\u0105 zastosowanie r\u00f3wnie\u017c w gastronomii, gdzie wykorzystuje si\u0119 je do mycia sprz\u0119tu kuchennego oraz w hotelarstwie, gdzie s\u0105 u\u017cywane do mycia mebli ogrodowych czy basen\u00f3w.<br \/>\nPodsumowuj\u0105c, myjki koszowe to narz\u0119dzia, kt\u00f3re doskonale sprawdz\u0105 si\u0119 w r\u00f3\u017cnych bran\u017cach, gdzie konieczne jest skuteczne i szybkie mycie du\u017cych powierzchni.<\/p>\n<p>Myjki koszowe to specjalistyczne narz\u0119dzia stosowane w przemy\u015ble i motoryzacji, s\u0142u\u017c\u0105ce do mycia i czyszczenia trudno dost\u0119pnych powierzchni. S\u0105 to urz\u0105dzenia, kt\u00f3re pozwala na szybkie i efektywne usuni\u0119cie zanieczyszcze\u0144 z powierzchni, kt\u00f3re trudno jest doczy\u015bci\u0107 za pomoc\u0105 tradycyjnych metod czyszcz\u0105cych. Dzi\u0119ki zastosowaniu myjek koszowych mo\u017cna zaoszcz\u0119dzi\u0107 wiele czasu i pracy, co jest niezwykle wa\u017cne w przypadku produkcji masowej.<\/p>\n<p>Myjki koszowe znajduj\u0105 zastosowanie w wielu bran\u017cach, takich jak przemys\u0142 samochodowy, lotniczy, stoczniowy czy kolejowy. S\u0105 r\u00f3wnie\u017c stosowane w magazynach, halach produkcyjnych, a tak\u017ce w przestrzeniach publicznych, takich jak dworce czy lotniska. Wsz\u0119dzie tam, gdzie istnieje potrzeba szybkiego i skutecznego czyszczenia trudno dost\u0119pnych powierzchni, warto rozwa\u017cy\u0107 zastosowanie myjki koszowej.<\/p>\n<p>W przemy\u015ble samochodowym myjki koszowe s\u0105 cz\u0119sto stosowane do czyszczenia silnik\u00f3w, podwozi, a tak\u017ce element\u00f3w wn\u0119trza samochod\u00f3w. Dzi\u0119ki temu mo\u017cna zwi\u0119kszy\u0107 wydajno\u015b\u0107 pracy i skr\u00f3ci\u0107 czas przestoju pojazd\u00f3w na hali produkcyjnej. Myjki koszowe znajduj\u0105 r\u00f3wnie\u017c zastosowanie w stoczniach, gdzie umo\u017cliwiaj\u0105 skuteczne usuwanie zanieczyszcze\u0144 z powierzchni statk\u00f3w i innych jednostek p\u0142ywaj\u0105cych.<\/p>\n<p>Myjki koszowe to urz\u0105dzenia, kt\u00f3re pozwalaj\u0105 na oszcz\u0119dno\u015b\u0107 wody i detergent\u00f3w. Dzi\u0119ki zastosowaniu specjalistycznych dysz oraz ustawie\u0144 ci\u015bnienia i strumienia wody, mo\u017cna uzyska\u0107 maksymaln\u0105 skuteczno\u015b\u0107 w myciu powierzchni przy minimalnym zu\u017cyciu wody i \u015brodk\u00f3w czyszcz\u0105cych. Jest to rozwi\u0105zanie ekologiczne i oszcz\u0119dne, kt\u00f3re z pewno\u015bci\u0105 zyska uznanie w\u015br\u00f3d ekspert\u00f3w i inwestor\u00f3w.<\/p>\n<p>Warto r\u00f3wnie\u017c podkre\u015bli\u0107, \u017ce myjki koszowe to urz\u0105dzenia, kt\u00f3re pozwalaj\u0105 na zminimalizowanie ryzyka powstawania uszkodze\u0144 powierzchni czyszczonych. Dzi\u0119ki zastosowaniu w\u0142a\u015bciwego ci\u015bnienia wody oraz specjalistycznych dysz, mo\u017cna unikn\u0105\u0107 zarysowa\u0144 i innych uszkodze\u0144 powierzchni, co ma du\u017ce znaczenie w przypadku czyszczenia element\u00f3w wyposa\u017cenia samochodowego czy maszyn przemys\u0142owych.<\/p>\n<p>Podsumowuj\u0105c, myjki koszowe to niezwykle przydatne narz\u0119dzia w przemy\u015ble i motoryzacji, pozwalaj\u0105ce na szybkie i skuteczne czyszczenie trudno dost\u0119pnych powierzchni.[\/vc_column_text][\/vc_column][\/vc_row][vc_column][\/vc_column]<\/p>","protected":false},"excerpt":{"rendered":"<p>[vc_row][vc_column][vc_column_text][\/vc_column_text][\/vc_column][\/vc_row][vc_row full_width=&#8221;stretch_row&#8221;][vc_column][vc_column_text] Myjki koszowe Myjka koszowa jest jednym z rodzaj\u00f3w myjek przemys\u0142owych. Ten typ urz\u0105dzenia swoim wygl\u0105dem przypomina zmywark\u0119 \u2013 zamkni\u0119t\u0105, wyposa\u017con\u0105 w lance natryskowe. Na pr\u00f3\u017cno szuka\u0107 tam osobnego pojemnika, beczki na p\u0142yn myj\u0105cy, czy r\u0119cznie sterowanych lanc, jak ma to miejsce np. w przypadku myjek obs\u0142ugiwanych r\u0119cznie przez operatora. Jak zatem zbudowana jest [&hellip;]<\/p>\n","protected":false},"author":3,"featured_media":0,"parent":0,"menu_order":0,"comment_status":"closed","ping_status":"closed","template":"","meta":[],"_links":{"self":[{"href":"https:\/\/marwis.pl\/pl\/wp-json\/wp\/v2\/pages\/4000"}],"collection":[{"href":"https:\/\/marwis.pl\/pl\/wp-json\/wp\/v2\/pages"}],"about":[{"href":"https:\/\/marwis.pl\/pl\/wp-json\/wp\/v2\/types\/page"}],"author":[{"embeddable":true,"href":"https:\/\/marwis.pl\/pl\/wp-json\/wp\/v2\/users\/3"}],"replies":[{"embeddable":true,"href":"https:\/\/marwis.pl\/pl\/wp-json\/wp\/v2\/comments?post=4000"}],"version-history":[{"count":2,"href":"https:\/\/marwis.pl\/pl\/wp-json\/wp\/v2\/pages\/4000\/revisions"}],"predecessor-version":[{"id":4039,"href":"https:\/\/marwis.pl\/pl\/wp-json\/wp\/v2\/pages\/4000\/revisions\/4039"}],"wp:attachment":[{"href":"https:\/\/marwis.pl\/pl\/wp-json\/wp\/v2\/media?parent=4000"}],"curies":[{"name":"wp","href":"https:\/\/api.w.org\/{rel}","templated":true}]}}