{"id":4044,"date":"2023-05-09T10:34:53","date_gmt":"2023-05-09T08:34:53","guid":{"rendered":"https:\/\/marwis.pl\/?page_id=4044"},"modified":"2026-04-16T14:37:54","modified_gmt":"2026-04-16T12:37:54","slug":"mrs-felgen-cleaner","status":"publish","type":"page","link":"https:\/\/marwis.pl\/pl\/wanna-do-wytrawiania-felg\/mrs-felgen-cleaner\/","title":{"rendered":"Wanna do odlakierowywania felg MRS Felgen Cleaner"},"content":{"rendered":"<p>[vc_row][vc_column][vc_raw_html]JTVCZmxleHlfYnJlYWRjcnVtYiU1RA==[\/vc_raw_html][\/vc_column][\/vc_row][vc_row][vc_column width=&#8221;1\/2&#8243;]<div id='gallery-1' class='fastgallery fg_style1  '> <div data-img=\"https:\/\/marwis.pl\/wp-content\/uploads\/2023\/02\/DSC06776-1024x684.jpg\"> <\/div><div data-img=\"https:\/\/marwis.pl\/wp-content\/uploads\/2023\/02\/DSC06728-1024x684.jpg\"> <\/div><div data-img=\"https:\/\/marwis.pl\/wp-content\/uploads\/2023\/02\/DSC06742-1024x684.jpg\"> <\/div><div style=\"clear:both\"><\/div><\/div>[\/vc_column][vc_column width=&#8221;1\/2&#8243;]\r\n    <div class=\"section_title\" style=\"text-align: center; margin: 0px auto 75px; padding: 0;\">\r\n        <h2 style=\"font-size:34px; color: #0066bf; font-weight: 800;\"> MRS Felgen Cleaner <\/h2>\r\n         <div class=\"br\" style=\"margin: 0 auto;\"><\/div>             <\/div>\r\n\r\n    [vc_tta_accordion][vc_tta_section title=&#8221;ZASTOSOWANIE&#8221; tab_id=&#8221;1611050130932-cc5a4393-a8f3&#8243;][vc_column_text]<\/p>\n<div class=\"tab\">\n<div id=\"tab-1\" class=\"tab-content\">\n<p>Felgen Cleaner to wanna do usuwania pow\u0142ok lakierniczych. Znajdzie zastosowanie przy renowacji felg, szczeg\u00f3lnie o skomplikowanym wzorze.<\/p>\n<\/div>\n<\/div>\n<p>[\/vc_column_text][\/vc_tta_section][vc_tta_section title=&#8221;OPIS DZIA\u0141ANIA&#8221; tab_id=&#8221;1611050130945-8641945f-6d2e&#8221;][vc_column_text]Wytrawianie felg, czyli oczyszczanie z pozosta\u0142o\u015bci przy pomocy k\u0105pieli chemicznej. To proces, kt\u00f3ry usuwa wszystkie warstwy lakieru z powierzchni felgi.<\/p>\n<p>To urz\u0105dzenie mieszcz\u0105ce oko\u0142o 800 litr\u00f3w p\u0142ynu, wyposa\u017cone w uk\u0142ad kontroli temperatury i czasu k\u0105pieli. Dodatkowo zastosowany p\u0142aszcz olejowy, zapewnia r\u00f3wnomierny rozk\u0142ad temperatury wewn\u0105trz wanny. Takie rozwi\u0105zanie umo\u017cliwia stosowanie chemii praktycznie ka\u017cdego z\u00a0 producent\u00f3w nawet w osiemdziesi\u0119ciu stopniach. Posiada wyci\u0105gark\u0119: zintegrowany mechanizm podnoszenia i opuszczania wsadu, pozwalaj\u0105cy na umieszczenie felg wewn\u0105trz bez pomocy urz\u0105dze\u0144 zewn\u0119trznych, co stanowi autonomiczne rozwi\u0105zanie warsztatowe.<\/p>\n<p>Felgen Cleaner wyposa\u017c\u00f3ny jest w:<\/p>\n<p>panel sterowania<br \/>\nmieszad\u0142o<br \/>\ngrza\u0142ki<br \/>\nzaw\u00f3r spustowy<br \/>\nklap\u0119<br \/>\nzbiornik<br \/>\nwyci\u0105gark\u0119[\/vc_column_text][\/vc_tta_section][vc_tta_section title=&#8221;DANE TECHNICZNE&#8221; tab_id=&#8221;1611052357239-a03ddaab-c372&#8243;][vc_column_text]Zasilanie: 400\/230V 50Hz<br \/>\nWymiary ca\u0142kowite [SZxGxW] : 2200\/1050\/2300mm<br \/>\nWymiary zbiornika [SZxGxW] : 1490\/750\/750mm<br \/>\nWymiary kosza [SZxGxW] : 1275\/615\/155mm<br \/>\nNo\u015bno\u015b\u0107 kosza: 150kg<br \/>\nProgramowanie czasu pracy: 0-99min<br \/>\nPojemno\u015b\u0107 zbiornika: 800L<br \/>\nTemperatura mycia: 90 \u00b0C<br \/>\nMoc grza\u0142ek: 3 x 4kW[\/vc_column_text][\/vc_tta_section][vc_tta_section title=&#8221;OPCJE DODATKOWE&#8221; tab_id=&#8221;1748411804229-20b176a5-d3f4&#8243;][vc_column_text]Kosz na drobne elementy[\/vc_column_text][\/vc_tta_section][vc_tta_section title=&#8221;FILM&#8221; tab_id=&#8221;1613475586868-0a042baf-3b3a&#8221;][vc_video link=&#8221;https:\/\/www.youtube.com\/watch?v=RDY1-xVe5Uk&#8221;][\/vc_tta_section][\/vc_tta_accordion][vc_btn title=&#8221;CENA&#8221; style=&#8221;flat&#8221; color=&#8221;primary&#8221; size=&#8221;lg&#8221; align=&#8221;center&#8221; link=&#8221;url:https%3A%2F%2Fmarwis24.pl%2Fpl%2Fp%2FWanna-do-odlakierowywania-felg-MRS-Felgen-Cleaner-%2F23100754||target:%20_blank|&#8221;][vc_column_text]<\/p>\n<p style=\"text-align: center;\"><strong><span style=\"color: #0066bf;\">Zapytaj o ofert\u0119 dla Ciebie.<\/span><\/strong><br \/>\n<strong><span style=\"color: #0066bf;\">Zadzwo\u0144! <\/span><\/strong><br \/>\n<strong><span style=\"color: #0066bf;\">Mobile: +731 666 100<\/span><\/strong><\/p>\n<p>[\/vc_column_text][vc_btn title=&#8221;Pliki do pobrania&#8221; color=&#8221;primary&#8221; size=&#8221;lg&#8221; link=&#8221;url:https%3A%2F%2Fmxuridkelj.cfolks.pl%2Fkatalog%2Ffelgen.pdf|||&#8221;][\/vc_column][\/vc_row]<\/p>","protected":false},"excerpt":{"rendered":"<p>[vc_row][vc_column][vc_raw_html]JTVCZmxleHlfYnJlYWRjcnVtYiU1RA==[\/vc_raw_html][\/vc_column][\/vc_row][vc_row][vc_column width=&#8221;1\/2&#8243;][\/vc_column][vc_column width=&#8221;1\/2&#8243;][vc_tta_accordion][vc_tta_section title=&#8221;ZASTOSOWANIE&#8221; tab_id=&#8221;1611050130932-cc5a4393-a8f3&#8243;][vc_column_text] Felgen Cleaner to wanna do usuwania pow\u0142ok lakierniczych. Znajdzie zastosowanie przy renowacji felg, szczeg\u00f3lnie o skomplikowanym wzorze. [\/vc_column_text][\/vc_tta_section][vc_tta_section title=&#8221;OPIS DZIA\u0141ANIA&#8221; tab_id=&#8221;1611050130945-8641945f-6d2e&#8221;][vc_column_text]Wytrawianie felg, czyli oczyszczanie z pozosta\u0142o\u015bci przy pomocy k\u0105pieli chemicznej. To proces, kt\u00f3ry usuwa wszystkie warstwy lakieru z powierzchni felgi. To urz\u0105dzenie mieszcz\u0105ce oko\u0142o 800 litr\u00f3w p\u0142ynu, wyposa\u017cone w uk\u0142ad [&hellip;]<\/p>\n","protected":false},"author":3,"featured_media":0,"parent":1358,"menu_order":0,"comment_status":"closed","ping_status":"open","template":"","meta":[],"_links":{"self":[{"href":"https:\/\/marwis.pl\/pl\/wp-json\/wp\/v2\/pages\/4044"}],"collection":[{"href":"https:\/\/marwis.pl\/pl\/wp-json\/wp\/v2\/pages"}],"about":[{"href":"https:\/\/marwis.pl\/pl\/wp-json\/wp\/v2\/types\/page"}],"author":[{"embeddable":true,"href":"https:\/\/marwis.pl\/pl\/wp-json\/wp\/v2\/users\/3"}],"replies":[{"embeddable":true,"href":"https:\/\/marwis.pl\/pl\/wp-json\/wp\/v2\/comments?post=4044"}],"version-history":[{"count":30,"href":"https:\/\/marwis.pl\/pl\/wp-json\/wp\/v2\/pages\/4044\/revisions"}],"predecessor-version":[{"id":6611,"href":"https:\/\/marwis.pl\/pl\/wp-json\/wp\/v2\/pages\/4044\/revisions\/6611"}],"up":[{"embeddable":true,"href":"https:\/\/marwis.pl\/pl\/wp-json\/wp\/v2\/pages\/1358"}],"wp:attachment":[{"href":"https:\/\/marwis.pl\/pl\/wp-json\/wp\/v2\/media?parent=4044"}],"curies":[{"name":"wp","href":"https:\/\/api.w.org\/{rel}","templated":true}]}}