{"id":4054,"date":"2023-05-23T12:22:17","date_gmt":"2023-05-23T10:22:17","guid":{"rendered":"https:\/\/marwis.pl\/?page_id=4054"},"modified":"2025-06-02T11:41:47","modified_gmt":"2025-06-02T09:41:47","slug":"stol-narzedziowy-do-dpf","status":"publish","type":"page","link":"https:\/\/marwis.pl\/pl\/stoly-montazowe\/stol-narzedziowy-do-dpf\/","title":{"rendered":"St\u00f3\u0142 narz\u0119dziowy do DPF 2000x940mm"},"content":{"rendered":"<p>[vc_row][vc_column][vc_raw_html]JTVCZmxleHlfYnJlYWRjcnVtYiU1RA==[\/vc_raw_html][\/vc_column][\/vc_row][vc_row][vc_column width=&#8221;1\/2&#8243;]<div id='gallery-1' class='fastgallery fg_style1  '> <div data-img=\"https:\/\/marwis.pl\/wp-content\/uploads\/2023\/05\/stol-dpf-mrs-clean_-1024x1024.jpg\"> <\/div><div data-img=\"https:\/\/marwis.pl\/wp-content\/uploads\/2023\/05\/STOL-DO-DPF-1024x1024.jpg\"> <\/div><div data-img=\"https:\/\/marwis.pl\/wp-content\/uploads\/2023\/05\/stol-dpf-mrs-clean_1-1024x1024.jpg\"> <\/div><div data-img=\"https:\/\/marwis.pl\/wp-content\/uploads\/2023\/05\/stol-dpf-mrs-clean_2-1024x1024.jpg\"> <\/div><div data-img=\"https:\/\/marwis.pl\/wp-content\/uploads\/2023\/05\/stol-dpf-mrs-clean_3-1024x1024.jpg\"> <\/div><div style=\"clear:both\"><\/div><\/div>[\/vc_column][vc_column width=&#8221;1\/2&#8243;]\r\n    <div class=\"section_title\" style=\"text-align: center; margin: 0px auto 75px; padding: 0;\">\r\n        <h2 style=\"font-size:34px; color: #0066bf; font-weight: 800;\"> ST\u00d3\u0141 NARZ\u0118DZIOWY DO DPF <\/h2>\r\n         <div class=\"br\" style=\"margin: 0 auto;\"><\/div>             <\/div>\r\n\r\n    [vc_tta_accordion][vc_tta_section title=&#8221;ZASTOSOWANIE&#8221; tab_id=&#8221;1611050130932-cc5a4393-a8f3&#8243;][vc_column_text]Solidna konstrukcja zapewnia stabilno\u015b\u0107 i bezpiecze\u0144stwo pracy nawet przy du\u017cych obci\u0105\u017ceniach \u2013 blat roboczy wytrzymuje do 1000 kg. St\u00f3\u0142 w ca\u0142o\u015bci pokryty jest trwa\u0142\u0105 pow\u0142ok\u0105 malowania proszkowego, a jego blat zabezpieczono wysokiej jako\u015bci gum\u0105 odporn\u0105 na uszkodzenia mechaniczne. Wyposa\u017cenie obejmuje praktyczn\u0105 tablic\u0119 narz\u0119dziow\u0105, dwie pojemne szuflady oraz funkcjonaln\u0105 szafk\u0119 podzielon\u0105 na dwie cz\u0119\u015bci. Co wa\u017cne, szafk\u0119 mo\u017cna zamontowa\u0107 zar\u00f3wno po lewej, jak i prawej stronie \u2013 zgodnie z preferencj\u0105 u\u017cytkownika. Ten warsztatowy st\u00f3\u0142 narz\u0119dziowy to idealny wyb\u00f3r dla profesjonalist\u00f3w ceni\u0105cych trwa\u0142o\u015b\u0107, ergonomi\u0119 i mo\u017cliwo\u015b\u0107 personalizacji. \u015awietnie sprawdzi si\u0119 w zak\u0142adach produkcyjnych, serwisach oraz w warsztatach rzemie\u015blniczych.[\/vc_column_text][\/vc_tta_section][vc_tta_section title=&#8221;DANE TECHNICZNE&#8221; tab_id=&#8221;1611052357239-a03ddaab-c372&#8243;][vc_column_text]G\u0142\u0119boko\u015b\u0107: 2000mm<br \/>\nSzeroko\u015b\u0107:940mm<br \/>\nWysoko\u015b\u0107 ca\u0142kowita (z tablic\u0105):1830mm<br \/>\nNo\u015bno\u015b\u0107: do 1000kg<br \/>\nWaga: 150kg<\/p>\n<p>Szuflady (2szt.):<br \/>\nG\u0142\u0119boko\u015b\u0107:460mm<br \/>\nSzeroko\u015b\u0107:300mm<\/p>\n<p>Szafka (z mo\u017cliwo\u015bci\u0105 monta\u017cu po lewej lub prawej stronie):<br \/>\nG\u0142\u0119boko\u015b\u0107:480mm<br \/>\nSzeroko\u015b\u0107:440mm<br \/>\nWysoko\u015b\u0107:520mm<\/p>\n<p>[\/vc_column_text][\/vc_tta_section][\/vc_tta_accordion][vc_btn title=&#8221;CENA&#8221; style=&#8221;flat&#8221; color=&#8221;primary&#8221; size=&#8221;lg&#8221; align=&#8221;center&#8221; link=&#8221;url:https%3A%2F%2Fmarwis24.pl%2Fpl%2Fp%2FStol-warsztatowy-narzedziowy-2000x940x1830-do-DPF%2F23100750||target:%20_blank|&#8221;][vc_column_text]<\/p>\n<p style=\"text-align: center;\"><span style=\"color: #0066bf;\">Zapytaj o ofert\u0119 dla Ciebie.<\/span><br \/>\n<strong><span style=\"color: #0066bf;\">Zadzwo\u0144! <\/span><\/strong><br \/>\n<strong><span style=\"color: #0066bf;\">Mobile: +48 781 355 000<\/span><\/strong><\/p>\n<p>[\/vc_column_text][\/vc_column][\/vc_row]<\/p>","protected":false},"excerpt":{"rendered":"<p>[vc_row][vc_column][vc_raw_html]JTVCZmxleHlfYnJlYWRjcnVtYiU1RA==[\/vc_raw_html][\/vc_column][\/vc_row][vc_row][vc_column width=&#8221;1\/2&#8243;][\/vc_column][vc_column width=&#8221;1\/2&#8243;][vc_tta_accordion][vc_tta_section title=&#8221;ZASTOSOWANIE&#8221; tab_id=&#8221;1611050130932-cc5a4393-a8f3&#8243;][vc_column_text]Solidna konstrukcja zapewnia stabilno\u015b\u0107 i bezpiecze\u0144stwo pracy nawet przy du\u017cych obci\u0105\u017ceniach \u2013 blat roboczy wytrzymuje do 1000 kg. St\u00f3\u0142 w ca\u0142o\u015bci pokryty jest trwa\u0142\u0105 pow\u0142ok\u0105 malowania proszkowego, a jego blat zabezpieczono wysokiej jako\u015bci gum\u0105 odporn\u0105 na uszkodzenia mechaniczne. Wyposa\u017cenie obejmuje praktyczn\u0105 tablic\u0119 narz\u0119dziow\u0105, dwie pojemne szuflady oraz funkcjonaln\u0105 szafk\u0119 podzielon\u0105 na [&hellip;]<\/p>\n","protected":false},"author":3,"featured_media":0,"parent":1351,"menu_order":0,"comment_status":"closed","ping_status":"open","template":"","meta":[],"_links":{"self":[{"href":"https:\/\/marwis.pl\/pl\/wp-json\/wp\/v2\/pages\/4054"}],"collection":[{"href":"https:\/\/marwis.pl\/pl\/wp-json\/wp\/v2\/pages"}],"about":[{"href":"https:\/\/marwis.pl\/pl\/wp-json\/wp\/v2\/types\/page"}],"author":[{"embeddable":true,"href":"https:\/\/marwis.pl\/pl\/wp-json\/wp\/v2\/users\/3"}],"replies":[{"embeddable":true,"href":"https:\/\/marwis.pl\/pl\/wp-json\/wp\/v2\/comments?post=4054"}],"version-history":[{"count":7,"href":"https:\/\/marwis.pl\/pl\/wp-json\/wp\/v2\/pages\/4054\/revisions"}],"predecessor-version":[{"id":5583,"href":"https:\/\/marwis.pl\/pl\/wp-json\/wp\/v2\/pages\/4054\/revisions\/5583"}],"up":[{"embeddable":true,"href":"https:\/\/marwis.pl\/pl\/wp-json\/wp\/v2\/pages\/1351"}],"wp:attachment":[{"href":"https:\/\/marwis.pl\/pl\/wp-json\/wp\/v2\/media?parent=4054"}],"curies":[{"name":"wp","href":"https:\/\/api.w.org\/{rel}","templated":true}]}}