{"id":4113,"date":"2023-11-17T14:43:02","date_gmt":"2023-11-17T13:43:02","guid":{"rendered":"https:\/\/marwis.pl\/?page_id=4113"},"modified":"2026-02-10T14:20:17","modified_gmt":"2026-02-10T13:20:17","slug":"dryer-dpf-solo","status":"publish","type":"page","link":"https:\/\/marwis.pl\/pl\/urzadzenia-do-regeneracji-dpf-fap\/dryer-dpf-solo\/","title":{"rendered":"Dryer DPF Solo"},"content":{"rendered":"<p>[vc_row][vc_column][vc_raw_html]JTVCZmxleHlfYnJlYWRjcnVtYiU1RA==[\/vc_raw_html][\/vc_column][\/vc_row][vc_row][vc_column width=&#8221;1\/2&#8243;]<div id='gallery-1' class='fastgallery fg_style1  '> <div data-img=\"https:\/\/marwis.pl\/wp-content\/uploads\/2023\/11\/DSC03862-1024x1024.jpg\"> <\/div><div data-img=\"https:\/\/marwis.pl\/wp-content\/uploads\/2023\/11\/DSC03870-1024x1024.jpg\"> <\/div><div data-img=\"https:\/\/marwis.pl\/wp-content\/uploads\/2023\/11\/DSC03898-1024x1024.jpg\"> <\/div><div data-img=\"https:\/\/marwis.pl\/wp-content\/uploads\/2023\/11\/DSC03921-1024x1024.jpg\"> <\/div><div data-img=\"https:\/\/marwis.pl\/wp-content\/uploads\/2023\/11\/DSC03912-1024x1024.png\"> <\/div><div style=\"clear:both\"><\/div><\/div>[\/vc_column][vc_column width=&#8221;1\/2&#8243;]\r\n    <div class=\"section_title\" style=\"text-align: center; margin: 0px auto 75px; padding: 0;\">\r\n        <h2 style=\"font-size:34px; color: #0066bf; font-weight: 800;\"> Dryer DPF Solo <\/h2>\r\n         <div class=\"br\" style=\"margin: 0 auto;\"><\/div>             <\/div>\r\n\r\n    [vc_tta_accordion][vc_tta_section title=&#8221;OPIS DZIA\u0141ANIA&#8221; tab_id=&#8221;1611050130945-8641945f-6d2e&#8221;][vc_column_text]<\/p>\n<div class=\"x11i5rnm xat24cr x1mh8g0r x1vvkbs xtlvy1s x126k92a\">\n<p>Niezale\u017cne urz\u0105dzenie susz\u0105ce do filtr\u00f3w DPF<\/p>\n<p>Profesjonalna suszarka przeznaczona do ko\u0144cowego etapu regeneracji filtr\u00f3w cz\u0105stek sta\u0142ych (DPF, FAP, KAT, SCR). Stanowi idealne uzupe\u0142nienie stanowiska czyszcz\u0105cego dla warsztat\u00f3w i firm, kt\u00f3re posiadaj\u0105 ju\u017c urz\u0105dzenie do mycia filtr\u00f3w i chc\u0105 zwi\u0119kszy\u0107 wydajno\u015b\u0107 procesu regeneracji. Urz\u0105dzenie umo\u017cliwia r\u00f3wnoleg\u0142e suszenie filtr\u00f3w niezale\u017cnie od cyklu mycia, co znacz\u0105co skraca czas realizacji us\u0142ugi i pozwala na obs\u0142ug\u0119 wi\u0119kszej liczby zlece\u0144 w ci\u0105gu dnia. Zastosowanie znajdzie przy obs\u0142udze\u00a0filtr\u00f3w z pojazd\u00f3w osobowych, dostawczych i ci\u0119\u017carowych.<br \/>\nDedykowane dla warsztat\u00f3w o wysokim obci\u0105\u017ceniu pracy.<\/p>\n<p>Korzy\u015bci funkcjonalne:<\/p>\n<p>Skr\u00f3cenie czasu cyklu regeneracji dzi\u0119ki r\u00f3wnoczesnemu suszeniu.<br \/>\nOptymalizacja organizacji pracy przy du\u017cej liczbie filtr\u00f3w.<br \/>\nKompaktowa, ergonomiczna konstrukcja u\u0142atwiaj\u0105ca integracj\u0119 z istniej\u0105cym stanowiskiem.<\/p>\n<\/div>\n<p>[\/vc_column_text][\/vc_tta_section][vc_tta_section title=&#8221;DANE TECHNICZNE&#8221; tab_id=&#8221;1747659210289-44edbbed-da4f&#8221;][vc_column_text]<\/p>\n<div class=\"x11i5rnm xat24cr x1mh8g0r x1vvkbs xtlvy1s x126k92a\">\n<p>Szeroko\u015b\u0107: 1220mm<br \/>\nG\u0142\u0119boko\u015b\u0107: 1360mm<br \/>\nWysoko\u015b\u0107: 2500mm<br \/>\nObszar roboczy : 1000x880mm<br \/>\nTemperatura suszenia &#8211; 90\u00b0C<br \/>\nMoc grza\u0142ki: 6kW<br \/>\nMoc turbiny: 4kW<br \/>\nNapi\u0119cie zasilania: 3-400V<br \/>\nStopie\u0144 bezpiecze\u0144stwa: IP54<br \/>\nO\u015bwietlenie: LED<br \/>\nMoc maksymalna: 10kW<br \/>\nZalecany wy\u0142\u0105cznik nadpr\u0105dowy: C25 lub C32<\/p>\n<\/div>\n<p>[\/vc_column_text][\/vc_tta_section][\/vc_tta_accordion][vc_btn title=&#8221;CENA&#8221; style=&#8221;flat&#8221; color=&#8221;primary&#8221; size=&#8221;lg&#8221; align=&#8221;center&#8221; link=&#8221;url:https%3A%2F%2Fmarwis24.pl%2Fpl%2Fp%2FDryer-DPF-solo-Niezalezna-suszarka-%2F23100755||target:%20_blank|&#8221;][vc_column_text]<\/p>\n<p style=\"text-align: center;\"><span style=\"color: #0066bf;\">Zapytaj o ofert\u0119 dla Ciebie.<\/span><br \/>\n<strong><span style=\"color: #0066bf;\">Zadzwo\u0144! <\/span><\/strong><br \/>\n<strong><span style=\"color: #0066bf;\">Mobil: +48\u00a0 781 355 000<\/span><\/strong><\/p>\n<p>[\/vc_column_text][\/vc_column][\/vc_row]<\/p>","protected":false},"excerpt":{"rendered":"<p>[vc_row][vc_column][vc_raw_html]JTVCZmxleHlfYnJlYWRjcnVtYiU1RA==[\/vc_raw_html][\/vc_column][\/vc_row][vc_row][vc_column width=&#8221;1\/2&#8243;][\/vc_column][vc_column width=&#8221;1\/2&#8243;][vc_tta_accordion][vc_tta_section title=&#8221;OPIS DZIA\u0141ANIA&#8221; tab_id=&#8221;1611050130945-8641945f-6d2e&#8221;][vc_column_text] Niezale\u017cne urz\u0105dzenie susz\u0105ce do filtr\u00f3w DPF Profesjonalna suszarka przeznaczona do ko\u0144cowego etapu regeneracji filtr\u00f3w cz\u0105stek sta\u0142ych (DPF, FAP, KAT, SCR). Stanowi idealne uzupe\u0142nienie stanowiska czyszcz\u0105cego dla warsztat\u00f3w i firm, kt\u00f3re posiadaj\u0105 ju\u017c urz\u0105dzenie do mycia filtr\u00f3w i chc\u0105 zwi\u0119kszy\u0107 wydajno\u015b\u0107 procesu regeneracji. Urz\u0105dzenie umo\u017cliwia r\u00f3wnoleg\u0142e suszenie filtr\u00f3w niezale\u017cnie od [&hellip;]<\/p>\n","protected":false},"author":3,"featured_media":0,"parent":1246,"menu_order":0,"comment_status":"closed","ping_status":"open","template":"","meta":[],"_links":{"self":[{"href":"https:\/\/marwis.pl\/pl\/wp-json\/wp\/v2\/pages\/4113"}],"collection":[{"href":"https:\/\/marwis.pl\/pl\/wp-json\/wp\/v2\/pages"}],"about":[{"href":"https:\/\/marwis.pl\/pl\/wp-json\/wp\/v2\/types\/page"}],"author":[{"embeddable":true,"href":"https:\/\/marwis.pl\/pl\/wp-json\/wp\/v2\/users\/3"}],"replies":[{"embeddable":true,"href":"https:\/\/marwis.pl\/pl\/wp-json\/wp\/v2\/comments?post=4113"}],"version-history":[{"count":19,"href":"https:\/\/marwis.pl\/pl\/wp-json\/wp\/v2\/pages\/4113\/revisions"}],"predecessor-version":[{"id":6295,"href":"https:\/\/marwis.pl\/pl\/wp-json\/wp\/v2\/pages\/4113\/revisions\/6295"}],"up":[{"embeddable":true,"href":"https:\/\/marwis.pl\/pl\/wp-json\/wp\/v2\/pages\/1246"}],"wp:attachment":[{"href":"https:\/\/marwis.pl\/pl\/wp-json\/wp\/v2\/media?parent=4113"}],"curies":[{"name":"wp","href":"https:\/\/api.w.org\/{rel}","templated":true}]}}