{"id":4411,"date":"2024-11-25T14:35:02","date_gmt":"2024-11-25T13:35:02","guid":{"rendered":"https:\/\/marwis.pl\/?page_id=4411"},"modified":"2026-03-05T08:18:45","modified_gmt":"2026-03-05T07:18:45","slug":"stol-szlifierski-profi-szlif-1200","status":"publish","type":"page","link":"https:\/\/marwis.pl\/pl\/stoly-szlifierskie\/stol-szlifierski-profi-szlif-1200\/","title":{"rendered":"St\u00f3\u0142 szlifierski PROFI SZLIF 1200"},"content":{"rendered":"<p>[vc_row][vc_column][vc_raw_html]JTVCZmxleHlfYnJlYWRjcnVtYiU1RA==[\/vc_raw_html][\/vc_column][\/vc_row][vc_row][vc_column width=&#8221;1\/2&#8243;]<div id='gallery-1' class='fastgallery fg_style1  '> <div data-img=\"https:\/\/marwis.pl\/wp-content\/uploads\/2026\/03\/1-Profi-Szlif-1600-naklejka-1024x1024.jpg\"> <\/div><div data-img=\"https:\/\/marwis.pl\/wp-content\/uploads\/2026\/03\/DSC00954-cut-cor-1024x684.jpg\"> <\/div><div data-img=\"https:\/\/marwis.pl\/wp-content\/uploads\/2026\/03\/DSC00935-cut-cor-1024x684.jpg\"> <\/div><div data-img=\"https:\/\/marwis.pl\/wp-content\/uploads\/2026\/03\/DSC00896-cor-1024x1024.png\"> <\/div><div data-img=\"https:\/\/marwis.pl\/wp-content\/uploads\/2026\/03\/DSC00919-cor-684x1024.jpg\"> <\/div><div style=\"clear:both\"><\/div><\/div>[\/vc_column][vc_column width=&#8221;1\/2&#8243;]\r\n    <div class=\"section_title\" style=\"text-align: center; margin: 0px auto 75px; padding: 0;\">\r\n        <h2 style=\"font-size:34px; color: #0066bf; font-weight: 800;\"> PROFI SZLIF 1200 <\/h2>\r\n         <div class=\"br\" style=\"margin: 0 auto;\"><\/div>             <\/div>\r\n\r\n    [vc_tta_accordion][vc_tta_section title=&#8221;ZASTOSOWANIE&#8221; tab_id=&#8221;1611050130932-cc5a4393-a8f3&#8243;][vc_column_text]St\u00f3\u0142 szlifierski zbudowany jest ze specjalnie dobranego gatunku stali o grubo\u015bci do 2mm. Jego konstrukcja w ca\u0142o\u015bci spawana, zapewnia d\u0142ug\u0105 \u017cywotno\u015b\u0107, a lakierowanie metod\u0105 proszkow\u0105 chroni przed korozj\u0105. Dzi\u0119ki prezentowanemu produktowi s\u0105 Pa\u0144stwo w stanie wyposa\u017cy\u0107 stanowisko pracy w sprz\u0119t, zgodny z obowi\u0105zuj\u0105cymi przepisami BHP. Sto\u0142y szlifierskie firmy MARWIS pozwalaj\u0105 zachowa\u0107 odpowiednie bezpiecze\u0144stwo w trakcie procesu obr\u00f3bki. Umo\u017cliwiaj\u0105 tak\u017ce wygodn\u0105 i wydajn\u0105 prac\u0119.<\/p>\n<p>St\u00f3\u0142 Profi Szlif 1200 posiada du\u017cy blat roboczy wykonany ze stalowej, cynkowanej kratownicy oraz 2 lampki LED. Zsyp wyposa\u017cony jest w dwie szuflady na py\u0142 i opi\u0142ki. Otwierane \u015bcianki boczne pozwalaj\u0105 na obr\u00f3bk\u0119 du\u017cych element\u00f3w. \u015acianki boczne zawieraj\u0105 materia\u0142 g\u0142usz\u0105cy. St\u00f3\u0142 wyposa\u017cony jest w 3 gniazda elektryczne.[\/vc_column_text][\/vc_tta_section][vc_tta_section title=&#8221;DANE TECHNICZNE&#8221; tab_id=&#8221;1611052357239-a03ddaab-c372&#8243;][vc_column_text]Wysoko\u015b\u0107 ca\u0142k.:1750mm<br \/>\nSzeroko\u015b\u0107: 1180mm<br \/>\nG\u0142\u0119boko\u015b\u0107: 980mm<br \/>\nNo\u015bno\u015b\u0107: 200kg<br \/>\nWaga: 260kg<br \/>\n\u015arednica otworu na odci\u0105g:155mm[\/vc_column_text][\/vc_tta_section][\/vc_tta_accordion][vc_btn title=&#8221;CENA&#8221; style=&#8221;flat&#8221; color=&#8221;primary&#8221; size=&#8221;lg&#8221; align=&#8221;center&#8221; link=&#8221;url:https%3A%2F%2Fmarwis24.pl%2Fpl%2Fp%2F-Profi-Szlif-1200%2F23100766||target:%20_blank|&#8221;][vc_column_text]<\/p>\n<p style=\"text-align: center;\"><span style=\"color: #0066bf;\">Zapytaj o\u00a0 ofert\u0119.<\/span><br \/>\n<strong><span style=\"color: #0066bf;\">Zadzwo\u0144!<\/span><\/strong><\/p>\n<p style=\"text-align: center;\"><strong><span style=\"color: #0066bf;\">Mobil:+ 48731 666 200<\/span><\/strong><\/p>\n<p>[\/vc_column_text][\/vc_column][\/vc_row]<\/p>","protected":false},"excerpt":{"rendered":"<p>[vc_row][vc_column][vc_raw_html]JTVCZmxleHlfYnJlYWRjcnVtYiU1RA==[\/vc_raw_html][\/vc_column][\/vc_row][vc_row][vc_column width=&#8221;1\/2&#8243;][\/vc_column][vc_column width=&#8221;1\/2&#8243;][vc_tta_accordion][vc_tta_section title=&#8221;ZASTOSOWANIE&#8221; tab_id=&#8221;1611050130932-cc5a4393-a8f3&#8243;][vc_column_text]St\u00f3\u0142 szlifierski zbudowany jest ze specjalnie dobranego gatunku stali o grubo\u015bci do 2mm. Jego konstrukcja w ca\u0142o\u015bci spawana, zapewnia d\u0142ug\u0105 \u017cywotno\u015b\u0107, a lakierowanie metod\u0105 proszkow\u0105 chroni przed korozj\u0105. Dzi\u0119ki prezentowanemu produktowi s\u0105 Pa\u0144stwo w stanie wyposa\u017cy\u0107 stanowisko pracy w sprz\u0119t, zgodny z obowi\u0105zuj\u0105cymi przepisami BHP. Sto\u0142y szlifierskie firmy MARWIS pozwalaj\u0105 zachowa\u0107 [&hellip;]<\/p>\n","protected":false},"author":3,"featured_media":0,"parent":1321,"menu_order":0,"comment_status":"closed","ping_status":"open","template":"","meta":[],"_links":{"self":[{"href":"https:\/\/marwis.pl\/pl\/wp-json\/wp\/v2\/pages\/4411"}],"collection":[{"href":"https:\/\/marwis.pl\/pl\/wp-json\/wp\/v2\/pages"}],"about":[{"href":"https:\/\/marwis.pl\/pl\/wp-json\/wp\/v2\/types\/page"}],"author":[{"embeddable":true,"href":"https:\/\/marwis.pl\/pl\/wp-json\/wp\/v2\/users\/3"}],"replies":[{"embeddable":true,"href":"https:\/\/marwis.pl\/pl\/wp-json\/wp\/v2\/comments?post=4411"}],"version-history":[{"count":17,"href":"https:\/\/marwis.pl\/pl\/wp-json\/wp\/v2\/pages\/4411\/revisions"}],"predecessor-version":[{"id":6336,"href":"https:\/\/marwis.pl\/pl\/wp-json\/wp\/v2\/pages\/4411\/revisions\/6336"}],"up":[{"embeddable":true,"href":"https:\/\/marwis.pl\/pl\/wp-json\/wp\/v2\/pages\/1321"}],"wp:attachment":[{"href":"https:\/\/marwis.pl\/pl\/wp-json\/wp\/v2\/media?parent=4411"}],"curies":[{"name":"wp","href":"https:\/\/api.w.org\/{rel}","templated":true}]}}