{"id":4504,"date":"2024-12-19T23:06:25","date_gmt":"2024-12-19T22:06:25","guid":{"rendered":"https:\/\/marwis.pl\/?page_id=4504"},"modified":"2025-12-03T14:52:34","modified_gmt":"2025-12-03T13:52:34","slug":"mrs-eco-multi-strong","status":"publish","type":"page","link":"https:\/\/marwis.pl\/pl\/chemia-myjaco-odtluszczajaca\/mrs-eco-multi-strong\/","title":{"rendered":"MRS Eco Multi Strong 5L"},"content":{"rendered":"<p>[vc_row][vc_column][vc_raw_html]JTVCZmxleHlfYnJlYWRjcnVtYiU1RA==[\/vc_raw_html][\/vc_column][\/vc_row][vc_row][vc_column width=&#8221;1\/2&#8243;]<div id='gallery-1' class='fastgallery fg_style1  '> <div data-img=\"https:\/\/marwis.pl\/wp-content\/uploads\/2025\/02\/Eco-Multi-Strong-1-731x1024.jpg\"> <\/div><div style=\"clear:both\"><\/div><\/div>[\/vc_column][vc_column width=&#8221;1\/2&#8243;]\r\n    <div class=\"section_title\" style=\"text-align: center; margin: 0px auto 75px; padding: 0;\">\r\n        <h2 style=\"font-size:34px; color: #0066bf; font-weight: 800;\"> MRS Eco Multi Strong 5L koncentrat myj\u0105co-odt\u0142uszczaj\u0105cy <\/h2>\r\n         <div class=\"br\" style=\"margin: 0 auto;\"><\/div>             <\/div>\r\n\r\n    [vc_tta_accordion][vc_tta_section title=&#8221;ZASTOSOWANIE&#8221; tab_id=&#8221;1611050130932-cc5a4393-a8f3&#8243;][vc_column_text]P\u0142ynny, neutralny koncentrat odt\u0142uszczaj\u0105cy na bazie wody, przeznaczony do skutecznego usuwania silnych zabrudze\u0144. Produkt charakteryzuje si\u0119 doskona\u0142\u0105 kompatybilno\u015bci\u0105 materia\u0142ow\u0105, co sprawia, \u017ce jest idealny do stosowania w myjkach automatycznych, systemach czyszczenia natryskowego i zanurzeniowego, myjkach ultrad\u017awi\u0119kowych oraz wodnych urz\u0105dzeniach do czyszczenia cz\u0119\u015bci. Bezpieczny w u\u017cyciu, zapewniaj\u0105c skuteczno\u015b\u0107 w szerokim zakresie aplikacji. Koncentrat nie wymaga etykietowania, co u\u0142atwia jego stosowanie w \u015brodowiskach roboczych[\/vc_column_text][\/vc_tta_section][vc_tta_section title=&#8221;DANE TECHNICZNE&#8221; tab_id=&#8221;1611052357239-a03ddaab-c372&#8243;][vc_column_text]\u015arodek: koncentrat<br \/>\nWarto\u015b\u0107 PH: 9-9,5<br \/>\nKolor: naturalny<br \/>\nTemperatura pracy: od 45\u00b0C<br \/>\nEtykietowanie: brak<br \/>\nOpakowania:5L[\/vc_column_text][\/vc_tta_section][\/vc_tta_accordion][vc_btn title=&#8221;CENA&#8221; style=&#8221;flat&#8221; color=&#8221;primary&#8221; size=&#8221;lg&#8221; align=&#8221;center&#8221; link=&#8221;url:https%3A%2F%2Fmarwis24.pl%2Fpl%2Fp%2FMyjka-cisnieniowa-kabinowa-Hydro-Power-1200-140atm%2F23100622||target:%20_blank|&#8221;][vc_column_text]<\/p>\n<p style=\"text-align: center;\"><span style=\"color: #0066bf;\"><strong>Zapytaj o ofert\u0119.<br \/>\nZadzwo\u0144!<br \/>\nMobile: +48 781 355 000<\/strong><\/span><\/p>\n<p>[\/vc_column_text][\/vc_column][\/vc_row]<\/p>","protected":false},"excerpt":{"rendered":"<p>[vc_row][vc_column][vc_raw_html]JTVCZmxleHlfYnJlYWRjcnVtYiU1RA==[\/vc_raw_html][\/vc_column][\/vc_row][vc_row][vc_column width=&#8221;1\/2&#8243;][\/vc_column][vc_column width=&#8221;1\/2&#8243;][vc_tta_accordion][vc_tta_section title=&#8221;ZASTOSOWANIE&#8221; tab_id=&#8221;1611050130932-cc5a4393-a8f3&#8243;][vc_column_text]P\u0142ynny, neutralny koncentrat odt\u0142uszczaj\u0105cy na bazie wody, przeznaczony do skutecznego usuwania silnych zabrudze\u0144. Produkt charakteryzuje si\u0119 doskona\u0142\u0105 kompatybilno\u015bci\u0105 materia\u0142ow\u0105, co sprawia, \u017ce jest idealny do stosowania w myjkach automatycznych, systemach czyszczenia natryskowego i zanurzeniowego, myjkach ultrad\u017awi\u0119kowych oraz wodnych urz\u0105dzeniach do czyszczenia cz\u0119\u015bci. Bezpieczny w u\u017cyciu, zapewniaj\u0105c skuteczno\u015b\u0107 w szerokim zakresie aplikacji. [&hellip;]<\/p>\n","protected":false},"author":3,"featured_media":0,"parent":1346,"menu_order":0,"comment_status":"closed","ping_status":"open","template":"","meta":[],"_links":{"self":[{"href":"https:\/\/marwis.pl\/pl\/wp-json\/wp\/v2\/pages\/4504"}],"collection":[{"href":"https:\/\/marwis.pl\/pl\/wp-json\/wp\/v2\/pages"}],"about":[{"href":"https:\/\/marwis.pl\/pl\/wp-json\/wp\/v2\/types\/page"}],"author":[{"embeddable":true,"href":"https:\/\/marwis.pl\/pl\/wp-json\/wp\/v2\/users\/3"}],"replies":[{"embeddable":true,"href":"https:\/\/marwis.pl\/pl\/wp-json\/wp\/v2\/comments?post=4504"}],"version-history":[{"count":46,"href":"https:\/\/marwis.pl\/pl\/wp-json\/wp\/v2\/pages\/4504\/revisions"}],"predecessor-version":[{"id":6076,"href":"https:\/\/marwis.pl\/pl\/wp-json\/wp\/v2\/pages\/4504\/revisions\/6076"}],"up":[{"embeddable":true,"href":"https:\/\/marwis.pl\/pl\/wp-json\/wp\/v2\/pages\/1346"}],"wp:attachment":[{"href":"https:\/\/marwis.pl\/pl\/wp-json\/wp\/v2\/media?parent=4504"}],"curies":[{"name":"wp","href":"https:\/\/api.w.org\/{rel}","templated":true}]}}