{"id":4529,"date":"2025-01-03T10:14:31","date_gmt":"2025-01-03T09:14:31","guid":{"rendered":"https:\/\/marwis.pl\/?page_id=4529"},"modified":"2025-01-03T10:55:47","modified_gmt":"2025-01-03T09:55:47","slug":"myjka-cisnieniowa-hydro-suv-1600","status":"publish","type":"page","link":"https:\/\/marwis.pl\/pl\/myjki-cisnieniowe-kabinowe\/myjka-cisnieniowa-hydro-suv-1600\/","title":{"rendered":"Hydro Suv 1600"},"content":{"rendered":"<p>[vc_row][vc_column][vc_raw_html]JTVCZmxleHlfYnJlYWRjcnVtYiU1RA==[\/vc_raw_html][\/vc_column][\/vc_row][vc_row][vc_column width=&#8221;1\/2&#8243;]<div id='gallery-1' class='fastgallery fg_style1  '> <div data-img=\"https:\/\/marwis.pl\/wp-content\/uploads\/2025\/01\/DSC01129-1024x1024.jpg\"> <\/div><div data-img=\"https:\/\/marwis.pl\/wp-content\/uploads\/2025\/01\/DSC01141-1024x1024.jpg\"> <\/div><div data-img=\"https:\/\/marwis.pl\/wp-content\/uploads\/2025\/01\/DSC01165-1-1024x1024.jpg\"> <\/div><div data-img=\"https:\/\/marwis.pl\/wp-content\/uploads\/2025\/01\/DSC01243-1024x1024.jpg\"> <\/div><div data-img=\"https:\/\/marwis.pl\/wp-content\/uploads\/2025\/01\/DSC01293-1024x1024.jpg\"> <\/div><div data-img=\"https:\/\/marwis.pl\/wp-content\/uploads\/2025\/01\/DSC01333-1024x1024.jpg\"> <\/div><div data-img=\"https:\/\/marwis.pl\/wp-content\/uploads\/2025\/01\/DSC01452-1024x1024.jpg\"> <\/div><div data-img=\"https:\/\/marwis.pl\/wp-content\/uploads\/2025\/01\/DSC01456-1024x1024.jpg\"> <\/div><div data-img=\"https:\/\/marwis.pl\/wp-content\/uploads\/2025\/01\/DSC01401-1024x1024.jpg\"> <\/div><div style=\"clear:both\"><\/div><\/div>[\/vc_column][vc_column width=&#8221;1\/2&#8243;]\r\n    <div class=\"section_title\" style=\"text-align: center; margin: 0px auto 75px; padding: 0;\">\r\n        <h2 style=\"font-size:34px; color: #0066bf; font-weight: 800;\"> Hydro Suv 1600 <\/h2>\r\n         <div class=\"br\" style=\"margin: 0 auto;\"><\/div>             <\/div>\r\n\r\n    [vc_tta_accordion][vc_tta_section title=&#8221;ZASTOSOWANIE&#8221; tab_id=&#8221;1611050130932-cc5a4393-a8f3&#8243;][vc_column_text]<\/p>\n<div class=\"tab\">\n<div id=\"tab-1\" class=\"tab-content\">\n<p><strong>Hydro SUV 1600<\/strong>\u00a0\u2013 <strong>NOWO\u015a\u0106!!!<\/strong> Profesjonalna myjka ci\u015bnieniowa, wykonana z wysokiej jako\u015bci stali nierdzewnej o szerokim zastosowaniu, z mo\u017cliwo\u015bci\u0105 za\u0142adunku <strong>suwnic\u0105<\/strong>. Myjka bardzo dobrze sprawdza si\u0119 przy czyszczeniu silnie zabrudzonych cz\u0119\u015bci ze stali, \u017celiwa, aluminium i innych stop\u00f3w.<\/p>\n<\/div>\n<\/div>\n<p>[\/vc_column_text][\/vc_tta_section][vc_tta_section title=&#8221;OPIS DZIA\u0141ANIA&#8221; tab_id=&#8221;1611050130945-8641945f-6d2e&#8221;][vc_column_text]Mycie odbywa si\u0119 w obiegu zamkni\u0119tym,\u00a0przy u\u017cyciu p\u0142ynu myj\u0105cego\u00a0MRS Cleaner Ultra Active\u00a0podgrzewanego do temperatury\u00a045 \u00b0C<strong>. <\/strong>Preparat MRS Cleaner Ultra Active wydobywa si\u0119 z dyszy pistoletu pod ci\u015bnieniem do 140 Bar, dzi\u0119ki czemu dok\u0142adnie myje trudno dost\u0119pne miejsca i silnie zabrudzone cz\u0119\u015bci z nagar\u00f3w, smar\u00f3w, czy olej\u00f3w. Zar\u00f3wno temperatura, jak i p\u0142yn zwi\u0119kszaj\u0105 efektywno\u015b\u0107 mycia. Myjka wyposa\u017cona jest w dwa filtry. Posiada stopki reguluj\u0105ce poziom wysoko\u015bci do 20 cm. Pokryw\u0119 myjki wyposa\u017cyli\u015bmy w si\u0142owniki pneumatyczne zwi\u0119kszaj\u0105ce bezpiecze\u0144stwo i jako\u015b\u0107 pracy z myjk\u0105. W trakcie mycia mo\u017cn\u0105 tak\u017ce stosowa\u0107 zamontowany w myjce p\u0119dzel przelotowy lub pistolet z powietrzem spr\u0119\u017conym.<\/p>\n<ul>\n<li>na szybie znajduj\u0105 si\u0119 dysze czyszcz\u0105ce , co umo\u017cliwia widoczno\u015b\u0107 pracy myjki.<\/li>\n<li>zbiornik izolowany termicznie \u2013 skutecznie chroni znajduj\u0105cy si\u0119 w \u015brodku ogrzany p\u0142yn przed zbyt szybkim wych\u0142odzeniem.<\/li>\n<li>stopki reguluj\u0105ce poziom wysoko\u015bci.<\/li>\n<li>odolejacz dyskowy \u2013 zwi\u0119ksza on \u017cywotno\u015b\u0107 p\u0142ynu<\/li>\n<\/ul>\n<p>[\/vc_column_text][\/vc_tta_section][vc_tta_section title=&#8221;DANE TECHNICZNE&#8221; tab_id=&#8221;1611052357239-a03ddaab-c372&#8243;][vc_column_text]<\/p>\n<table width=\"410\">\n<tbody>\n<tr>\n<td width=\"1440\">Symbol urz\u0105dzenia:<\/td>\n<td width=\"1134\">Hydro Suv 1600<\/td>\n<\/tr>\n<tr>\n<td width=\"1440\">Szeroko\u015b\u0107 ca\u0142kowita:<\/td>\n<td width=\"1134\">1700mm<\/td>\n<\/tr>\n<tr>\n<td width=\"1440\">G\u0142\u0119boko\u015b\u0107 ca\u0142kowita:<\/td>\n<td width=\"1134\">1150mm<\/td>\n<\/tr>\n<tr>\n<td width=\"1440\">Wysoko\u015b\u0107 (pozycja zamkni\u0119ta):<\/td>\n<td width=\"1134\">1820mm<\/td>\n<\/tr>\n<tr>\n<td width=\"1440\">Wysoko\u015b\u0107 (pozycja otwarta):<\/td>\n<td width=\"1134\">2700mm<\/td>\n<\/tr>\n<tr>\n<td width=\"1440\">Szeroko\u015b\u0107 robocza:<\/td>\n<td width=\"1134\">1580mm<\/td>\n<\/tr>\n<tr>\n<td width=\"1440\">G\u0142\u0119boko\u015b\u0107 robocza:<\/td>\n<td width=\"1134\">1060mm<\/td>\n<\/tr>\n<tr>\n<td width=\"1440\">Wysoko\u015b\u0107 robocza:<\/td>\n<td width=\"1134\">750mm<\/td>\n<\/tr>\n<tr>\n<td width=\"1440\">Masa netto:<\/td>\n<td width=\"1134\">300kg<\/td>\n<\/tr>\n<tr>\n<td width=\"1440\">Pojemno\u015b\u0107 p\u0142ynu roboczego min\/max.:<\/td>\n<td width=\"1134\">185-230L<\/td>\n<\/tr>\n<tr>\n<td width=\"1440\">Regulacja temperatury:<\/td>\n<td width=\"1134\">do 45\u00a0\u2103<\/td>\n<\/tr>\n<tr>\n<td width=\"1440\">Wydajno\u015b\u0107 lancy:<\/td>\n<td width=\"1134\">do\u00a0 12l\/min<\/td>\n<\/tr>\n<tr>\n<td width=\"1440\">Ci\u015bnienie:<\/td>\n<td width=\"1134\">140 Bar<\/td>\n<\/tr>\n<tr>\n<td width=\"1440\">Moc grza\u0142ki:<\/td>\n<td width=\"1134\">9 kW<\/td>\n<\/tr>\n<tr>\n<td width=\"1440\">Moc silnika:<\/td>\n<td width=\"1134\">3 kW<\/td>\n<\/tr>\n<tr>\n<td width=\"1440\">Napi\u0119cie zasilania:<\/td>\n<td width=\"1134\">3~400 V<\/td>\n<\/tr>\n<tr>\n<td width=\"1440\">Stopie\u0144 bezpiecze\u0144stwa:<\/td>\n<td width=\"1134\">IP &#8211; 54<\/td>\n<\/tr>\n<tr>\n<td width=\"1440\">Mycie r\u0119czne p\u0119dzlem przelotowym:<\/td>\n<td width=\"1134\">do 5 l\/min<\/td>\n<\/tr>\n<tr>\n<td width=\"1440\">Pistolet spr\u0119\u017conego powietrza:<\/td>\n<td width=\"1134\">max 8 atm<\/td>\n<\/tr>\n<tr>\n<td width=\"1440\">O\u015bwietlenie:<\/td>\n<td width=\"1134\">Led<\/td>\n<\/tr>\n<tr>\n<td width=\"1440\">Pompa wysokoci\u015bnieniowa:<\/td>\n<td width=\"1134\">Interpump 140 bar<\/td>\n<\/tr>\n<tr>\n<td width=\"1440\">Wy\u0142\u0105cznik:<\/td>\n<td width=\"1134\">no\u017cny<\/td>\n<\/tr>\n<\/tbody>\n<\/table>\n<p>Odolejacz: dyskowy<\/p>\n<p>[\/vc_column_text][\/vc_tta_section][vc_tta_section title=&#8221;OPCJE DODATKOWE&#8221; tab_id=&#8221;1613475565981-f27b99f1-758a&#8221;][vc_column_text]- st\u00f3\u0142 obrotowy<\/p>\n<p>&#8211; sztywna lanca<\/p>\n<p><strong>Gwarancja 12 miesi\u0119cy<\/strong><br \/>\nMyjki Hydro Power spe\u0142niaj\u0105 wszystkie normy bezpiecze\u0144stwa oraz jako\u015bci CE[\/vc_column_text][\/vc_tta_section][\/vc_tta_accordion][vc_btn title=&#8221;SPRAWD\u0179 CEN\u0118&#8221; style=&#8221;flat&#8221; color=&#8221;primary&#8221; size=&#8221;lg&#8221; align=&#8221;center&#8221; link=&#8221;url:https%3A%2F%2Fmarwis24.pl%2Fpl%2Fp%2FMyjka-cisnieniowa-Hydro-Suv-1600%2F23100772||target:%20_blank|&#8221;][vc_column_text]<\/p>\n<p style=\"text-align: center;\"><span style=\"color: #0066bf;\">Zapytaj o specjaln\u0105 ofert\u0119 dla Ciebie.<\/span><br \/>\n<strong><span style=\"color: #0066bf;\">Zadzwo\u0144! <\/span><\/strong><br \/>\n<strong><span style=\"color: #0066bf;\">tel. 781 355 000.<\/span><\/strong><\/p>\n<p>[\/vc_column_text][\/vc_column][\/vc_row]<\/p>","protected":false},"excerpt":{"rendered":"<p>[vc_row][vc_column][vc_raw_html]JTVCZmxleHlfYnJlYWRjcnVtYiU1RA==[\/vc_raw_html][\/vc_column][\/vc_row][vc_row][vc_column width=&#8221;1\/2&#8243;][\/vc_column][vc_column width=&#8221;1\/2&#8243;][vc_tta_accordion][vc_tta_section title=&#8221;ZASTOSOWANIE&#8221; tab_id=&#8221;1611050130932-cc5a4393-a8f3&#8243;][vc_column_text] Hydro SUV 1600\u00a0\u2013 NOWO\u015a\u0106!!! Profesjonalna myjka ci\u015bnieniowa, wykonana z wysokiej jako\u015bci stali nierdzewnej o szerokim zastosowaniu, z mo\u017cliwo\u015bci\u0105 za\u0142adunku suwnic\u0105. Myjka bardzo dobrze sprawdza si\u0119 przy czyszczeniu silnie zabrudzonych cz\u0119\u015bci ze stali, \u017celiwa, aluminium i innych stop\u00f3w. [\/vc_column_text][\/vc_tta_section][vc_tta_section title=&#8221;OPIS DZIA\u0141ANIA&#8221; tab_id=&#8221;1611050130945-8641945f-6d2e&#8221;][vc_column_text]Mycie odbywa si\u0119 w obiegu zamkni\u0119tym,\u00a0przy u\u017cyciu p\u0142ynu myj\u0105cego\u00a0MRS Cleaner [&hellip;]<\/p>\n","protected":false},"author":3,"featured_media":0,"parent":995,"menu_order":0,"comment_status":"closed","ping_status":"open","template":"","meta":[],"_links":{"self":[{"href":"https:\/\/marwis.pl\/pl\/wp-json\/wp\/v2\/pages\/4529"}],"collection":[{"href":"https:\/\/marwis.pl\/pl\/wp-json\/wp\/v2\/pages"}],"about":[{"href":"https:\/\/marwis.pl\/pl\/wp-json\/wp\/v2\/types\/page"}],"author":[{"embeddable":true,"href":"https:\/\/marwis.pl\/pl\/wp-json\/wp\/v2\/users\/3"}],"replies":[{"embeddable":true,"href":"https:\/\/marwis.pl\/pl\/wp-json\/wp\/v2\/comments?post=4529"}],"version-history":[{"count":1,"href":"https:\/\/marwis.pl\/pl\/wp-json\/wp\/v2\/pages\/4529\/revisions"}],"predecessor-version":[{"id":4539,"href":"https:\/\/marwis.pl\/pl\/wp-json\/wp\/v2\/pages\/4529\/revisions\/4539"}],"up":[{"embeddable":true,"href":"https:\/\/marwis.pl\/pl\/wp-json\/wp\/v2\/pages\/995"}],"wp:attachment":[{"href":"https:\/\/marwis.pl\/pl\/wp-json\/wp\/v2\/media?parent=4529"}],"curies":[{"name":"wp","href":"https:\/\/api.w.org\/{rel}","templated":true}]}}