{"id":4730,"date":"2025-04-09T10:30:42","date_gmt":"2025-04-09T08:30:42","guid":{"rendered":"https:\/\/marwis.pl\/?page_id=4730"},"modified":"2025-05-30T09:55:04","modified_gmt":"2025-05-30T07:55:04","slug":"wanna-na-zuzyty-olej-wan-oil-1200","status":"publish","type":"page","link":"https:\/\/marwis.pl\/pl\/wanny-ociekowe\/wanna-na-zuzyty-olej-wan-oil-1200\/","title":{"rendered":"Wanna na zu\u017cyty olej WAN OIL 1200"},"content":{"rendered":"<p>[vc_row][vc_column][vc_raw_html]JTVCZmxleHlfYnJlYWRjcnVtYiU1RA==[\/vc_raw_html][\/vc_column][\/vc_row][vc_row][vc_column width=&#8221;1\/2&#8243;]<div id='gallery-1' class='fastgallery fg_style1  '> <div data-img=\"https:\/\/marwis.pl\/wp-content\/uploads\/2025\/04\/wan_oil_1200-01-1024x684.jpg\"> <\/div><div data-img=\"https:\/\/marwis.pl\/wp-content\/uploads\/2025\/04\/wan_oil_1200-03-1024x684.jpg\"> <\/div><div data-img=\"https:\/\/marwis.pl\/wp-content\/uploads\/2025\/04\/wan_oil_1200-02-1024x684.jpg\"> <\/div><div style=\"clear:both\"><\/div><\/div>[\/vc_column][vc_column width=&#8221;1\/2&#8243;]\r\n    <div class=\"section_title\" style=\"text-align: center; margin: 0px auto 75px; padding: 0;\">\r\n        <h2 style=\"font-size:34px; color: #0066bf; font-weight: 800;\"> Wanna na zu\u017cyty olej WAN OIL 1200 <\/h2>\r\n         <div class=\"br\" style=\"margin: 0 auto;\"><\/div>             <\/div>\r\n\r\n    [vc_tta_accordion][vc_tta_section title=&#8221;ZASTOSOWANIE&#8221; tab_id=&#8221;1611052357239-a03ddaab-c372&#8243;][vc_column_text]Dzi\u0119ki niskiemu profilowi, WAN OIL 1200 jest idealnym rozwi\u0105zaniem do spuszczania oleju pod pojazdami oraz w miejscach o ograniczonej przestrzeni. Wanna charakteryzuje si\u0119 solidn\u0105 stalow\u0105 konstrukcj\u0105, pokryt\u0105 wysokiej jako\u015bci farb\u0105 proszkow\u0105, co zapewnia jej odporno\u015b\u0107 na uszkodzenia i korozj\u0119. Dzi\u0119ki sk\u0142adanemu uchwytowi i czterem wytrzyma\u0142ym k\u00f3\u0142kom, transport wanny jest szybki i \u0142atwy, co znacz\u0105co zwi\u0119ksza jej mobilno\u015b\u0107. Szeroki zakres zastosowa\u0144 sprawia, \u017ce WAN OIL 1200 to niezast\u0105piony element wyposa\u017cenia ka\u017cdego warsztatu.[\/vc_column_text][\/vc_tta_section][vc_tta_section title=&#8221;DANE TECHNICZNE&#8221; tab_id=&#8221;1744105968257-b3b3c8f2-02a0&#8243;][vc_column_text]- Wymiary: 1150\u00d7750\u00d7280mm<br \/>\n&#8211; Waga: 39kg<br \/>\n&#8211; Pojemno\u015b\u0107: 80L<br \/>\n&#8211; No\u015bno\u015b\u0107: 200kg<br \/>\n&#8211; D\u0142ugo\u015b\u0107 uchwytu: 1050mm<br \/>\n&#8211; \u015arednica zaworu odp\u0142ywowego: \u00bd cala[\/vc_column_text][\/vc_tta_section][\/vc_tta_accordion][vc_btn title=&#8221;CENA&#8221; style=&#8221;flat&#8221; color=&#8221;primary&#8221; size=&#8221;lg&#8221; align=&#8221;center&#8221; link=&#8221;url:https%3A%2F%2Fmarwis24.pl%2Fpl%2Fp%2FWanna-wychwytowa-mobilna-pod-myjke-MST-12002000%2F23100705||target:%20_blank|&#8221;][vc_column_text]<\/p>\n<p style=\"text-align: center;\"><span style=\"color: #0066bf;\">Zapytaj o ofert\u0119 dla Ciebie.<\/span><br \/>\n<strong><span style=\"color: #0066bf;\">Zadzwo\u0144! <\/span><\/strong><br \/>\n<strong><span style=\"color: #0066bf;\">Mobile: +48 781 355 000<\/span><\/strong><\/p>\n<p>[\/vc_column_text][\/vc_column][\/vc_row]<\/p>","protected":false},"excerpt":{"rendered":"<p>[vc_row][vc_column][vc_raw_html]JTVCZmxleHlfYnJlYWRjcnVtYiU1RA==[\/vc_raw_html][\/vc_column][\/vc_row][vc_row][vc_column width=&#8221;1\/2&#8243;][\/vc_column][vc_column width=&#8221;1\/2&#8243;][vc_tta_accordion][vc_tta_section title=&#8221;ZASTOSOWANIE&#8221; tab_id=&#8221;1611052357239-a03ddaab-c372&#8243;][vc_column_text]Dzi\u0119ki niskiemu profilowi, WAN OIL 1200 jest idealnym rozwi\u0105zaniem do spuszczania oleju pod pojazdami oraz w miejscach o ograniczonej przestrzeni. Wanna charakteryzuje si\u0119 solidn\u0105 stalow\u0105 konstrukcj\u0105, pokryt\u0105 wysokiej jako\u015bci farb\u0105 proszkow\u0105, co zapewnia jej odporno\u015b\u0107 na uszkodzenia i korozj\u0119. Dzi\u0119ki sk\u0142adanemu uchwytowi i czterem wytrzyma\u0142ym k\u00f3\u0142kom, transport wanny jest szybki i [&hellip;]<\/p>\n","protected":false},"author":3,"featured_media":0,"parent":1354,"menu_order":0,"comment_status":"closed","ping_status":"open","template":"","meta":[],"_links":{"self":[{"href":"https:\/\/marwis.pl\/pl\/wp-json\/wp\/v2\/pages\/4730"}],"collection":[{"href":"https:\/\/marwis.pl\/pl\/wp-json\/wp\/v2\/pages"}],"about":[{"href":"https:\/\/marwis.pl\/pl\/wp-json\/wp\/v2\/types\/page"}],"author":[{"embeddable":true,"href":"https:\/\/marwis.pl\/pl\/wp-json\/wp\/v2\/users\/3"}],"replies":[{"embeddable":true,"href":"https:\/\/marwis.pl\/pl\/wp-json\/wp\/v2\/comments?post=4730"}],"version-history":[{"count":9,"href":"https:\/\/marwis.pl\/pl\/wp-json\/wp\/v2\/pages\/4730\/revisions"}],"predecessor-version":[{"id":5528,"href":"https:\/\/marwis.pl\/pl\/wp-json\/wp\/v2\/pages\/4730\/revisions\/5528"}],"up":[{"embeddable":true,"href":"https:\/\/marwis.pl\/pl\/wp-json\/wp\/v2\/pages\/1354"}],"wp:attachment":[{"href":"https:\/\/marwis.pl\/pl\/wp-json\/wp\/v2\/media?parent=4730"}],"curies":[{"name":"wp","href":"https:\/\/api.w.org\/{rel}","templated":true}]}}