{"id":5034,"date":"2025-05-09T09:49:26","date_gmt":"2025-05-09T07:49:26","guid":{"rendered":"https:\/\/marwis.pl\/?page_id=5034"},"modified":"2025-05-26T12:18:11","modified_gmt":"2025-05-26T10:18:11","slug":"odolejacz-lamelowy-oil-skimmer","status":"publish","type":"page","link":"https:\/\/marwis.pl\/pl\/odolejacz-lamelowy-oil-skimmer\/","title":{"rendered":"Odolejacz lamelowy OIL SKIMMER"},"content":{"rendered":"<p>[vc_row][vc_column][vc_raw_html]JTVCZmxleHlfYnJlYWRjcnVtYiU1RA==[\/vc_raw_html][\/vc_column][\/vc_row][vc_row][vc_column width=&#8221;1\/2&#8243;]<div id='gallery-1' class='fastgallery fg_style1  '> <div data-img=\"https:\/\/marwis.pl\/wp-content\/uploads\/2025\/05\/DSC_01971-kopia-4-1024x1024.jpg\"> <\/div><div data-img=\"https:\/\/marwis.pl\/wp-content\/uploads\/2025\/05\/DSC_0338-kopia-1024x1024.jpg\"> <\/div><div data-img=\"https:\/\/marwis.pl\/wp-content\/uploads\/2025\/05\/DSC_0094-kopia-1024x1024.jpg\"> <\/div><div data-img=\"https:\/\/marwis.pl\/wp-content\/uploads\/2025\/05\/DSC_0319-kopia-1024x1024.jpg\"> <\/div><div style=\"clear:both\"><\/div><\/div>[\/vc_column][vc_column width=&#8221;1\/2&#8243;]\r\n    <div class=\"section_title\" style=\"text-align: center; margin: 0px auto 75px; padding: 0;\">\r\n        <h2 style=\"font-size:34px; color: #0066bf; font-weight: 800;\"> ODOLEJACZ LAMELOWY OIL SKIMMER <\/h2>\r\n         <div class=\"br\" style=\"margin: 0 auto;\"><\/div>             <\/div>\r\n\r\n    [vc_tta_accordion][vc_tta_section title=&#8221;OPIS DZIA\u0141ANIA&#8221; tab_id=&#8221;1744633928630-b8edffb3-d394&#8243;][vc_column_text]Oil Skimmer marki Marwis to wysokowydajne urz\u0105dzenie do separacji oleju z cieczy myj\u0105cych i ch\u0142odziw, zaprojektowane z my\u015bl\u0105 o zastosowaniu w \u015brodowiskach przemys\u0142owych o du\u017cym nat\u0119\u017ceniu pracy. Idealnie sprawdza si\u0119 w: przemys\u0142owych myjniach koszowych, gdzie wysoka zawarto\u015b\u0107 oleju skraca \u017cywotno\u015b\u0107 k\u0105pieli, generuj\u0105c wysokie koszty eksploatacyjne oraz w obr\u00f3bce skrawaniem, gdzie liczy si\u0119 ka\u017cda minuta pracy maszyny, a rzadsza wymiana ch\u0142odziwa przek\u0142ada si\u0119 na konkretne oszcz\u0119dno\u015bci.<\/p>\n<p>Urz\u0105dzenie umo\u017cliwia automatyczne oddzielanie oleju ju\u017c na etapie zbiornika \u2013 zbiera wy\u0142\u0105cznie wierzchni\u0105 warstw\u0119 zanieczyszczonej cieczy, dzi\u0119ki specjalnie zaprojektowanemu zaci\u0105gowi. Przepompowany p\u0142yn trafia przez filtry zatrzymuj\u0105ce zanieczyszczenia sta\u0142e (np. wi\u00f3ry), a nast\u0119pnie do komory g\u0142\u00f3wnej, gdzie olej oddzielany jest metod\u0105 koalescencji. Oczyszczona ciecz wraca do obiegu, a olej gromadzony jest w oddzielnym kanistrze.<\/p>\n<p>Dzi\u0119ki ponad 99% skuteczno\u015bci separacji, urz\u0105dzenie znacz\u0105co wyd\u0142u\u017ca \u017cywotno\u015b\u0107 cieczy procesowych i obni\u017ca koszty ich wymiany. Cechy i zalety Oil Skimmera<\/p>\n<p>Dwa rodzaje zaci\u0105gu: poziomy &#8211; p\u0142ywaj\u0105cy oraz pionowy &#8211; magnetyczny<br \/>\nD\u0142ugie w\u0119\u017ce przy\u0142\u0105czeniowe \u2013 umo\u017cliwiaj\u0105 dogodn\u0105 lokalizacj\u0119 urz\u0105dzenia<br \/>\nIntuicyjny panel sterowania \u2013 prosty w obs\u0142udze, tak\u017ce w r\u0119kawicach<br \/>\nReduktor ci\u015bnienia z manometrem \u2013 kontrola nad prac\u0105 pompy pneumatycznej<br \/>\nWy\u0142\u0105cznik bezpiecze\u0144stwa \u2013 zatrzymuje proces w razie awarii lub wycieku<br \/>\nWysoka jako\u015b\u0107 wykonania \u2013 produkcja i testy w Polsce, komponenty klasy przemys\u0142owej[\/vc_column_text][\/vc_tta_section][vc_tta_section title=&#8221;DANE TECHNICZNE&#8221; tab_id=&#8221;1611052357239-a03ddaab-c372&#8243;][vc_column_text]Wymiary:1050 x 580 x 1070 mm(d\u0142xszerxwys)<br \/>\nWaga: 95 kg<br \/>\nWydajno\u015b\u0107: 150\u2013450 l\/h<br \/>\nZakres pH: 1\u201314<br \/>\nCi\u015bnienie robocze powietrza: 3\u20136 bar<br \/>\nMaksymalna temperatura pracy: &lt; 60\u202f\u00b0C<br \/>\nPojemno\u015b\u0107 kanistra na olej: 25L[\/vc_column_text][\/vc_tta_section][vc_tta_section title=&#8221;Dzia\u0142&#8221; tab_id=&#8221;1746777089161-65322e75-4a3a&#8221;][\/vc_tta_section][\/vc_tta_accordion][vc_btn title=&#8221;CENA&#8221; style=&#8221;flat&#8221; color=&#8221;primary&#8221; size=&#8221;lg&#8221; align=&#8221;center&#8221; link=&#8221;url:https%3A%2F%2Fmarwis24.pl%2Fpl%2Fp%2FOdolejacz-lamelowy-Oil-Skimmer%2F23100728||target:%20_blank|&#8221;][vc_column_text]<\/p>\n<p style=\"text-align: center;\"><strong><span style=\"color: #0066bf;\">Zapytaj o ofert\u0119<\/span><\/strong><br \/>\n<strong><span style=\"color: #0066bf;\">Zadzwo\u0144! <\/span><\/strong><br \/>\n<strong><span style=\"color: #0066bf;\">Mobil: +48 731 666 200<\/span><\/strong><\/p>\n<p>[\/vc_column_text][\/vc_column][\/vc_row]<\/p>","protected":false},"excerpt":{"rendered":"<p>[vc_row][vc_column][vc_raw_html]JTVCZmxleHlfYnJlYWRjcnVtYiU1RA==[\/vc_raw_html][\/vc_column][\/vc_row][vc_row][vc_column width=&#8221;1\/2&#8243;][\/vc_column][vc_column width=&#8221;1\/2&#8243;][vc_tta_accordion][vc_tta_section title=&#8221;OPIS DZIA\u0141ANIA&#8221; tab_id=&#8221;1744633928630-b8edffb3-d394&#8243;][vc_column_text]Oil Skimmer marki Marwis to wysokowydajne urz\u0105dzenie do separacji oleju z cieczy myj\u0105cych i ch\u0142odziw, zaprojektowane z my\u015bl\u0105 o zastosowaniu w \u015brodowiskach przemys\u0142owych o du\u017cym nat\u0119\u017ceniu pracy. Idealnie sprawdza si\u0119 w: przemys\u0142owych myjniach koszowych, gdzie wysoka zawarto\u015b\u0107 oleju skraca \u017cywotno\u015b\u0107 k\u0105pieli, generuj\u0105c wysokie koszty eksploatacyjne oraz w obr\u00f3bce skrawaniem, gdzie [&hellip;]<\/p>\n","protected":false},"author":3,"featured_media":0,"parent":0,"menu_order":0,"comment_status":"closed","ping_status":"closed","template":"","meta":[],"_links":{"self":[{"href":"https:\/\/marwis.pl\/pl\/wp-json\/wp\/v2\/pages\/5034"}],"collection":[{"href":"https:\/\/marwis.pl\/pl\/wp-json\/wp\/v2\/pages"}],"about":[{"href":"https:\/\/marwis.pl\/pl\/wp-json\/wp\/v2\/types\/page"}],"author":[{"embeddable":true,"href":"https:\/\/marwis.pl\/pl\/wp-json\/wp\/v2\/users\/3"}],"replies":[{"embeddable":true,"href":"https:\/\/marwis.pl\/pl\/wp-json\/wp\/v2\/comments?post=5034"}],"version-history":[{"count":10,"href":"https:\/\/marwis.pl\/pl\/wp-json\/wp\/v2\/pages\/5034\/revisions"}],"predecessor-version":[{"id":5400,"href":"https:\/\/marwis.pl\/pl\/wp-json\/wp\/v2\/pages\/5034\/revisions\/5400"}],"wp:attachment":[{"href":"https:\/\/marwis.pl\/pl\/wp-json\/wp\/v2\/media?parent=5034"}],"curies":[{"name":"wp","href":"https:\/\/api.w.org\/{rel}","templated":true}]}}