{"id":5213,"date":"2025-12-09T11:44:19","date_gmt":"2025-12-09T10:44:19","guid":{"rendered":"https:\/\/marwis.pl\/?page_id=5213"},"modified":"2026-01-22T14:54:28","modified_gmt":"2026-01-22T13:54:28","slug":"mrs-wash-1500-xl-z-wysokim-cisnieniem","status":"publish","type":"page","link":"https:\/\/marwis.pl\/pl\/myjki-koszowe-automatyczne\/mrs-wash-1500-xl-z-wysokim-cisnieniem\/","title":{"rendered":"MRS WASH 1500 XL z wysokim ci\u015bnieniem"},"content":{"rendered":"<p>[vc_row][vc_column][vc_raw_html]JTVCZmxleHlfYnJlYWRjcnVtYiU1RA==[\/vc_raw_html][\/vc_column][\/vc_row][vc_row][vc_column width=&#8221;1\/2&#8243;]<div id='gallery-1' class='fastgallery fg_style1  '> <div data-img=\"https:\/\/marwis.pl\/wp-content\/uploads\/2022\/05\/mrs-wash-1500xl-3_-1024x1024.jpg\"> <\/div><div data-img=\"https:\/\/marwis.pl\/wp-content\/uploads\/2022\/05\/DSC_0254-kopia_-1024x1024.jpg\"> <\/div><div data-img=\"https:\/\/marwis.pl\/wp-content\/uploads\/2022\/05\/DSC_0332-kopia_-1024x1024.jpg\"> <\/div><div data-img=\"https:\/\/marwis.pl\/wp-content\/uploads\/2022\/05\/DSC_0405-kopia-1024x1024.jpg\"> <\/div><div data-img=\"https:\/\/marwis.pl\/wp-content\/uploads\/2022\/05\/lance-w-mrs-wash-1500XL-1024x1024.jpg\"> <\/div><div data-img=\"https:\/\/marwis.pl\/wp-content\/uploads\/2025\/12\/Zrzut-ekranu-2025-12-09-135736.jpg\"> <\/div><div style=\"clear:both\"><\/div><\/div>[\/vc_column][vc_column width=&#8221;1\/2&#8243;]\r\n    <div class=\"section_title\" style=\"text-align: center; margin: 0px auto 75px; padding: 0;\">\r\n        <h2 style=\"font-size:34px; color: #0066bf; font-weight: 800;\"> MRS-WASH 1500 XL <\/h2>\r\n         <div class=\"br\" style=\"margin: 0 auto;\"><\/div>             <\/div>\r\n\r\n    [vc_tta_accordion][vc_tta_section title=&#8221;ZASTOSOWANIE&#8221; tab_id=&#8221;1611050130932-cc5a4393-a8f3&#8243;][vc_column_text]Myjka MRS-Wash to nowoczesne urz\u0105dzenie zaprojektowane z my\u015bl\u0105 o efektywnym czyszczeniu du\u017cych i z\u0142o\u017conych element\u00f3w. Serce urz\u0105dzenia stanowi nap\u0119dzany silnikiem kosz obrotowy, w kt\u00f3rym proces mycia przebiega w pe\u0142ni automatycznie. Automatyczn\u0105 prac\u0119 myjki wspiera panel steruj\u0105cy. Dzi\u0119ki zastosowaniu precyzyjnie rozmieszczonych dysz natryskowych, czyszczenie jest szybkie, dok\u0142adne i powtarzalne. <strong>Myjnia wyposa\u017cona w st\u00f3\u0142 za\u0142adunkowo-roz\u0142adunkowy umo\u017cliwiaj\u0105cy mycie cz\u0119\u015bci wielkogabarytowych. <\/strong>MRS-Wash to niezawodne rozwi\u0105zanie dla przemys\u0142u, gdzie liczy si\u0119 dok\u0142adno\u015b\u0107, wydajno\u015b\u0107 i komfort obs\u0142ugi. Urz\u0105dzenie stosowane jest przy odt\u0142uszczaniu element\u00f3w w procesie produkcyjnym, przy myciu cz\u0119\u015bci serwisowanych maszyn. Przeznaczone s\u0105 r\u00f3wnie\u017c dla warsztat\u00f3w w kt\u00f3rych remontuje si\u0119 silniki, przek\u0142adnie, spr\u0119\u017carki, cz\u0119\u015bci i wszelkie inne detale zabrudzone olejami i smarami.[\/vc_column_text][\/vc_tta_section][vc_tta_section title=&#8221;OPIS DZIA\u0141ANIA&#8221; tab_id=&#8221;1611050130945-8641945f-6d2e&#8221;][vc_column_text]Po zamieszczeniu cz\u0119\u015bci w koszu i po uruchomieniu urz\u0105dzenia wy\u0142\u0105cznikiem g\u0142\u00f3wnym zostanie uruchomione podgrzewanie k\u0105pieli, kt\u00f3re po uzyskaniu temperatury zadanej umo\u017cliwi uruchomienie cyklu mycia. Jako pierwszy etap zostanie uruchomione mycie zasadnicze, a czas jego jest p\u0142ynnie regulowany za pomoc\u0105 wy\u0142\u0105cznika czasowego w skrzynce sterowniczej. Po up\u0142ywie tego czasu k\u0105piel jest zako\u0144czona.[\/vc_column_text][\/vc_tta_section][vc_tta_section title=&#8221;DANE TECHNICZNE&#8221; tab_id=&#8221;1611052357239-a03ddaab-c372&#8243;][vc_column_text]\u015arednica kosza: 1500mm<br \/>\nWysoko\u015b\u0107 robocza: 1000mm<br \/>\nNo\u015bno\u015b\u0107 kosza: 600kg<br \/>\nProgramowanie czasu pracy: 0-99 min<br \/>\nTemperatura mycia: 60st.C<br \/>\nMoc grza\u0142ki: 18kW<br \/>\nPojemno\u015b\u0107 zbiornika: 800l<br \/>\nWydajno\u015b\u0107 natrysku: 700l\/min<br \/>\nCi\u015bnienie robocze natrysku: 5bar<br \/>\nSZ x G x W: 2250x3800x2400mm\/3650mm<br \/>\nZasilanie: 3~400V<br \/>\nWymiary sto\u0142u: 1640x1640x860mm[\/vc_column_text][\/vc_tta_section][vc_tta_section title=&#8221;OPCJE DODATKOWE&#8221; tab_id=&#8221;1747310466693-f218f180-6610&#8243;][vc_column_text]Wzmocniona pompa<br \/>\nZestaw niskich lanc<br \/>\nOdolejacz ta\u015bmowy[\/vc_column_text][\/vc_tta_section][\/vc_tta_accordion][vc_btn title=&#8221;CENA&#8221; style=&#8221;flat&#8221; color=&#8221;primary&#8221; size=&#8221;lg&#8221; align=&#8221;center&#8221; link=&#8221;url:https%3A%2F%2Fmarwis24.pl%2Fpl%2Fp%2FMyjka-koszowa-MRS-WASH-1500XL%2F23100708||target:%20_blank|&#8221;][vc_column_text]<\/p>\n<p style=\"text-align: center;\"><span style=\"color: #0066bf;\">Zapytaj oofert\u0119 dla Ciebie.<\/span><br \/>\n<strong><span style=\"color: #0066bf;\">Zadzwo\u0144! <\/span><\/strong><br \/>\n<strong><span style=\"color: #0066bf;\">Mobili:+\u00a0 781 355 000<\/span><\/strong><\/p>\n<p>[\/vc_column_text][\/vc_column][\/vc_row]<\/p>","protected":false},"excerpt":{"rendered":"<p>[vc_row][vc_column][vc_raw_html]JTVCZmxleHlfYnJlYWRjcnVtYiU1RA==[\/vc_raw_html][\/vc_column][\/vc_row][vc_row][vc_column width=&#8221;1\/2&#8243;][\/vc_column][vc_column width=&#8221;1\/2&#8243;][vc_tta_accordion][vc_tta_section title=&#8221;ZASTOSOWANIE&#8221; tab_id=&#8221;1611050130932-cc5a4393-a8f3&#8243;][vc_column_text]Myjka MRS-Wash to nowoczesne urz\u0105dzenie zaprojektowane z my\u015bl\u0105 o efektywnym czyszczeniu du\u017cych i z\u0142o\u017conych element\u00f3w. Serce urz\u0105dzenia stanowi nap\u0119dzany silnikiem kosz obrotowy, w kt\u00f3rym proces mycia przebiega w pe\u0142ni automatycznie. Automatyczn\u0105 prac\u0119 myjki wspiera panel steruj\u0105cy. Dzi\u0119ki zastosowaniu precyzyjnie rozmieszczonych dysz natryskowych, czyszczenie jest szybkie, dok\u0142adne i powtarzalne. Myjnia wyposa\u017cona w [&hellip;]<\/p>\n","protected":false},"author":3,"featured_media":0,"parent":1181,"menu_order":0,"comment_status":"closed","ping_status":"open","template":"","meta":[],"_links":{"self":[{"href":"https:\/\/marwis.pl\/pl\/wp-json\/wp\/v2\/pages\/5213"}],"collection":[{"href":"https:\/\/marwis.pl\/pl\/wp-json\/wp\/v2\/pages"}],"about":[{"href":"https:\/\/marwis.pl\/pl\/wp-json\/wp\/v2\/types\/page"}],"author":[{"embeddable":true,"href":"https:\/\/marwis.pl\/pl\/wp-json\/wp\/v2\/users\/3"}],"replies":[{"embeddable":true,"href":"https:\/\/marwis.pl\/pl\/wp-json\/wp\/v2\/comments?post=5213"}],"version-history":[{"count":14,"href":"https:\/\/marwis.pl\/pl\/wp-json\/wp\/v2\/pages\/5213\/revisions"}],"predecessor-version":[{"id":6223,"href":"https:\/\/marwis.pl\/pl\/wp-json\/wp\/v2\/pages\/5213\/revisions\/6223"}],"up":[{"embeddable":true,"href":"https:\/\/marwis.pl\/pl\/wp-json\/wp\/v2\/pages\/1181"}],"wp:attachment":[{"href":"https:\/\/marwis.pl\/pl\/wp-json\/wp\/v2\/media?parent=5213"}],"curies":[{"name":"wp","href":"https:\/\/api.w.org\/{rel}","templated":true}]}}