{"id":5554,"date":"2025-05-30T11:33:44","date_gmt":"2025-05-30T09:33:44","guid":{"rendered":"https:\/\/marwis.pl\/?page_id=5554"},"modified":"2025-06-05T08:53:45","modified_gmt":"2025-06-05T06:53:45","slug":"wanna-kanalowa-na-zuzyty-olej-wan-oil-800k-2","status":"publish","type":"page","link":"https:\/\/marwis.pl\/pl\/wanny-na-zuzyty-olej\/wanna-kanalowa-na-zuzyty-olej-wan-oil-800k-2\/","title":{"rendered":"Wanna kana\u0142owa na zu\u017cyty olej WAN OIL 800K"},"content":{"rendered":"<p>[vc_row][vc_column][vc_raw_html]JTVCZmxleHlfYnJlYWRjcnVtYiU1RA==[\/vc_raw_html][\/vc_column][\/vc_row][vc_row][vc_column width=&#8221;1\/2&#8243;]<div id='gallery-1' class='fastgallery fg_style1  '> <div data-img=\"https:\/\/marwis.pl\/wp-content\/uploads\/2025\/06\/SCHE-DULE-6-1024x858.png\"> <\/div><div data-img=\"https:\/\/marwis.pl\/wp-content\/uploads\/2025\/06\/750mm750mm2-682x1024.png\"> <\/div><div data-img=\"https:\/\/marwis.pl\/wp-content\/uploads\/2025\/05\/oil800k2-768x1024.jpg\"> <\/div><div data-img=\"https:\/\/marwis.pl\/wp-content\/uploads\/2025\/05\/oil800k3-768x1024.jpg\"> <\/div><div data-img=\"https:\/\/marwis.pl\/wp-content\/uploads\/2025\/05\/oil800k4-768x1024.jpg\"> <\/div><div data-img=\"https:\/\/marwis.pl\/wp-content\/uploads\/2025\/05\/oil800k5-768x1024.jpg\"> <\/div><div style=\"clear:both\"><\/div><\/div>[\/vc_column][vc_column width=&#8221;1\/2&#8243;]\r\n    <div class=\"section_title\" style=\"text-align: center; margin: 0px auto 75px; padding: 0;\">\r\n        <h2 style=\"font-size:34px; color: #0066bf; font-weight: 800;\"> Wanna kana\u0142owa na zu\u017cyty olej WAN OIL 800K <\/h2>\r\n         <div class=\"br\" style=\"margin: 0 auto;\"><\/div>             <\/div>\r\n\r\n    [vc_tta_accordion][vc_tta_section title=&#8221;ZASTOSOWANIE&#8221; tab_id=&#8221;1611052357239-a03ddaab-c372&#8243;][vc_column_text]Dzi\u0119ki niskiemu profilowi, WAN OIL 800 jest idealnym rozwi\u0105zaniem do spuszczania oleju pod pojazdami oraz w miejscach o ograniczonej przestrzeni. Konstrukcja umo\u017cliwia \u0142atwe umieszczenie i przemieszczanie w obr\u0119bie kana\u0142u dzi\u0119ki zintegrowanym rolkom jezdnym. Wanna charakteryzuje si\u0119 solidn\u0105 stalow\u0105 konstrukcj\u0105, pokryt\u0105 wysokiej jako\u015bci farb\u0105 proszkow\u0105, co zapewnia jej odporno\u015b\u0107 na uszkodzenia i korozj\u0119. Dzi\u0119ki czterem wytrzyma\u0142ym k\u00f3\u0142kom, transport wanny jest szybki i \u0142atwy, co znacz\u0105co zwi\u0119ksza jej mobilno\u015b\u0107. Szeroki zakres zastosowa\u0144 sprawia, \u017ce WAN OIL 800 to niezast\u0105piony element wyposa\u017cenia ka\u017cdego warsztatu.[\/vc_column_text][\/vc_tta_section][vc_tta_section title=&#8221;DANE TECHNICZNE&#8221; tab_id=&#8221;1744105968257-b3b3c8f2-02a0&#8243;][vc_column_text]Wymiary: 750\u00d7750\u00d7280mm<br \/>\nRozstaw n\u00f3\u017cek: 78-120cm<br \/>\nWaga: 39kg<br \/>\nPojemno\u015b\u0107: 50L<br \/>\nNo\u015bno\u015b\u0107: 200kg<br \/>\n\u015arednica zaworu odp\u0142ywowego: \u00bd cala[\/vc_column_text][\/vc_tta_section][vc_tta_section title=&#8221;Dzia\u0142&#8221; tab_id=&#8221;1748597596036-e580e021-c70c&#8221;][\/vc_tta_section][\/vc_tta_accordion][vc_btn title=&#8221;CENA&#8221; style=&#8221;flat&#8221; color=&#8221;primary&#8221; size=&#8221;lg&#8221; align=&#8221;center&#8221; link=&#8221;url:https%3A%2F%2Fmarwis24.pl%2Fpl%2Fp%2FWanna-kanalowa-na-zuzyty-olej-WAN-OIL-800K%2F23100775||target:%20_blank|&#8221;][vc_column_text]<\/p>\n<p style=\"text-align: center;\"><strong><span style=\"color: #0066bf;\">Zapytaj o ofert\u0119 dla Ciebie.<\/span><\/strong><br \/>\n<strong><span style=\"color: #0066bf;\">Zadzwo\u0144! <\/span><\/strong><br \/>\n<strong><span style=\"color: #0066bf;\">Mobile: +48 781 355 000<\/span><\/strong><\/p>\n<p>[\/vc_column_text][\/vc_column][\/vc_row]<\/p>","protected":false},"excerpt":{"rendered":"<p>[vc_row][vc_column][vc_raw_html]JTVCZmxleHlfYnJlYWRjcnVtYiU1RA==[\/vc_raw_html][\/vc_column][\/vc_row][vc_row][vc_column width=&#8221;1\/2&#8243;][\/vc_column][vc_column width=&#8221;1\/2&#8243;][vc_tta_accordion][vc_tta_section title=&#8221;ZASTOSOWANIE&#8221; tab_id=&#8221;1611052357239-a03ddaab-c372&#8243;][vc_column_text]Dzi\u0119ki niskiemu profilowi, WAN OIL 800 jest idealnym rozwi\u0105zaniem do spuszczania oleju pod pojazdami oraz w miejscach o ograniczonej przestrzeni. Konstrukcja umo\u017cliwia \u0142atwe umieszczenie i przemieszczanie w obr\u0119bie kana\u0142u dzi\u0119ki zintegrowanym rolkom jezdnym. Wanna charakteryzuje si\u0119 solidn\u0105 stalow\u0105 konstrukcj\u0105, pokryt\u0105 wysokiej jako\u015bci farb\u0105 proszkow\u0105, co zapewnia jej odporno\u015b\u0107 na uszkodzenia i [&hellip;]<\/p>\n","protected":false},"author":3,"featured_media":0,"parent":4746,"menu_order":0,"comment_status":"closed","ping_status":"open","template":"","meta":[],"_links":{"self":[{"href":"https:\/\/marwis.pl\/pl\/wp-json\/wp\/v2\/pages\/5554"}],"collection":[{"href":"https:\/\/marwis.pl\/pl\/wp-json\/wp\/v2\/pages"}],"about":[{"href":"https:\/\/marwis.pl\/pl\/wp-json\/wp\/v2\/types\/page"}],"author":[{"embeddable":true,"href":"https:\/\/marwis.pl\/pl\/wp-json\/wp\/v2\/users\/3"}],"replies":[{"embeddable":true,"href":"https:\/\/marwis.pl\/pl\/wp-json\/wp\/v2\/comments?post=5554"}],"version-history":[{"count":9,"href":"https:\/\/marwis.pl\/pl\/wp-json\/wp\/v2\/pages\/5554\/revisions"}],"predecessor-version":[{"id":5701,"href":"https:\/\/marwis.pl\/pl\/wp-json\/wp\/v2\/pages\/5554\/revisions\/5701"}],"up":[{"embeddable":true,"href":"https:\/\/marwis.pl\/pl\/wp-json\/wp\/v2\/pages\/4746"}],"wp:attachment":[{"href":"https:\/\/marwis.pl\/pl\/wp-json\/wp\/v2\/media?parent=5554"}],"curies":[{"name":"wp","href":"https:\/\/api.w.org\/{rel}","templated":true}]}}