{"id":5895,"date":"2025-07-11T07:50:55","date_gmt":"2025-07-11T05:50:55","guid":{"rendered":"https:\/\/marwis.pl\/?page_id=5895"},"modified":"2025-07-11T08:24:09","modified_gmt":"2025-07-11T06:24:09","slug":"stol-ociekowo-montazowy-dual-oil-2000x1000","status":"publish","type":"page","link":"https:\/\/marwis.pl\/pl\/stoly-montazowe\/stol-ociekowo-montazowy-dual-oil-2000x1000\/","title":{"rendered":"ST\u00d3\u0141 OCIEKOWO-MONTAZOWY DUAL OIL 2000X1000"},"content":{"rendered":"<p>[vc_row][vc_column][vc_raw_html]JTVCZmxleHlfYnJlYWRjcnVtYiU1RA==[\/vc_raw_html][\/vc_column][\/vc_row][vc_row][vc_column width=&#8221;1\/2&#8243;]<div id='gallery-1' class='fastgallery fg_style1  '> <div data-img=\"https:\/\/marwis.pl\/wp-content\/uploads\/2025\/07\/Dual-oil-stol.jpg\"> <\/div><div data-img=\"https:\/\/marwis.pl\/wp-content\/uploads\/2025\/07\/Dual-oil-stol-2.jpg\"> <\/div><div data-img=\"https:\/\/marwis.pl\/wp-content\/uploads\/2025\/07\/Dual-oil-stol-3.jpg\"> <\/div><div data-img=\"https:\/\/marwis.pl\/wp-content\/uploads\/2025\/07\/Dual-oil-stol-4.jpg\"> <\/div><div style=\"clear:both\"><\/div><\/div>[\/vc_column][vc_column width=&#8221;1\/2&#8243;]\r\n    <div class=\"section_title\" style=\"text-align: center; margin: 0px auto 75px; padding: 0;\">\r\n        <h2 style=\"font-size:34px; color: #0066bf; font-weight: 800;\"> ST\u00d3\u0141 OCIEKOWO-MONTA\u017bOWY DUAL OIL 2000X1000 <\/h2>\r\n         <div class=\"br\" style=\"margin: 0 auto;\"><\/div>             <\/div>\r\n\r\n    [vc_tta_accordion][vc_tta_section title=&#8221;ZASTOSOWANIE&#8221; tab_id=&#8221;1611050130932-cc5a4393-a8f3&#8243;][vc_column_text]St\u00f3\u0142 ociekowo-monta\u017cowy do regeneracji i naprawy cz\u0119\u015bci.<\/p>\n<p>Funkcjonalne i solidne stanowisko do demonta\u017cu, naprawy lub konserwacji cz\u0119\u015bci samochodowych. DUAL OIL 2000 to odpowied\u017a na potrzeby nowoczesnych warsztat\u00f3w, kt\u00f3re stawiaj\u0105 na wygod\u0119 pracy, trwa\u0142o\u015b\u0107 i porz\u0105dek. Ten wszechstronny st\u00f3\u0142 doskonale sprawdza si\u0119 przy regeneracji takich element\u00f3w jak przek\u0142adnie, silniki, skrzynie bieg\u00f3w, g\u0142owice, turbiny czy alternatory. Zaprojektowany z my\u015bl\u0105 o intensywnej eksploatacji w warunkach warsztatowych, zapewnia maksymaln\u0105 wydajno\u015b\u0107 i ergonomi\u0119. Dlaczego warto wybra\u0107 DUAL OIL 2000?<\/p>\n<p>Stalowa konstrukcja malowana proszkowo \u2013 zapewnia odporno\u015b\u0107 na uszkodzenia mechaniczne i korozj\u0119, gwarantuj\u0105c d\u0142ug\u0105 \u017cywotno\u015b\u0107 sto\u0142u.<\/p>\n<p>Dwa blaty robocze \u2013 cz\u0119\u015b\u0107 ociekowa oraz monta\u017cowa umo\u017cliwiaj\u0105 prac\u0119 z r\u00f3\u017cnymi typami cz\u0119\u015bci w czysto\u015bci i porz\u0105dku.<\/p>\n<p>Zbiornik na p\u0142yny \u2013 u\u0142atwia bezpieczne odprowadzanie olej\u00f3w i innych cieczy roboczych, co znacznie zwi\u0119ksza komfort u\u017cytkowania.<\/p>\n<p>Dwie pojemne szuflady i zamykana szafka \u2013 wszystko, czego potrzebujesz, masz zawsze pod r\u0119k\u0105.<\/p>\n<p>Wewn\u0119trzna p\u00f3\u0142ka \u2013 dodatkowe miejsce na narz\u0119dzia i drobne komponenty, kt\u00f3re powinny by\u0107 \u0142atwo dost\u0119pne podczas pracy.<\/p>\n<p>&nbsp;<\/p>\n<p>.[\/vc_column_text][\/vc_tta_section][vc_tta_section title=&#8221;DANE TECHNICZNE&#8221; tab_id=&#8221;1611052357239-a03ddaab-c372&#8243;][vc_column_text]Wysoko\u015b\u0107 ca\u0142kowita: 1250 mm<br \/>\nSzeroko\u015b\u0107 ca\u0142kowita: 1980 mm<br \/>\nG\u0142\u0119boko\u015b\u0107: 1000 mm<br \/>\nBlat ociekowy (S\u00d7G):900\u00d7940mm<br \/>\nBlat monta\u017cowy (S\u00d7 G):990\u00d7970mm<br \/>\nNo\u015bno\u015b\u0107: 500kg[\/vc_column_text][\/vc_tta_section][\/vc_tta_accordion][vc_btn title=&#8221;CENA&#8221; style=&#8221;flat&#8221; color=&#8221;primary&#8221; size=&#8221;lg&#8221; align=&#8221;center&#8221; link=&#8221;url:https%3A%2F%2Fmarwis24.pl%2Fpl%2Fp%2FStol-ociekowy-do-demontazu-INOX-NOWOSC%2F23100685||target:%20_blank|&#8221;][vc_column_text]<\/p>\n<p style=\"text-align: center;\"><span style=\"color: #0066bf;\">Zapytaj o ofert\u0119 dla Ciebie.<\/span><br \/>\n<strong><span style=\"color: #0066bf;\">Zadzwo\u0144! <\/span><\/strong><br \/>\n<strong><span style=\"color: #0066bf;\">MOBILE: +48 781 355 000<\/span><\/strong><\/p>\n<p>[\/vc_column_text][\/vc_column][\/vc_row]<\/p>","protected":false},"excerpt":{"rendered":"<p>[vc_row][vc_column][vc_raw_html]JTVCZmxleHlfYnJlYWRjcnVtYiU1RA==[\/vc_raw_html][\/vc_column][\/vc_row][vc_row][vc_column width=&#8221;1\/2&#8243;][\/vc_column][vc_column width=&#8221;1\/2&#8243;][vc_tta_accordion][vc_tta_section title=&#8221;ZASTOSOWANIE&#8221; tab_id=&#8221;1611050130932-cc5a4393-a8f3&#8243;][vc_column_text]St\u00f3\u0142 ociekowo-monta\u017cowy do regeneracji i naprawy cz\u0119\u015bci. Funkcjonalne i solidne stanowisko do demonta\u017cu, naprawy lub konserwacji cz\u0119\u015bci samochodowych. DUAL OIL 2000 to odpowied\u017a na potrzeby nowoczesnych warsztat\u00f3w, kt\u00f3re stawiaj\u0105 na wygod\u0119 pracy, trwa\u0142o\u015b\u0107 i porz\u0105dek. Ten wszechstronny st\u00f3\u0142 doskonale sprawdza si\u0119 przy regeneracji takich element\u00f3w jak przek\u0142adnie, silniki, skrzynie bieg\u00f3w, g\u0142owice, [&hellip;]<\/p>\n","protected":false},"author":3,"featured_media":0,"parent":1351,"menu_order":0,"comment_status":"closed","ping_status":"open","template":"","meta":[],"_links":{"self":[{"href":"https:\/\/marwis.pl\/pl\/wp-json\/wp\/v2\/pages\/5895"}],"collection":[{"href":"https:\/\/marwis.pl\/pl\/wp-json\/wp\/v2\/pages"}],"about":[{"href":"https:\/\/marwis.pl\/pl\/wp-json\/wp\/v2\/types\/page"}],"author":[{"embeddable":true,"href":"https:\/\/marwis.pl\/pl\/wp-json\/wp\/v2\/users\/3"}],"replies":[{"embeddable":true,"href":"https:\/\/marwis.pl\/pl\/wp-json\/wp\/v2\/comments?post=5895"}],"version-history":[{"count":6,"href":"https:\/\/marwis.pl\/pl\/wp-json\/wp\/v2\/pages\/5895\/revisions"}],"predecessor-version":[{"id":5907,"href":"https:\/\/marwis.pl\/pl\/wp-json\/wp\/v2\/pages\/5895\/revisions\/5907"}],"up":[{"embeddable":true,"href":"https:\/\/marwis.pl\/pl\/wp-json\/wp\/v2\/pages\/1351"}],"wp:attachment":[{"href":"https:\/\/marwis.pl\/pl\/wp-json\/wp\/v2\/media?parent=5895"}],"curies":[{"name":"wp","href":"https:\/\/api.w.org\/{rel}","templated":true}]}}