{"id":6213,"date":"2026-01-22T13:23:37","date_gmt":"2026-01-22T12:23:37","guid":{"rendered":"https:\/\/marwis.pl\/?page_id=6213"},"modified":"2026-02-11T09:01:28","modified_gmt":"2026-02-11T08:01:28","slug":"automower-wash-1000","status":"publish","type":"page","link":"https:\/\/marwis.pl\/pl\/automower-wash-1000\/","title":{"rendered":"AUTOMOWER WASH 1000"},"content":{"rendered":"<p>[vc_row][vc_column][vc_raw_html]JTVCZmxleHlfYnJlYWRjcnVtYiU1RA==[\/vc_raw_html][\/vc_column][\/vc_row][vc_row][vc_column width=&#8221;1\/2&#8243;]<div id='gallery-1' class='fastgallery fg_style1  '> <div data-img=\"https:\/\/marwis.pl\/wp-content\/uploads\/2024\/12\/Automower1-1024x684.jpg\"> <\/div><div data-img=\"https:\/\/marwis.pl\/wp-content\/uploads\/2025\/04\/AUTOMOWER-WASH-800-09-1024x1024.jpg\"> <\/div><div data-img=\"https:\/\/marwis.pl\/wp-content\/uploads\/2025\/04\/AUTOMOWER-WASH-800-01-1024x1024.jpg\"> <\/div><div data-img=\"https:\/\/marwis.pl\/wp-content\/uploads\/2025\/04\/AUTOMOWER-WASH-800-02-1024x1024.jpg\"> <\/div><div data-img=\"https:\/\/marwis.pl\/wp-content\/uploads\/2025\/04\/AUTOMOWER-WASH-800-03-1024x1024.jpg\"> <\/div><div data-img=\"https:\/\/marwis.pl\/wp-content\/uploads\/2025\/04\/AUTOMOWER-WASH-800-04-1024x1024.jpg\"> <\/div><div data-img=\"https:\/\/marwis.pl\/wp-content\/uploads\/2025\/04\/AUTOMOWER-WASH-800-05-1024x1024.jpg\"> <\/div><div data-img=\"https:\/\/marwis.pl\/wp-content\/uploads\/2025\/04\/AUTOMOWER-WASH-800-06-1024x1024.jpg\"> <\/div><div data-img=\"https:\/\/marwis.pl\/wp-content\/uploads\/2025\/04\/AUTOMOWER-WASH-800-07-1024x1024.jpg\"> <\/div><div data-img=\"https:\/\/marwis.pl\/wp-content\/uploads\/2025\/04\/AUTOMOWER-WASH-800-08-1024x1024.jpg\"> <\/div><div style=\"clear:both\"><\/div><\/div>[vc_column_text]<a href=\"https:\/\/www.youtube.com\/shorts\/yMxkAokcVMI\"><img loading=\"lazy\" class=\"alignnone wp-image-6019 size-full\" src=\"https:\/\/marwis.pl\/wp-content\/uploads\/2025\/10\/YT-001.jpg\" alt=\"\" width=\"797\" height=\"1050\" srcset=\"https:\/\/marwis.pl\/wp-content\/uploads\/2025\/10\/YT-001.jpg 797w, https:\/\/marwis.pl\/wp-content\/uploads\/2025\/10\/YT-001-228x300.jpg 228w, https:\/\/marwis.pl\/wp-content\/uploads\/2025\/10\/YT-001-777x1024.jpg 777w, https:\/\/marwis.pl\/wp-content\/uploads\/2025\/10\/YT-001-768x1012.jpg 768w, https:\/\/marwis.pl\/wp-content\/uploads\/2025\/10\/YT-001-500x659.jpg 500w\" sizes=\"(max-width: 797px) 100vw, 797px\" \/><\/a>[\/vc_column_text][\/vc_column][vc_column width=&#8221;1\/2&#8243;]\r\n    <div class=\"section_title\" style=\"text-align: center; margin: 0px auto 75px; padding: 0;\">\r\n        <h2 style=\"font-size:34px; color: #0066bf; font-weight: 800;\"> AUTOMOWER WASH 1000 <\/h2>\r\n         <div class=\"br\" style=\"margin: 0 auto;\"><\/div>             <\/div>\r\n\r\n    [vc_tta_accordion][vc_tta_section title=&#8221;ZASTOSOWANIE&#8221; tab_id=&#8221;1611050130945-8641945f-6d2e&#8221;][vc_column_text]Automower Wash 1000 to profesjonalna myjka przeznaczona specjalnie do czyszczenia robot\u00f3w kosz\u0105cych. \u0141\u0105czy w sobie nowoczesne technologie, trwa\u0142o\u015b\u0107 wykonania i \u0142atwo\u015b\u0107 obs\u0142ugi, zapewniaj\u0105c maksymaln\u0105 skuteczno\u015b\u0107 czyszczenia zar\u00f3wno w warunkach serwisowych, jak i u\u017cytkowych. Innowacyjna konstrukcja i wysoka skuteczno\u015b\u0107<br \/>\nAutomower Wash 1000 zosta\u0142a zaprojektowana z wykorzystaniem innowacyjnych rozwi\u0105za\u0144 technicznych, kt\u00f3re gwarantuj\u0105 efektywne, szybkie i bezpieczne czyszczenie. Myjka wyposa\u017cona jest w: solidn\u0105 obudow\u0119 ze stali nierdzewnej odporn\u0105 na dzia\u0142anie \u015brodk\u00f3w chemicznych i wilgoci, powi\u0119kszone dno ze sko\u015bnym nachyleniem u\u0142atwiaj\u0105cym odp\u0142yw zanieczyszcze\u0144, potr\u00f3jny system filtracji, kt\u00f3ry chroni urz\u0105dzenie przed zabrudzeniem i wyd\u0142u\u017ca jego \u017cywotno\u015b\u0107.<\/p>\n<p>Automatyczny proces mycia<br \/>\nPo uruchomieniu urz\u0105dzenia za pomoc\u0105 wy\u0142\u0105cznika g\u0142\u00f3wnego rozpoczyna si\u0119 podgrzewanie k\u0105pieli czyszcz\u0105cej. Po osi\u0105gni\u0119ciu zadanej temperatury system automatycznie uruchamia cykl mycia. Mechanicznie nap\u0119dzany, obrotowy kosz oraz specjalne dysze spryskuj\u0105ce kieruj\u0105ce gor\u0105cy roztw\u00f3r myj\u0105cy na robota kosz\u0105cego zapewniaj\u0105 dok\u0142adne i r\u00f3wnomierne czyszczenie ka\u017cdego elementu.<\/p>\n<p>Pe\u0142na kontrola nad czasem pracy<br \/>\nCzas trwania cyklu mycia mo\u017cna p\u0142ynnie regulowa\u0107 przy pomocy wy\u0142\u0105cznika czasowego umieszczonego w skrzynce sterowniczej, co pozwala dostosowa\u0107 dzia\u0142anie urz\u0105dzenia do stopnia zabrudzenia maszyny.[\/vc_column_text][\/vc_tta_section][vc_tta_section title=&#8221;WYPOSA\u017bENIE&#8221; tab_id=&#8221;1744718480993-7140b37f-65a4&#8243;][vc_column_text]<\/p>\n<p style=\"text-align: left;\">Myjka jest wykonana z wysokiej jako\u015bci stali nierdzewnej, posiada dno o powi\u0119kszonym skosie oraz potr\u00f3jn\u0105 filtracj\u0119.<\/p>\n<p><strong>Standardowe wyposa\u017cenie myjni:<\/strong><br \/>\nmechaniczny nap\u0119d kosza obrotowego<br \/>\ngrza\u0142ka o mocy 14KW<br \/>\nczujnik roz\u0142\u0105czenia pokrywy domykaj\u0105cej<br \/>\nczujnik poziomu cieczy w zbiorniku<br \/>\nczujnik temperatury cieczy<br \/>\npanel steruj\u0105cy w pe\u0142ni automatyczny (regulacja czasu pracy, regulacja temperatury)<br \/>\ndysze natryskowe regulowane, ze stali nierdzewnej renomowanej firmy Spraying System<br \/>\n3-etapowa filtracja cieczy myj\u0105cej<br \/>\nzaw\u00f3r spustowy<br \/>\nsystem mocowa\u0144 podtrzymuj\u0105cy robota w pozycji pionowej<\/p>\n<p><strong>Opcje dodatkowe:<\/strong><br \/>\nzestaw niskich lanc<br \/>\nsi\u0142owniki pneumatyczne<br \/>\nautomatyczne osuszanie[\/vc_column_text][\/vc_tta_section][vc_tta_section title=&#8221;DANE TECHNICZNE&#8221; tab_id=&#8221;1611052357239-a03ddaab-c372&#8243;][vc_column_text]\u015arednica kosza: 1000mm<br \/>\nWysoko\u015b\u0107 robocza: 600mm<br \/>\nPojemno\u015b\u0107 zbiornika: 270L<br \/>\nWydajno\u015b\u0107 pompy: 200 L\/min<br \/>\nCi\u015bnienie natrysku: 4-6 Bar<br \/>\nMoc grza\u0142ek: 14kW<br \/>\nZasilanie: 3~400V<br \/>\nNo\u015bno\u015b\u0107 kosza: 300kg<br \/>\nProgramowanie czasu pracy: 0-60min<br \/>\nRegulacja temperatury: do 60st.C<br \/>\nG\u0142\u0119boko\u015b\u0107: 1548mm<br \/>\nSzeroko\u015b\u0107: 1510mm<br \/>\nWysoko\u015b\u0107 otwarta\/zamkni\u0119ta: 1870\/1350mm<br \/>\nWaga: 275kg[\/vc_column_text][\/vc_tta_section][\/vc_tta_accordion][vc_btn title=&#8221;CENA&#8221; style=&#8221;flat&#8221; color=&#8221;primary&#8221; size=&#8221;lg&#8221; align=&#8221;center&#8221; link=&#8221;url:https%3A%2F%2Fmarwis24.pl%2Fpl%2Fp%2FMyjka-koszowa-AUTOMOWER-WASH-1000%2F23100779||target:%20_blank|&#8221;][vc_column_text]<\/p>\n<p style=\"text-align: center;\"><strong><span style=\"color: #0066bf;\">Zapytaj o ofert\u0119.<br \/>\nZadzwo\u0144!<br \/>\nMobile: +48 731 666 200<\/span><\/strong><\/p>\n<p>[\/vc_column_text][\/vc_column][\/vc_row]<\/p>","protected":false},"excerpt":{"rendered":"<p>[vc_row][vc_column][vc_raw_html]JTVCZmxleHlfYnJlYWRjcnVtYiU1RA==[\/vc_raw_html][\/vc_column][\/vc_row][vc_row][vc_column width=&#8221;1\/2&#8243;][vc_column_text][\/vc_column_text][\/vc_column][vc_column width=&#8221;1\/2&#8243;][vc_tta_accordion][vc_tta_section title=&#8221;ZASTOSOWANIE&#8221; tab_id=&#8221;1611050130945-8641945f-6d2e&#8221;][vc_column_text]Automower Wash 1000 to profesjonalna myjka przeznaczona specjalnie do czyszczenia robot\u00f3w kosz\u0105cych. \u0141\u0105czy w sobie nowoczesne technologie, trwa\u0142o\u015b\u0107 wykonania i \u0142atwo\u015b\u0107 obs\u0142ugi, zapewniaj\u0105c maksymaln\u0105 skuteczno\u015b\u0107 czyszczenia zar\u00f3wno w warunkach serwisowych, jak i u\u017cytkowych. Innowacyjna konstrukcja i wysoka skuteczno\u015b\u0107 Automower Wash 1000 zosta\u0142a zaprojektowana z wykorzystaniem innowacyjnych rozwi\u0105za\u0144 technicznych, kt\u00f3re gwarantuj\u0105 efektywne, [&hellip;]<\/p>\n","protected":false},"author":3,"featured_media":0,"parent":0,"menu_order":0,"comment_status":"closed","ping_status":"closed","template":"","meta":[],"_links":{"self":[{"href":"https:\/\/marwis.pl\/pl\/wp-json\/wp\/v2\/pages\/6213"}],"collection":[{"href":"https:\/\/marwis.pl\/pl\/wp-json\/wp\/v2\/pages"}],"about":[{"href":"https:\/\/marwis.pl\/pl\/wp-json\/wp\/v2\/types\/page"}],"author":[{"embeddable":true,"href":"https:\/\/marwis.pl\/pl\/wp-json\/wp\/v2\/users\/3"}],"replies":[{"embeddable":true,"href":"https:\/\/marwis.pl\/pl\/wp-json\/wp\/v2\/comments?post=6213"}],"version-history":[{"count":10,"href":"https:\/\/marwis.pl\/pl\/wp-json\/wp\/v2\/pages\/6213\/revisions"}],"predecessor-version":[{"id":6302,"href":"https:\/\/marwis.pl\/pl\/wp-json\/wp\/v2\/pages\/6213\/revisions\/6302"}],"wp:attachment":[{"href":"https:\/\/marwis.pl\/pl\/wp-json\/wp\/v2\/media?parent=6213"}],"curies":[{"name":"wp","href":"https:\/\/api.w.org\/{rel}","templated":true}]}}