{"id":6252,"date":"2026-02-09T08:05:18","date_gmt":"2026-02-09T07:05:18","guid":{"rendered":"https:\/\/marwis.pl\/?page_id=6252"},"modified":"2026-02-10T13:51:32","modified_gmt":"2026-02-10T12:51:32","slug":"odciag-spawalniczy","status":"publish","type":"page","link":"https:\/\/marwis.pl\/pl\/odciag-spawalniczy\/","title":{"rendered":"Odci\u0105g spawalniczy Clean Air 2900 DUO"},"content":{"rendered":"<p>[vc_row][vc_column][vc_raw_html]JTVCZmxleHlfYnJlYWRjcnVtYiU1RA==[\/vc_raw_html][\/vc_column][\/vc_row][vc_row][vc_column width=&#8221;1\/2&#8243;]<div id='gallery-1' class='fastgallery fg_style1  '> <div data-img=\"https:\/\/marwis.pl\/wp-content\/uploads\/2026\/02\/1-Clean-Air-DUO-2900-logo-766x1024.jpg\"> <\/div><div data-img=\"https:\/\/marwis.pl\/wp-content\/uploads\/2026\/02\/2-Clean-Air-DUO-2900-logo-799x1024.jpg\"> <\/div><div data-img=\"https:\/\/marwis.pl\/wp-content\/uploads\/2026\/02\/DSC00296-cor-835x1024.jpg\"> <\/div><div data-img=\"https:\/\/marwis.pl\/wp-content\/uploads\/2026\/02\/DSC00298-cor-1024x684.jpg\"> <\/div><div data-img=\"https:\/\/marwis.pl\/wp-content\/uploads\/2026\/02\/DSC00299-cor-684x1024.jpg\"> <\/div><div data-img=\"https:\/\/marwis.pl\/wp-content\/uploads\/2026\/02\/DSC00300-cor-1024x684.jpg\"> <\/div><div style=\"clear:both\"><\/div><\/div>[\/vc_column][vc_column width=&#8221;1\/2&#8243;]\r\n    <div class=\"section_title\" style=\"text-align: center; margin: 0px auto 75px; padding: 0;\">\r\n        <h2 style=\"font-size:34px; color: #0066bf; font-weight: 800;\"> Odci\u0105g spawalniczy Clean Air 2900 DUO <\/h2>\r\n         <div class=\"br\" style=\"margin: 0 auto;\"><\/div>             <\/div>\r\n\r\n    [vc_tta_accordion][vc_tta_section title=&#8221;ZASTOSOWANIE&#8221; tab_id=&#8221;1611050130932-cc5a4393-a8f3&#8243;][vc_column_text]Odci\u0105g spawalniczy MARWIS to specjalistyczne urz\u0105dzenie zaprojektowane do usuwania szkodliwych gaz\u00f3w i py\u0142\u00f3w powstaj\u0105cych w wyniku proces\u00f3w spawalniczych, cz\u0105stek sta\u0142ych z maszyn do obr\u00f3bki metalu, szk\u0142a i tworzyw sztucznych. Wychwytywanie dymu odbywa si\u0119 za pomoc\u0105 ramienia odci\u0105gowego zako\u0144czonego ssawk\u0105 odsysaj\u0105c\u0105 dym spawalniczy z miejsca spawania. Urz\u0105dzenie wyposa\u017cone w filtr samoczyszcz\u0105cy, moc ss\u0105ca: 2900m3\/h.<\/p>\n<p>Specyfikacja urz\u0105dzenia: odci\u0105g spawalniczy sk\u0142ada si\u0119 z dw\u00f3ch ramion ss\u0105cych w pobli\u017cu \u017ar\u00f3d\u0142a emisji (spawarka, palnik, narz\u0119dzia spawalnicze) oraz wentylatora, kt\u00f3ry przetwarza zanieczyszczenia przez filtr i usuwa je na zewn\u0105trz.odci\u0105g zapobiega przedostawaniu si\u0119 szkodliwych gaz\u00f3w i py\u0142\u00f3w do powietrza, chroni\u0105c pracownik\u00f3w przed ich wdychaniem. Regularne u\u017cywanie urz\u0105dzenia zmniejsza ryzyko powa\u017cnych problem\u00f3w zdrowotnych zwi\u0105zanych z d\u0142ugotrwa\u0142ym nara\u017ceniem na substancje toksyczne. Skutecznie oczyszcza miejsce pracy z zanieczyszcze\u0144, co nie tylko wp\u0142ywa na zdrowie, ale r\u00f3wnie\u017c poprawia komfort i efektywno\u015b\u0107 spawania.<\/p>\n<p>Zapewnij bezpiecze\u0144stwo i komfort pracy w Twoim warsztacie. Postaw na nowoczesne rozwi\u0105zania z MARWIS!<\/p>\n<p>[\/vc_column_text][\/vc_tta_section][vc_tta_section title=&#8221;DANE TECHNICZNE&#8221; tab_id=&#8221;1611052357239-a03ddaab-c372&#8243;][vc_column_text]Dane techniczne urz\u0105dzenia:<\/p>\n<p>Szeroko\u015b\u0107 urz\u0105dzenia: 940mm<br \/>\nG\u0142\u0119boko\u015b\u0107 urz\u0105dzenia: 946mm<br \/>\nWysoko\u015b\u0107 urz\u0105dzenia: 1824mm<br \/>\nWaga:210kg<br \/>\nMetoda filtracji: filtr samoczyszcz\u0105cy<br \/>\nMoc ss\u0105ca: 2900m3\/h<br \/>\nSilnik: 2,2kW<br \/>\nNapi\u0119cie przy\u0142\u0105cza: 400V<br \/>\nNat\u0119\u017cenie pr\u0105du nominalne: 4,5A<br \/>\nCz\u0119stotliwo\u015b\u0107: 50Hz<br \/>\nPoziom ci\u015bnienia akustycznego: 82\/80dB(A)<br \/>\nTemperatura medium max: 80\u02daC<br \/>\nRamie obrotowe: 360\u02da<br \/>\nD\u0142ugo\u015b\u0107 ramienia: 2 &#8211; 3m<br \/>\n\u015arednica ramienia odci\u0105gowego: \u00d8160mm<br \/>\nZbiornik: 20l<br \/>\nZaopatrzenie na podci\u015bnienie: 5 &#8211; 6bar<\/p>\n<p>&nbsp;<\/p>\n<p>Dane techniczne filtra:<\/p>\n<p>Powierzchnia filtra: 10 m\u00b2<br \/>\nTyp filtra: wk\u0142ad nabojowy<br \/>\nMateria\u0142 filtracyjny: membrana PTFE<br \/>\nRama: stalowy kosz ochronny, zgrzewany materia\u0142 filtruj\u0105cy<br \/>\nDoszczelnienie: uszczelka z gumy porowatej<br \/>\nStopie\u0144 oczyszczania: &gt; 99.2 %<br \/>\nKlasa py\u0142u: M<br \/>\n\u015arednica: 325 mm<br \/>\nWymiary (\u015brednica x wys.): 325&#215;616 mm<br \/>\nWaga: 5.3 kg[\/vc_column_text][\/vc_tta_section][\/vc_tta_accordion][vc_btn title=&#8221;CENA&#8221; style=&#8221;flat&#8221; color=&#8221;primary&#8221; size=&#8221;lg&#8221; align=&#8221;center&#8221; link=&#8221;url:https%3A%2F%2Fmarwis24.pl%2Fpl%2Fp%2FODCIAG-SPAWALNICZY-NOWOSC-CLEAN-AIR-DUO-2900%2F23100773||target:%20_blank|&#8221;][vc_column_text]<\/p>\n<p style=\"text-align: center;\"><span style=\"color: #0066bf;\">Zapytaj o ofert\u0119 dla Ciebie.<\/span><br \/>\n<strong><span style=\"color: #0066bf;\">Zadzwo\u0144! <\/span><\/strong><br \/>\n<strong><span style=\"color: #0066bf;\">Mobil: +48 731 666 200<\/span><\/strong><\/p>\n<p>[\/vc_column_text][\/vc_column][\/vc_row]<\/p>","protected":false},"excerpt":{"rendered":"<p>[vc_row][vc_column][vc_raw_html]JTVCZmxleHlfYnJlYWRjcnVtYiU1RA==[\/vc_raw_html][\/vc_column][\/vc_row][vc_row][vc_column width=&#8221;1\/2&#8243;][\/vc_column][vc_column width=&#8221;1\/2&#8243;][vc_tta_accordion][vc_tta_section title=&#8221;ZASTOSOWANIE&#8221; tab_id=&#8221;1611050130932-cc5a4393-a8f3&#8243;][vc_column_text]Odci\u0105g spawalniczy MARWIS to specjalistyczne urz\u0105dzenie zaprojektowane do usuwania szkodliwych gaz\u00f3w i py\u0142\u00f3w powstaj\u0105cych w wyniku proces\u00f3w spawalniczych, cz\u0105stek sta\u0142ych z maszyn do obr\u00f3bki metalu, szk\u0142a i tworzyw sztucznych. Wychwytywanie dymu odbywa si\u0119 za pomoc\u0105 ramienia odci\u0105gowego zako\u0144czonego ssawk\u0105 odsysaj\u0105c\u0105 dym spawalniczy z miejsca spawania. Urz\u0105dzenie wyposa\u017cone w filtr samoczyszcz\u0105cy, moc [&hellip;]<\/p>\n","protected":false},"author":3,"featured_media":0,"parent":0,"menu_order":0,"comment_status":"closed","ping_status":"open","template":"","meta":[],"_links":{"self":[{"href":"https:\/\/marwis.pl\/pl\/wp-json\/wp\/v2\/pages\/6252"}],"collection":[{"href":"https:\/\/marwis.pl\/pl\/wp-json\/wp\/v2\/pages"}],"about":[{"href":"https:\/\/marwis.pl\/pl\/wp-json\/wp\/v2\/types\/page"}],"author":[{"embeddable":true,"href":"https:\/\/marwis.pl\/pl\/wp-json\/wp\/v2\/users\/3"}],"replies":[{"embeddable":true,"href":"https:\/\/marwis.pl\/pl\/wp-json\/wp\/v2\/comments?post=6252"}],"version-history":[{"count":11,"href":"https:\/\/marwis.pl\/pl\/wp-json\/wp\/v2\/pages\/6252\/revisions"}],"predecessor-version":[{"id":6276,"href":"https:\/\/marwis.pl\/pl\/wp-json\/wp\/v2\/pages\/6252\/revisions\/6276"}],"wp:attachment":[{"href":"https:\/\/marwis.pl\/pl\/wp-json\/wp\/v2\/media?parent=6252"}],"curies":[{"name":"wp","href":"https:\/\/api.w.org\/{rel}","templated":true}]}}