{"id":894,"date":"2021-02-04T12:56:47","date_gmt":"2021-02-04T11:56:47","guid":{"rendered":"http:\/\/marwis.zoom.usermd.net\/?page_id=894"},"modified":"2026-03-13T10:34:07","modified_gmt":"2026-03-13T09:34:07","slug":"o-fabryce","status":"publish","type":"page","link":"https:\/\/marwis.pl\/pl\/o-fabryce\/","title":{"rendered":"O Fabryce"},"content":{"rendered":"<p>[vc_row css=&#8221;.vc_custom_1610444886259{padding-top: 80px !important;}&#8221;][vc_column css=&#8221;.vc_custom_1539264137946{padding-right: 30px !important;}&#8221;][vc_single_image image=&#8221;6471&#8243; img_size=&#8221;full&#8221; css_animation=&#8221;none&#8221; css=&#8221;.vc_custom_1773387371824{padding-top: 30px !important;padding-right: 40px !important;padding-left: 15px !important;}&#8221;]\r\n    <div class=\"section_title\" style=\"text-align: center; margin: 0px auto 0px; padding: 0;\">\r\n        <h2 style=\"font-size:34px; color: #0066bf; font-weight: 800;\"> Marwis <\/h2>\r\n         <div class=\"br\" style=\"margin: 0 auto;\"><\/div>             <\/div>\r\n\r\n    [vc_column_text css=&#8221;.vc_custom_1773394438939{margin-top: 40px !important;}&#8221;]<\/p>\n<p style=\"text-align: center;\">Jeste\u015bmy polskim producentem specjalistycznych urz\u0105dze\u0144 myj\u0105cych i chemii technicznej, dzia\u0142aj\u0105cym na rynku od 2001 roku. Od ponad 25 lat dostarczamy rozwi\u0105zania, kt\u00f3re wspieraj\u0105 prac\u0119 warsztat\u00f3w, zak\u0142ad\u00f3w przemys\u0142owych i firm serwisowych w ca\u0142ej Polsce i za granic\u0105. Za\u0142o\u017cycielem i w\u0142a\u015bcicielem firmy jest Marcin Wi\u015bniewski, kt\u00f3ry od pocz\u0105tku stawia na jako\u015b\u0107, niezawodno\u015b\u0107 i praktyczno\u015b\u0107 oferowanych rozwi\u0105za\u0144. Nasza siedziba mie\u015bci si\u0119 w Zielonej G\u00f3rze, przy ul. Przylep-Zak\u0142adowej 17. Na miejscu posiadamy nowoczesn\u0105 hal\u0119 produkcyjn\u0105, magazyn wysokiego sk\u0142adowania, rozbudowane zaplecze biurowe oraz w\u0142asne centrum innowacji, w kt\u00f3rym rozwijamy nowe technologie i dostosowujemy urz\u0105dzenia do indywidualnych potrzeb klient\u00f3w.<\/p>\n<p style=\"text-align: center;\"><strong>Co robimy?<\/strong><\/p>\n<p style=\"text-align: center;\">Specjalizujemy produkcji urz\u0105dze\u0144 czyszcz\u0105co-myj\u0105cych \u2013 od kompaktowych myjek warsztatowych po zaawansowane systemy przemys\u0142owe,<br \/>\ndostarczaniu profesjonalnej chemii do mycia, odt\u0142uszczania i konserwacji cz\u0119\u015bci,<br \/>\nprojektowaniu rozwi\u0105za\u0144 na zam\u00f3wienie \u2013 dopasowanych do specyfiki klienta.<\/p>\n<p style=\"text-align: center;\">W naszej ofercie znajduj\u0105 si\u0119 m.in. myjki ci\u015bnieniowe, myjki do filtr\u00f3w DPF, urz\u0105dzenia do czyszczenia element\u00f3w metalowych oraz specjalistyczne dodatki chemiczne zwi\u0119kszaj\u0105ce skuteczno\u015b\u0107 mycia.<\/p>\n<p style=\"text-align: center;\"><strong>Zesp\u00f3\u0142, kt\u00f3ry tworzy jako\u015b\u0107<\/strong><\/p>\n<p style=\"text-align: center;\">Si\u0142\u0105 naszej firmy jest zesp\u00f3\u0142 wykwalifikowanych specjalist\u00f3w, kt\u00f3rzy z pasj\u0105 i zaanga\u017cowaniem realizuj\u0105 ka\u017cde zlecenie. Nasza kadra to do\u015bwiadczeni fachowcy pracuj\u0105cy w dzia\u0142ach: spawalnia, dziale monta\u017cu, dziale elektrycznym, dziale projektowym, a tak\u017ce w logistyce, serwisie, sprzeda\u017cy i obs\u0142udze klienta. Dzi\u0119ki ich kompetencjom i wsp\u00f3\u0142pracy tworzymy rozwi\u0105zania, kt\u00f3re odpowiadaj\u0105 na realne potrzeby naszych klient\u00f3w.<\/p>\n<p style=\"text-align: center;\"><strong>Dla kogo pracujemy? Nasze produkty znajduj\u0105 zastosowanie m.in<\/strong>. w: warsztatach samochodowych, zak\u0142adach przemys\u0142owych i produkcyjnych, firmach zajmuj\u0105cych si\u0119 regeneracj\u0105 cz\u0119\u015bci, centrach serwisowych i flotowych, jednostkach wojskowych i s\u0142u\u017cbach technicznych.<\/p>\n<p style=\"text-align: center;\"><strong>Marwis \u2013 niezawodno\u015b\u0107, kt\u00f3ra si\u0119 op\u0142aca.<\/strong><\/p>\n<p style=\"text-align: center;\">Zapraszamy do wsp\u00f3\u0142pracy \u2013 wsp\u00f3lnie znajdziemy rozwi\u0105zanie dopasowane do Twoich potrzeb.<\/p>\n<p>[\/vc_column_text][\/vc_column][\/vc_row][vc_row rtl_reverse=&#8221;yes&#8221; css=&#8221;.vc_custom_1610445191668{padding-bottom: 50px !important;}&#8221;][vc_column width=&#8221;1\/2&#8243; offset=&#8221;vc_hidden-md vc_hidden-sm vc_hidden-xs&#8221;][\/vc_column][vc_column width=&#8221;1\/2&#8243; offset=&#8221;vc_hidden-md vc_hidden-sm vc_hidden-xs&#8221;][\/vc_column][\/vc_row][vc_row content_placement=&#8221;middle&#8221;][vc_column]\r\n    <div class=\"section_title\" style=\"text-align: center; margin: 50px auto 0px; padding: 0;\">\r\n        <h2 style=\"font-size:34px; color: #0066bf; font-weight: 800;\"> Spacer po firmie <\/h2>\r\n         <div class=\"br\" style=\"margin: 0 auto;\"><\/div>             <\/div>\r\n\r\n    [vc_raw_html css=&#8221;.vc_custom_1610450779859{margin-top: 20px !important;}&#8221;]JTVCbWV0YV9nYWxsZXJ5X2Nhcm91c2VsJTIwaWQlM0QlMjI3OTMlMjIlNUQ=[\/vc_raw_html][\/vc_column][\/vc_row][vc_row][vc_column]\r\n    <div class=\"section_title\" style=\"text-align: center; margin: 50px auto 50px; padding: 0;\">\r\n        <h2 style=\"font-size:34px; color: #0066bf; font-weight: 800;\"> Galeria <\/h2>\r\n         <div class=\"br\" style=\"margin: 0 auto;\"><\/div>             <\/div>\r\n\r\n    [vc_masonry_media_grid style=&#8221;load-more&#8221; items_per_page=&#8221;8&#8243; element_width=&#8221;3&#8243; btn_title=&#8221;Zobacz wi\u0119cej&#8221; grid_id=&#8221;vc_gid:1773394341520-95d6514d-516a-8&#8243; include=&#8221;6471,6472,777,6479,763,6253,761,6474,704,705,701,6473,6475,6238&#8243;][\/vc_column][\/vc_row]<\/p>","protected":false},"excerpt":{"rendered":"<p>[vc_row css=&#8221;.vc_custom_1610444886259{padding-top: 80px !important;}&#8221;][vc_column css=&#8221;.vc_custom_1539264137946{padding-right: 30px !important;}&#8221;][vc_single_image image=&#8221;6471&#8243; img_size=&#8221;full&#8221; css_animation=&#8221;none&#8221; css=&#8221;.vc_custom_1773387371824{padding-top: 30px !important;padding-right: 40px !important;padding-left: 15px !important;}&#8221;][vc_column_text css=&#8221;.vc_custom_1773394438939{margin-top: 40px !important;}&#8221;] Jeste\u015bmy polskim producentem specjalistycznych urz\u0105dze\u0144 myj\u0105cych i chemii technicznej, dzia\u0142aj\u0105cym na rynku od 2001 roku. Od ponad 25 lat dostarczamy rozwi\u0105zania, kt\u00f3re wspieraj\u0105 prac\u0119 warsztat\u00f3w, zak\u0142ad\u00f3w przemys\u0142owych i firm serwisowych w ca\u0142ej Polsce i za [&hellip;]<\/p>\n","protected":false},"author":3,"featured_media":4876,"parent":0,"menu_order":0,"comment_status":"closed","ping_status":"closed","template":"","meta":[],"_links":{"self":[{"href":"https:\/\/marwis.pl\/pl\/wp-json\/wp\/v2\/pages\/894"}],"collection":[{"href":"https:\/\/marwis.pl\/pl\/wp-json\/wp\/v2\/pages"}],"about":[{"href":"https:\/\/marwis.pl\/pl\/wp-json\/wp\/v2\/types\/page"}],"author":[{"embeddable":true,"href":"https:\/\/marwis.pl\/pl\/wp-json\/wp\/v2\/users\/3"}],"replies":[{"embeddable":true,"href":"https:\/\/marwis.pl\/pl\/wp-json\/wp\/v2\/comments?post=894"}],"version-history":[{"count":57,"href":"https:\/\/marwis.pl\/pl\/wp-json\/wp\/v2\/pages\/894\/revisions"}],"predecessor-version":[{"id":6489,"href":"https:\/\/marwis.pl\/pl\/wp-json\/wp\/v2\/pages\/894\/revisions\/6489"}],"wp:featuredmedia":[{"embeddable":true,"href":"https:\/\/marwis.pl\/pl\/wp-json\/wp\/v2\/media\/4876"}],"wp:attachment":[{"href":"https:\/\/marwis.pl\/pl\/wp-json\/wp\/v2\/media?parent=894"}],"curies":[{"name":"wp","href":"https:\/\/api.w.org\/{rel}","templated":true}]}}