{"id":904,"date":"2021-02-04T13:00:40","date_gmt":"2021-02-04T12:00:40","guid":{"rendered":"http:\/\/marwis.zoom.usermd.net\/?page_id=904"},"modified":"2022-05-09T09:21:49","modified_gmt":"2022-05-09T07:21:49","slug":"sponsoring","status":"publish","type":"page","link":"https:\/\/marwis.pl\/pl\/sponsoring\/","title":{"rendered":"Sponsoring"},"content":{"rendered":"<p>[vc_row][vc_column][vc_column_text][\/vc_column_text][\/vc_column][\/vc_row][vc_row][vc_column][vc_column_text][\/vc_column_text][\/vc_column][\/vc_row][vc_row][vc_column][vc_column_text][\/vc_column_text][\/vc_column][\/vc_row][vc_row][vc_column][vc_column_text][\/vc_column_text][\/vc_column][\/vc_row][vc_row][vc_column][vc_column_text][\/vc_column_text][\/vc_column][\/vc_row][vc_row][vc_column][vc_column_text][\/vc_column_text][\/vc_column][\/vc_row][vc_row][vc_column][vc_column_text][\/vc_column_text][\/vc_column][\/vc_row][vc_row][vc_column][vc_column_text][\/vc_column_text][\/vc_column][\/vc_row][vc_row css=&#8221;.vc_custom_1610444886259{padding-top: 80px !important;}&#8221;][vc_column width=&#8221;6\/12&#8243; css=&#8221;.vc_custom_1539264137946{padding-right: 30px !important;}&#8221;][vc_single_image image=&#8221;3287&#8243; img_size=&#8221;full&#8221; css_animation=&#8221;none&#8221; css=&#8221;.vc_custom_1648115388765{padding-top: 30px !important;padding-right: 40px !important;padding-left: 15px !important;}&#8221;][\/vc_column][vc_column width=&#8221;6\/12&#8243; css=&#8221;.vc_custom_1539264149729{padding-left: 30px !important;}&#8221;]\r\n    <div class=\"section_title\" style=\"text-align: left; margin: 0px auto 0px; padding: 0;\">\r\n        <h2 style=\"font-size:34px; color: #0066bf; font-weight: 800;\"> Wielka (M)i\u0142o\u015b\u0107 do \u017cu\u017cla <\/h2>\r\n         <div class=\"br\" style=\"\"><\/div>             <\/div>\r\n\r\n    [vc_column_text css=&#8221;.vc_custom_1645031653347{margin-top: 40px !important;}&#8221;]Nie ukrywamy\u2026 jeste\u015bmy zakochani w czarnym sporcie. Mi\u0142o\u015b\u0107 Marwisu do \u017cu\u017cla trwa ju\u017c wiele lat. W sezonie 2021 byli\u015bmy sponsorem tytularnym Marwis.pl Falubazu Zielona G\u00f3ra. W 2022 roku wspieramy zielonog\u00f3rsk\u0105 dru\u017cyn\u0119 jako Sponsor G\u0142\u00f3wny. Dodatkowo doceniamy wyniki czo\u0142owych\u00a0 \u017cu\u017clowc\u00f3w w Polsce pomagaj\u0105c im indywidualnie.[\/vc_column_text][\/vc_column][\/vc_row][vc_row rtl_reverse=&#8221;yes&#8221; css=&#8221;.vc_custom_1610445191668{padding-bottom: 50px !important;}&#8221;][vc_column width=&#8221;1\/2&#8243; offset=&#8221;vc_hidden-md vc_hidden-sm vc_hidden-xs&#8221;]\r\n    <div class=\"section_title\" style=\"text-align: left; margin: 50px auto 0px; padding: 0;\">\r\n        <h2 style=\"font-size:34px; color: #0066bf; font-weight: 800;\"> #Marwis Team <\/h2>\r\n         <div class=\"br\" style=\"\"><\/div>             <\/div>\r\n\r\n    [vc_column_text css=&#8221;.vc_custom_1645091718414{margin-top: 40px !important;}&#8221;]D\u0142ugoletnia aktywno\u015b\u0107 firmy Marwis w sporcie przynios\u0142a udan\u0105 wsp\u00f3\u0142prac\u0119 z popularnymi zawodnikami. Od wielu sezon\u00f3w #JedziemyRazem z Patykiem Dudkiem &#8211; Wicemistrzem \u015awiata z 2017 r. Dzi\u0119ki \u201eDuzersowi\u201d nasza firma zaistnia\u0142a z sukcesami na arenach mi\u0119dzynarodowych. W teamie Marwis znale\u017ali si\u0119 r\u00f3wnie\u017c Grzegorz Walasek, Grzegorz Zengota, Mateusz Tonder.[\/vc_column_text][\/vc_column][vc_column width=&#8221;1\/2&#8243; offset=&#8221;vc_hidden-md vc_hidden-sm vc_hidden-xs&#8221;][vc_single_image image=&#8221;761&#8243; img_size=&#8221;500&#215;650&#8243; css_animation=&#8221;none&#8221; css=&#8221;.vc_custom_1645036800627{margin-right: -60px !important;}&#8221;][\/vc_column][\/vc_row][vc_row][vc_column width=&#8221;6\/12&#8243; css=&#8221;.vc_custom_1539264137946{padding-right: 30px !important;}&#8221;][vc_single_image image=&#8221;3290&#8243; img_size=&#8221;full&#8221; css_animation=&#8221;none&#8221; css=&#8221;.vc_custom_1648115447567{padding-top: 30px !important;padding-right: 40px !important;padding-left: 15px !important;}&#8221;][\/vc_column][vc_column width=&#8221;6\/12&#8243; css=&#8221;.vc_custom_1539264149729{padding-left: 30px !important;}&#8221;]\r\n    <div class=\"section_title\" style=\"text-align: left; margin: 0px auto 0px; padding: 0;\">\r\n        <h2 style=\"font-size:34px; color: #0066bf; font-weight: 800;\"> Harpagan w sporcie! <\/h2>\r\n         <div class=\"br\" style=\"\"><\/div>             <\/div>\r\n\r\n    [vc_column_text css=&#8221;.vc_custom_1645098887872{margin-top: 40px !important;}&#8221;]Jak harpagan idziemy w sport! Stawiamy na ambitne projekty i wsp\u00f3\u0142prac\u0119 z pasjonatami sportu.<br \/>\nPasji i waleczno\u015bci nie brakuje na torze speedrowerowym. Niepozornie wygl\u0105daj\u0105ca rywalizacja dostarcza r\u00f3wnie du\u017co wra\u017ce\u0144 co zawody motorowe. Zapraszamy na zawody KS Marwis Harpaganu Zielona G\u00f3ra![\/vc_column_text][\/vc_column][\/vc_row][vc_row][vc_column width=&#8221;1\/2&#8243;]\r\n    <div class=\"section_title\" style=\"text-align: left; margin: 0px auto 0px; padding: 0;\">\r\n        <h2 style=\"font-size:34px; color: #0066bf; font-weight: 800;\"> Kulamy w zwyci\u0119stwo <\/h2>\r\n         <div class=\"br\" style=\"\"><\/div>             <\/div>\r\n\r\n    [vc_column_text][\/vc_column_text][vc_column_text]Obiecali, \u017ce b\u0119d\u0105 Mistrzami i s\u0142owa dotrzymali. Warto inwestowa\u0107 w tak zdeterminowany zesp\u00f3\u0142. Marwis Bowlers Zielona G\u00f3ra zdobyli Mistrzostwo Lubuskiej Ligi Bowlingowej i ruszyli na podb\u00f3j ligi og\u00f3lnopolskiej. Kulamy dalej w zwyci\u0119stwo![\/vc_column_text][\/vc_column][vc_column width=&#8221;1\/2&#8243;][vc_single_image image=&#8221;3291&#8243; img_size=&#8221;500&#215;375&#8243;][\/vc_column][\/vc_row][vc_row][vc_column width=&#8221;1\/2&#8243;][vc_column_text][\/vc_column_text][vc_single_image image=&#8221;3292&#8243; img_size=&#8221;500&#215;375&#8243;][\/vc_column][vc_column width=&#8221;1\/2&#8243;]\r\n    <div class=\"section_title\" style=\"text-align: left; margin: 0px auto 0px; padding: 0;\">\r\n        <h2 style=\"font-size:34px; color: #0066bf; font-weight: 800;\"> Celujemy w basket <\/h2>\r\n         <div class=\"br\" style=\"\"><\/div>             <\/div>\r\n\r\n    [vc_column_text][\/vc_column_text][vc_column_text]Sponsoring wysokich lot\u00f3w! Dodajemy skrzyde\u0142 koszykarzom Letniej Ligi Basketu. Kilkuset zawodnik\u00f3w lata z naszym wsparciem pod koszami zielonog\u00f3rskich Orlik\u00f3w. Marwis trafiony za 3![\/vc_column_text][\/vc_column][\/vc_row][vc_row][vc_column]\r\n    <div class=\"section_title\" style=\"text-align: center; margin: 50px auto 50px; padding: 0;\">\r\n        <h2 style=\"font-size:34px; color: #0066bf; font-weight: 800;\"> Galeria <\/h2>\r\n         <div class=\"br\" style=\"margin: 0 auto;\"><\/div>             <\/div>\r\n\r\n    [vc_masonry_media_grid style=&#8221;load-more&#8221; items_per_page=&#8221;8&#8243; element_width=&#8221;3&#8243; btn_title=&#8221;Zobacz wi\u0119cej&#8221; grid_id=&#8221;vc_gid:1651677173379-cd5ba226-2bfa-9&#8243; include=&#8221;3397,3390,3403,3391,3392,3399,3395,3394,3393,3396,3398&#8243;][\/vc_column][vc_column][\/vc_column][\/vc_row][vc_row][vc_column][vc_column_text][\/vc_column_text][\/vc_column][\/vc_row][vc_row][vc_column][vc_column_text][\/vc_column_text][\/vc_column][\/vc_row][vc_row][vc_column][vc_column_text][\/vc_column_text][\/vc_column][\/vc_row][vc_row][vc_column][vc_column_text][\/vc_column_text][\/vc_column][\/vc_row][vc_row][vc_column][vc_column_text][\/vc_column_text][\/vc_column][\/vc_row][vc_row][vc_column][vc_column_text][\/vc_column_text][\/vc_column][\/vc_row][vc_row][vc_column][vc_column_text][\/vc_column_text][\/vc_column][\/vc_row]<\/p>","protected":false},"excerpt":{"rendered":"<p>[vc_row][vc_column][vc_column_text][\/vc_column_text][\/vc_column][\/vc_row][vc_row][vc_column][vc_column_text][\/vc_column_text][\/vc_column][\/vc_row][vc_row][vc_column][vc_column_text][\/vc_column_text][\/vc_column][\/vc_row][vc_row][vc_column][vc_column_text][\/vc_column_text][\/vc_column][\/vc_row][vc_row][vc_column][vc_column_text][\/vc_column_text][\/vc_column][\/vc_row][vc_row][vc_column][vc_column_text][\/vc_column_text][\/vc_column][\/vc_row][vc_row][vc_column][vc_column_text][\/vc_column_text][\/vc_column][\/vc_row][vc_row][vc_column][vc_column_text][\/vc_column_text][\/vc_column][\/vc_row][vc_row css=&#8221;.vc_custom_1610444886259{padding-top: 80px !important;}&#8221;][vc_column width=&#8221;6\/12&#8243; css=&#8221;.vc_custom_1539264137946{padding-right: 30px !important;}&#8221;][vc_single_image image=&#8221;3287&#8243; img_size=&#8221;full&#8221; css_animation=&#8221;none&#8221; css=&#8221;.vc_custom_1648115388765{padding-top: 30px !important;padding-right: 40px !important;padding-left: 15px !important;}&#8221;][\/vc_column][vc_column width=&#8221;6\/12&#8243; css=&#8221;.vc_custom_1539264149729{padding-left: 30px !important;}&#8221;][vc_column_text css=&#8221;.vc_custom_1645031653347{margin-top: 40px !important;}&#8221;]Nie ukrywamy\u2026 jeste\u015bmy zakochani w czarnym sporcie. Mi\u0142o\u015b\u0107 Marwisu do \u017cu\u017cla trwa ju\u017c wiele lat. W sezonie 2021 byli\u015bmy sponsorem tytularnym Marwis.pl Falubazu Zielona G\u00f3ra. W 2022 roku wspieramy zielonog\u00f3rsk\u0105 dru\u017cyn\u0119 [&hellip;]<\/p>\n","protected":false},"author":3,"featured_media":0,"parent":0,"menu_order":0,"comment_status":"closed","ping_status":"closed","template":"","meta":[],"_links":{"self":[{"href":"https:\/\/marwis.pl\/pl\/wp-json\/wp\/v2\/pages\/904"}],"collection":[{"href":"https:\/\/marwis.pl\/pl\/wp-json\/wp\/v2\/pages"}],"about":[{"href":"https:\/\/marwis.pl\/pl\/wp-json\/wp\/v2\/types\/page"}],"author":[{"embeddable":true,"href":"https:\/\/marwis.pl\/pl\/wp-json\/wp\/v2\/users\/3"}],"replies":[{"embeddable":true,"href":"https:\/\/marwis.pl\/pl\/wp-json\/wp\/v2\/comments?post=904"}],"version-history":[{"count":14,"href":"https:\/\/marwis.pl\/pl\/wp-json\/wp\/v2\/pages\/904\/revisions"}],"predecessor-version":[{"id":3492,"href":"https:\/\/marwis.pl\/pl\/wp-json\/wp\/v2\/pages\/904\/revisions\/3492"}],"wp:attachment":[{"href":"https:\/\/marwis.pl\/pl\/wp-json\/wp\/v2\/media?parent=904"}],"curies":[{"name":"wp","href":"https:\/\/api.w.org\/{rel}","templated":true}]}}