{"id":944,"date":"2021-02-16T11:14:09","date_gmt":"2021-02-16T10:14:09","guid":{"rendered":"http:\/\/marwis.zoom.usermd.net\/?page_id=944"},"modified":"2026-03-26T11:52:46","modified_gmt":"2026-03-26T10:52:46","slug":"mst-wan-500","status":"publish","type":"page","link":"https:\/\/marwis.pl\/pl\/myjki-warsztatowo-manualne\/mst-wan-500\/","title":{"rendered":"MST WAN 500"},"content":{"rendered":"<p>[vc_row][vc_column][vc_raw_html]JTVCZmxleHlfYnJlYWRjcnVtYiU1RA==[\/vc_raw_html][\/vc_column][\/vc_row][vc_row][vc_column width=&#8221;1\/2&#8243;]<div id='gallery-1' class='fastgallery fg_style1  '> <div data-img=\"https:\/\/marwis.pl\/wp-content\/uploads\/2021\/07\/MST-WAN-500-2_-1024x1024.jpg\"> <\/div><div data-img=\"https:\/\/marwis.pl\/wp-content\/uploads\/2021\/06\/MST-WAN-500_-1024x1024.jpg\"> <\/div><div data-img=\"https:\/\/marwis.pl\/wp-content\/uploads\/2021\/11\/wan_500_-1024x1024.jpg\"> <\/div><div data-img=\"https:\/\/marwis.pl\/wp-content\/uploads\/2021\/11\/WAN-500-1024x1024.jpg\"> <\/div><div data-img=\"https:\/\/marwis.pl\/wp-content\/uploads\/2021\/11\/wan-500-1_-1024x1024.jpg\"> <\/div><div style=\"clear:both\"><\/div><\/div>[\/vc_column][vc_column width=&#8221;1\/2&#8243;]\r\n    <div class=\"section_title\" style=\"text-align: center; margin: 0px auto 75px; padding: 0;\">\r\n        <h2 style=\"font-size:34px; color: #0066bf; font-weight: 800;\"> MST WAN 500 <\/h2>\r\n         <div class=\"br\" style=\"margin: 0 auto;\"><\/div>             <\/div>\r\n\r\n    [vc_tta_accordion][vc_tta_section title=&#8221;ZASTOSOWANIE&#8221; tab_id=&#8221;1611050130932-cc5a4393-a8f3&#8243;][vc_column_text]Manualna myjka warsztatowa to wszechstronne urz\u0105dzenie przeznaczone do r\u0119cznego czyszczenia element\u00f3w mechanicznych, szczeg\u00f3lnie w serwisach samochodowych i warsztatach przemys\u0142owych. Doskonale sprawdza si\u0119 przy usuwaniu t\u0142ustych zabrudze\u0144, smar\u00f3w i innych zanieczyszcze\u0144 z cz\u0119\u015bci samochodowych oraz narz\u0119dzi.<\/p>\n<p>Model stacjonarny, taki jak MST WAN\u00a0 500, dzia\u0142a w oparciu o obieg zamkni\u0119ty cieczy myj\u0105cej. Proces czyszczenia odbywa si\u0119 za pomoc\u0105 p\u0119dzla przep\u0142ywowego, przez kt\u00f3ry pompowany jest \u015brodek czyszcz\u0105cy Clean Professional \u2013 specjalistyczny preparat o silnych w\u0142a\u015bciwo\u015bciach odt\u0142uszczaj\u0105cych, zgodnych z jego kart\u0105 charakterystyki.[\/vc_column_text][\/vc_tta_section][vc_tta_section title=&#8221;OPIS DZIA\u0141ANIA&#8221; tab_id=&#8221;1611050130945-8641945f-6d2e&#8221;][vc_column_text]Mycie odbywa si\u0119 na perforowanym blacie roboczym, pod kt\u00f3rym znajduje si\u0119 wanna ociekowa. Zanieczyszczenia rozpuszczone przez ciecz myj\u0105c\u0105 sp\u0142ywaj\u0105 grawitacyjnie \u2013 ci\u0119\u017csze osady zatrzymuj\u0105 si\u0119 na dnie wanny, natomiast l\u017cejsze zwi\u0105zki olejowe trafiaj\u0105 do uk\u0142adu filtruj\u0105cego. W uk\u0142adzie zamkni\u0119tym p\u0142yn myj\u0105cy wraca do obiegu, co zapewnia efektywno\u015b\u0107 i ekonomi\u0119 pracy. Obieg cieczy jest wspomagany przez pomp\u0119 ss\u0105co-t\u0142ocz\u0105c\u0105, a intensywno\u015b\u0107 przep\u0142ywu przez p\u0119dzel mo\u017ce by\u0107 precyzyjnie regulowana za pomoc\u0105 zaworu przep\u0142ywowego.[\/vc_column_text][\/vc_tta_section][vc_tta_section title=&#8221;DANE TECHNICZNE&#8221; tab_id=&#8221;1611052357239-a03ddaab-c372&#8243;][vc_column_text]<strong>No\u015bno\u015b\u0107:<\/strong> 50 kg<br \/>\n<strong>Pojemno\u015b\u0107 wanny na p\u0142yn myj\u0105cy:<\/strong> 20 l<br \/>\n<strong>Powierzchnia robocza:<\/strong> 490&#215;390 mm<br \/>\n<strong>Wysoko\u015b\u0107 robocza:<\/strong> 780 mm<br \/>\n<strong>Wysoko\u015b\u0107 ca\u0142kowita:<\/strong> 950 mm<br \/>\n<strong>Szeroko\u015b\u0107:<\/strong> 515 mm<br \/>\n<strong>G\u0142\u0119boko\u015b\u0107:<\/strong> 415 mm<br \/>\n<strong>Waga<\/strong>: 20kg<br \/>\n<strong>Zasilenie:<\/strong> 230V[\/vc_column_text][\/vc_tta_section][vc_tta_section title=&#8221;OPCJE DODATKOWE&#8221; tab_id=&#8221;1613470296053-aa81d0e5-e789&#8243;][vc_column_text]Kranik segmentowy<br \/>\nMobilno\u015b\u0107<br \/>\nWy\u0142\u0105cznik no\u017cny<br \/>\nP\u0119dzel mi\u0119kki[\/vc_column_text][\/vc_tta_section][\/vc_tta_accordion][vc_btn title=&#8221;CENA&#8221; style=&#8221;flat&#8221; color=&#8221;primary&#8221; size=&#8221;lg&#8221; align=&#8221;center&#8221; link=&#8221;url:https%3A%2F%2Fmarwis24.pl%2Fpl%2Fmyjka-warsztatowa-mst-wan-500.html||target:%20_blank|&#8221;][vc_column_text]<\/p>\n<p style=\"text-align: center;\"><span style=\"color: #0066bf;\">Zapytaj o specjaln\u0105 ofert\u0119 dla Ciebie.<\/span><br \/>\n<strong><span style=\"color: #0066bf;\">Zadzwo\u0144 do nas.<\/span><\/strong><br \/>\n<strong><span style=\"color: #0066bf;\">Mobile:+48 781 355 000<\/span><\/strong><\/p>\n<p>[\/vc_column_text][\/vc_column][\/vc_row]<\/p>","protected":false},"excerpt":{"rendered":"<p>[vc_row][vc_column][vc_raw_html]JTVCZmxleHlfYnJlYWRjcnVtYiU1RA==[\/vc_raw_html][\/vc_column][\/vc_row][vc_row][vc_column width=&#8221;1\/2&#8243;][\/vc_column][vc_column width=&#8221;1\/2&#8243;][vc_tta_accordion][vc_tta_section title=&#8221;ZASTOSOWANIE&#8221; tab_id=&#8221;1611050130932-cc5a4393-a8f3&#8243;][vc_column_text]Manualna myjka warsztatowa to wszechstronne urz\u0105dzenie przeznaczone do r\u0119cznego czyszczenia element\u00f3w mechanicznych, szczeg\u00f3lnie w serwisach samochodowych i warsztatach przemys\u0142owych. Doskonale sprawdza si\u0119 przy usuwaniu t\u0142ustych zabrudze\u0144, smar\u00f3w i innych zanieczyszcze\u0144 z cz\u0119\u015bci samochodowych oraz narz\u0119dzi. Model stacjonarny, taki jak MST WAN\u00a0 500, dzia\u0142a w oparciu o obieg zamkni\u0119ty cieczy myj\u0105cej. Proces [&hellip;]<\/p>\n","protected":false},"author":3,"featured_media":0,"parent":885,"menu_order":0,"comment_status":"closed","ping_status":"open","template":"","meta":[],"_links":{"self":[{"href":"https:\/\/marwis.pl\/pl\/wp-json\/wp\/v2\/pages\/944"}],"collection":[{"href":"https:\/\/marwis.pl\/pl\/wp-json\/wp\/v2\/pages"}],"about":[{"href":"https:\/\/marwis.pl\/pl\/wp-json\/wp\/v2\/types\/page"}],"author":[{"embeddable":true,"href":"https:\/\/marwis.pl\/pl\/wp-json\/wp\/v2\/users\/3"}],"replies":[{"embeddable":true,"href":"https:\/\/marwis.pl\/pl\/wp-json\/wp\/v2\/comments?post=944"}],"version-history":[{"count":50,"href":"https:\/\/marwis.pl\/pl\/wp-json\/wp\/v2\/pages\/944\/revisions"}],"predecessor-version":[{"id":6517,"href":"https:\/\/marwis.pl\/pl\/wp-json\/wp\/v2\/pages\/944\/revisions\/6517"}],"up":[{"embeddable":true,"href":"https:\/\/marwis.pl\/pl\/wp-json\/wp\/v2\/pages\/885"}],"wp:attachment":[{"href":"https:\/\/marwis.pl\/pl\/wp-json\/wp\/v2\/media?parent=944"}],"curies":[{"name":"wp","href":"https:\/\/api.w.org\/{rel}","templated":true}]}}