{"id":948,"date":"2021-02-16T11:17:42","date_gmt":"2021-02-16T10:17:42","guid":{"rendered":"http:\/\/marwis.zoom.usermd.net\/?page_id=948"},"modified":"2026-01-22T12:06:37","modified_gmt":"2026-01-22T11:06:37","slug":"mst-2000-inox","status":"publish","type":"page","link":"https:\/\/marwis.pl\/pl\/myjki-warsztatowo-manualne\/mst-2000-inox\/","title":{"rendered":"MST 2000 INOX"},"content":{"rendered":"<p>[vc_row][vc_column][vc_raw_html]JTVCZmxleHlfYnJlYWRjcnVtYiU1RA==[\/vc_raw_html][\/vc_column][\/vc_row][vc_row][vc_column width=&#8221;1\/2&#8243; el_class=&#8221;zoooom&#8221;]<div id='gallery-1' class='fastgallery fg_style4  animate-in' data-anim-type='zoom-in-up-big' data-anim-delay='10'> <div data-img=\"https:\/\/marwis.pl\/wp-content\/uploads\/2021\/07\/MST-2000-INOX_-1024x1024.jpg\"> <\/div><div data-img=\"https:\/\/marwis.pl\/wp-content\/uploads\/2022\/05\/DSC_0409-kopia-1024x1024.jpg\"> <\/div><div data-img=\"https:\/\/marwis.pl\/wp-content\/uploads\/2022\/05\/MST-2000-INOX_-1024x1024.jpg\"> <\/div><div data-img=\"https:\/\/marwis.pl\/wp-content\/uploads\/2022\/05\/MST-2000_INOX_1-1024x1024.jpg\"> <\/div><div data-img=\"https:\/\/marwis.pl\/wp-content\/uploads\/2022\/05\/MST-2000_INOX_2_-1024x1024.jpg\"> <\/div><div style=\"clear:both\"><\/div><\/div>[\/vc_column][vc_column width=&#8221;1\/2&#8243;]\r\n    <div class=\"section_title\" style=\"text-align: center; margin: 0px auto 75px; padding: 0;\">\r\n        <h2 style=\"font-size:34px; color: #0066bf; font-weight: 800;\"> MST 2000 INOX <\/h2>\r\n         <div class=\"br\" style=\"margin: 0 auto;\"><\/div>             <\/div>\r\n\r\n    [vc_tta_accordion][vc_tta_section title=&#8221;ZASTOSOWANIE&#8221; tab_id=&#8221;1611050130932-cc5a4393-a8f3&#8243;][vc_column_text]<\/p>\n<div class=\"tab\">\n<div id=\"tab-1\" class=\"tab-content\">\n<p>Myjki manualne znajduj\u0105 zastosowanie w zak\u0142adach przemys\u0142owych, ale r\u00f3wnie\u017c w warsztatach samochodowych. W zak\u0142adach najcz\u0119\u015bciej stosuje si\u0119 przy produkcji wi\u0119kszych element\u00f3w, kt\u00f3re wymagaj\u0105 czyszczenia, na przyk\u0142ad ze smar\u00f3w czy olei niezb\u0119dnych do produkcji jak r\u00f3wnie\u017c przy regeneracji element\u00f3w.<\/p>\n<\/div>\n<\/div>\n<p>[\/vc_column_text][\/vc_tta_section][vc_tta_section title=&#8221;OPIS DZIA\u0141ANIA&#8221; tab_id=&#8221;1611050130945-8641945f-6d2e&#8221;][vc_column_text]Dzia\u0142anie myjek MST 2000 INOX polega na usuwaniu t\u0142ustych zanieczyszcze\u0144 z wyrob\u00f3w przy u\u017cyciu p\u0119dzla przep\u0142ywowego, przez kt\u00f3ry przep\u0142ywa ciecz myj\u0105ca. Przedmiot podlegaj\u0105cy myciu uk\u0142adany jest na perforowanym blacie roboczym, pod kt\u00f3rym umiejscowiona jest wanna ociekowa. Przep\u0142ywaj\u0105ca przez p\u0119dzel ciecz, rozpuszcza i zmywa t\u0142uste zanieczyszczenia zalegaj\u0105ce na wyrobie podlegaj\u0105cym myciu. Na dnie beczki osadzaj\u0105 si\u0119 zwi\u0105zki ci\u0119\u017csze, a p\u0142yn myj\u0105cy (jako l\u017cejszy) powraca do obiegu. Przep\u0142yw p\u0142ynu przez p\u0119dzel wymuszany jest przez pomp\u0119 ss\u0105co-t\u0142ocz\u0105c\u0105. Obieg p\u0142ynu czyszcz\u0105cego jest zamkni\u0119ty.[\/vc_column_text][\/vc_tta_section][vc_tta_section title=&#8221;DANE TECHNICZNE&#8221; tab_id=&#8221;1611052357239-a03ddaab-c372&#8243;][vc_column_text]<strong>No\u015bno\u015b\u0107:<\/strong> 1000 kg<br \/>\n<strong>Pojemno\u015b\u0107 wanny:<\/strong> 60L, 200L<br \/>\n<strong>Powierzchnia robocza<\/strong>: 1980x990mm<br \/>\n<strong>Wysoko\u015b\u0107 robocza<\/strong>: 800mm<br \/>\n<strong>Wysoko\u015b\u0107 ca\u0142kowita<\/strong>: 1200mm<br \/>\n<strong>Szeroko\u015b\u0107<\/strong>: 2000mm<br \/>\n<strong>G\u0142\u0119boko\u015b\u0107<\/strong>: 1000mm<br \/>\n<strong>Waga:<\/strong> 170 kg<br \/>\n<strong>Zasilanie:<\/strong> 230V, 50Hz[\/vc_column_text][\/vc_tta_section][vc_tta_section title=&#8221;OPCJE DODATKOWE&#8221; tab_id=&#8221;1613470296053-aa81d0e5-e789&#8243;][vc_column_text]Pokrywa<br \/>\nW\u0119\u017cyk segmentowy<br \/>\nPompa pneumatyczna<br \/>\nW\u0142\u0105cznik no\u017cny<br \/>\nP\u0119dzel mi\u0119kki[\/vc_column_text][\/vc_tta_section][\/vc_tta_accordion][vc_btn title=&#8221;SPRAWD\u0179 CEN\u0118&#8221; style=&#8221;flat&#8221; color=&#8221;primary&#8221; size=&#8221;lg&#8221; align=&#8221;center&#8221; link=&#8221;url:https%3A%2F%2Fmarwis24.pl%2Fpl%2Fp%2FMyjka-warsztatowa-MST-2000-INOX-%2F23100745||target:%20_blank|&#8221;][vc_column_text]<\/p>\n<p style=\"text-align: center;\"><span style=\"color: #0066bf;\">Zapytaj o specjaln\u0105 ofert\u0119 dla Ciebie.<\/span><br \/>\n<strong><span style=\"color: #0066bf;\">Zadzwo\u0144! <\/span><\/strong><br \/>\n<strong><span style=\"color: #0066bf;\">tel. 781 355 000.<\/span><\/strong><\/p>\n<p>[\/vc_column_text][\/vc_column][\/vc_row]<\/p>","protected":false},"excerpt":{"rendered":"<p>[vc_row][vc_column][vc_raw_html]JTVCZmxleHlfYnJlYWRjcnVtYiU1RA==[\/vc_raw_html][\/vc_column][\/vc_row][vc_row][vc_column width=&#8221;1\/2&#8243; el_class=&#8221;zoooom&#8221;][\/vc_column][vc_column width=&#8221;1\/2&#8243;][vc_tta_accordion][vc_tta_section title=&#8221;ZASTOSOWANIE&#8221; tab_id=&#8221;1611050130932-cc5a4393-a8f3&#8243;][vc_column_text] Myjki manualne znajduj\u0105 zastosowanie w zak\u0142adach przemys\u0142owych, ale r\u00f3wnie\u017c w warsztatach samochodowych. W zak\u0142adach najcz\u0119\u015bciej stosuje si\u0119 przy produkcji wi\u0119kszych element\u00f3w, kt\u00f3re wymagaj\u0105 czyszczenia, na przyk\u0142ad ze smar\u00f3w czy olei niezb\u0119dnych do produkcji jak r\u00f3wnie\u017c przy regeneracji element\u00f3w. [\/vc_column_text][\/vc_tta_section][vc_tta_section title=&#8221;OPIS DZIA\u0141ANIA&#8221; tab_id=&#8221;1611050130945-8641945f-6d2e&#8221;][vc_column_text]Dzia\u0142anie myjek MST 2000 INOX polega na usuwaniu [&hellip;]<\/p>\n","protected":false},"author":3,"featured_media":0,"parent":885,"menu_order":0,"comment_status":"closed","ping_status":"open","template":"","meta":[],"_links":{"self":[{"href":"https:\/\/marwis.pl\/pl\/wp-json\/wp\/v2\/pages\/948"}],"collection":[{"href":"https:\/\/marwis.pl\/pl\/wp-json\/wp\/v2\/pages"}],"about":[{"href":"https:\/\/marwis.pl\/pl\/wp-json\/wp\/v2\/types\/page"}],"author":[{"embeddable":true,"href":"https:\/\/marwis.pl\/pl\/wp-json\/wp\/v2\/users\/3"}],"replies":[{"embeddable":true,"href":"https:\/\/marwis.pl\/pl\/wp-json\/wp\/v2\/comments?post=948"}],"version-history":[{"count":57,"href":"https:\/\/marwis.pl\/pl\/wp-json\/wp\/v2\/pages\/948\/revisions"}],"predecessor-version":[{"id":1020,"href":"https:\/\/marwis.pl\/pl\/wp-json\/wp\/v2\/pages\/948\/revisions\/1020"}],"up":[{"embeddable":true,"href":"https:\/\/marwis.pl\/pl\/wp-json\/wp\/v2\/pages\/885"}],"wp:attachment":[{"href":"https:\/\/marwis.pl\/pl\/wp-json\/wp\/v2\/media?parent=948"}],"curies":[{"name":"wp","href":"https:\/\/api.w.org\/{rel}","templated":true}]}}