{"id":966,"date":"2021-02-16T12:01:27","date_gmt":"2021-02-16T11:01:27","guid":{"rendered":"http:\/\/marwis.zoom.usermd.net\/?page_id=966"},"modified":"2026-04-24T14:23:58","modified_gmt":"2026-04-24T12:23:58","slug":"ruszmobil-800","status":"publish","type":"page","link":"https:\/\/marwis.pl\/pl\/myjki-warsztatowo-manualne\/ruszmobil-800\/","title":{"rendered":"RUSZMOBIL 800"},"content":{"rendered":"<p>[vc_row][vc_column][vc_raw_html]JTVCZmxleHlfYnJlYWRjcnVtYiU1RA==[\/vc_raw_html][\/vc_column][\/vc_row][vc_row][vc_column width=&#8221;1\/2&#8243;]<div id='gallery-1' class='fastgallery fg_style1  '> <div data-img=\"https:\/\/marwis.pl\/wp-content\/uploads\/2021\/11\/RUSZMOBIL-800_1_-1024x1024.jpg\"> <\/div><div data-img=\"https:\/\/marwis.pl\/wp-content\/uploads\/2021\/11\/RUSZMOBIL-1024x1024.jpg\"> <\/div><div data-img=\"https:\/\/marwis.pl\/wp-content\/uploads\/2021\/12\/Ruszmobil800_6_-1024x1024.jpg\"> <\/div><div data-img=\"https:\/\/marwis.pl\/wp-content\/uploads\/2021\/12\/Ruszmobil-800_5_-1024x1024.jpg\"> <\/div><div style=\"clear:both\"><\/div><\/div>[\/vc_column][vc_column width=&#8221;1\/2&#8243;]\r\n    <div class=\"section_title\" style=\"text-align: center; margin: 0px auto 75px; padding: 0;\">\r\n        <h2 style=\"font-size:34px; color: #0066bf; font-weight: 800;\"> RUSZMOBIL 800 <\/h2>\r\n         <div class=\"br\" style=\"margin: 0 auto;\"><\/div>             <\/div>\r\n\r\n    [vc_tta_accordion][vc_tta_section title=&#8221;ZASTOSOWANIE&#8221; tab_id=&#8221;1611050130932-cc5a4393-a8f3&#8243;][vc_column_text]<\/p>\n<p style=\"text-align: justify;\">Myjka Ruszmobil 800 &#8211; <strong>numer katalogowy 1000112<\/strong> &#8211; dost\u0119pna jest w dw\u00f3ch wersjach, ze stolikiem lub bez. Swoje zastosowanie znajdzie w produkcji przemys\u0142owej wyrob\u00f3w metalowych, w warsztatach naprawczych i remontowych, w serwisach samochodowych oraz wsz\u0119dzie tam, gdzie proces technologiczny nakazuje odt\u0142uszczenie i mycie powierzchniowe wyrob\u00f3w. Stosowany p\u0142yn w myjce &#8211; Zmywacz Clean Professional.<\/p>\n<p>[\/vc_column_text][\/vc_tta_section][vc_tta_section title=&#8221;OPIS DZIA\u0141ANIA&#8221; tab_id=&#8221;1611050130945-8641945f-6d2e&#8221;][vc_column_text]<\/p>\n<p style=\"text-align: justify;\">P\u0142yn myj\u0105cy znajduj\u0105cy si\u0119 w dolnej cz\u0119\u015bci wanny podawany jest pomp\u0105 elektryczn\u0105 przep\u0142ywow\u0105 przez przew\u00f3d zako\u0144czony p\u0119dzlem przelotowym na czyszczony przedmiot (np. cz\u0119\u015b\u0107 silnika). Przep\u0142ywaj\u0105ca przez p\u0119dzel ciecz, rozpuszcza i zmywa t\u0142uste zanieczyszczenia zalegaj\u0105ce na wyrobie podlegaj\u0105cym myciu. Na dnie wanny osadzaj\u0105 si\u0119 zwi\u0105zki ci\u0119\u017csze, a p\u0142yn myj\u0105cy (jako l\u017cejszy) powraca do obiegu. Obieg p\u0142ynu czyszcz\u0105cego jest zamkni\u0119ty.<\/p>\n<p>[\/vc_column_text][\/vc_tta_section][vc_tta_section title=&#8221;DANE TECHNICZNE&#8221; tab_id=&#8221;1611052357239-a03ddaab-c372&#8243;][vc_column_text]<strong>No\u015bno\u015b\u0107:<\/strong> 300 kg<br \/>\n<strong>Pojemno\u015b\u0107 wanny<\/strong>: 30-40 l<br \/>\n<strong>Powierzchnia robocza<\/strong>: 500&#215;730 mm<br \/>\n<strong>Powierzchnia robocza ca\u0142k.<\/strong>: 730&#215;730 mm<br \/>\n<strong>Wysoko\u015b\u0107 robocza<\/strong>: 210 mm<br \/>\n<strong>Wysoko\u015b\u0107 ca\u0142kowita<\/strong>: 305 mm<br \/>\n<strong>Szeroko\u015b\u0107 ca\u0142kowita:<\/strong> 750 mm<br \/>\n<strong>G\u0142\u0119boko\u015b\u0107 ca\u0142kowita<\/strong>: 830 mm<br \/>\n<strong>Waga<\/strong>: 32kg<br \/>\n<strong>Zasilenie<\/strong>: 230V, 50Hz[\/vc_column_text][\/vc_tta_section][vc_tta_section title=&#8221;OPCJE DODATKOWE&#8221; tab_id=&#8221;1613473094875-94e06fb3-29ac&#8221;][vc_column_text]W\u0119\u017cyk segmentowy<br \/>\nP\u0119dzel mi\u0119kki[\/vc_column_text][\/vc_tta_section][\/vc_tta_accordion][vc_btn title=&#8221;SPRAWD\u0179 CEN\u0118&#8221; style=&#8221;flat&#8221; color=&#8221;primary&#8221; size=&#8221;lg&#8221; align=&#8221;center&#8221; link=&#8221;url:https%3A%2F%2Fmarwis24.pl%2Fpl%2Fmyjka-warsztatowa-ruszmobil-800.html||target:%20_blank|&#8221;][vc_column_text]<\/p>\n<p style=\"text-align: center;\"><span style=\"color: #0066bf;\">Zapytaj o specjaln\u0105 ofert\u0119 dla Ciebie.<\/span><br \/>\n<strong><span style=\"color: #0066bf;\">Zadzwo\u0144! <\/span><\/strong><br \/>\n<strong><span style=\"color: #0066bf;\">tel. 781 355 000.<\/span><\/strong><\/p>\n<p>[\/vc_column_text][vc_btn title=&#8221;Pliki do pobrania&#8221; link=&#8221;url:https%3A%2F%2Fmxuridkelj.cfolks.pl%2Fkatalog%2Fkatalog-myjnie-warsztatowe.pdf|||&#8221;][\/vc_column][\/vc_row]<\/p>","protected":false},"excerpt":{"rendered":"<p>[vc_row][vc_column][vc_raw_html]JTVCZmxleHlfYnJlYWRjcnVtYiU1RA==[\/vc_raw_html][\/vc_column][\/vc_row][vc_row][vc_column width=&#8221;1\/2&#8243;][\/vc_column][vc_column width=&#8221;1\/2&#8243;][vc_tta_accordion][vc_tta_section title=&#8221;ZASTOSOWANIE&#8221; tab_id=&#8221;1611050130932-cc5a4393-a8f3&#8243;][vc_column_text] Myjka Ruszmobil 800 &#8211; numer katalogowy 1000112 &#8211; dost\u0119pna jest w dw\u00f3ch wersjach, ze stolikiem lub bez. Swoje zastosowanie znajdzie w produkcji przemys\u0142owej wyrob\u00f3w metalowych, w warsztatach naprawczych i remontowych, w serwisach samochodowych oraz wsz\u0119dzie tam, gdzie proces technologiczny nakazuje odt\u0142uszczenie i mycie powierzchniowe wyrob\u00f3w. Stosowany p\u0142yn w myjce &#8211; [&hellip;]<\/p>\n","protected":false},"author":3,"featured_media":0,"parent":885,"menu_order":0,"comment_status":"closed","ping_status":"open","template":"","meta":[],"_links":{"self":[{"href":"https:\/\/marwis.pl\/pl\/wp-json\/wp\/v2\/pages\/966"}],"collection":[{"href":"https:\/\/marwis.pl\/pl\/wp-json\/wp\/v2\/pages"}],"about":[{"href":"https:\/\/marwis.pl\/pl\/wp-json\/wp\/v2\/types\/page"}],"author":[{"embeddable":true,"href":"https:\/\/marwis.pl\/pl\/wp-json\/wp\/v2\/users\/3"}],"replies":[{"embeddable":true,"href":"https:\/\/marwis.pl\/pl\/wp-json\/wp\/v2\/comments?post=966"}],"version-history":[{"count":13,"href":"https:\/\/marwis.pl\/pl\/wp-json\/wp\/v2\/pages\/966\/revisions"}],"predecessor-version":[{"id":6823,"href":"https:\/\/marwis.pl\/pl\/wp-json\/wp\/v2\/pages\/966\/revisions\/6823"}],"up":[{"embeddable":true,"href":"https:\/\/marwis.pl\/pl\/wp-json\/wp\/v2\/pages\/885"}],"wp:attachment":[{"href":"https:\/\/marwis.pl\/pl\/wp-json\/wp\/v2\/media?parent=966"}],"curies":[{"name":"wp","href":"https:\/\/api.w.org\/{rel}","templated":true}]}}