{"id":982,"date":"2021-02-16T12:26:03","date_gmt":"2021-02-16T11:26:03","guid":{"rendered":"http:\/\/marwis.zoom.usermd.net\/?page_id=982"},"modified":"2026-02-03T13:30:37","modified_gmt":"2026-02-03T12:30:37","slug":"thermo-active-2000","status":"publish","type":"page","link":"https:\/\/marwis.pl\/pl\/myjki-warsztatowo-manualne\/thermo-active-2000\/","title":{"rendered":"Thermo Active 2000"},"content":{"rendered":"<p>[vc_row][vc_column][vc_raw_html]JTVCZmxleHlfYnJlYWRjcnVtYiU1RA==[\/vc_raw_html][\/vc_column][\/vc_row][vc_row][vc_column width=&#8221;1\/2&#8243;]<div id='gallery-1' class='fastgallery fg_style1  '> <div data-img=\"https:\/\/marwis.pl\/wp-content\/uploads\/2022\/04\/Thermo-2000-1024x1024.jpg\"> <\/div><div data-img=\"https:\/\/marwis.pl\/wp-content\/uploads\/2022\/05\/thermo-active-2000_-1024x1024.jpg\"> <\/div><div data-img=\"https:\/\/marwis.pl\/wp-content\/uploads\/2022\/05\/thermo-active-2000-1_-1024x1024.jpg\"> <\/div><div data-img=\"https:\/\/marwis.pl\/wp-content\/uploads\/2022\/05\/thermo-active-2000-2_-1024x1024.jpg\"> <\/div><div data-img=\"https:\/\/marwis.pl\/wp-content\/uploads\/2021\/12\/thermo-active-2000_qqq-1024x1024.jpg\"> <\/div><div style=\"clear:both\"><\/div><\/div>[\/vc_column][vc_column width=&#8221;1\/2&#8243;]\r\n    <div class=\"section_title\" style=\"text-align: center; margin: 0px auto 75px; padding: 0;\">\r\n        <h2 style=\"font-size:34px; color: #0066bf; font-weight: 800;\"> Thermo Active 2000 <\/h2>\r\n         <div class=\"br\" style=\"margin: 0 auto;\"><\/div>             <\/div>\r\n\r\n    [vc_tta_accordion][vc_tta_section title=&#8221;ZASTOSOWANIE&#8221; tab_id=&#8221;1611050130932-cc5a4393-a8f3&#8243;][vc_column_text]Urz\u0105dzenie jest przeznaczone dla warsztat\u00f3w w kt\u00f3rych remontuje si\u0119 maszyny, silniki, przek\u0142adnie, spr\u0119\u017carki i wszelkie inne detale zabrudzone olejami lub smarami. Dzi\u0119ki stosunkowo du\u017cej powierzchni roboczej, mo\u017cliwe jest mycie nawet wi\u0119kszych detali lub podzespo\u0142\u00f3w. Stosowany p\u0142yn w myjce &#8211; MRS ULTRA ACTIVE . jest to koncentrat do mieszania z wod\u0105 . Podgrzewany.[\/vc_column_text][\/vc_tta_section][vc_tta_section title=&#8221;OPIS DZIA\u0141ANIA&#8221; tab_id=&#8221;1611050130945-8641945f-6d2e&#8221;][vc_column_text]THERMO ACTIVE to nowa, rozbudowana wersja myjek manualnych. Zosta\u0142a wzbogacona o system podgrzewania cieczy, dzi\u0119ki czemu skutecznie zmywa oleje i smary. Mycie odbywa si\u0119 w obiegu zamkni\u0119tym, przy u\u017cyciu p\u0142ynu myj\u0105cego MRS Cleaner Ultra Active, podgrzewanego do temperatury 40\u00b0C w zabudowanym zbiorniku. Elementy mo\u017cna my\u0107 przy pomocy p\u0119dzla, b\u0105d\u017a te\u017c zanurzy\u0107 bezpo\u015brednio w wannie. Dodatkowym atutem jest kranik segmentowy, kt\u00f3ry umo\u017cliwi precyzyjne skierowanie dodatkowego strumienia p\u0142ynu na czyszczony element. THERMO ACTIVE zosta\u0142a wykonana w ca\u0142o\u015bci ze stali nierdzewnej. Zawiera pokryw\u0119 domykaj\u0105c\u0105 oraz wy\u0142\u0105cznik no\u017cny.[\/vc_column_text][\/vc_tta_section][vc_tta_section title=&#8221;DANE TECHNICZNE&#8221; tab_id=&#8221;1611052357239-a03ddaab-c372&#8243;][vc_column_text]<strong>Szeroko\u015b\u0107 ca\u0142kowita<\/strong>: 2000 mm<br \/>\n<strong>G\u0142\u0119boko\u015b\u0107 ca\u0142kowita<\/strong>: 800 mm<br \/>\n<strong>Wysoko\u015b\u0107 ca\u0142kowita<\/strong>: 1100 mm<br \/>\n<strong>Powierzchnia robocza<\/strong>: 1980&#215;770 mm<br \/>\n<strong>Wysoko\u015b\u0107 robocza<\/strong>: 800 mm<br \/>\n<strong>Masa netto<\/strong>: 180 kg<br \/>\n<strong>Pojemno\u015b\u0107 wanny:<\/strong> 80L<br \/>\n<strong>No\u015bno\u015b\u0107<\/strong>: 200 kg<br \/>\nZasilanie: 1~230V[\/vc_column_text][\/vc_tta_section][vc_tta_section title=&#8221;OPCJE DODATKOWE&#8221; tab_id=&#8221;1613470296053-aa81d0e5-e789&#8243;][vc_column_text]w\u0119\u017cyk segmentowy<br \/>\np\u0119dzel mi\u0119kki \/ twardy[\/vc_column_text][\/vc_tta_section][\/vc_tta_accordion][vc_btn title=&#8221;SPRAWD\u0179 CEN\u0118&#8221; style=&#8221;flat&#8221; color=&#8221;primary&#8221; size=&#8221;lg&#8221; align=&#8221;center&#8221; link=&#8221;url:https%3A%2F%2Fmarwis24.pl%2Fpl%2Fp%2FMYJKA-WARSZTATOWA-Z-PODGRZEWANIEM-THERMO-ACTIVE-2000%2F23100644||target:%20_blank|&#8221;][vc_column_text]<\/p>\n<p style=\"text-align: center;\"><span style=\"color: #0066bf;\">Zapytaj o specjaln\u0105 ofert\u0119 dla Ciebie.<\/span><br \/>\n<strong><span style=\"color: #0066bf;\">Zadzwo\u0144! <\/span><\/strong><br \/>\n<strong><span style=\"color: #0066bf;\">tel. 781 355 000.<\/span><\/strong><\/p>\n<p>[\/vc_column_text][\/vc_column][\/vc_row]<\/p>","protected":false},"excerpt":{"rendered":"<p>[vc_row][vc_column][vc_raw_html]JTVCZmxleHlfYnJlYWRjcnVtYiU1RA==[\/vc_raw_html][\/vc_column][\/vc_row][vc_row][vc_column width=&#8221;1\/2&#8243;][\/vc_column][vc_column width=&#8221;1\/2&#8243;][vc_tta_accordion][vc_tta_section title=&#8221;ZASTOSOWANIE&#8221; tab_id=&#8221;1611050130932-cc5a4393-a8f3&#8243;][vc_column_text]Urz\u0105dzenie jest przeznaczone dla warsztat\u00f3w w kt\u00f3rych remontuje si\u0119 maszyny, silniki, przek\u0142adnie, spr\u0119\u017carki i wszelkie inne detale zabrudzone olejami lub smarami. Dzi\u0119ki stosunkowo du\u017cej powierzchni roboczej, mo\u017cliwe jest mycie nawet wi\u0119kszych detali lub podzespo\u0142\u00f3w. Stosowany p\u0142yn w myjce &#8211; MRS ULTRA ACTIVE . jest to koncentrat do mieszania z wod\u0105 . [&hellip;]<\/p>\n","protected":false},"author":3,"featured_media":0,"parent":885,"menu_order":0,"comment_status":"closed","ping_status":"open","template":"","meta":[],"_links":{"self":[{"href":"https:\/\/marwis.pl\/pl\/wp-json\/wp\/v2\/pages\/982"}],"collection":[{"href":"https:\/\/marwis.pl\/pl\/wp-json\/wp\/v2\/pages"}],"about":[{"href":"https:\/\/marwis.pl\/pl\/wp-json\/wp\/v2\/types\/page"}],"author":[{"embeddable":true,"href":"https:\/\/marwis.pl\/pl\/wp-json\/wp\/v2\/users\/3"}],"replies":[{"embeddable":true,"href":"https:\/\/marwis.pl\/pl\/wp-json\/wp\/v2\/comments?post=982"}],"version-history":[{"count":18,"href":"https:\/\/marwis.pl\/pl\/wp-json\/wp\/v2\/pages\/982\/revisions"}],"predecessor-version":[{"id":6246,"href":"https:\/\/marwis.pl\/pl\/wp-json\/wp\/v2\/pages\/982\/revisions\/6246"}],"up":[{"embeddable":true,"href":"https:\/\/marwis.pl\/pl\/wp-json\/wp\/v2\/pages\/885"}],"wp:attachment":[{"href":"https:\/\/marwis.pl\/pl\/wp-json\/wp\/v2\/media?parent=982"}],"curies":[{"name":"wp","href":"https:\/\/api.w.org\/{rel}","templated":true}]}}